{"id":38064,"date":"2022-01-07T18:38:40","date_gmt":"2022-01-07T17:38:40","guid":{"rendered":"https:\/\/todotrial.com\/tienda\/?post_type=product&#038;p=38064"},"modified":"2025-02-20T17:18:55","modified_gmt":"2025-02-20T16:18:55","slug":"reparacion-de-botas-de-trial-motocross-enduro","status":"publish","type":"product","link":"https:\/\/todotrial.com\/tienda\/reparacion-de-botas-de-trial-motocross-enduro\/","title":{"rendered":"Reparaci\u00f3n de Botas de Trial, Motocross, Enduro&#8230;"},"content":{"rendered":"<p>En Todotrial ponemos en marcha el servicio de reparaci\u00f3n de botas. La mayor\u00eda de nuestras botas de trial, enduro, motocross o carretera las renovamos pese a estar pr\u00e1cticamente nuevas por el desgaste de sus suelas, ahora podr\u00e1s doblar o triplicar la duraci\u00f3n de tus botas gracias al nuevo servicio de reparaci\u00f3n.<\/p>\n<p>Para ello contamos con los mejores especialistas en reparaci\u00f3n de calzado espec\u00edfico de moto y los mejores materiales, suelas de \u00faltima generaci\u00f3n espec\u00edficas para trial,\u00a0 as\u00ed como otras diferentes espec\u00edficas para motocross o enduro y servicio de env\u00edo y recogida a domicilio. La mejor manera para que tus botas de trial est\u00e9n siempre nuevas. Desde reparaci\u00f3n de costuras y cierres a sustituci\u00f3n de suelas y entresuelas de manera que aumente la vida \u00fatil de tus botas de manera considerable.<\/p>\n<p>El servicio de reparaci\u00f3n de botas que te proponemos en Todotrial est\u00e1 realizado por especialistas, con materiales y herramientas de \u00faltima generaci\u00f3n, garantizando al 99,9% que tus botas quedar\u00e1n perfectas y las suelas no se despegar\u00e1n.<\/p>\n<p>Tambi\u00e9n puedes enviar tus botas de monta\u00f1a o incluso zapatillas deportivas.<\/p>\n<p>El proceso es muy sencillo, nos env\u00edas un email a todotrial@todotrial.com o whatsapp al 622101841 con las fotos de tus botas en las que se vea bien los desperfectos que quieres reparar, te respondemos con un presupuesto y si est\u00e1s de acuerdo recogemos las botas en tu domicilio, se reparan y se te vuelven a entregar, as\u00ed de f\u00e1cil. Adem\u00e1s te daremos un c\u00f3digo de descuento cuando nos contactes.<\/p>\n<p><strong>Precios aproximados:<\/strong> Par de suelas nuevas alta calidad + reparaci\u00f3n y pagado: 65\u20ac. Rehacer costuras rotas: 7,5\u20ac. Servicio de recogida y entrega a domicilio desde 1 a 3 pares de botas: 12\u20ac (para pen\u00ednsula).<\/p>\n","protected":false},"excerpt":{"rendered":"<p>En Todotrial ponemos en marcha el servicio de reparaci\u00f3n de botas. La mayor\u00eda de nuestras botas de trial, enduro, motocross o carretera las renovamos pese a estar pr\u00e1cticamente nuevas por el desgaste de sus suelas, ahora podr\u00e1s doblar o triplicar la duraci\u00f3n de tus botas gracias al nuevo servicio de reparaci\u00f3n. Para ello contamos con [&hellip;]<\/p>\n","protected":false},"featured_media":38065,"comment_status":"open","ping_status":"closed","template":"","meta":[],"product_brand":[],"product_cat":[15],"product_tag":[],"class_list":{"0":"post-38064","1":"product","2":"type-product","3":"status-publish","4":"has-post-thumbnail","6":"product_cat-uncategorized","8":"first","9":"instock","10":"taxable","11":"shipping-taxable","12":"product-type-simple"},"yoast_head":"<!-- This site is optimized with the Yoast SEO Premium plugin v21.2 (Yoast SEO v27.3) - https:\/\/yoast.com\/product\/yoast-seo-premium-wordpress\/ -->\n<title>Reparacion botas trial, motocross, enduro, carretera, moto en general<\/title>\n<meta name=\"description\" content=\"Reparaci\u00f3n de botas de moto: Trial, Motocross, Enduro, Carretera, suelas de alta calidad, entresuelas, costuras, recogida y entrega en casa\" \/>\n<meta name=\"robots\" content=\"index, follow, max-snippet:-1, max-image-preview:large, max-video-preview:-1\" \/>\n<link rel=\"canonical\" href=\"https:\/\/todotrial.com\/tienda\/reparacion-de-botas-de-trial-motocross-enduro\/\" \/>\n<meta property=\"og:locale\" content=\"es_ES\" \/>\n<meta property=\"og:type\" content=\"article\" \/>\n<meta property=\"og:title\" content=\"Reparaci\u00f3n de Botas de Trial, Motocross, Enduro...\" \/>\n<meta property=\"og:description\" content=\"Reparaci\u00f3n de botas de moto: Trial, Motocross, Enduro, Carretera, suelas de alta calidad, entresuelas, costuras, recogida y entrega en casa\" \/>\n<meta property=\"og:url\" content=\"https:\/\/todotrial.com\/tienda\/reparacion-de-botas-de-trial-motocross-enduro\/\" \/>\n<meta property=\"og:site_name\" content=\"Tienda de todotrial\" \/>\n<meta property=\"article:modified_time\" content=\"2025-02-20T16:18:55+00:00\" \/>\n<meta property=\"og:image\" content=\"https:\/\/todotrial.com\/tienda\/wp-content\/uploads\/2022\/01\/reparacion-botas-trial-enduro-motocross-moto-1.jpg\" \/>\n\t<meta property=\"og:image:width\" content=\"1200\" \/>\n\t<meta property=\"og:image:height\" content=\"800\" \/>\n\t<meta property=\"og:image:type\" content=\"image\/jpeg\" \/>\n<meta name=\"twitter:card\" content=\"summary_large_image\" \/>\n<meta name=\"twitter:label1\" content=\"Tiempo de lectura\" \/>\n\t<meta name=\"twitter:data1\" content=\"2 minutos\" \/>\n<script type=\"application\/ld+json\" class=\"yoast-schema-graph\">{\"@context\":\"https:\\\/\\\/schema.org\",\"@graph\":[{\"@type\":\"WebPage\",\"@id\":\"https:\\\/\\\/todotrial.com\\\/tienda\\\/reparacion-de-botas-de-trial-motocross-enduro\\\/\",\"url\":\"https:\\\/\\\/todotrial.com\\\/tienda\\\/reparacion-de-botas-de-trial-motocross-enduro\\\/\",\"name\":\"Reparacion botas trial, motocross, enduro, carretera, moto en general\",\"isPartOf\":{\"@id\":\"https:\\\/\\\/todotrial.com\\\/tienda\\\/#website\"},\"primaryImageOfPage\":{\"@id\":\"https:\\\/\\\/todotrial.com\\\/tienda\\\/reparacion-de-botas-de-trial-motocross-enduro\\\/#primaryimage\"},\"image\":{\"@id\":\"https:\\\/\\\/todotrial.com\\\/tienda\\\/reparacion-de-botas-de-trial-motocross-enduro\\\/#primaryimage\"},\"thumbnailUrl\":\"https:\\\/\\\/todotrial.com\\\/tienda\\\/wp-content\\\/uploads\\\/2022\\\/01\\\/reparacion-botas-trial-enduro-motocross-moto-1.jpg\",\"datePublished\":\"2022-01-07T17:38:40+00:00\",\"dateModified\":\"2025-02-20T16:18:55+00:00\",\"description\":\"Reparaci\u00f3n de botas de moto: Trial, Motocross, Enduro, Carretera, suelas de alta calidad, entresuelas, costuras, recogida y entrega en casa\",\"breadcrumb\":{\"@id\":\"https:\\\/\\\/todotrial.com\\\/tienda\\\/reparacion-de-botas-de-trial-motocross-enduro\\\/#breadcrumb\"},\"inLanguage\":\"es\",\"potentialAction\":[{\"@type\":\"ReadAction\",\"target\":[\"https:\\\/\\\/todotrial.com\\\/tienda\\\/reparacion-de-botas-de-trial-motocross-enduro\\\/\"]}]},{\"@type\":\"ImageObject\",\"inLanguage\":\"es\",\"@id\":\"https:\\\/\\\/todotrial.com\\\/tienda\\\/reparacion-de-botas-de-trial-motocross-enduro\\\/#primaryimage\",\"url\":\"https:\\\/\\\/todotrial.com\\\/tienda\\\/wp-content\\\/uploads\\\/2022\\\/01\\\/reparacion-botas-trial-enduro-motocross-moto-1.jpg\",\"contentUrl\":\"https:\\\/\\\/todotrial.com\\\/tienda\\\/wp-content\\\/uploads\\\/2022\\\/01\\\/reparacion-botas-trial-enduro-motocross-moto-1.jpg\",\"width\":1200,\"height\":800},{\"@type\":\"BreadcrumbList\",\"@id\":\"https:\\\/\\\/todotrial.com\\\/tienda\\\/reparacion-de-botas-de-trial-motocross-enduro\\\/#breadcrumb\",\"itemListElement\":[{\"@type\":\"ListItem\",\"position\":1,\"name\":\"Portada\",\"item\":\"https:\\\/\\\/todotrial.com\\\/tienda\\\/\"},{\"@type\":\"ListItem\",\"position\":2,\"name\":\"Shop\",\"item\":\"https:\\\/\\\/todotrial.com\\\/tienda\\\/shop\\\/\"},{\"@type\":\"ListItem\",\"position\":3,\"name\":\"Reparaci\u00f3n de Botas de Trial, Motocross, Enduro&#8230;\"}]},{\"@type\":\"WebSite\",\"@id\":\"https:\\\/\\\/todotrial.com\\\/tienda\\\/#website\",\"url\":\"https:\\\/\\\/todotrial.com\\\/tienda\\\/\",\"name\":\"Tienda de todotrial\",\"description\":\"\",\"potentialAction\":[{\"@type\":\"SearchAction\",\"target\":{\"@type\":\"EntryPoint\",\"urlTemplate\":\"https:\\\/\\\/todotrial.com\\\/tienda\\\/?s={search_term_string}\"},\"query-input\":{\"@type\":\"PropertyValueSpecification\",\"valueRequired\":true,\"valueName\":\"search_term_string\"}}],\"inLanguage\":\"es\"}]}<\/script>\n<!-- \/ Yoast SEO Premium plugin. -->","yoast_head_json":{"title":"Reparacion botas trial, motocross, enduro, carretera, moto en general","description":"Reparaci\u00f3n de botas de moto: Trial, Motocross, Enduro, Carretera, suelas de alta calidad, entresuelas, costuras, recogida y entrega en casa","robots":{"index":"index","follow":"follow","max-snippet":"max-snippet:-1","max-image-preview":"max-image-preview:large","max-video-preview":"max-video-preview:-1"},"canonical":"https:\/\/todotrial.com\/tienda\/reparacion-de-botas-de-trial-motocross-enduro\/","og_locale":"es_ES","og_type":"article","og_title":"Reparaci\u00f3n de Botas de Trial, Motocross, Enduro...","og_description":"Reparaci\u00f3n de botas de moto: Trial, Motocross, Enduro, Carretera, suelas de alta calidad, entresuelas, costuras, recogida y entrega en casa","og_url":"https:\/\/todotrial.com\/tienda\/reparacion-de-botas-de-trial-motocross-enduro\/","og_site_name":"Tienda de todotrial","article_modified_time":"2025-02-20T16:18:55+00:00","og_image":[{"width":1200,"height":800,"url":"https:\/\/todotrial.com\/tienda\/wp-content\/uploads\/2022\/01\/reparacion-botas-trial-enduro-motocross-moto-1.jpg","type":"image\/jpeg"}],"twitter_card":"summary_large_image","twitter_misc":{"Tiempo de lectura":"2 minutos"},"schema":{"@context":"https:\/\/schema.org","@graph":[{"@type":"WebPage","@id":"https:\/\/todotrial.com\/tienda\/reparacion-de-botas-de-trial-motocross-enduro\/","url":"https:\/\/todotrial.com\/tienda\/reparacion-de-botas-de-trial-motocross-enduro\/","name":"Reparacion botas trial, motocross, enduro, carretera, moto en general","isPartOf":{"@id":"https:\/\/todotrial.com\/tienda\/#website"},"primaryImageOfPage":{"@id":"https:\/\/todotrial.com\/tienda\/reparacion-de-botas-de-trial-motocross-enduro\/#primaryimage"},"image":{"@id":"https:\/\/todotrial.com\/tienda\/reparacion-de-botas-de-trial-motocross-enduro\/#primaryimage"},"thumbnailUrl":"https:\/\/todotrial.com\/tienda\/wp-content\/uploads\/2022\/01\/reparacion-botas-trial-enduro-motocross-moto-1.jpg","datePublished":"2022-01-07T17:38:40+00:00","dateModified":"2025-02-20T16:18:55+00:00","description":"Reparaci\u00f3n de botas de moto: Trial, Motocross, Enduro, Carretera, suelas de alta calidad, entresuelas, costuras, recogida y entrega en casa","breadcrumb":{"@id":"https:\/\/todotrial.com\/tienda\/reparacion-de-botas-de-trial-motocross-enduro\/#breadcrumb"},"inLanguage":"es","potentialAction":[{"@type":"ReadAction","target":["https:\/\/todotrial.com\/tienda\/reparacion-de-botas-de-trial-motocross-enduro\/"]}]},{"@type":"ImageObject","inLanguage":"es","@id":"https:\/\/todotrial.com\/tienda\/reparacion-de-botas-de-trial-motocross-enduro\/#primaryimage","url":"https:\/\/todotrial.com\/tienda\/wp-content\/uploads\/2022\/01\/reparacion-botas-trial-enduro-motocross-moto-1.jpg","contentUrl":"https:\/\/todotrial.com\/tienda\/wp-content\/uploads\/2022\/01\/reparacion-botas-trial-enduro-motocross-moto-1.jpg","width":1200,"height":800},{"@type":"BreadcrumbList","@id":"https:\/\/todotrial.com\/tienda\/reparacion-de-botas-de-trial-motocross-enduro\/#breadcrumb","itemListElement":[{"@type":"ListItem","position":1,"name":"Portada","item":"https:\/\/todotrial.com\/tienda\/"},{"@type":"ListItem","position":2,"name":"Shop","item":"https:\/\/todotrial.com\/tienda\/shop\/"},{"@type":"ListItem","position":3,"name":"Reparaci\u00f3n de Botas de Trial, Motocross, Enduro&#8230;"}]},{"@type":"WebSite","@id":"https:\/\/todotrial.com\/tienda\/#website","url":"https:\/\/todotrial.com\/tienda\/","name":"Tienda de todotrial","description":"","potentialAction":[{"@type":"SearchAction","target":{"@type":"EntryPoint","urlTemplate":"https:\/\/todotrial.com\/tienda\/?s={search_term_string}"},"query-input":{"@type":"PropertyValueSpecification","valueRequired":true,"valueName":"search_term_string"}}],"inLanguage":"es"}]}},"_links":{"self":[{"href":"https:\/\/todotrial.com\/tienda\/wp-json\/wp\/v2\/product\/38064","targetHints":{"allow":["GET"]}}],"collection":[{"href":"https:\/\/todotrial.com\/tienda\/wp-json\/wp\/v2\/product"}],"about":[{"href":"https:\/\/todotrial.com\/tienda\/wp-json\/wp\/v2\/types\/product"}],"replies":[{"embeddable":true,"href":"https:\/\/todotrial.com\/tienda\/wp-json\/wp\/v2\/comments?post=38064"}],"version-history":[{"count":0,"href":"https:\/\/todotrial.com\/tienda\/wp-json\/wp\/v2\/product\/38064\/revisions"}],"wp:featuredmedia":[{"embeddable":true,"href":"https:\/\/todotrial.com\/tienda\/wp-json\/wp\/v2\/media\/38065"}],"wp:attachment":[{"href":"https:\/\/todotrial.com\/tienda\/wp-json\/wp\/v2\/media?parent=38064"}],"wp:term":[{"taxonomy":"product_brand","embeddable":true,"href":"https:\/\/todotrial.com\/tienda\/wp-json\/wp\/v2\/product_brand?post=38064"},{"taxonomy":"product_cat","embeddable":true,"href":"https:\/\/todotrial.com\/tienda\/wp-json\/wp\/v2\/product_cat?post=38064"},{"taxonomy":"product_tag","embeddable":true,"href":"https:\/\/todotrial.com\/tienda\/wp-json\/wp\/v2\/product_tag?post=38064"}],"curies":[{"name":"wp","href":"https:\/\/api.w.org\/{rel}","templated":true}]}}