{"id":379,"date":"2020-07-02T14:49:19","date_gmt":"2020-07-02T14:49:19","guid":{"rendered":"https:\/\/todotrial.com\/tienda\/product\/tapon-carter-embrague-bultaco-en-plastico-negro\/"},"modified":"2025-02-20T17:35:54","modified_gmt":"2025-02-20T16:35:54","slug":"tapon-carter-embrague-bultaco-en-plastico-negro","status":"publish","type":"product","link":"https:\/\/todotrial.com\/tienda\/tapon-carter-embrague-bultaco-en-plastico-negro\/","title":{"rendered":"Tap\u00f3n carter embrague Bultaco en pl\u00e1stico negro"},"content":{"rendered":"<p><span style=\"color: #000000; font-family: Arial,Helvetica,sans-serif; font-size: x-small;\" color=\"#000000\" face=\"Arial, Helvetica, sans-serif\" size=\"2\"> Tap\u00f3n carter embrague Bultaco en pl\u00e1stico negro<br \/> &#8211; Con ret\u00e9n inclu\u00eddo <\/span><\/p>\n<p><span style=\"color: #000000; font-family: Arial,Helvetica,sans-serif; font-size: x-small;\" color=\"#000000\" face=\"Arial, Helvetica, sans-serif\" size=\"2\">Precio 10 \u20ac<\/span><\/p>\n<table style=\"width: 600px; height: 51px;\" align=\"center\" border=\"1\" cellspacing=\"0\">\n<tbody>\n<tr>\n<td colspan=\"2\" height=\"4\">\n<div align=\"center\"><span style=\"font-family: Arial,Helvetica,sans-serif; font-size: x-small;\" face=\"Arial, Helvetica, sans-serif\" size=\"2\">* <\/span><span style=\"color: #000000; font-family: Arial,Helvetica,sans-serif; font-size: x-small;\" color=\"#000000\" face=\"Arial, Helvetica, sans-serif\" size=\"2\"><b>GASTOS DE ENVIO<\/b><\/span><\/div>\n<\/td>\n<\/tr>\n<tr>\n<td width=\"31%\" height=\"11\"><span style=\"font-family: Arial,Helvetica,sans-serif;\" face=\"Arial, Helvetica, sans-serif\"><span style=\"font-family: Arial,Helvetica,sans-serif; font-size: x-small;\" face=\"Arial, Helvetica, sans-serif\" size=\"2\"><b>&#8211; Pen\u00ednsula, Baleares y Canarias:<\/b><\/span><\/span><\/td>\n<td width=\"69%\" height=\"11\"><span style=\"font-family: Arial,Helvetica,sans-serif;\" face=\"Arial, Helvetica, sans-serif\"><span style=\"font-size: x-small;\" size=\"2\">&#8211; Pago por Transferencia, env\u00edo a domicilio: <\/span><span style=\"color: #000000; font-size: x-small;\" color=\"#000000\" size=\"2\">5 <\/span><span style=\"font-size: x-small;\" size=\"2\">\u20ac (1 pieza)<br \/> &#8211; Pago contrareembolso<\/span><span style=\"font-family: Arial,Helvetica,sans-serif;\" face=\"Arial, Helvetica, sans-serif\"><span style=\"font-size: x-small;\" size=\"2\">, env\u00edo a domicilio:<\/span><\/span><span style=\"font-size: x-small;\" size=\"2\"> <\/span><span style=\"color: #000000; font-size: x-small;\" color=\"#000000\" size=\"2\">6,50<\/span><span style=\"font-size: x-small;\" size=\"2\"> \u20ac <\/span><span style=\"font-family: Arial,Helvetica,sans-serif;\" face=\"Arial, Helvetica, sans-serif\"><span style=\"font-size: x-small;\" size=\"2\">(1 pieza)<\/span><\/span><span style=\"font-size: x-small;\" size=\"2\"><br \/> <\/span><span style=\"font-family: Arial,Helvetica,sans-serif;\" face=\"Arial, Helvetica, sans-serif\"><span style=\"font-size: x-small;\" size=\"2\">&#8211; Por pieza adicional, pago por transferencia: 1 \u20ac (si supera peso)<br \/> <\/span><span style=\"font-family: Arial,Helvetica,sans-serif;\" face=\"Arial, Helvetica, sans-serif\"><span style=\"font-family: Arial,Helvetica,sans-serif;\" face=\"Arial, Helvetica, sans-serif\"><span style=\"font-size: x-small;\" size=\"2\">&#8211; Por pieza adicional, pago por reembolso: 1,50 \u20ac <\/span><span style=\"font-family: Arial,Helvetica,sans-serif;\" face=\"Arial, Helvetica, sans-serif\"><span style=\"font-family: Arial,Helvetica,sans-serif;\" face=\"Arial, Helvetica, sans-serif\"><span style=\"font-size: x-small;\" size=\"2\">(si supera peso)<\/span><\/span><\/span><\/span><\/span><\/span><\/span><\/td>\n<\/tr>\n<\/tbody>\n<\/table>\n<p><span style=\"color: #000000; font-family: Arial,Helvetica,sans-serif; font-size: x-small;\" color=\"#000000\" face=\"Arial, Helvetica, sans-serif\" size=\"2\">&nbsp;<\/span><\/p>\n","protected":false},"excerpt":{"rendered":"<p>Tap\u00f3n carter embrague Bultaco en pl\u00e1stico negro<\/p>\n","protected":false},"featured_media":378,"comment_status":"open","ping_status":"closed","template":"","meta":[],"product_brand":[],"product_cat":[15],"product_tag":[],"class_list":{"0":"post-379","1":"product","2":"type-product","3":"status-publish","4":"has-post-thumbnail","6":"product_cat-uncategorized","8":"first","9":"instock","10":"taxable","11":"shipping-taxable","12":"purchasable","13":"product-type-simple"},"yoast_head":"<!-- This site is optimized with the Yoast SEO Premium plugin v21.2 (Yoast SEO v27.3) - https:\/\/yoast.com\/product\/yoast-seo-premium-wordpress\/ -->\n<title>Tap\u00f3n carter embrague Bultaco en pl\u00e1stico negro - Tienda de todotrial<\/title>\n<meta name=\"robots\" content=\"index, follow, max-snippet:-1, max-image-preview:large, max-video-preview:-1\" \/>\n<link rel=\"canonical\" href=\"https:\/\/todotrial.com\/tienda\/tapon-carter-embrague-bultaco-en-plastico-negro\/\" \/>\n<meta property=\"og:locale\" content=\"es_ES\" \/>\n<meta property=\"og:type\" content=\"article\" \/>\n<meta property=\"og:title\" content=\"Tap\u00f3n carter embrague Bultaco en pl\u00e1stico negro\" \/>\n<meta property=\"og:description\" content=\"Tap\u00f3n carter embrague Bultaco en pl\u00e1stico negro\" \/>\n<meta property=\"og:url\" content=\"https:\/\/todotrial.com\/tienda\/tapon-carter-embrague-bultaco-en-plastico-negro\/\" \/>\n<meta property=\"og:site_name\" content=\"Tienda de todotrial\" \/>\n<meta property=\"article:modified_time\" content=\"2025-02-20T16:35:54+00:00\" \/>\n<meta property=\"og:image\" content=\"https:\/\/todotrial.com\/tienda\/wp-content\/uploads\/2020\/07\/bultaco_black_plastic_clutc.jpg\" \/>\n\t<meta property=\"og:image:width\" content=\"325\" \/>\n\t<meta property=\"og:image:height\" content=\"244\" \/>\n\t<meta property=\"og:image:type\" content=\"image\/jpeg\" \/>\n<meta name=\"twitter:card\" content=\"summary_large_image\" \/>\n<script type=\"application\/ld+json\" class=\"yoast-schema-graph\">{\"@context\":\"https:\\\/\\\/schema.org\",\"@graph\":[{\"@type\":\"WebPage\",\"@id\":\"https:\\\/\\\/todotrial.com\\\/tienda\\\/tapon-carter-embrague-bultaco-en-plastico-negro\\\/\",\"url\":\"https:\\\/\\\/todotrial.com\\\/tienda\\\/tapon-carter-embrague-bultaco-en-plastico-negro\\\/\",\"name\":\"Tap\u00f3n carter embrague Bultaco en pl\u00e1stico negro - Tienda de todotrial\",\"isPartOf\":{\"@id\":\"https:\\\/\\\/todotrial.com\\\/tienda\\\/#website\"},\"primaryImageOfPage\":{\"@id\":\"https:\\\/\\\/todotrial.com\\\/tienda\\\/tapon-carter-embrague-bultaco-en-plastico-negro\\\/#primaryimage\"},\"image\":{\"@id\":\"https:\\\/\\\/todotrial.com\\\/tienda\\\/tapon-carter-embrague-bultaco-en-plastico-negro\\\/#primaryimage\"},\"thumbnailUrl\":\"https:\\\/\\\/todotrial.com\\\/tienda\\\/wp-content\\\/uploads\\\/2020\\\/07\\\/bultaco_black_plastic_clutc.jpg\",\"datePublished\":\"2020-07-02T14:49:19+00:00\",\"dateModified\":\"2025-02-20T16:35:54+00:00\",\"breadcrumb\":{\"@id\":\"https:\\\/\\\/todotrial.com\\\/tienda\\\/tapon-carter-embrague-bultaco-en-plastico-negro\\\/#breadcrumb\"},\"inLanguage\":\"es\",\"potentialAction\":[{\"@type\":\"ReadAction\",\"target\":[\"https:\\\/\\\/todotrial.com\\\/tienda\\\/tapon-carter-embrague-bultaco-en-plastico-negro\\\/\"]}]},{\"@type\":\"ImageObject\",\"inLanguage\":\"es\",\"@id\":\"https:\\\/\\\/todotrial.com\\\/tienda\\\/tapon-carter-embrague-bultaco-en-plastico-negro\\\/#primaryimage\",\"url\":\"https:\\\/\\\/todotrial.com\\\/tienda\\\/wp-content\\\/uploads\\\/2020\\\/07\\\/bultaco_black_plastic_clutc.jpg\",\"contentUrl\":\"https:\\\/\\\/todotrial.com\\\/tienda\\\/wp-content\\\/uploads\\\/2020\\\/07\\\/bultaco_black_plastic_clutc.jpg\",\"width\":325,\"height\":244},{\"@type\":\"BreadcrumbList\",\"@id\":\"https:\\\/\\\/todotrial.com\\\/tienda\\\/tapon-carter-embrague-bultaco-en-plastico-negro\\\/#breadcrumb\",\"itemListElement\":[{\"@type\":\"ListItem\",\"position\":1,\"name\":\"Portada\",\"item\":\"https:\\\/\\\/todotrial.com\\\/tienda\\\/\"},{\"@type\":\"ListItem\",\"position\":2,\"name\":\"Shop\",\"item\":\"https:\\\/\\\/todotrial.com\\\/tienda\\\/shop\\\/\"},{\"@type\":\"ListItem\",\"position\":3,\"name\":\"Tap\u00f3n carter embrague Bultaco en pl\u00e1stico negro\"}]},{\"@type\":\"WebSite\",\"@id\":\"https:\\\/\\\/todotrial.com\\\/tienda\\\/#website\",\"url\":\"https:\\\/\\\/todotrial.com\\\/tienda\\\/\",\"name\":\"Tienda de todotrial\",\"description\":\"\",\"potentialAction\":[{\"@type\":\"SearchAction\",\"target\":{\"@type\":\"EntryPoint\",\"urlTemplate\":\"https:\\\/\\\/todotrial.com\\\/tienda\\\/?s={search_term_string}\"},\"query-input\":{\"@type\":\"PropertyValueSpecification\",\"valueRequired\":true,\"valueName\":\"search_term_string\"}}],\"inLanguage\":\"es\"}]}<\/script>\n<!-- \/ Yoast SEO Premium plugin. -->","yoast_head_json":{"title":"Tap\u00f3n carter embrague Bultaco en pl\u00e1stico negro - Tienda de todotrial","robots":{"index":"index","follow":"follow","max-snippet":"max-snippet:-1","max-image-preview":"max-image-preview:large","max-video-preview":"max-video-preview:-1"},"canonical":"https:\/\/todotrial.com\/tienda\/tapon-carter-embrague-bultaco-en-plastico-negro\/","og_locale":"es_ES","og_type":"article","og_title":"Tap\u00f3n carter embrague Bultaco en pl\u00e1stico negro","og_description":"Tap\u00f3n carter embrague Bultaco en pl\u00e1stico negro","og_url":"https:\/\/todotrial.com\/tienda\/tapon-carter-embrague-bultaco-en-plastico-negro\/","og_site_name":"Tienda de todotrial","article_modified_time":"2025-02-20T16:35:54+00:00","og_image":[{"width":325,"height":244,"url":"https:\/\/todotrial.com\/tienda\/wp-content\/uploads\/2020\/07\/bultaco_black_plastic_clutc.jpg","type":"image\/jpeg"}],"twitter_card":"summary_large_image","schema":{"@context":"https:\/\/schema.org","@graph":[{"@type":"WebPage","@id":"https:\/\/todotrial.com\/tienda\/tapon-carter-embrague-bultaco-en-plastico-negro\/","url":"https:\/\/todotrial.com\/tienda\/tapon-carter-embrague-bultaco-en-plastico-negro\/","name":"Tap\u00f3n carter embrague Bultaco en pl\u00e1stico negro - Tienda de todotrial","isPartOf":{"@id":"https:\/\/todotrial.com\/tienda\/#website"},"primaryImageOfPage":{"@id":"https:\/\/todotrial.com\/tienda\/tapon-carter-embrague-bultaco-en-plastico-negro\/#primaryimage"},"image":{"@id":"https:\/\/todotrial.com\/tienda\/tapon-carter-embrague-bultaco-en-plastico-negro\/#primaryimage"},"thumbnailUrl":"https:\/\/todotrial.com\/tienda\/wp-content\/uploads\/2020\/07\/bultaco_black_plastic_clutc.jpg","datePublished":"2020-07-02T14:49:19+00:00","dateModified":"2025-02-20T16:35:54+00:00","breadcrumb":{"@id":"https:\/\/todotrial.com\/tienda\/tapon-carter-embrague-bultaco-en-plastico-negro\/#breadcrumb"},"inLanguage":"es","potentialAction":[{"@type":"ReadAction","target":["https:\/\/todotrial.com\/tienda\/tapon-carter-embrague-bultaco-en-plastico-negro\/"]}]},{"@type":"ImageObject","inLanguage":"es","@id":"https:\/\/todotrial.com\/tienda\/tapon-carter-embrague-bultaco-en-plastico-negro\/#primaryimage","url":"https:\/\/todotrial.com\/tienda\/wp-content\/uploads\/2020\/07\/bultaco_black_plastic_clutc.jpg","contentUrl":"https:\/\/todotrial.com\/tienda\/wp-content\/uploads\/2020\/07\/bultaco_black_plastic_clutc.jpg","width":325,"height":244},{"@type":"BreadcrumbList","@id":"https:\/\/todotrial.com\/tienda\/tapon-carter-embrague-bultaco-en-plastico-negro\/#breadcrumb","itemListElement":[{"@type":"ListItem","position":1,"name":"Portada","item":"https:\/\/todotrial.com\/tienda\/"},{"@type":"ListItem","position":2,"name":"Shop","item":"https:\/\/todotrial.com\/tienda\/shop\/"},{"@type":"ListItem","position":3,"name":"Tap\u00f3n carter embrague Bultaco en pl\u00e1stico negro"}]},{"@type":"WebSite","@id":"https:\/\/todotrial.com\/tienda\/#website","url":"https:\/\/todotrial.com\/tienda\/","name":"Tienda de todotrial","description":"","potentialAction":[{"@type":"SearchAction","target":{"@type":"EntryPoint","urlTemplate":"https:\/\/todotrial.com\/tienda\/?s={search_term_string}"},"query-input":{"@type":"PropertyValueSpecification","valueRequired":true,"valueName":"search_term_string"}}],"inLanguage":"es"}]}},"_links":{"self":[{"href":"https:\/\/todotrial.com\/tienda\/wp-json\/wp\/v2\/product\/379","targetHints":{"allow":["GET"]}}],"collection":[{"href":"https:\/\/todotrial.com\/tienda\/wp-json\/wp\/v2\/product"}],"about":[{"href":"https:\/\/todotrial.com\/tienda\/wp-json\/wp\/v2\/types\/product"}],"replies":[{"embeddable":true,"href":"https:\/\/todotrial.com\/tienda\/wp-json\/wp\/v2\/comments?post=379"}],"version-history":[{"count":0,"href":"https:\/\/todotrial.com\/tienda\/wp-json\/wp\/v2\/product\/379\/revisions"}],"wp:featuredmedia":[{"embeddable":true,"href":"https:\/\/todotrial.com\/tienda\/wp-json\/wp\/v2\/media\/378"}],"wp:attachment":[{"href":"https:\/\/todotrial.com\/tienda\/wp-json\/wp\/v2\/media?parent=379"}],"wp:term":[{"taxonomy":"product_brand","embeddable":true,"href":"https:\/\/todotrial.com\/tienda\/wp-json\/wp\/v2\/product_brand?post=379"},{"taxonomy":"product_cat","embeddable":true,"href":"https:\/\/todotrial.com\/tienda\/wp-json\/wp\/v2\/product_cat?post=379"},{"taxonomy":"product_tag","embeddable":true,"href":"https:\/\/todotrial.com\/tienda\/wp-json\/wp\/v2\/product_tag?post=379"}],"curies":[{"name":"wp","href":"https:\/\/api.w.org\/{rel}","templated":true}]}}