{"id":36928,"date":"2020-12-16T22:58:05","date_gmt":"2020-12-16T21:58:05","guid":{"rendered":"https:\/\/todotrial.com\/tienda\/product\/import-placeholder-for-8132\/"},"modified":"2020-12-16T23:00:29","modified_gmt":"2020-12-16T22:00:29","slug":"kit-mantenimiento-filtros-aire-twin-air","status":"publish","type":"product","link":"https:\/\/todotrial.com\/tienda\/kit-mantenimiento-filtros-aire-twin-air\/","title":{"rendered":"KIT MANTENIMIENTO FILTROS AIRE TWIN AIR"},"content":{"rendered":"<p>Kit de limpieza y mantenimiento de filtros twin air. Con este completo kit podr\u00e1s mantener en \u00f3ptimo estado de limpieza y lubricaci\u00f3n el filtro de aire, con lo que te garantizas un mejor rendimiento de la moto y un menor desgaste de los componentes del motor. Incluye: un cubo para limpieza del filtro. Una lata de aceite para engrasar el filtro. Un cubo para impregnar de aceite el filtro. Una lata de l\u00edquido especial para la limpieza de filtros de aire. Un bote de aceite para engrasar el filtro. Un bote de contact cleaner y guantes de l\u00e1tex.<\/p>\n","protected":false},"excerpt":{"rendered":"<p><strong>Incluye: Cubo de limpieza. Una lata de aceite. Cubo de engrase. L\u00edquido especial para la limpieza de filtros de aire. Un bote de aceite. Un bote de contact cleaner y guantes de l\u00e1tex.<\/strong><\/p>\n","protected":false},"featured_media":37014,"comment_status":"open","ping_status":"closed","template":"","meta":[],"product_brand":[],"product_cat":[11513,11384,11374],"product_tag":[],"class_list":{"0":"post-36928","1":"product","2":"type-product","3":"status-publish","4":"has-post-thumbnail","6":"product_cat-lubricacion-y-limpieza","7":"product_cat-moto","8":"product_cat-raiz","10":"first","11":"onbackorder","12":"taxable","13":"shipping-taxable","14":"purchasable","15":"product-type-simple"},"yoast_head":"<!-- This site is optimized with the Yoast SEO Premium plugin v21.2 (Yoast SEO v27.4) - https:\/\/yoast.com\/product\/yoast-seo-premium-wordpress\/ -->\n<title>KIT MANTENIMIENTO FILTROS AIRE TWIN AIR - Tienda de todotrial<\/title>\n<meta name=\"robots\" content=\"index, follow, max-snippet:-1, max-image-preview:large, max-video-preview:-1\" \/>\n<link rel=\"canonical\" href=\"https:\/\/todotrial.com\/tienda\/kit-mantenimiento-filtros-aire-twin-air\/\" \/>\n<meta property=\"og:locale\" content=\"es_ES\" \/>\n<meta property=\"og:type\" content=\"article\" \/>\n<meta property=\"og:title\" content=\"KIT MANTENIMIENTO FILTROS AIRE TWIN AIR\" \/>\n<meta property=\"og:description\" content=\"Incluye: Cubo de limpieza. Una lata de aceite. Cubo de engrase. L\u00edquido especial para la limpieza de filtros de aire. Un bote de aceite. Un bote de contact cleaner y guantes de l\u00e1tex.\" \/>\n<meta property=\"og:url\" content=\"https:\/\/todotrial.com\/tienda\/kit-mantenimiento-filtros-aire-twin-air\/\" \/>\n<meta property=\"og:site_name\" content=\"Tienda de todotrial\" \/>\n<meta property=\"article:modified_time\" content=\"2020-12-16T22:00:29+00:00\" \/>\n<meta property=\"og:image\" content=\"https:\/\/todotrial.com\/tienda\/wp-content\/uploads\/2020\/12\/5321-KIT-MANTENIMIENTO-FILTROS-AIRE-TWIN-AIR-2.jpg\" \/>\n\t<meta property=\"og:image:width\" content=\"800\" \/>\n\t<meta property=\"og:image:height\" content=\"800\" \/>\n\t<meta property=\"og:image:type\" content=\"image\/jpeg\" \/>\n<meta name=\"twitter:card\" content=\"summary_large_image\" \/>\n<meta name=\"twitter:label1\" content=\"Tiempo de lectura\" \/>\n\t<meta name=\"twitter:data1\" content=\"1 minuto\" \/>\n<script type=\"application\/ld+json\" class=\"yoast-schema-graph\">{\"@context\":\"https:\\\/\\\/schema.org\",\"@graph\":[{\"@type\":\"WebPage\",\"@id\":\"https:\\\/\\\/todotrial.com\\\/tienda\\\/kit-mantenimiento-filtros-aire-twin-air\\\/\",\"url\":\"https:\\\/\\\/todotrial.com\\\/tienda\\\/kit-mantenimiento-filtros-aire-twin-air\\\/\",\"name\":\"KIT MANTENIMIENTO FILTROS AIRE TWIN AIR - Tienda de todotrial\",\"isPartOf\":{\"@id\":\"https:\\\/\\\/todotrial.com\\\/tienda\\\/#website\"},\"primaryImageOfPage\":{\"@id\":\"https:\\\/\\\/todotrial.com\\\/tienda\\\/kit-mantenimiento-filtros-aire-twin-air\\\/#primaryimage\"},\"image\":{\"@id\":\"https:\\\/\\\/todotrial.com\\\/tienda\\\/kit-mantenimiento-filtros-aire-twin-air\\\/#primaryimage\"},\"thumbnailUrl\":\"https:\\\/\\\/todotrial.com\\\/tienda\\\/wp-content\\\/uploads\\\/2020\\\/12\\\/5321-KIT-MANTENIMIENTO-FILTROS-AIRE-TWIN-AIR-2.jpg\",\"datePublished\":\"2020-12-16T21:58:05+00:00\",\"dateModified\":\"2020-12-16T22:00:29+00:00\",\"breadcrumb\":{\"@id\":\"https:\\\/\\\/todotrial.com\\\/tienda\\\/kit-mantenimiento-filtros-aire-twin-air\\\/#breadcrumb\"},\"inLanguage\":\"es\",\"potentialAction\":[{\"@type\":\"ReadAction\",\"target\":[\"https:\\\/\\\/todotrial.com\\\/tienda\\\/kit-mantenimiento-filtros-aire-twin-air\\\/\"]}]},{\"@type\":\"ImageObject\",\"inLanguage\":\"es\",\"@id\":\"https:\\\/\\\/todotrial.com\\\/tienda\\\/kit-mantenimiento-filtros-aire-twin-air\\\/#primaryimage\",\"url\":\"https:\\\/\\\/todotrial.com\\\/tienda\\\/wp-content\\\/uploads\\\/2020\\\/12\\\/5321-KIT-MANTENIMIENTO-FILTROS-AIRE-TWIN-AIR-2.jpg\",\"contentUrl\":\"https:\\\/\\\/todotrial.com\\\/tienda\\\/wp-content\\\/uploads\\\/2020\\\/12\\\/5321-KIT-MANTENIMIENTO-FILTROS-AIRE-TWIN-AIR-2.jpg\",\"width\":800,\"height\":800},{\"@type\":\"BreadcrumbList\",\"@id\":\"https:\\\/\\\/todotrial.com\\\/tienda\\\/kit-mantenimiento-filtros-aire-twin-air\\\/#breadcrumb\",\"itemListElement\":[{\"@type\":\"ListItem\",\"position\":1,\"name\":\"Portada\",\"item\":\"https:\\\/\\\/todotrial.com\\\/tienda\\\/\"},{\"@type\":\"ListItem\",\"position\":2,\"name\":\"Shop\",\"item\":\"https:\\\/\\\/todotrial.com\\\/tienda\\\/shop\\\/\"},{\"@type\":\"ListItem\",\"position\":3,\"name\":\"KIT MANTENIMIENTO FILTROS AIRE TWIN AIR\"}]},{\"@type\":\"WebSite\",\"@id\":\"https:\\\/\\\/todotrial.com\\\/tienda\\\/#website\",\"url\":\"https:\\\/\\\/todotrial.com\\\/tienda\\\/\",\"name\":\"Tienda de todotrial\",\"description\":\"\",\"potentialAction\":[{\"@type\":\"SearchAction\",\"target\":{\"@type\":\"EntryPoint\",\"urlTemplate\":\"https:\\\/\\\/todotrial.com\\\/tienda\\\/?s={search_term_string}\"},\"query-input\":{\"@type\":\"PropertyValueSpecification\",\"valueRequired\":true,\"valueName\":\"search_term_string\"}}],\"inLanguage\":\"es\"}]}<\/script>\n<!-- \/ Yoast SEO Premium plugin. -->","yoast_head_json":{"title":"KIT MANTENIMIENTO FILTROS AIRE TWIN AIR - Tienda de todotrial","robots":{"index":"index","follow":"follow","max-snippet":"max-snippet:-1","max-image-preview":"max-image-preview:large","max-video-preview":"max-video-preview:-1"},"canonical":"https:\/\/todotrial.com\/tienda\/kit-mantenimiento-filtros-aire-twin-air\/","og_locale":"es_ES","og_type":"article","og_title":"KIT MANTENIMIENTO FILTROS AIRE TWIN AIR","og_description":"Incluye: Cubo de limpieza. Una lata de aceite. Cubo de engrase. L\u00edquido especial para la limpieza de filtros de aire. Un bote de aceite. Un bote de contact cleaner y guantes de l\u00e1tex.","og_url":"https:\/\/todotrial.com\/tienda\/kit-mantenimiento-filtros-aire-twin-air\/","og_site_name":"Tienda de todotrial","article_modified_time":"2020-12-16T22:00:29+00:00","og_image":[{"width":800,"height":800,"url":"https:\/\/todotrial.com\/tienda\/wp-content\/uploads\/2020\/12\/5321-KIT-MANTENIMIENTO-FILTROS-AIRE-TWIN-AIR-2.jpg","type":"image\/jpeg"}],"twitter_card":"summary_large_image","twitter_misc":{"Tiempo de lectura":"1 minuto"},"schema":{"@context":"https:\/\/schema.org","@graph":[{"@type":"WebPage","@id":"https:\/\/todotrial.com\/tienda\/kit-mantenimiento-filtros-aire-twin-air\/","url":"https:\/\/todotrial.com\/tienda\/kit-mantenimiento-filtros-aire-twin-air\/","name":"KIT MANTENIMIENTO FILTROS AIRE TWIN AIR - Tienda de todotrial","isPartOf":{"@id":"https:\/\/todotrial.com\/tienda\/#website"},"primaryImageOfPage":{"@id":"https:\/\/todotrial.com\/tienda\/kit-mantenimiento-filtros-aire-twin-air\/#primaryimage"},"image":{"@id":"https:\/\/todotrial.com\/tienda\/kit-mantenimiento-filtros-aire-twin-air\/#primaryimage"},"thumbnailUrl":"https:\/\/todotrial.com\/tienda\/wp-content\/uploads\/2020\/12\/5321-KIT-MANTENIMIENTO-FILTROS-AIRE-TWIN-AIR-2.jpg","datePublished":"2020-12-16T21:58:05+00:00","dateModified":"2020-12-16T22:00:29+00:00","breadcrumb":{"@id":"https:\/\/todotrial.com\/tienda\/kit-mantenimiento-filtros-aire-twin-air\/#breadcrumb"},"inLanguage":"es","potentialAction":[{"@type":"ReadAction","target":["https:\/\/todotrial.com\/tienda\/kit-mantenimiento-filtros-aire-twin-air\/"]}]},{"@type":"ImageObject","inLanguage":"es","@id":"https:\/\/todotrial.com\/tienda\/kit-mantenimiento-filtros-aire-twin-air\/#primaryimage","url":"https:\/\/todotrial.com\/tienda\/wp-content\/uploads\/2020\/12\/5321-KIT-MANTENIMIENTO-FILTROS-AIRE-TWIN-AIR-2.jpg","contentUrl":"https:\/\/todotrial.com\/tienda\/wp-content\/uploads\/2020\/12\/5321-KIT-MANTENIMIENTO-FILTROS-AIRE-TWIN-AIR-2.jpg","width":800,"height":800},{"@type":"BreadcrumbList","@id":"https:\/\/todotrial.com\/tienda\/kit-mantenimiento-filtros-aire-twin-air\/#breadcrumb","itemListElement":[{"@type":"ListItem","position":1,"name":"Portada","item":"https:\/\/todotrial.com\/tienda\/"},{"@type":"ListItem","position":2,"name":"Shop","item":"https:\/\/todotrial.com\/tienda\/shop\/"},{"@type":"ListItem","position":3,"name":"KIT MANTENIMIENTO FILTROS AIRE TWIN AIR"}]},{"@type":"WebSite","@id":"https:\/\/todotrial.com\/tienda\/#website","url":"https:\/\/todotrial.com\/tienda\/","name":"Tienda de todotrial","description":"","potentialAction":[{"@type":"SearchAction","target":{"@type":"EntryPoint","urlTemplate":"https:\/\/todotrial.com\/tienda\/?s={search_term_string}"},"query-input":{"@type":"PropertyValueSpecification","valueRequired":true,"valueName":"search_term_string"}}],"inLanguage":"es"}]}},"_links":{"self":[{"href":"https:\/\/todotrial.com\/tienda\/wp-json\/wp\/v2\/product\/36928","targetHints":{"allow":["GET"]}}],"collection":[{"href":"https:\/\/todotrial.com\/tienda\/wp-json\/wp\/v2\/product"}],"about":[{"href":"https:\/\/todotrial.com\/tienda\/wp-json\/wp\/v2\/types\/product"}],"replies":[{"embeddable":true,"href":"https:\/\/todotrial.com\/tienda\/wp-json\/wp\/v2\/comments?post=36928"}],"version-history":[{"count":0,"href":"https:\/\/todotrial.com\/tienda\/wp-json\/wp\/v2\/product\/36928\/revisions"}],"wp:featuredmedia":[{"embeddable":true,"href":"https:\/\/todotrial.com\/tienda\/wp-json\/wp\/v2\/media\/37014"}],"wp:attachment":[{"href":"https:\/\/todotrial.com\/tienda\/wp-json\/wp\/v2\/media?parent=36928"}],"wp:term":[{"taxonomy":"product_brand","embeddable":true,"href":"https:\/\/todotrial.com\/tienda\/wp-json\/wp\/v2\/product_brand?post=36928"},{"taxonomy":"product_cat","embeddable":true,"href":"https:\/\/todotrial.com\/tienda\/wp-json\/wp\/v2\/product_cat?post=36928"},{"taxonomy":"product_tag","embeddable":true,"href":"https:\/\/todotrial.com\/tienda\/wp-json\/wp\/v2\/product_tag?post=36928"}],"curies":[{"name":"wp","href":"https:\/\/api.w.org\/{rel}","templated":true}]}}