{"id":36925,"date":"2020-12-16T22:58:02","date_gmt":"2020-12-16T21:58:02","guid":{"rendered":"https:\/\/todotrial.com\/tienda\/product\/import-placeholder-for-8126\/"},"modified":"2025-03-17T03:28:42","modified_gmt":"2025-03-17T02:28:42","slug":"tapon-goma-para-escape-2t-twin-air","status":"publish","type":"product","link":"https:\/\/todotrial.com\/tienda\/tapon-goma-para-escape-2t-twin-air\/","title":{"rendered":"TAPON GOMA PARA ESCAPE 2T TWIN AIR"},"content":{"rendered":"<p>Evita que el agua y la suciedad entren en su escape durante el lavado y el transporte. Nuevo material de caucho m\u00e1s suave patentado que cuenta con refuerzo de fibra de vidrio que recubre una base de pl\u00e1stico durable. El material de caucho exterior ahora flota sobre la base de pl\u00e1stico, lo que le permite girar el tap\u00f3n en el tubo de escape creando un sello a prueba de fugas. Para: Motos 2T<\/p>\n","protected":false},"excerpt":{"rendered":"<p><strong>Di\u00e1metro 18-40 mm<br \/><\/strong><\/p>\n","protected":false},"featured_media":37008,"comment_status":"open","ping_status":"closed","template":"","meta":[],"product_brand":[],"product_cat":[11457,11618,11650,11455,11433,11384,11397,11385,11374,11432],"product_tag":[],"class_list":{"0":"post-36925","1":"product","2":"type-product","3":"status-publish","4":"has-post-thumbnail","6":"product_cat-accesorios-taller-moto","7":"product_cat-accesorios-piezas-moto","8":"product_cat-escape-piezas-moto-trial","9":"product_cat-herramientas-taller-moto","10":"product_cat-mantenimiento-taller-moto","11":"product_cat-moto","12":"product_cat-motor-piezas-moto","13":"product_cat-piezas-moto","14":"product_cat-raiz","15":"product_cat-taller-moto","17":"first","18":"instock","19":"taxable","20":"shipping-taxable","21":"purchasable","22":"product-type-simple"},"yoast_head":"<!-- This site is optimized with the Yoast SEO Premium plugin v21.2 (Yoast SEO v27.3) - https:\/\/yoast.com\/product\/yoast-seo-premium-wordpress\/ -->\n<title>TAPON GOMA PARA ESCAPE 2T TWIN AIR - Tienda de todotrial<\/title>\n<meta name=\"robots\" content=\"index, follow, max-snippet:-1, max-image-preview:large, max-video-preview:-1\" \/>\n<link rel=\"canonical\" href=\"https:\/\/todotrial.com\/tienda\/tapon-goma-para-escape-2t-twin-air\/\" \/>\n<meta property=\"og:locale\" content=\"es_ES\" \/>\n<meta property=\"og:type\" content=\"article\" \/>\n<meta property=\"og:title\" content=\"TAPON GOMA PARA ESCAPE 2T TWIN AIR\" \/>\n<meta property=\"og:description\" content=\"Di\u00e1metro 18-40 mm\" \/>\n<meta property=\"og:url\" content=\"https:\/\/todotrial.com\/tienda\/tapon-goma-para-escape-2t-twin-air\/\" \/>\n<meta property=\"og:site_name\" content=\"Tienda de todotrial\" \/>\n<meta property=\"article:modified_time\" content=\"2025-03-17T02:28:42+00:00\" \/>\n<meta property=\"og:image\" content=\"https:\/\/todotrial.com\/tienda\/wp-content\/uploads\/2020\/12\/5318-TAPON-GOMA-PARA-ESCAPE-2T-TWIN-AIR-2.jpg\" \/>\n\t<meta property=\"og:image:width\" content=\"600\" \/>\n\t<meta property=\"og:image:height\" content=\"600\" \/>\n\t<meta property=\"og:image:type\" content=\"image\/jpeg\" \/>\n<meta name=\"twitter:card\" content=\"summary_large_image\" \/>\n<script type=\"application\/ld+json\" class=\"yoast-schema-graph\">{\"@context\":\"https:\\\/\\\/schema.org\",\"@graph\":[{\"@type\":\"WebPage\",\"@id\":\"https:\\\/\\\/todotrial.com\\\/tienda\\\/tapon-goma-para-escape-2t-twin-air\\\/\",\"url\":\"https:\\\/\\\/todotrial.com\\\/tienda\\\/tapon-goma-para-escape-2t-twin-air\\\/\",\"name\":\"TAPON GOMA PARA ESCAPE 2T TWIN AIR - Tienda de todotrial\",\"isPartOf\":{\"@id\":\"https:\\\/\\\/todotrial.com\\\/tienda\\\/#website\"},\"primaryImageOfPage\":{\"@id\":\"https:\\\/\\\/todotrial.com\\\/tienda\\\/tapon-goma-para-escape-2t-twin-air\\\/#primaryimage\"},\"image\":{\"@id\":\"https:\\\/\\\/todotrial.com\\\/tienda\\\/tapon-goma-para-escape-2t-twin-air\\\/#primaryimage\"},\"thumbnailUrl\":\"https:\\\/\\\/todotrial.com\\\/tienda\\\/wp-content\\\/uploads\\\/2020\\\/12\\\/5318-TAPON-GOMA-PARA-ESCAPE-2T-TWIN-AIR-2.jpg\",\"datePublished\":\"2020-12-16T21:58:02+00:00\",\"dateModified\":\"2025-03-17T02:28:42+00:00\",\"breadcrumb\":{\"@id\":\"https:\\\/\\\/todotrial.com\\\/tienda\\\/tapon-goma-para-escape-2t-twin-air\\\/#breadcrumb\"},\"inLanguage\":\"es\",\"potentialAction\":[{\"@type\":\"ReadAction\",\"target\":[\"https:\\\/\\\/todotrial.com\\\/tienda\\\/tapon-goma-para-escape-2t-twin-air\\\/\"]}]},{\"@type\":\"ImageObject\",\"inLanguage\":\"es\",\"@id\":\"https:\\\/\\\/todotrial.com\\\/tienda\\\/tapon-goma-para-escape-2t-twin-air\\\/#primaryimage\",\"url\":\"https:\\\/\\\/todotrial.com\\\/tienda\\\/wp-content\\\/uploads\\\/2020\\\/12\\\/5318-TAPON-GOMA-PARA-ESCAPE-2T-TWIN-AIR-2.jpg\",\"contentUrl\":\"https:\\\/\\\/todotrial.com\\\/tienda\\\/wp-content\\\/uploads\\\/2020\\\/12\\\/5318-TAPON-GOMA-PARA-ESCAPE-2T-TWIN-AIR-2.jpg\",\"width\":600,\"height\":600},{\"@type\":\"BreadcrumbList\",\"@id\":\"https:\\\/\\\/todotrial.com\\\/tienda\\\/tapon-goma-para-escape-2t-twin-air\\\/#breadcrumb\",\"itemListElement\":[{\"@type\":\"ListItem\",\"position\":1,\"name\":\"Portada\",\"item\":\"https:\\\/\\\/todotrial.com\\\/tienda\\\/\"},{\"@type\":\"ListItem\",\"position\":2,\"name\":\"Shop\",\"item\":\"https:\\\/\\\/todotrial.com\\\/tienda\\\/shop\\\/\"},{\"@type\":\"ListItem\",\"position\":3,\"name\":\"TAPON GOMA PARA ESCAPE 2T TWIN AIR\"}]},{\"@type\":\"WebSite\",\"@id\":\"https:\\\/\\\/todotrial.com\\\/tienda\\\/#website\",\"url\":\"https:\\\/\\\/todotrial.com\\\/tienda\\\/\",\"name\":\"Tienda de todotrial\",\"description\":\"\",\"potentialAction\":[{\"@type\":\"SearchAction\",\"target\":{\"@type\":\"EntryPoint\",\"urlTemplate\":\"https:\\\/\\\/todotrial.com\\\/tienda\\\/?s={search_term_string}\"},\"query-input\":{\"@type\":\"PropertyValueSpecification\",\"valueRequired\":true,\"valueName\":\"search_term_string\"}}],\"inLanguage\":\"es\"}]}<\/script>\n<!-- \/ Yoast SEO Premium plugin. -->","yoast_head_json":{"title":"TAPON GOMA PARA ESCAPE 2T TWIN AIR - Tienda de todotrial","robots":{"index":"index","follow":"follow","max-snippet":"max-snippet:-1","max-image-preview":"max-image-preview:large","max-video-preview":"max-video-preview:-1"},"canonical":"https:\/\/todotrial.com\/tienda\/tapon-goma-para-escape-2t-twin-air\/","og_locale":"es_ES","og_type":"article","og_title":"TAPON GOMA PARA ESCAPE 2T TWIN AIR","og_description":"Di\u00e1metro 18-40 mm","og_url":"https:\/\/todotrial.com\/tienda\/tapon-goma-para-escape-2t-twin-air\/","og_site_name":"Tienda de todotrial","article_modified_time":"2025-03-17T02:28:42+00:00","og_image":[{"width":600,"height":600,"url":"https:\/\/todotrial.com\/tienda\/wp-content\/uploads\/2020\/12\/5318-TAPON-GOMA-PARA-ESCAPE-2T-TWIN-AIR-2.jpg","type":"image\/jpeg"}],"twitter_card":"summary_large_image","schema":{"@context":"https:\/\/schema.org","@graph":[{"@type":"WebPage","@id":"https:\/\/todotrial.com\/tienda\/tapon-goma-para-escape-2t-twin-air\/","url":"https:\/\/todotrial.com\/tienda\/tapon-goma-para-escape-2t-twin-air\/","name":"TAPON GOMA PARA ESCAPE 2T TWIN AIR - Tienda de todotrial","isPartOf":{"@id":"https:\/\/todotrial.com\/tienda\/#website"},"primaryImageOfPage":{"@id":"https:\/\/todotrial.com\/tienda\/tapon-goma-para-escape-2t-twin-air\/#primaryimage"},"image":{"@id":"https:\/\/todotrial.com\/tienda\/tapon-goma-para-escape-2t-twin-air\/#primaryimage"},"thumbnailUrl":"https:\/\/todotrial.com\/tienda\/wp-content\/uploads\/2020\/12\/5318-TAPON-GOMA-PARA-ESCAPE-2T-TWIN-AIR-2.jpg","datePublished":"2020-12-16T21:58:02+00:00","dateModified":"2025-03-17T02:28:42+00:00","breadcrumb":{"@id":"https:\/\/todotrial.com\/tienda\/tapon-goma-para-escape-2t-twin-air\/#breadcrumb"},"inLanguage":"es","potentialAction":[{"@type":"ReadAction","target":["https:\/\/todotrial.com\/tienda\/tapon-goma-para-escape-2t-twin-air\/"]}]},{"@type":"ImageObject","inLanguage":"es","@id":"https:\/\/todotrial.com\/tienda\/tapon-goma-para-escape-2t-twin-air\/#primaryimage","url":"https:\/\/todotrial.com\/tienda\/wp-content\/uploads\/2020\/12\/5318-TAPON-GOMA-PARA-ESCAPE-2T-TWIN-AIR-2.jpg","contentUrl":"https:\/\/todotrial.com\/tienda\/wp-content\/uploads\/2020\/12\/5318-TAPON-GOMA-PARA-ESCAPE-2T-TWIN-AIR-2.jpg","width":600,"height":600},{"@type":"BreadcrumbList","@id":"https:\/\/todotrial.com\/tienda\/tapon-goma-para-escape-2t-twin-air\/#breadcrumb","itemListElement":[{"@type":"ListItem","position":1,"name":"Portada","item":"https:\/\/todotrial.com\/tienda\/"},{"@type":"ListItem","position":2,"name":"Shop","item":"https:\/\/todotrial.com\/tienda\/shop\/"},{"@type":"ListItem","position":3,"name":"TAPON GOMA PARA ESCAPE 2T TWIN AIR"}]},{"@type":"WebSite","@id":"https:\/\/todotrial.com\/tienda\/#website","url":"https:\/\/todotrial.com\/tienda\/","name":"Tienda de todotrial","description":"","potentialAction":[{"@type":"SearchAction","target":{"@type":"EntryPoint","urlTemplate":"https:\/\/todotrial.com\/tienda\/?s={search_term_string}"},"query-input":{"@type":"PropertyValueSpecification","valueRequired":true,"valueName":"search_term_string"}}],"inLanguage":"es"}]}},"_links":{"self":[{"href":"https:\/\/todotrial.com\/tienda\/wp-json\/wp\/v2\/product\/36925","targetHints":{"allow":["GET"]}}],"collection":[{"href":"https:\/\/todotrial.com\/tienda\/wp-json\/wp\/v2\/product"}],"about":[{"href":"https:\/\/todotrial.com\/tienda\/wp-json\/wp\/v2\/types\/product"}],"replies":[{"embeddable":true,"href":"https:\/\/todotrial.com\/tienda\/wp-json\/wp\/v2\/comments?post=36925"}],"version-history":[{"count":0,"href":"https:\/\/todotrial.com\/tienda\/wp-json\/wp\/v2\/product\/36925\/revisions"}],"wp:featuredmedia":[{"embeddable":true,"href":"https:\/\/todotrial.com\/tienda\/wp-json\/wp\/v2\/media\/37008"}],"wp:attachment":[{"href":"https:\/\/todotrial.com\/tienda\/wp-json\/wp\/v2\/media?parent=36925"}],"wp:term":[{"taxonomy":"product_brand","embeddable":true,"href":"https:\/\/todotrial.com\/tienda\/wp-json\/wp\/v2\/product_brand?post=36925"},{"taxonomy":"product_cat","embeddable":true,"href":"https:\/\/todotrial.com\/tienda\/wp-json\/wp\/v2\/product_cat?post=36925"},{"taxonomy":"product_tag","embeddable":true,"href":"https:\/\/todotrial.com\/tienda\/wp-json\/wp\/v2\/product_tag?post=36925"}],"curies":[{"name":"wp","href":"https:\/\/api.w.org\/{rel}","templated":true}]}}