{"id":36924,"date":"2020-12-16T22:58:01","date_gmt":"2020-12-16T21:58:01","guid":{"rendered":"https:\/\/todotrial.com\/tienda\/product\/import-placeholder-for-8124\/"},"modified":"2020-12-16T23:00:15","modified_gmt":"2020-12-16T22:00:15","slug":"anticongelante-de-altas-prestaciones-twin-air-iceflow","status":"publish","type":"product","link":"https:\/\/todotrial.com\/tienda\/anticongelante-de-altas-prestaciones-twin-air-iceflow\/","title":{"rendered":"ANTICONGELANTE DE ALTAS PRESTACIONES TWIN AIR ICEFLOW"},"content":{"rendered":"<p>IceFlow es un refrigerante listo para usar, formulado para conseguir una protecci\u00f3n duradera de todos los metales dentro de los sistemas de refrigeraci\u00f3n de las motocicletas actuales, sin da\u00f1ar las juntas de sellado de la bomba de agua.<\/p>\n<p>&#8211; Agua desmineralizada lista para usar, sin necesidad de diluir<br \/>&#8211; Formulado a base de mono propilen glicol (mpg)<br \/>&#8211; Tecnolog\u00eda Nanotech y aditivos org\u00e1nicos de \u00faltima generaci\u00f3n<br \/>&#8211; Biodegradable, no t\u00f3xico<br \/>&#8211; Reduce y mantiene temperaturas de funcionamiento \u00f3ptimas<br \/>&#8211; Extrema protecci\u00f3n anticongelante hasta -26 \u00b0C (-14 \u00b0F)<br \/>&#8211; Protecci\u00f3n de larga duraci\u00f3n de todos los metales y juntas\/retenes<br \/>&#8211; Sin silicatos<\/p>\n","protected":false},"excerpt":{"rendered":"<p><strong>Biodegradable<\/strong><\/p>\n<p><strong>Volumen: 2.2 litros<\/strong><\/p>\n","protected":false},"featured_media":37006,"comment_status":"open","ping_status":"closed","template":"","meta":[],"product_brand":[],"product_cat":[11513,11433,11384,11374,11432],"product_tag":[],"class_list":{"0":"post-36924","1":"product","2":"type-product","3":"status-publish","4":"has-post-thumbnail","6":"product_cat-lubricacion-y-limpieza","7":"product_cat-mantenimiento-taller-moto","8":"product_cat-moto","9":"product_cat-raiz","10":"product_cat-taller-moto","12":"first","13":"instock","14":"taxable","15":"shipping-taxable","16":"purchasable","17":"product-type-simple"},"yoast_head":"<!-- This site is optimized with the Yoast SEO Premium plugin v21.2 (Yoast SEO v27.3) - https:\/\/yoast.com\/product\/yoast-seo-premium-wordpress\/ -->\n<title>ANTICONGELANTE DE ALTAS PRESTACIONES TWIN AIR ICEFLOW - Tienda de todotrial<\/title>\n<meta name=\"robots\" content=\"index, follow, max-snippet:-1, max-image-preview:large, max-video-preview:-1\" \/>\n<link rel=\"canonical\" href=\"https:\/\/todotrial.com\/tienda\/anticongelante-de-altas-prestaciones-twin-air-iceflow\/\" \/>\n<meta property=\"og:locale\" content=\"es_ES\" \/>\n<meta property=\"og:type\" content=\"article\" \/>\n<meta property=\"og:title\" content=\"ANTICONGELANTE DE ALTAS PRESTACIONES TWIN AIR ICEFLOW\" \/>\n<meta property=\"og:description\" content=\"Biodegradable Volumen: 2.2 litros\" \/>\n<meta property=\"og:url\" content=\"https:\/\/todotrial.com\/tienda\/anticongelante-de-altas-prestaciones-twin-air-iceflow\/\" \/>\n<meta property=\"og:site_name\" content=\"Tienda de todotrial\" \/>\n<meta property=\"article:modified_time\" content=\"2020-12-16T22:00:15+00:00\" \/>\n<meta property=\"og:image\" content=\"https:\/\/todotrial.com\/tienda\/wp-content\/uploads\/2020\/12\/5316-ANTICONGELANTE-DE-ALTAS-PRESTACIONES-TWIN-AIR-ICEFLOW-2.jpg\" \/>\n\t<meta property=\"og:image:width\" content=\"800\" \/>\n\t<meta property=\"og:image:height\" content=\"800\" \/>\n\t<meta property=\"og:image:type\" content=\"image\/jpeg\" \/>\n<meta name=\"twitter:card\" content=\"summary_large_image\" \/>\n<meta name=\"twitter:label1\" content=\"Tiempo de lectura\" \/>\n\t<meta name=\"twitter:data1\" content=\"1 minuto\" \/>\n<script type=\"application\/ld+json\" class=\"yoast-schema-graph\">{\"@context\":\"https:\\\/\\\/schema.org\",\"@graph\":[{\"@type\":\"WebPage\",\"@id\":\"https:\\\/\\\/todotrial.com\\\/tienda\\\/anticongelante-de-altas-prestaciones-twin-air-iceflow\\\/\",\"url\":\"https:\\\/\\\/todotrial.com\\\/tienda\\\/anticongelante-de-altas-prestaciones-twin-air-iceflow\\\/\",\"name\":\"ANTICONGELANTE DE ALTAS PRESTACIONES TWIN AIR ICEFLOW - Tienda de todotrial\",\"isPartOf\":{\"@id\":\"https:\\\/\\\/todotrial.com\\\/tienda\\\/#website\"},\"primaryImageOfPage\":{\"@id\":\"https:\\\/\\\/todotrial.com\\\/tienda\\\/anticongelante-de-altas-prestaciones-twin-air-iceflow\\\/#primaryimage\"},\"image\":{\"@id\":\"https:\\\/\\\/todotrial.com\\\/tienda\\\/anticongelante-de-altas-prestaciones-twin-air-iceflow\\\/#primaryimage\"},\"thumbnailUrl\":\"https:\\\/\\\/todotrial.com\\\/tienda\\\/wp-content\\\/uploads\\\/2020\\\/12\\\/5316-ANTICONGELANTE-DE-ALTAS-PRESTACIONES-TWIN-AIR-ICEFLOW-2.jpg\",\"datePublished\":\"2020-12-16T21:58:01+00:00\",\"dateModified\":\"2020-12-16T22:00:15+00:00\",\"breadcrumb\":{\"@id\":\"https:\\\/\\\/todotrial.com\\\/tienda\\\/anticongelante-de-altas-prestaciones-twin-air-iceflow\\\/#breadcrumb\"},\"inLanguage\":\"es\",\"potentialAction\":[{\"@type\":\"ReadAction\",\"target\":[\"https:\\\/\\\/todotrial.com\\\/tienda\\\/anticongelante-de-altas-prestaciones-twin-air-iceflow\\\/\"]}]},{\"@type\":\"ImageObject\",\"inLanguage\":\"es\",\"@id\":\"https:\\\/\\\/todotrial.com\\\/tienda\\\/anticongelante-de-altas-prestaciones-twin-air-iceflow\\\/#primaryimage\",\"url\":\"https:\\\/\\\/todotrial.com\\\/tienda\\\/wp-content\\\/uploads\\\/2020\\\/12\\\/5316-ANTICONGELANTE-DE-ALTAS-PRESTACIONES-TWIN-AIR-ICEFLOW-2.jpg\",\"contentUrl\":\"https:\\\/\\\/todotrial.com\\\/tienda\\\/wp-content\\\/uploads\\\/2020\\\/12\\\/5316-ANTICONGELANTE-DE-ALTAS-PRESTACIONES-TWIN-AIR-ICEFLOW-2.jpg\",\"width\":800,\"height\":800},{\"@type\":\"BreadcrumbList\",\"@id\":\"https:\\\/\\\/todotrial.com\\\/tienda\\\/anticongelante-de-altas-prestaciones-twin-air-iceflow\\\/#breadcrumb\",\"itemListElement\":[{\"@type\":\"ListItem\",\"position\":1,\"name\":\"Portada\",\"item\":\"https:\\\/\\\/todotrial.com\\\/tienda\\\/\"},{\"@type\":\"ListItem\",\"position\":2,\"name\":\"Shop\",\"item\":\"https:\\\/\\\/todotrial.com\\\/tienda\\\/shop\\\/\"},{\"@type\":\"ListItem\",\"position\":3,\"name\":\"ANTICONGELANTE DE ALTAS PRESTACIONES TWIN AIR ICEFLOW\"}]},{\"@type\":\"WebSite\",\"@id\":\"https:\\\/\\\/todotrial.com\\\/tienda\\\/#website\",\"url\":\"https:\\\/\\\/todotrial.com\\\/tienda\\\/\",\"name\":\"Tienda de todotrial\",\"description\":\"\",\"potentialAction\":[{\"@type\":\"SearchAction\",\"target\":{\"@type\":\"EntryPoint\",\"urlTemplate\":\"https:\\\/\\\/todotrial.com\\\/tienda\\\/?s={search_term_string}\"},\"query-input\":{\"@type\":\"PropertyValueSpecification\",\"valueRequired\":true,\"valueName\":\"search_term_string\"}}],\"inLanguage\":\"es\"}]}<\/script>\n<!-- \/ Yoast SEO Premium plugin. -->","yoast_head_json":{"title":"ANTICONGELANTE DE ALTAS PRESTACIONES TWIN AIR ICEFLOW - Tienda de todotrial","robots":{"index":"index","follow":"follow","max-snippet":"max-snippet:-1","max-image-preview":"max-image-preview:large","max-video-preview":"max-video-preview:-1"},"canonical":"https:\/\/todotrial.com\/tienda\/anticongelante-de-altas-prestaciones-twin-air-iceflow\/","og_locale":"es_ES","og_type":"article","og_title":"ANTICONGELANTE DE ALTAS PRESTACIONES TWIN AIR ICEFLOW","og_description":"Biodegradable Volumen: 2.2 litros","og_url":"https:\/\/todotrial.com\/tienda\/anticongelante-de-altas-prestaciones-twin-air-iceflow\/","og_site_name":"Tienda de todotrial","article_modified_time":"2020-12-16T22:00:15+00:00","og_image":[{"width":800,"height":800,"url":"https:\/\/todotrial.com\/tienda\/wp-content\/uploads\/2020\/12\/5316-ANTICONGELANTE-DE-ALTAS-PRESTACIONES-TWIN-AIR-ICEFLOW-2.jpg","type":"image\/jpeg"}],"twitter_card":"summary_large_image","twitter_misc":{"Tiempo de lectura":"1 minuto"},"schema":{"@context":"https:\/\/schema.org","@graph":[{"@type":"WebPage","@id":"https:\/\/todotrial.com\/tienda\/anticongelante-de-altas-prestaciones-twin-air-iceflow\/","url":"https:\/\/todotrial.com\/tienda\/anticongelante-de-altas-prestaciones-twin-air-iceflow\/","name":"ANTICONGELANTE DE ALTAS PRESTACIONES TWIN AIR ICEFLOW - Tienda de todotrial","isPartOf":{"@id":"https:\/\/todotrial.com\/tienda\/#website"},"primaryImageOfPage":{"@id":"https:\/\/todotrial.com\/tienda\/anticongelante-de-altas-prestaciones-twin-air-iceflow\/#primaryimage"},"image":{"@id":"https:\/\/todotrial.com\/tienda\/anticongelante-de-altas-prestaciones-twin-air-iceflow\/#primaryimage"},"thumbnailUrl":"https:\/\/todotrial.com\/tienda\/wp-content\/uploads\/2020\/12\/5316-ANTICONGELANTE-DE-ALTAS-PRESTACIONES-TWIN-AIR-ICEFLOW-2.jpg","datePublished":"2020-12-16T21:58:01+00:00","dateModified":"2020-12-16T22:00:15+00:00","breadcrumb":{"@id":"https:\/\/todotrial.com\/tienda\/anticongelante-de-altas-prestaciones-twin-air-iceflow\/#breadcrumb"},"inLanguage":"es","potentialAction":[{"@type":"ReadAction","target":["https:\/\/todotrial.com\/tienda\/anticongelante-de-altas-prestaciones-twin-air-iceflow\/"]}]},{"@type":"ImageObject","inLanguage":"es","@id":"https:\/\/todotrial.com\/tienda\/anticongelante-de-altas-prestaciones-twin-air-iceflow\/#primaryimage","url":"https:\/\/todotrial.com\/tienda\/wp-content\/uploads\/2020\/12\/5316-ANTICONGELANTE-DE-ALTAS-PRESTACIONES-TWIN-AIR-ICEFLOW-2.jpg","contentUrl":"https:\/\/todotrial.com\/tienda\/wp-content\/uploads\/2020\/12\/5316-ANTICONGELANTE-DE-ALTAS-PRESTACIONES-TWIN-AIR-ICEFLOW-2.jpg","width":800,"height":800},{"@type":"BreadcrumbList","@id":"https:\/\/todotrial.com\/tienda\/anticongelante-de-altas-prestaciones-twin-air-iceflow\/#breadcrumb","itemListElement":[{"@type":"ListItem","position":1,"name":"Portada","item":"https:\/\/todotrial.com\/tienda\/"},{"@type":"ListItem","position":2,"name":"Shop","item":"https:\/\/todotrial.com\/tienda\/shop\/"},{"@type":"ListItem","position":3,"name":"ANTICONGELANTE DE ALTAS PRESTACIONES TWIN AIR ICEFLOW"}]},{"@type":"WebSite","@id":"https:\/\/todotrial.com\/tienda\/#website","url":"https:\/\/todotrial.com\/tienda\/","name":"Tienda de todotrial","description":"","potentialAction":[{"@type":"SearchAction","target":{"@type":"EntryPoint","urlTemplate":"https:\/\/todotrial.com\/tienda\/?s={search_term_string}"},"query-input":{"@type":"PropertyValueSpecification","valueRequired":true,"valueName":"search_term_string"}}],"inLanguage":"es"}]}},"_links":{"self":[{"href":"https:\/\/todotrial.com\/tienda\/wp-json\/wp\/v2\/product\/36924","targetHints":{"allow":["GET"]}}],"collection":[{"href":"https:\/\/todotrial.com\/tienda\/wp-json\/wp\/v2\/product"}],"about":[{"href":"https:\/\/todotrial.com\/tienda\/wp-json\/wp\/v2\/types\/product"}],"replies":[{"embeddable":true,"href":"https:\/\/todotrial.com\/tienda\/wp-json\/wp\/v2\/comments?post=36924"}],"version-history":[{"count":0,"href":"https:\/\/todotrial.com\/tienda\/wp-json\/wp\/v2\/product\/36924\/revisions"}],"wp:featuredmedia":[{"embeddable":true,"href":"https:\/\/todotrial.com\/tienda\/wp-json\/wp\/v2\/media\/37006"}],"wp:attachment":[{"href":"https:\/\/todotrial.com\/tienda\/wp-json\/wp\/v2\/media?parent=36924"}],"wp:term":[{"taxonomy":"product_brand","embeddable":true,"href":"https:\/\/todotrial.com\/tienda\/wp-json\/wp\/v2\/product_brand?post=36924"},{"taxonomy":"product_cat","embeddable":true,"href":"https:\/\/todotrial.com\/tienda\/wp-json\/wp\/v2\/product_cat?post=36924"},{"taxonomy":"product_tag","embeddable":true,"href":"https:\/\/todotrial.com\/tienda\/wp-json\/wp\/v2\/product_tag?post=36924"}],"curies":[{"name":"wp","href":"https:\/\/api.w.org\/{rel}","templated":true}]}}