{"id":36853,"date":"2020-12-16T22:56:11","date_gmt":"2020-12-16T21:56:11","guid":{"rendered":"https:\/\/todotrial.com\/tienda\/product\/import-placeholder-for-8050\/"},"modified":"2020-12-16T22:57:53","modified_gmt":"2020-12-16T21:57:53","slug":"filtro-de-aire-vertigo-combat-vertical-17-20-twin-air","status":"publish","type":"product","link":"https:\/\/todotrial.com\/tienda\/filtro-de-aire-vertigo-combat-vertical-17-20-twin-air\/","title":{"rendered":"Filtro de Aire VERTIGO COMBAT-VERTICAL 17-20 TWIN AIR"},"content":{"rendered":"<p><strong>Filtro de aire TWIN AIR de alta calidad. Fabricado con 3 tipos de espumas de diferente densidad, ofrece una mayor entrada de aire y una m\u00e1xima retenci\u00f3n de polvo y suciedad. Prestaciones y protecci\u00f3n m\u00e1xima para el motor. Para VertigoCombat-Vertical trial (2017-2020).<\/strong><\/p>\n","protected":false},"excerpt":{"rendered":"<p><strong>Para: Vertigo Combat-Vertical trial (2017-2020)<\/strong><\/p>\n","protected":false},"featured_media":36918,"comment_status":"open","ping_status":"closed","template":"","meta":[],"product_brand":[],"product_cat":[11402,11384,11397,11385,11374],"product_tag":[],"class_list":{"0":"post-36853","1":"product","2":"type-product","3":"status-publish","4":"has-post-thumbnail","6":"product_cat-filtros-de-aire","7":"product_cat-moto","8":"product_cat-motor-piezas-moto","9":"product_cat-piezas-moto","10":"product_cat-raiz","12":"first","13":"instock","14":"taxable","15":"shipping-taxable","16":"purchasable","17":"product-type-simple"},"yoast_head":"<!-- This site is optimized with the Yoast SEO Premium plugin v21.2 (Yoast SEO v27.3) - https:\/\/yoast.com\/product\/yoast-seo-premium-wordpress\/ -->\n<title>Filtro de Aire VERTIGO COMBAT-VERTICAL 17-20 TWIN AIR - Tienda de todotrial<\/title>\n<meta name=\"robots\" content=\"index, follow, max-snippet:-1, max-image-preview:large, max-video-preview:-1\" \/>\n<link rel=\"canonical\" href=\"https:\/\/todotrial.com\/tienda\/filtro-de-aire-vertigo-combat-vertical-17-20-twin-air\/\" \/>\n<meta property=\"og:locale\" content=\"es_ES\" \/>\n<meta property=\"og:type\" content=\"article\" \/>\n<meta property=\"og:title\" content=\"Filtro de Aire VERTIGO COMBAT-VERTICAL 17-20 TWIN AIR\" \/>\n<meta property=\"og:description\" content=\"Para: Vertigo Combat-Vertical trial (2017-2020)\" \/>\n<meta property=\"og:url\" content=\"https:\/\/todotrial.com\/tienda\/filtro-de-aire-vertigo-combat-vertical-17-20-twin-air\/\" \/>\n<meta property=\"og:site_name\" content=\"Tienda de todotrial\" \/>\n<meta property=\"article:modified_time\" content=\"2020-12-16T21:57:53+00:00\" \/>\n<meta property=\"og:image\" content=\"https:\/\/todotrial.com\/tienda\/wp-content\/uploads\/2020\/12\/5214-Filtro-de-Aire-VERTIGO-COMBAT-VERTICAL-17-20-TWIN-AIR-1.jpg\" \/>\n\t<meta property=\"og:image:width\" content=\"600\" \/>\n\t<meta property=\"og:image:height\" content=\"600\" \/>\n\t<meta property=\"og:image:type\" content=\"image\/jpeg\" \/>\n<meta name=\"twitter:card\" content=\"summary_large_image\" \/>\n<script type=\"application\/ld+json\" class=\"yoast-schema-graph\">{\"@context\":\"https:\\\/\\\/schema.org\",\"@graph\":[{\"@type\":\"WebPage\",\"@id\":\"https:\\\/\\\/todotrial.com\\\/tienda\\\/filtro-de-aire-vertigo-combat-vertical-17-20-twin-air\\\/\",\"url\":\"https:\\\/\\\/todotrial.com\\\/tienda\\\/filtro-de-aire-vertigo-combat-vertical-17-20-twin-air\\\/\",\"name\":\"Filtro de Aire VERTIGO COMBAT-VERTICAL 17-20 TWIN AIR - Tienda de todotrial\",\"isPartOf\":{\"@id\":\"https:\\\/\\\/todotrial.com\\\/tienda\\\/#website\"},\"primaryImageOfPage\":{\"@id\":\"https:\\\/\\\/todotrial.com\\\/tienda\\\/filtro-de-aire-vertigo-combat-vertical-17-20-twin-air\\\/#primaryimage\"},\"image\":{\"@id\":\"https:\\\/\\\/todotrial.com\\\/tienda\\\/filtro-de-aire-vertigo-combat-vertical-17-20-twin-air\\\/#primaryimage\"},\"thumbnailUrl\":\"https:\\\/\\\/todotrial.com\\\/tienda\\\/wp-content\\\/uploads\\\/2020\\\/12\\\/5214-Filtro-de-Aire-VERTIGO-COMBAT-VERTICAL-17-20-TWIN-AIR-1.jpg\",\"datePublished\":\"2020-12-16T21:56:11+00:00\",\"dateModified\":\"2020-12-16T21:57:53+00:00\",\"breadcrumb\":{\"@id\":\"https:\\\/\\\/todotrial.com\\\/tienda\\\/filtro-de-aire-vertigo-combat-vertical-17-20-twin-air\\\/#breadcrumb\"},\"inLanguage\":\"es\",\"potentialAction\":[{\"@type\":\"ReadAction\",\"target\":[\"https:\\\/\\\/todotrial.com\\\/tienda\\\/filtro-de-aire-vertigo-combat-vertical-17-20-twin-air\\\/\"]}]},{\"@type\":\"ImageObject\",\"inLanguage\":\"es\",\"@id\":\"https:\\\/\\\/todotrial.com\\\/tienda\\\/filtro-de-aire-vertigo-combat-vertical-17-20-twin-air\\\/#primaryimage\",\"url\":\"https:\\\/\\\/todotrial.com\\\/tienda\\\/wp-content\\\/uploads\\\/2020\\\/12\\\/5214-Filtro-de-Aire-VERTIGO-COMBAT-VERTICAL-17-20-TWIN-AIR-1.jpg\",\"contentUrl\":\"https:\\\/\\\/todotrial.com\\\/tienda\\\/wp-content\\\/uploads\\\/2020\\\/12\\\/5214-Filtro-de-Aire-VERTIGO-COMBAT-VERTICAL-17-20-TWIN-AIR-1.jpg\",\"width\":600,\"height\":600},{\"@type\":\"BreadcrumbList\",\"@id\":\"https:\\\/\\\/todotrial.com\\\/tienda\\\/filtro-de-aire-vertigo-combat-vertical-17-20-twin-air\\\/#breadcrumb\",\"itemListElement\":[{\"@type\":\"ListItem\",\"position\":1,\"name\":\"Portada\",\"item\":\"https:\\\/\\\/todotrial.com\\\/tienda\\\/\"},{\"@type\":\"ListItem\",\"position\":2,\"name\":\"Shop\",\"item\":\"https:\\\/\\\/todotrial.com\\\/tienda\\\/shop\\\/\"},{\"@type\":\"ListItem\",\"position\":3,\"name\":\"Filtro de Aire VERTIGO COMBAT-VERTICAL 17-20 TWIN AIR\"}]},{\"@type\":\"WebSite\",\"@id\":\"https:\\\/\\\/todotrial.com\\\/tienda\\\/#website\",\"url\":\"https:\\\/\\\/todotrial.com\\\/tienda\\\/\",\"name\":\"Tienda de todotrial\",\"description\":\"\",\"potentialAction\":[{\"@type\":\"SearchAction\",\"target\":{\"@type\":\"EntryPoint\",\"urlTemplate\":\"https:\\\/\\\/todotrial.com\\\/tienda\\\/?s={search_term_string}\"},\"query-input\":{\"@type\":\"PropertyValueSpecification\",\"valueRequired\":true,\"valueName\":\"search_term_string\"}}],\"inLanguage\":\"es\"}]}<\/script>\n<!-- \/ Yoast SEO Premium plugin. -->","yoast_head_json":{"title":"Filtro de Aire VERTIGO COMBAT-VERTICAL 17-20 TWIN AIR - Tienda de todotrial","robots":{"index":"index","follow":"follow","max-snippet":"max-snippet:-1","max-image-preview":"max-image-preview:large","max-video-preview":"max-video-preview:-1"},"canonical":"https:\/\/todotrial.com\/tienda\/filtro-de-aire-vertigo-combat-vertical-17-20-twin-air\/","og_locale":"es_ES","og_type":"article","og_title":"Filtro de Aire VERTIGO COMBAT-VERTICAL 17-20 TWIN AIR","og_description":"Para: Vertigo Combat-Vertical trial (2017-2020)","og_url":"https:\/\/todotrial.com\/tienda\/filtro-de-aire-vertigo-combat-vertical-17-20-twin-air\/","og_site_name":"Tienda de todotrial","article_modified_time":"2020-12-16T21:57:53+00:00","og_image":[{"width":600,"height":600,"url":"https:\/\/todotrial.com\/tienda\/wp-content\/uploads\/2020\/12\/5214-Filtro-de-Aire-VERTIGO-COMBAT-VERTICAL-17-20-TWIN-AIR-1.jpg","type":"image\/jpeg"}],"twitter_card":"summary_large_image","schema":{"@context":"https:\/\/schema.org","@graph":[{"@type":"WebPage","@id":"https:\/\/todotrial.com\/tienda\/filtro-de-aire-vertigo-combat-vertical-17-20-twin-air\/","url":"https:\/\/todotrial.com\/tienda\/filtro-de-aire-vertigo-combat-vertical-17-20-twin-air\/","name":"Filtro de Aire VERTIGO COMBAT-VERTICAL 17-20 TWIN AIR - Tienda de todotrial","isPartOf":{"@id":"https:\/\/todotrial.com\/tienda\/#website"},"primaryImageOfPage":{"@id":"https:\/\/todotrial.com\/tienda\/filtro-de-aire-vertigo-combat-vertical-17-20-twin-air\/#primaryimage"},"image":{"@id":"https:\/\/todotrial.com\/tienda\/filtro-de-aire-vertigo-combat-vertical-17-20-twin-air\/#primaryimage"},"thumbnailUrl":"https:\/\/todotrial.com\/tienda\/wp-content\/uploads\/2020\/12\/5214-Filtro-de-Aire-VERTIGO-COMBAT-VERTICAL-17-20-TWIN-AIR-1.jpg","datePublished":"2020-12-16T21:56:11+00:00","dateModified":"2020-12-16T21:57:53+00:00","breadcrumb":{"@id":"https:\/\/todotrial.com\/tienda\/filtro-de-aire-vertigo-combat-vertical-17-20-twin-air\/#breadcrumb"},"inLanguage":"es","potentialAction":[{"@type":"ReadAction","target":["https:\/\/todotrial.com\/tienda\/filtro-de-aire-vertigo-combat-vertical-17-20-twin-air\/"]}]},{"@type":"ImageObject","inLanguage":"es","@id":"https:\/\/todotrial.com\/tienda\/filtro-de-aire-vertigo-combat-vertical-17-20-twin-air\/#primaryimage","url":"https:\/\/todotrial.com\/tienda\/wp-content\/uploads\/2020\/12\/5214-Filtro-de-Aire-VERTIGO-COMBAT-VERTICAL-17-20-TWIN-AIR-1.jpg","contentUrl":"https:\/\/todotrial.com\/tienda\/wp-content\/uploads\/2020\/12\/5214-Filtro-de-Aire-VERTIGO-COMBAT-VERTICAL-17-20-TWIN-AIR-1.jpg","width":600,"height":600},{"@type":"BreadcrumbList","@id":"https:\/\/todotrial.com\/tienda\/filtro-de-aire-vertigo-combat-vertical-17-20-twin-air\/#breadcrumb","itemListElement":[{"@type":"ListItem","position":1,"name":"Portada","item":"https:\/\/todotrial.com\/tienda\/"},{"@type":"ListItem","position":2,"name":"Shop","item":"https:\/\/todotrial.com\/tienda\/shop\/"},{"@type":"ListItem","position":3,"name":"Filtro de Aire VERTIGO COMBAT-VERTICAL 17-20 TWIN AIR"}]},{"@type":"WebSite","@id":"https:\/\/todotrial.com\/tienda\/#website","url":"https:\/\/todotrial.com\/tienda\/","name":"Tienda de todotrial","description":"","potentialAction":[{"@type":"SearchAction","target":{"@type":"EntryPoint","urlTemplate":"https:\/\/todotrial.com\/tienda\/?s={search_term_string}"},"query-input":{"@type":"PropertyValueSpecification","valueRequired":true,"valueName":"search_term_string"}}],"inLanguage":"es"}]}},"_links":{"self":[{"href":"https:\/\/todotrial.com\/tienda\/wp-json\/wp\/v2\/product\/36853","targetHints":{"allow":["GET"]}}],"collection":[{"href":"https:\/\/todotrial.com\/tienda\/wp-json\/wp\/v2\/product"}],"about":[{"href":"https:\/\/todotrial.com\/tienda\/wp-json\/wp\/v2\/types\/product"}],"replies":[{"embeddable":true,"href":"https:\/\/todotrial.com\/tienda\/wp-json\/wp\/v2\/comments?post=36853"}],"version-history":[{"count":0,"href":"https:\/\/todotrial.com\/tienda\/wp-json\/wp\/v2\/product\/36853\/revisions"}],"wp:featuredmedia":[{"embeddable":true,"href":"https:\/\/todotrial.com\/tienda\/wp-json\/wp\/v2\/media\/36918"}],"wp:attachment":[{"href":"https:\/\/todotrial.com\/tienda\/wp-json\/wp\/v2\/media?parent=36853"}],"wp:term":[{"taxonomy":"product_brand","embeddable":true,"href":"https:\/\/todotrial.com\/tienda\/wp-json\/wp\/v2\/product_brand?post=36853"},{"taxonomy":"product_cat","embeddable":true,"href":"https:\/\/todotrial.com\/tienda\/wp-json\/wp\/v2\/product_cat?post=36853"},{"taxonomy":"product_tag","embeddable":true,"href":"https:\/\/todotrial.com\/tienda\/wp-json\/wp\/v2\/product_tag?post=36853"}],"curies":[{"name":"wp","href":"https:\/\/api.w.org\/{rel}","templated":true}]}}