{"id":36749,"date":"2020-12-16T22:52:17","date_gmt":"2020-12-16T21:52:17","guid":{"rendered":"https:\/\/todotrial.com\/tienda\/product\/import-placeholder-for-7976\/"},"modified":"2022-01-28T12:42:22","modified_gmt":"2022-01-28T11:42:22","slug":"tapa-bomba-de-embrague-grimeca","status":"publish","type":"product","link":"https:\/\/todotrial.com\/tienda\/tapa-bomba-de-embrague-grimeca\/","title":{"rendered":"Tapa Bomba de Embrague GRIMECA"},"content":{"rendered":"<p><strong>Descripci\u00f3n<\/strong><\/p>\n<ul style=\"list-style-type:disc;\">\n<li>Tapa superior para bomba de embrague Grimeca con dise\u00f1o exclusivo COMAS.<\/li>\n<li>Fabricados en una sola pieza por CNC en aluminio ultraligero 7005-T6.<\/li>\n<li>F\u00e1cil de instalar con llave del Allen N4.<\/li>\n<li>Incorpora perforaci\u00f3n eliminar exceso de l\u00edquido del dep\u00f3sito.<\/li>\n<li>Compatible para bombas de embrague Grimeca.<\/li>\n<\/ul>\n<p><strong>Material<\/strong><\/p>\n<ul style=\"list-style-type:disc;\">\n<li>Aluminio mecanizado 7005-T6<\/li>\n<\/ul>\n<p><strong>Acabado<\/strong><\/p>\n<ul style=\"list-style-type:disc;\">\n<li>Color Negro \u00f3 Rojo anodizado con logotipos COMAS grabados a l\u00e1ser.<\/li>\n<\/ul>\n<p><strong>Peso<\/strong><\/p>\n<ul style=\"list-style-type:disc;\">\n<li>8g<\/li>\n<\/ul>\n","protected":false},"excerpt":{"rendered":"<p><strong>Tapa superior para bomba de embrague con dise\u00f1o exclusivo COMAS.<\/strong><\/p>\n","protected":false},"featured_media":36830,"comment_status":"open","ping_status":"closed","template":"","meta":[],"product_brand":[],"product_cat":[11477,11399,11384,11385,11374],"product_tag":[],"class_list":{"0":"post-36749","1":"product","2":"type-product","3":"status-publish","4":"has-post-thumbnail","6":"product_cat-accesorios-de-bombas","7":"product_cat-hidraulica","8":"product_cat-moto","9":"product_cat-piezas-moto","10":"product_cat-raiz","11":"pa_color-negro","12":"pa_color-rojo","14":"first","15":"instock","16":"taxable","17":"shipping-taxable","18":"purchasable","19":"product-type-variable","20":"has-default-attributes"},"yoast_head":"<!-- This site is optimized with the Yoast SEO Premium plugin v21.2 (Yoast SEO v27.3) - https:\/\/yoast.com\/product\/yoast-seo-premium-wordpress\/ -->\n<title>Tapa Bomba de Embrague GRIMECA - Tienda de todotrial<\/title>\n<meta name=\"robots\" content=\"index, follow, max-snippet:-1, max-image-preview:large, max-video-preview:-1\" \/>\n<link rel=\"canonical\" href=\"https:\/\/todotrial.com\/tienda\/tapa-bomba-de-embrague-grimeca\/\" \/>\n<meta property=\"og:locale\" content=\"es_ES\" \/>\n<meta property=\"og:type\" content=\"article\" \/>\n<meta property=\"og:title\" content=\"Tapa Bomba de Embrague GRIMECA\" \/>\n<meta property=\"og:description\" content=\"Tapa superior para bomba de embrague con dise\u00f1o exclusivo COMAS.\" \/>\n<meta property=\"og:url\" content=\"https:\/\/todotrial.com\/tienda\/tapa-bomba-de-embrague-grimeca\/\" \/>\n<meta property=\"og:site_name\" content=\"Tienda de todotrial\" \/>\n<meta property=\"article:modified_time\" content=\"2022-01-28T11:42:22+00:00\" \/>\n<meta property=\"og:image\" content=\"https:\/\/todotrial.com\/tienda\/wp-content\/uploads\/2020\/12\/5132-Tapa-Bomba-de-Embrague-GRIMECA-2.png\" \/>\n\t<meta property=\"og:image:width\" content=\"800\" \/>\n\t<meta property=\"og:image:height\" content=\"800\" \/>\n\t<meta property=\"og:image:type\" content=\"image\/png\" \/>\n<meta name=\"twitter:card\" content=\"summary_large_image\" \/>\n<script type=\"application\/ld+json\" class=\"yoast-schema-graph\">{\"@context\":\"https:\\\/\\\/schema.org\",\"@graph\":[{\"@type\":\"WebPage\",\"@id\":\"https:\\\/\\\/todotrial.com\\\/tienda\\\/tapa-bomba-de-embrague-grimeca\\\/\",\"url\":\"https:\\\/\\\/todotrial.com\\\/tienda\\\/tapa-bomba-de-embrague-grimeca\\\/\",\"name\":\"Tapa Bomba de Embrague GRIMECA - Tienda de todotrial\",\"isPartOf\":{\"@id\":\"https:\\\/\\\/todotrial.com\\\/tienda\\\/#website\"},\"primaryImageOfPage\":{\"@id\":\"https:\\\/\\\/todotrial.com\\\/tienda\\\/tapa-bomba-de-embrague-grimeca\\\/#primaryimage\"},\"image\":{\"@id\":\"https:\\\/\\\/todotrial.com\\\/tienda\\\/tapa-bomba-de-embrague-grimeca\\\/#primaryimage\"},\"thumbnailUrl\":\"https:\\\/\\\/todotrial.com\\\/tienda\\\/wp-content\\\/uploads\\\/2020\\\/12\\\/5132-Tapa-Bomba-de-Embrague-GRIMECA-2.png\",\"datePublished\":\"2020-12-16T21:52:17+00:00\",\"dateModified\":\"2022-01-28T11:42:22+00:00\",\"breadcrumb\":{\"@id\":\"https:\\\/\\\/todotrial.com\\\/tienda\\\/tapa-bomba-de-embrague-grimeca\\\/#breadcrumb\"},\"inLanguage\":\"es\",\"potentialAction\":[{\"@type\":\"ReadAction\",\"target\":[\"https:\\\/\\\/todotrial.com\\\/tienda\\\/tapa-bomba-de-embrague-grimeca\\\/\"]}]},{\"@type\":\"ImageObject\",\"inLanguage\":\"es\",\"@id\":\"https:\\\/\\\/todotrial.com\\\/tienda\\\/tapa-bomba-de-embrague-grimeca\\\/#primaryimage\",\"url\":\"https:\\\/\\\/todotrial.com\\\/tienda\\\/wp-content\\\/uploads\\\/2020\\\/12\\\/5132-Tapa-Bomba-de-Embrague-GRIMECA-2.png\",\"contentUrl\":\"https:\\\/\\\/todotrial.com\\\/tienda\\\/wp-content\\\/uploads\\\/2020\\\/12\\\/5132-Tapa-Bomba-de-Embrague-GRIMECA-2.png\",\"width\":800,\"height\":800},{\"@type\":\"BreadcrumbList\",\"@id\":\"https:\\\/\\\/todotrial.com\\\/tienda\\\/tapa-bomba-de-embrague-grimeca\\\/#breadcrumb\",\"itemListElement\":[{\"@type\":\"ListItem\",\"position\":1,\"name\":\"Portada\",\"item\":\"https:\\\/\\\/todotrial.com\\\/tienda\\\/\"},{\"@type\":\"ListItem\",\"position\":2,\"name\":\"Shop\",\"item\":\"https:\\\/\\\/todotrial.com\\\/tienda\\\/shop\\\/\"},{\"@type\":\"ListItem\",\"position\":3,\"name\":\"Tapa Bomba de Embrague GRIMECA\"}]},{\"@type\":\"WebSite\",\"@id\":\"https:\\\/\\\/todotrial.com\\\/tienda\\\/#website\",\"url\":\"https:\\\/\\\/todotrial.com\\\/tienda\\\/\",\"name\":\"Tienda de todotrial\",\"description\":\"\",\"potentialAction\":[{\"@type\":\"SearchAction\",\"target\":{\"@type\":\"EntryPoint\",\"urlTemplate\":\"https:\\\/\\\/todotrial.com\\\/tienda\\\/?s={search_term_string}\"},\"query-input\":{\"@type\":\"PropertyValueSpecification\",\"valueRequired\":true,\"valueName\":\"search_term_string\"}}],\"inLanguage\":\"es\"}]}<\/script>\n<!-- \/ Yoast SEO Premium plugin. -->","yoast_head_json":{"title":"Tapa Bomba de Embrague GRIMECA - Tienda de todotrial","robots":{"index":"index","follow":"follow","max-snippet":"max-snippet:-1","max-image-preview":"max-image-preview:large","max-video-preview":"max-video-preview:-1"},"canonical":"https:\/\/todotrial.com\/tienda\/tapa-bomba-de-embrague-grimeca\/","og_locale":"es_ES","og_type":"article","og_title":"Tapa Bomba de Embrague GRIMECA","og_description":"Tapa superior para bomba de embrague con dise\u00f1o exclusivo COMAS.","og_url":"https:\/\/todotrial.com\/tienda\/tapa-bomba-de-embrague-grimeca\/","og_site_name":"Tienda de todotrial","article_modified_time":"2022-01-28T11:42:22+00:00","og_image":[{"width":800,"height":800,"url":"https:\/\/todotrial.com\/tienda\/wp-content\/uploads\/2020\/12\/5132-Tapa-Bomba-de-Embrague-GRIMECA-2.png","type":"image\/png"}],"twitter_card":"summary_large_image","schema":{"@context":"https:\/\/schema.org","@graph":[{"@type":"WebPage","@id":"https:\/\/todotrial.com\/tienda\/tapa-bomba-de-embrague-grimeca\/","url":"https:\/\/todotrial.com\/tienda\/tapa-bomba-de-embrague-grimeca\/","name":"Tapa Bomba de Embrague GRIMECA - Tienda de todotrial","isPartOf":{"@id":"https:\/\/todotrial.com\/tienda\/#website"},"primaryImageOfPage":{"@id":"https:\/\/todotrial.com\/tienda\/tapa-bomba-de-embrague-grimeca\/#primaryimage"},"image":{"@id":"https:\/\/todotrial.com\/tienda\/tapa-bomba-de-embrague-grimeca\/#primaryimage"},"thumbnailUrl":"https:\/\/todotrial.com\/tienda\/wp-content\/uploads\/2020\/12\/5132-Tapa-Bomba-de-Embrague-GRIMECA-2.png","datePublished":"2020-12-16T21:52:17+00:00","dateModified":"2022-01-28T11:42:22+00:00","breadcrumb":{"@id":"https:\/\/todotrial.com\/tienda\/tapa-bomba-de-embrague-grimeca\/#breadcrumb"},"inLanguage":"es","potentialAction":[{"@type":"ReadAction","target":["https:\/\/todotrial.com\/tienda\/tapa-bomba-de-embrague-grimeca\/"]}]},{"@type":"ImageObject","inLanguage":"es","@id":"https:\/\/todotrial.com\/tienda\/tapa-bomba-de-embrague-grimeca\/#primaryimage","url":"https:\/\/todotrial.com\/tienda\/wp-content\/uploads\/2020\/12\/5132-Tapa-Bomba-de-Embrague-GRIMECA-2.png","contentUrl":"https:\/\/todotrial.com\/tienda\/wp-content\/uploads\/2020\/12\/5132-Tapa-Bomba-de-Embrague-GRIMECA-2.png","width":800,"height":800},{"@type":"BreadcrumbList","@id":"https:\/\/todotrial.com\/tienda\/tapa-bomba-de-embrague-grimeca\/#breadcrumb","itemListElement":[{"@type":"ListItem","position":1,"name":"Portada","item":"https:\/\/todotrial.com\/tienda\/"},{"@type":"ListItem","position":2,"name":"Shop","item":"https:\/\/todotrial.com\/tienda\/shop\/"},{"@type":"ListItem","position":3,"name":"Tapa Bomba de Embrague GRIMECA"}]},{"@type":"WebSite","@id":"https:\/\/todotrial.com\/tienda\/#website","url":"https:\/\/todotrial.com\/tienda\/","name":"Tienda de todotrial","description":"","potentialAction":[{"@type":"SearchAction","target":{"@type":"EntryPoint","urlTemplate":"https:\/\/todotrial.com\/tienda\/?s={search_term_string}"},"query-input":{"@type":"PropertyValueSpecification","valueRequired":true,"valueName":"search_term_string"}}],"inLanguage":"es"}]}},"_links":{"self":[{"href":"https:\/\/todotrial.com\/tienda\/wp-json\/wp\/v2\/product\/36749","targetHints":{"allow":["GET"]}}],"collection":[{"href":"https:\/\/todotrial.com\/tienda\/wp-json\/wp\/v2\/product"}],"about":[{"href":"https:\/\/todotrial.com\/tienda\/wp-json\/wp\/v2\/types\/product"}],"replies":[{"embeddable":true,"href":"https:\/\/todotrial.com\/tienda\/wp-json\/wp\/v2\/comments?post=36749"}],"version-history":[{"count":0,"href":"https:\/\/todotrial.com\/tienda\/wp-json\/wp\/v2\/product\/36749\/revisions"}],"wp:featuredmedia":[{"embeddable":true,"href":"https:\/\/todotrial.com\/tienda\/wp-json\/wp\/v2\/media\/36830"}],"wp:attachment":[{"href":"https:\/\/todotrial.com\/tienda\/wp-json\/wp\/v2\/media?parent=36749"}],"wp:term":[{"taxonomy":"product_brand","embeddable":true,"href":"https:\/\/todotrial.com\/tienda\/wp-json\/wp\/v2\/product_brand?post=36749"},{"taxonomy":"product_cat","embeddable":true,"href":"https:\/\/todotrial.com\/tienda\/wp-json\/wp\/v2\/product_cat?post=36749"},{"taxonomy":"product_tag","embeddable":true,"href":"https:\/\/todotrial.com\/tienda\/wp-json\/wp\/v2\/product_tag?post=36749"}],"curies":[{"name":"wp","href":"https:\/\/api.w.org\/{rel}","templated":true}]}}