{"id":36695,"date":"2020-12-16T22:50:43","date_gmt":"2020-12-16T21:50:43","guid":{"rendered":"https:\/\/todotrial.com\/tienda\/product\/import-placeholder-for-7931\/"},"modified":"2023-03-09T14:47:59","modified_gmt":"2023-03-09T13:47:59","slug":"pinon-de-trial-montesa-cota-349-310-311-89-93","status":"publish","type":"product","link":"https:\/\/todotrial.com\/tienda\/pinon-de-trial-montesa-cota-349-310-311-89-93\/","title":{"rendered":"Pi\u00f1on de trial Montesa Cota 349 310\/311 89-93"},"content":{"rendered":"<h3>Pi\u00f1\u00f3n para moto de trial Montesa Cota <strong>349 310\/311 89-93<\/strong><\/h3>\n<ul style=\"list-style-type: disc;\">\n<li>Pi\u00f1\u00f3n de transmisi\u00f3n para Montesa Cota de trial.<\/li>\n<li>Disponible en 10 dientes.<\/li>\n<li>Pi\u00f1\u00f3n de acero de calidad superior para una fuerza extrema y resistencia al desgaste.<\/li>\n<li>Fabricado con acero endurecido<\/li>\n<\/ul>\n","protected":false},"excerpt":{"rendered":"<p><strong>Pi\u00f1\u00f3n de moto de trial para Montesa Cota 349 310\/311 89-93<br \/>\n<\/strong><\/p>\n<p><strong>Talla: 10 dientes<\/strong><\/p>\n","protected":false},"featured_media":36781,"comment_status":"open","ping_status":"closed","template":"","meta":[],"product_brand":[],"product_cat":[11464,11384,11385,11541,11374,11435,11465],"product_tag":[],"class_list":{"0":"post-36695","1":"product","2":"type-product","3":"status-publish","4":"has-post-thumbnail","6":"product_cat-clasicas-nowtrial","7":"product_cat-moto","8":"product_cat-piezas-moto","9":"product_cat-pinones","10":"product_cat-raiz","11":"product_cat-transmision-piezas-moto","12":"product_cat-transmision-clasicas-nowtrial","14":"first","15":"instock","16":"taxable","17":"shipping-taxable","18":"purchasable","19":"product-type-simple"},"yoast_head":"<!-- This site is optimized with the Yoast SEO Premium plugin v21.2 (Yoast SEO v27.3) - https:\/\/yoast.com\/product\/yoast-seo-premium-wordpress\/ -->\n<title>Pi\u00f1on de trial Montesa Cota 349 310\/311 89-93 - Tienda de todotrial<\/title>\n<meta name=\"robots\" content=\"index, follow, max-snippet:-1, max-image-preview:large, max-video-preview:-1\" \/>\n<link rel=\"canonical\" href=\"https:\/\/todotrial.com\/tienda\/pinon-de-trial-montesa-cota-349-310-311-89-93\/\" \/>\n<meta property=\"og:locale\" content=\"es_ES\" \/>\n<meta property=\"og:type\" content=\"article\" \/>\n<meta property=\"og:title\" content=\"Pi\u00f1on de trial Montesa Cota 349 310\/311 89-93\" \/>\n<meta property=\"og:description\" content=\"Pi\u00f1\u00f3n de moto de trial para Montesa Cota 349 310\/311 89-93   Talla: 10 dientes\" \/>\n<meta property=\"og:url\" content=\"https:\/\/todotrial.com\/tienda\/pinon-de-trial-montesa-cota-349-310-311-89-93\/\" \/>\n<meta property=\"og:site_name\" content=\"Tienda de todotrial\" \/>\n<meta property=\"article:modified_time\" content=\"2023-03-09T13:47:59+00:00\" \/>\n<meta property=\"og:image\" content=\"https:\/\/todotrial.com\/tienda\/wp-content\/uploads\/2020\/12\/5097-Pinon-de-trial-Montesa-Cota-349-310311-89-93-1.jpg\" \/>\n\t<meta property=\"og:image:width\" content=\"600\" \/>\n\t<meta property=\"og:image:height\" content=\"600\" \/>\n\t<meta property=\"og:image:type\" content=\"image\/jpeg\" \/>\n<meta name=\"twitter:card\" content=\"summary_large_image\" \/>\n<meta name=\"twitter:label1\" content=\"Tiempo de lectura\" \/>\n\t<meta name=\"twitter:data1\" content=\"1 minuto\" \/>\n<script type=\"application\/ld+json\" class=\"yoast-schema-graph\">{\"@context\":\"https:\\\/\\\/schema.org\",\"@graph\":[{\"@type\":\"WebPage\",\"@id\":\"https:\\\/\\\/todotrial.com\\\/tienda\\\/pinon-de-trial-montesa-cota-349-310-311-89-93\\\/\",\"url\":\"https:\\\/\\\/todotrial.com\\\/tienda\\\/pinon-de-trial-montesa-cota-349-310-311-89-93\\\/\",\"name\":\"Pi\u00f1on de trial Montesa Cota 349 310\\\/311 89-93 - Tienda de todotrial\",\"isPartOf\":{\"@id\":\"https:\\\/\\\/todotrial.com\\\/tienda\\\/#website\"},\"primaryImageOfPage\":{\"@id\":\"https:\\\/\\\/todotrial.com\\\/tienda\\\/pinon-de-trial-montesa-cota-349-310-311-89-93\\\/#primaryimage\"},\"image\":{\"@id\":\"https:\\\/\\\/todotrial.com\\\/tienda\\\/pinon-de-trial-montesa-cota-349-310-311-89-93\\\/#primaryimage\"},\"thumbnailUrl\":\"https:\\\/\\\/todotrial.com\\\/tienda\\\/wp-content\\\/uploads\\\/2020\\\/12\\\/5097-Pinon-de-trial-Montesa-Cota-349-310311-89-93-1.jpg\",\"datePublished\":\"2020-12-16T21:50:43+00:00\",\"dateModified\":\"2023-03-09T13:47:59+00:00\",\"breadcrumb\":{\"@id\":\"https:\\\/\\\/todotrial.com\\\/tienda\\\/pinon-de-trial-montesa-cota-349-310-311-89-93\\\/#breadcrumb\"},\"inLanguage\":\"es\",\"potentialAction\":[{\"@type\":\"ReadAction\",\"target\":[\"https:\\\/\\\/todotrial.com\\\/tienda\\\/pinon-de-trial-montesa-cota-349-310-311-89-93\\\/\"]}]},{\"@type\":\"ImageObject\",\"inLanguage\":\"es\",\"@id\":\"https:\\\/\\\/todotrial.com\\\/tienda\\\/pinon-de-trial-montesa-cota-349-310-311-89-93\\\/#primaryimage\",\"url\":\"https:\\\/\\\/todotrial.com\\\/tienda\\\/wp-content\\\/uploads\\\/2020\\\/12\\\/5097-Pinon-de-trial-Montesa-Cota-349-310311-89-93-1.jpg\",\"contentUrl\":\"https:\\\/\\\/todotrial.com\\\/tienda\\\/wp-content\\\/uploads\\\/2020\\\/12\\\/5097-Pinon-de-trial-Montesa-Cota-349-310311-89-93-1.jpg\",\"width\":600,\"height\":600},{\"@type\":\"BreadcrumbList\",\"@id\":\"https:\\\/\\\/todotrial.com\\\/tienda\\\/pinon-de-trial-montesa-cota-349-310-311-89-93\\\/#breadcrumb\",\"itemListElement\":[{\"@type\":\"ListItem\",\"position\":1,\"name\":\"Portada\",\"item\":\"https:\\\/\\\/todotrial.com\\\/tienda\\\/\"},{\"@type\":\"ListItem\",\"position\":2,\"name\":\"Shop\",\"item\":\"https:\\\/\\\/todotrial.com\\\/tienda\\\/shop\\\/\"},{\"@type\":\"ListItem\",\"position\":3,\"name\":\"Pi\u00f1on de trial Montesa Cota 349 310\\\/311 89-93\"}]},{\"@type\":\"WebSite\",\"@id\":\"https:\\\/\\\/todotrial.com\\\/tienda\\\/#website\",\"url\":\"https:\\\/\\\/todotrial.com\\\/tienda\\\/\",\"name\":\"Tienda de todotrial\",\"description\":\"\",\"potentialAction\":[{\"@type\":\"SearchAction\",\"target\":{\"@type\":\"EntryPoint\",\"urlTemplate\":\"https:\\\/\\\/todotrial.com\\\/tienda\\\/?s={search_term_string}\"},\"query-input\":{\"@type\":\"PropertyValueSpecification\",\"valueRequired\":true,\"valueName\":\"search_term_string\"}}],\"inLanguage\":\"es\"}]}<\/script>\n<!-- \/ Yoast SEO Premium plugin. -->","yoast_head_json":{"title":"Pi\u00f1on de trial Montesa Cota 349 310\/311 89-93 - Tienda de todotrial","robots":{"index":"index","follow":"follow","max-snippet":"max-snippet:-1","max-image-preview":"max-image-preview:large","max-video-preview":"max-video-preview:-1"},"canonical":"https:\/\/todotrial.com\/tienda\/pinon-de-trial-montesa-cota-349-310-311-89-93\/","og_locale":"es_ES","og_type":"article","og_title":"Pi\u00f1on de trial Montesa Cota 349 310\/311 89-93","og_description":"Pi\u00f1\u00f3n de moto de trial para Montesa Cota 349 310\/311 89-93   Talla: 10 dientes","og_url":"https:\/\/todotrial.com\/tienda\/pinon-de-trial-montesa-cota-349-310-311-89-93\/","og_site_name":"Tienda de todotrial","article_modified_time":"2023-03-09T13:47:59+00:00","og_image":[{"width":600,"height":600,"url":"https:\/\/todotrial.com\/tienda\/wp-content\/uploads\/2020\/12\/5097-Pinon-de-trial-Montesa-Cota-349-310311-89-93-1.jpg","type":"image\/jpeg"}],"twitter_card":"summary_large_image","twitter_misc":{"Tiempo de lectura":"1 minuto"},"schema":{"@context":"https:\/\/schema.org","@graph":[{"@type":"WebPage","@id":"https:\/\/todotrial.com\/tienda\/pinon-de-trial-montesa-cota-349-310-311-89-93\/","url":"https:\/\/todotrial.com\/tienda\/pinon-de-trial-montesa-cota-349-310-311-89-93\/","name":"Pi\u00f1on de trial Montesa Cota 349 310\/311 89-93 - Tienda de todotrial","isPartOf":{"@id":"https:\/\/todotrial.com\/tienda\/#website"},"primaryImageOfPage":{"@id":"https:\/\/todotrial.com\/tienda\/pinon-de-trial-montesa-cota-349-310-311-89-93\/#primaryimage"},"image":{"@id":"https:\/\/todotrial.com\/tienda\/pinon-de-trial-montesa-cota-349-310-311-89-93\/#primaryimage"},"thumbnailUrl":"https:\/\/todotrial.com\/tienda\/wp-content\/uploads\/2020\/12\/5097-Pinon-de-trial-Montesa-Cota-349-310311-89-93-1.jpg","datePublished":"2020-12-16T21:50:43+00:00","dateModified":"2023-03-09T13:47:59+00:00","breadcrumb":{"@id":"https:\/\/todotrial.com\/tienda\/pinon-de-trial-montesa-cota-349-310-311-89-93\/#breadcrumb"},"inLanguage":"es","potentialAction":[{"@type":"ReadAction","target":["https:\/\/todotrial.com\/tienda\/pinon-de-trial-montesa-cota-349-310-311-89-93\/"]}]},{"@type":"ImageObject","inLanguage":"es","@id":"https:\/\/todotrial.com\/tienda\/pinon-de-trial-montesa-cota-349-310-311-89-93\/#primaryimage","url":"https:\/\/todotrial.com\/tienda\/wp-content\/uploads\/2020\/12\/5097-Pinon-de-trial-Montesa-Cota-349-310311-89-93-1.jpg","contentUrl":"https:\/\/todotrial.com\/tienda\/wp-content\/uploads\/2020\/12\/5097-Pinon-de-trial-Montesa-Cota-349-310311-89-93-1.jpg","width":600,"height":600},{"@type":"BreadcrumbList","@id":"https:\/\/todotrial.com\/tienda\/pinon-de-trial-montesa-cota-349-310-311-89-93\/#breadcrumb","itemListElement":[{"@type":"ListItem","position":1,"name":"Portada","item":"https:\/\/todotrial.com\/tienda\/"},{"@type":"ListItem","position":2,"name":"Shop","item":"https:\/\/todotrial.com\/tienda\/shop\/"},{"@type":"ListItem","position":3,"name":"Pi\u00f1on de trial Montesa Cota 349 310\/311 89-93"}]},{"@type":"WebSite","@id":"https:\/\/todotrial.com\/tienda\/#website","url":"https:\/\/todotrial.com\/tienda\/","name":"Tienda de todotrial","description":"","potentialAction":[{"@type":"SearchAction","target":{"@type":"EntryPoint","urlTemplate":"https:\/\/todotrial.com\/tienda\/?s={search_term_string}"},"query-input":{"@type":"PropertyValueSpecification","valueRequired":true,"valueName":"search_term_string"}}],"inLanguage":"es"}]}},"_links":{"self":[{"href":"https:\/\/todotrial.com\/tienda\/wp-json\/wp\/v2\/product\/36695","targetHints":{"allow":["GET"]}}],"collection":[{"href":"https:\/\/todotrial.com\/tienda\/wp-json\/wp\/v2\/product"}],"about":[{"href":"https:\/\/todotrial.com\/tienda\/wp-json\/wp\/v2\/types\/product"}],"replies":[{"embeddable":true,"href":"https:\/\/todotrial.com\/tienda\/wp-json\/wp\/v2\/comments?post=36695"}],"version-history":[{"count":0,"href":"https:\/\/todotrial.com\/tienda\/wp-json\/wp\/v2\/product\/36695\/revisions"}],"wp:featuredmedia":[{"embeddable":true,"href":"https:\/\/todotrial.com\/tienda\/wp-json\/wp\/v2\/media\/36781"}],"wp:attachment":[{"href":"https:\/\/todotrial.com\/tienda\/wp-json\/wp\/v2\/media?parent=36695"}],"wp:term":[{"taxonomy":"product_brand","embeddable":true,"href":"https:\/\/todotrial.com\/tienda\/wp-json\/wp\/v2\/product_brand?post=36695"},{"taxonomy":"product_cat","embeddable":true,"href":"https:\/\/todotrial.com\/tienda\/wp-json\/wp\/v2\/product_cat?post=36695"},{"taxonomy":"product_tag","embeddable":true,"href":"https:\/\/todotrial.com\/tienda\/wp-json\/wp\/v2\/product_tag?post=36695"}],"curies":[{"name":"wp","href":"https:\/\/api.w.org\/{rel}","templated":true}]}}