{"id":36659,"date":"2020-12-16T22:49:21","date_gmt":"2020-12-16T21:49:21","guid":{"rendered":"https:\/\/todotrial.com\/tienda\/product\/import-placeholder-for-7903\/"},"modified":"2020-12-16T22:52:12","modified_gmt":"2020-12-16T21:52:12","slug":"bicicleta-de-trial-comas-1008r2-shimano","status":"publish","type":"product","link":"https:\/\/todotrial.com\/tienda\/bicicleta-de-trial-comas-1008r2-shimano\/","title":{"rendered":"Bicicleta de trial Comas 1008R2 Shimano"},"content":{"rendered":"<h2>Bici de trial Comas Trial 1008R2 Shimano<\/h2>\n<p>Desde Nowtrial te recomendamos que apuestes por Comas para darlo todo en el <strong>trialbike<\/strong>.<\/p>\n<h3>Cuadro<\/h3>\n<ul>\n<li>Fabricada en aluminio 6082-T6 de alta calidad y con tubos de espesor variable en toda su longitud.<\/li>\n<li>Tubo superior de secci\u00f3n triangular y tubo inferior con curva optimizada para evitar posibles colisiones.<\/li>\n<li>El tubo de pedalier aligerado se integra en una sola pieza mecanizada junto al refuerzo de uni\u00f3n con las vainas.<\/li>\n<li>Vainas oversized de secci\u00f3n rectangular que le otorgan una construcci\u00f3n robusta y fiable.<\/li>\n<li>Incorpora bridge de refuerzo transversal en los tirantes superiores .<\/li>\n<li>Punteras mecanizadas CNC en una sola pieza de alta precisi\u00f3n dise\u00f1adas para utilizar tensores tipo exc\u00e9ntrica.<\/li>\n<\/ul>\n<h3><strong>Horquilla<\/strong><\/h3>\n<ul>\n<li>Horquilla de trial de 20\u201d para freno de disco con tubo de direcci\u00f3n c\u00f3nico de 1-1\/8\u201d \/ 1.5&#8243;<\/li>\n<li>Fabricada en aluminio 6082-T6 con espesores optimizados para mejorar la resistencia.<\/li>\n<li>Brazos oversized que le otorgan una construcci\u00f3n robusta y fiable.<\/li>\n<li>Tubo de direcci\u00f3n mecanizado CNC en una sola pieza para optimizar la rigidez.<\/li>\n<li>Punteras mecanizadas en CNC de alta precisi\u00f3n<\/li>\n<li>Ancho entre punteras de 100mm compatible con la gran mayor\u00eda de bujes delanteros del mercado.<\/li>\n<\/ul>\n<h3><strong>Ruedas<\/strong><\/h3>\n<ul>\n<li>Buje delantero: Comas Ultraligero Disco 100mm 28 radios, eje roscado de 9mm.<\/li>\n<li>Buje trasero: Comas Ultraligero Disco 116mm 32 radios, eje roscado 10mm, Rosca 1.37x24T<\/li>\n<li>Tensor de cadena: Comas tipo exc\u00e9ntrica, 7075-T6, 49 posiciones<\/li>\n<li>Llanta delantera: Comas 20\u00bb, 28 agujeros, Perfil W, Ancho 32mm, Aligerada<\/li>\n<li>Llanta trasera: Comas 19\u201d, 32 agujeros, Perfil W, Ancho 47mm, Aligerada<\/li>\n<li>Radios: Comas Ultraligth 1.8mm<\/li>\n<li>Cabecillas de radios: Aluminio<\/li>\n<li>Neum\u00e1tico delantero: OBR Gekok 20\u201dx2.00<\/li>\n<li>Neum\u00e1tico trasero: OBR Gekok 19\u201dx2.60<\/li>\n<\/ul>\n<h3><strong><\/strong><\/h3>\n<h3><strong>Frenos<\/strong><\/h3>\n<ul>\n<li>Frenos: Shimano M315, hidr\u00e1ulico, Postmount<\/li>\n<li>Discos de freno: Comas Race 160mm<\/li>\n<li><strong>Transmisi\u00f3n<\/strong><\/li>\n<li>Bielas: Comas L160mm, offset 33mm, para pi\u00f1\u00f3n roscado<\/li>\n<li>Pedalier: ISIS, mecanizado en CrMo, Cazoletas de aluminio, L123mm<\/li>\n<li>Pi\u00f1\u00f3n libre: Comas 108.9, 18 dientes, color rojo<\/li>\n<li>Cadena: YBN s20, 1\/2&#215;3\/32\u201d<\/li>\n<li>Pi\u00f1\u00f3n fijo: Comas 12T roscado, 7075-T6, ancho 12mm<\/li>\n<li>Pedales: Pl\u00e1stico, 9\/16&#8243;<\/li>\n<li>Protector pi\u00f1\u00f3n: Comas Ultraligero tipo UCI (Ring)<\/li>\n<\/ul>\n<h3><strong>Direcci\u00f3n<\/strong><\/h3>\n<ul>\n<li>Direcci\u00f3n: Comas Semi-integrada Tapered 1-1\/8\u201d &#8211; 1.5\u201d<\/li>\n<li>Potencia: Comas de 150mm y 20\u00ba de inclinaci\u00f3n<\/li>\n<li>Pu\u00f1os: Comas de espuma extrafinos, 4mm espesor<\/li>\n<li>Manillar: Comas Aluminio 7075-T6, H115mm, L720mm<\/li>\n<\/ul>\n<h3><strong>Geometr\u00eda<\/strong><\/h3>\n<ul>\n<li>WD: 116mm<\/li>\n<li>BB: 68mm<\/li>\n<li>HT: 120mm<\/li>\n<li>FC: 1008mm<\/li>\n<li>RC: 350mm<\/li>\n<li>BH: +85mm<\/li>\n<li>HA: 72\u00ba<\/li>\n<li>OFF: 40mm<\/li>\n<\/ul>\n<h3><strong>Color<\/strong><\/h3>\n<ul>\n<li>Naranja brillante con gr\u00e1ficos COMAS en color negro.<\/li>\n<\/ul>\n<div><span>*NOTA: Las im\u00e1genes mostradas pueden no corresponder exactamente con los componentes especificados<\/span><\/div>\n","protected":false},"excerpt":{"rendered":"<p><strong>Bici\u00a0de trial de 20\u201d con dise\u00f1o y geometr\u00eda exclusiva + frenos Shimano<\/strong><\/p>\n","protected":false},"featured_media":36741,"comment_status":"open","ping_status":"closed","template":"","meta":[],"product_brand":[],"product_cat":[11408,11375,11482,11374],"product_tag":[],"class_list":{"0":"post-36659","1":"product","2":"type-product","3":"status-publish","4":"has-post-thumbnail","6":"product_cat-bici-de-trial","7":"product_cat-bici-trial","8":"product_cat-bicis-20","9":"product_cat-raiz","11":"first","12":"instock","13":"taxable","14":"shipping-taxable","15":"purchasable","16":"product-type-simple"},"yoast_head":"<!-- This site is optimized with the Yoast SEO Premium plugin v21.2 (Yoast SEO v27.4) - https:\/\/yoast.com\/product\/yoast-seo-premium-wordpress\/ -->\n<title>Bicicleta de trial Comas 1008R2 Shimano - Tienda de todotrial<\/title>\n<meta name=\"robots\" content=\"index, follow, max-snippet:-1, max-image-preview:large, max-video-preview:-1\" \/>\n<link rel=\"canonical\" href=\"https:\/\/todotrial.com\/tienda\/bicicleta-de-trial-comas-1008r2-shimano\/\" \/>\n<meta property=\"og:locale\" content=\"es_ES\" \/>\n<meta property=\"og:type\" content=\"article\" \/>\n<meta property=\"og:title\" content=\"Bicicleta de trial Comas 1008R2 Shimano\" \/>\n<meta property=\"og:description\" content=\"Bici\u00a0de trial de 20\u201d con dise\u00f1o y geometr\u00eda exclusiva + frenos Shimano\" \/>\n<meta property=\"og:url\" content=\"https:\/\/todotrial.com\/tienda\/bicicleta-de-trial-comas-1008r2-shimano\/\" \/>\n<meta property=\"og:site_name\" content=\"Tienda de todotrial\" \/>\n<meta property=\"article:modified_time\" content=\"2020-12-16T21:52:12+00:00\" \/>\n<meta property=\"og:image\" content=\"https:\/\/todotrial.com\/tienda\/wp-content\/uploads\/2020\/12\/5067-Bicicleta-de-trial-Comas-1008R2-Shimano-1.png\" \/>\n\t<meta property=\"og:image:width\" content=\"800\" \/>\n\t<meta property=\"og:image:height\" content=\"800\" \/>\n\t<meta property=\"og:image:type\" content=\"image\/png\" \/>\n<meta name=\"twitter:card\" content=\"summary_large_image\" \/>\n<meta name=\"twitter:label1\" content=\"Tiempo de lectura\" \/>\n\t<meta name=\"twitter:data1\" content=\"2 minutos\" \/>\n<script type=\"application\/ld+json\" class=\"yoast-schema-graph\">{\"@context\":\"https:\\\/\\\/schema.org\",\"@graph\":[{\"@type\":\"WebPage\",\"@id\":\"https:\\\/\\\/todotrial.com\\\/tienda\\\/bicicleta-de-trial-comas-1008r2-shimano\\\/\",\"url\":\"https:\\\/\\\/todotrial.com\\\/tienda\\\/bicicleta-de-trial-comas-1008r2-shimano\\\/\",\"name\":\"Bicicleta de trial Comas 1008R2 Shimano - Tienda de todotrial\",\"isPartOf\":{\"@id\":\"https:\\\/\\\/todotrial.com\\\/tienda\\\/#website\"},\"primaryImageOfPage\":{\"@id\":\"https:\\\/\\\/todotrial.com\\\/tienda\\\/bicicleta-de-trial-comas-1008r2-shimano\\\/#primaryimage\"},\"image\":{\"@id\":\"https:\\\/\\\/todotrial.com\\\/tienda\\\/bicicleta-de-trial-comas-1008r2-shimano\\\/#primaryimage\"},\"thumbnailUrl\":\"https:\\\/\\\/todotrial.com\\\/tienda\\\/wp-content\\\/uploads\\\/2020\\\/12\\\/5067-Bicicleta-de-trial-Comas-1008R2-Shimano-1.png\",\"datePublished\":\"2020-12-16T21:49:21+00:00\",\"dateModified\":\"2020-12-16T21:52:12+00:00\",\"breadcrumb\":{\"@id\":\"https:\\\/\\\/todotrial.com\\\/tienda\\\/bicicleta-de-trial-comas-1008r2-shimano\\\/#breadcrumb\"},\"inLanguage\":\"es\",\"potentialAction\":[{\"@type\":\"ReadAction\",\"target\":[\"https:\\\/\\\/todotrial.com\\\/tienda\\\/bicicleta-de-trial-comas-1008r2-shimano\\\/\"]}]},{\"@type\":\"ImageObject\",\"inLanguage\":\"es\",\"@id\":\"https:\\\/\\\/todotrial.com\\\/tienda\\\/bicicleta-de-trial-comas-1008r2-shimano\\\/#primaryimage\",\"url\":\"https:\\\/\\\/todotrial.com\\\/tienda\\\/wp-content\\\/uploads\\\/2020\\\/12\\\/5067-Bicicleta-de-trial-Comas-1008R2-Shimano-1.png\",\"contentUrl\":\"https:\\\/\\\/todotrial.com\\\/tienda\\\/wp-content\\\/uploads\\\/2020\\\/12\\\/5067-Bicicleta-de-trial-Comas-1008R2-Shimano-1.png\",\"width\":800,\"height\":800},{\"@type\":\"BreadcrumbList\",\"@id\":\"https:\\\/\\\/todotrial.com\\\/tienda\\\/bicicleta-de-trial-comas-1008r2-shimano\\\/#breadcrumb\",\"itemListElement\":[{\"@type\":\"ListItem\",\"position\":1,\"name\":\"Portada\",\"item\":\"https:\\\/\\\/todotrial.com\\\/tienda\\\/\"},{\"@type\":\"ListItem\",\"position\":2,\"name\":\"Shop\",\"item\":\"https:\\\/\\\/todotrial.com\\\/tienda\\\/shop\\\/\"},{\"@type\":\"ListItem\",\"position\":3,\"name\":\"Bicicleta de trial Comas 1008R2 Shimano\"}]},{\"@type\":\"WebSite\",\"@id\":\"https:\\\/\\\/todotrial.com\\\/tienda\\\/#website\",\"url\":\"https:\\\/\\\/todotrial.com\\\/tienda\\\/\",\"name\":\"Tienda de todotrial\",\"description\":\"\",\"potentialAction\":[{\"@type\":\"SearchAction\",\"target\":{\"@type\":\"EntryPoint\",\"urlTemplate\":\"https:\\\/\\\/todotrial.com\\\/tienda\\\/?s={search_term_string}\"},\"query-input\":{\"@type\":\"PropertyValueSpecification\",\"valueRequired\":true,\"valueName\":\"search_term_string\"}}],\"inLanguage\":\"es\"}]}<\/script>\n<!-- \/ Yoast SEO Premium plugin. -->","yoast_head_json":{"title":"Bicicleta de trial Comas 1008R2 Shimano - Tienda de todotrial","robots":{"index":"index","follow":"follow","max-snippet":"max-snippet:-1","max-image-preview":"max-image-preview:large","max-video-preview":"max-video-preview:-1"},"canonical":"https:\/\/todotrial.com\/tienda\/bicicleta-de-trial-comas-1008r2-shimano\/","og_locale":"es_ES","og_type":"article","og_title":"Bicicleta de trial Comas 1008R2 Shimano","og_description":"Bici\u00a0de trial de 20\u201d con dise\u00f1o y geometr\u00eda exclusiva + frenos Shimano","og_url":"https:\/\/todotrial.com\/tienda\/bicicleta-de-trial-comas-1008r2-shimano\/","og_site_name":"Tienda de todotrial","article_modified_time":"2020-12-16T21:52:12+00:00","og_image":[{"width":800,"height":800,"url":"https:\/\/todotrial.com\/tienda\/wp-content\/uploads\/2020\/12\/5067-Bicicleta-de-trial-Comas-1008R2-Shimano-1.png","type":"image\/png"}],"twitter_card":"summary_large_image","twitter_misc":{"Tiempo de lectura":"2 minutos"},"schema":{"@context":"https:\/\/schema.org","@graph":[{"@type":"WebPage","@id":"https:\/\/todotrial.com\/tienda\/bicicleta-de-trial-comas-1008r2-shimano\/","url":"https:\/\/todotrial.com\/tienda\/bicicleta-de-trial-comas-1008r2-shimano\/","name":"Bicicleta de trial Comas 1008R2 Shimano - Tienda de todotrial","isPartOf":{"@id":"https:\/\/todotrial.com\/tienda\/#website"},"primaryImageOfPage":{"@id":"https:\/\/todotrial.com\/tienda\/bicicleta-de-trial-comas-1008r2-shimano\/#primaryimage"},"image":{"@id":"https:\/\/todotrial.com\/tienda\/bicicleta-de-trial-comas-1008r2-shimano\/#primaryimage"},"thumbnailUrl":"https:\/\/todotrial.com\/tienda\/wp-content\/uploads\/2020\/12\/5067-Bicicleta-de-trial-Comas-1008R2-Shimano-1.png","datePublished":"2020-12-16T21:49:21+00:00","dateModified":"2020-12-16T21:52:12+00:00","breadcrumb":{"@id":"https:\/\/todotrial.com\/tienda\/bicicleta-de-trial-comas-1008r2-shimano\/#breadcrumb"},"inLanguage":"es","potentialAction":[{"@type":"ReadAction","target":["https:\/\/todotrial.com\/tienda\/bicicleta-de-trial-comas-1008r2-shimano\/"]}]},{"@type":"ImageObject","inLanguage":"es","@id":"https:\/\/todotrial.com\/tienda\/bicicleta-de-trial-comas-1008r2-shimano\/#primaryimage","url":"https:\/\/todotrial.com\/tienda\/wp-content\/uploads\/2020\/12\/5067-Bicicleta-de-trial-Comas-1008R2-Shimano-1.png","contentUrl":"https:\/\/todotrial.com\/tienda\/wp-content\/uploads\/2020\/12\/5067-Bicicleta-de-trial-Comas-1008R2-Shimano-1.png","width":800,"height":800},{"@type":"BreadcrumbList","@id":"https:\/\/todotrial.com\/tienda\/bicicleta-de-trial-comas-1008r2-shimano\/#breadcrumb","itemListElement":[{"@type":"ListItem","position":1,"name":"Portada","item":"https:\/\/todotrial.com\/tienda\/"},{"@type":"ListItem","position":2,"name":"Shop","item":"https:\/\/todotrial.com\/tienda\/shop\/"},{"@type":"ListItem","position":3,"name":"Bicicleta de trial Comas 1008R2 Shimano"}]},{"@type":"WebSite","@id":"https:\/\/todotrial.com\/tienda\/#website","url":"https:\/\/todotrial.com\/tienda\/","name":"Tienda de todotrial","description":"","potentialAction":[{"@type":"SearchAction","target":{"@type":"EntryPoint","urlTemplate":"https:\/\/todotrial.com\/tienda\/?s={search_term_string}"},"query-input":{"@type":"PropertyValueSpecification","valueRequired":true,"valueName":"search_term_string"}}],"inLanguage":"es"}]}},"_links":{"self":[{"href":"https:\/\/todotrial.com\/tienda\/wp-json\/wp\/v2\/product\/36659","targetHints":{"allow":["GET"]}}],"collection":[{"href":"https:\/\/todotrial.com\/tienda\/wp-json\/wp\/v2\/product"}],"about":[{"href":"https:\/\/todotrial.com\/tienda\/wp-json\/wp\/v2\/types\/product"}],"replies":[{"embeddable":true,"href":"https:\/\/todotrial.com\/tienda\/wp-json\/wp\/v2\/comments?post=36659"}],"version-history":[{"count":0,"href":"https:\/\/todotrial.com\/tienda\/wp-json\/wp\/v2\/product\/36659\/revisions"}],"wp:featuredmedia":[{"embeddable":true,"href":"https:\/\/todotrial.com\/tienda\/wp-json\/wp\/v2\/media\/36741"}],"wp:attachment":[{"href":"https:\/\/todotrial.com\/tienda\/wp-json\/wp\/v2\/media?parent=36659"}],"wp:term":[{"taxonomy":"product_brand","embeddable":true,"href":"https:\/\/todotrial.com\/tienda\/wp-json\/wp\/v2\/product_brand?post=36659"},{"taxonomy":"product_cat","embeddable":true,"href":"https:\/\/todotrial.com\/tienda\/wp-json\/wp\/v2\/product_cat?post=36659"},{"taxonomy":"product_tag","embeddable":true,"href":"https:\/\/todotrial.com\/tienda\/wp-json\/wp\/v2\/product_tag?post=36659"}],"curies":[{"name":"wp","href":"https:\/\/api.w.org\/{rel}","templated":true}]}}