{"id":36622,"date":"2020-12-16T22:48:06","date_gmt":"2020-12-16T21:48:06","guid":{"rendered":"https:\/\/todotrial.com\/tienda\/product\/import-placeholder-for-7854\/"},"modified":"2020-12-16T22:50:39","modified_gmt":"2020-12-16T21:50:39","slug":"punos-abiertos-medios-renthal","status":"publish","type":"product","link":"https:\/\/todotrial.com\/tienda\/punos-abiertos-medios-renthal\/","title":{"rendered":"Pu\u00f1os Abiertos Medios RENTHAL"},"content":{"rendered":"<p>Caracter\u00edsticas:<br \/> * compuesto blando para una sensaci\u00f3n s\u00faper c\u00f3moda<br \/> * patr\u00f3n de diamante para mejor pegajosidad, absorci\u00f3n de golpes y sensaci\u00f3n<\/p>\n","protected":false},"excerpt":{"rendered":"<div class=\"row-descr\"><strong> Color: Gris<\/strong><\/div>\n<div class=\"row-descr\"><strong> Dureza: Media <\/strong><\/div>\n","protected":false},"featured_media":36691,"comment_status":"open","ping_status":"closed","template":"","meta":[],"product_brand":[],"product_cat":[11386,11384,11385,11434,11374],"product_tag":[],"class_list":{"0":"post-36622","1":"product","2":"type-product","3":"status-publish","4":"has-post-thumbnail","6":"product_cat-controles","7":"product_cat-moto","8":"product_cat-piezas-moto","9":"product_cat-punos-controles","10":"product_cat-raiz","12":"first","13":"instock","14":"taxable","15":"shipping-taxable","16":"purchasable","17":"product-type-simple"},"yoast_head":"<!-- This site is optimized with the Yoast SEO Premium plugin v21.2 (Yoast SEO v27.3) - https:\/\/yoast.com\/product\/yoast-seo-premium-wordpress\/ -->\n<title>Pu\u00f1os Abiertos Medios RENTHAL - Tienda de todotrial<\/title>\n<meta name=\"robots\" content=\"index, follow, max-snippet:-1, max-image-preview:large, max-video-preview:-1\" \/>\n<link rel=\"canonical\" href=\"https:\/\/todotrial.com\/tienda\/punos-abiertos-medios-renthal\/\" \/>\n<meta property=\"og:locale\" content=\"es_ES\" \/>\n<meta property=\"og:type\" content=\"article\" \/>\n<meta property=\"og:title\" content=\"Pu\u00f1os Abiertos Medios RENTHAL\" \/>\n<meta property=\"og:description\" content=\"Color: Gris Dureza: Media\" \/>\n<meta property=\"og:url\" content=\"https:\/\/todotrial.com\/tienda\/punos-abiertos-medios-renthal\/\" \/>\n<meta property=\"og:site_name\" content=\"Tienda de todotrial\" \/>\n<meta property=\"article:modified_time\" content=\"2020-12-16T21:50:39+00:00\" \/>\n<meta property=\"og:image\" content=\"https:\/\/todotrial.com\/tienda\/wp-content\/uploads\/2020\/12\/5039-Punos-Abiertos-Medios-RENTHAL-2.jpg\" \/>\n\t<meta property=\"og:image:width\" content=\"600\" \/>\n\t<meta property=\"og:image:height\" content=\"600\" \/>\n\t<meta property=\"og:image:type\" content=\"image\/jpeg\" \/>\n<meta name=\"twitter:card\" content=\"summary_large_image\" \/>\n<script type=\"application\/ld+json\" class=\"yoast-schema-graph\">{\"@context\":\"https:\\\/\\\/schema.org\",\"@graph\":[{\"@type\":\"WebPage\",\"@id\":\"https:\\\/\\\/todotrial.com\\\/tienda\\\/punos-abiertos-medios-renthal\\\/\",\"url\":\"https:\\\/\\\/todotrial.com\\\/tienda\\\/punos-abiertos-medios-renthal\\\/\",\"name\":\"Pu\u00f1os Abiertos Medios RENTHAL - Tienda de todotrial\",\"isPartOf\":{\"@id\":\"https:\\\/\\\/todotrial.com\\\/tienda\\\/#website\"},\"primaryImageOfPage\":{\"@id\":\"https:\\\/\\\/todotrial.com\\\/tienda\\\/punos-abiertos-medios-renthal\\\/#primaryimage\"},\"image\":{\"@id\":\"https:\\\/\\\/todotrial.com\\\/tienda\\\/punos-abiertos-medios-renthal\\\/#primaryimage\"},\"thumbnailUrl\":\"https:\\\/\\\/todotrial.com\\\/tienda\\\/wp-content\\\/uploads\\\/2020\\\/12\\\/5039-Punos-Abiertos-Medios-RENTHAL-2.jpg\",\"datePublished\":\"2020-12-16T21:48:06+00:00\",\"dateModified\":\"2020-12-16T21:50:39+00:00\",\"breadcrumb\":{\"@id\":\"https:\\\/\\\/todotrial.com\\\/tienda\\\/punos-abiertos-medios-renthal\\\/#breadcrumb\"},\"inLanguage\":\"es\",\"potentialAction\":[{\"@type\":\"ReadAction\",\"target\":[\"https:\\\/\\\/todotrial.com\\\/tienda\\\/punos-abiertos-medios-renthal\\\/\"]}]},{\"@type\":\"ImageObject\",\"inLanguage\":\"es\",\"@id\":\"https:\\\/\\\/todotrial.com\\\/tienda\\\/punos-abiertos-medios-renthal\\\/#primaryimage\",\"url\":\"https:\\\/\\\/todotrial.com\\\/tienda\\\/wp-content\\\/uploads\\\/2020\\\/12\\\/5039-Punos-Abiertos-Medios-RENTHAL-2.jpg\",\"contentUrl\":\"https:\\\/\\\/todotrial.com\\\/tienda\\\/wp-content\\\/uploads\\\/2020\\\/12\\\/5039-Punos-Abiertos-Medios-RENTHAL-2.jpg\",\"width\":600,\"height\":600},{\"@type\":\"BreadcrumbList\",\"@id\":\"https:\\\/\\\/todotrial.com\\\/tienda\\\/punos-abiertos-medios-renthal\\\/#breadcrumb\",\"itemListElement\":[{\"@type\":\"ListItem\",\"position\":1,\"name\":\"Portada\",\"item\":\"https:\\\/\\\/todotrial.com\\\/tienda\\\/\"},{\"@type\":\"ListItem\",\"position\":2,\"name\":\"Shop\",\"item\":\"https:\\\/\\\/todotrial.com\\\/tienda\\\/shop\\\/\"},{\"@type\":\"ListItem\",\"position\":3,\"name\":\"Pu\u00f1os Abiertos Medios RENTHAL\"}]},{\"@type\":\"WebSite\",\"@id\":\"https:\\\/\\\/todotrial.com\\\/tienda\\\/#website\",\"url\":\"https:\\\/\\\/todotrial.com\\\/tienda\\\/\",\"name\":\"Tienda de todotrial\",\"description\":\"\",\"potentialAction\":[{\"@type\":\"SearchAction\",\"target\":{\"@type\":\"EntryPoint\",\"urlTemplate\":\"https:\\\/\\\/todotrial.com\\\/tienda\\\/?s={search_term_string}\"},\"query-input\":{\"@type\":\"PropertyValueSpecification\",\"valueRequired\":true,\"valueName\":\"search_term_string\"}}],\"inLanguage\":\"es\"}]}<\/script>\n<!-- \/ Yoast SEO Premium plugin. -->","yoast_head_json":{"title":"Pu\u00f1os Abiertos Medios RENTHAL - Tienda de todotrial","robots":{"index":"index","follow":"follow","max-snippet":"max-snippet:-1","max-image-preview":"max-image-preview:large","max-video-preview":"max-video-preview:-1"},"canonical":"https:\/\/todotrial.com\/tienda\/punos-abiertos-medios-renthal\/","og_locale":"es_ES","og_type":"article","og_title":"Pu\u00f1os Abiertos Medios RENTHAL","og_description":"Color: Gris Dureza: Media","og_url":"https:\/\/todotrial.com\/tienda\/punos-abiertos-medios-renthal\/","og_site_name":"Tienda de todotrial","article_modified_time":"2020-12-16T21:50:39+00:00","og_image":[{"width":600,"height":600,"url":"https:\/\/todotrial.com\/tienda\/wp-content\/uploads\/2020\/12\/5039-Punos-Abiertos-Medios-RENTHAL-2.jpg","type":"image\/jpeg"}],"twitter_card":"summary_large_image","schema":{"@context":"https:\/\/schema.org","@graph":[{"@type":"WebPage","@id":"https:\/\/todotrial.com\/tienda\/punos-abiertos-medios-renthal\/","url":"https:\/\/todotrial.com\/tienda\/punos-abiertos-medios-renthal\/","name":"Pu\u00f1os Abiertos Medios RENTHAL - Tienda de todotrial","isPartOf":{"@id":"https:\/\/todotrial.com\/tienda\/#website"},"primaryImageOfPage":{"@id":"https:\/\/todotrial.com\/tienda\/punos-abiertos-medios-renthal\/#primaryimage"},"image":{"@id":"https:\/\/todotrial.com\/tienda\/punos-abiertos-medios-renthal\/#primaryimage"},"thumbnailUrl":"https:\/\/todotrial.com\/tienda\/wp-content\/uploads\/2020\/12\/5039-Punos-Abiertos-Medios-RENTHAL-2.jpg","datePublished":"2020-12-16T21:48:06+00:00","dateModified":"2020-12-16T21:50:39+00:00","breadcrumb":{"@id":"https:\/\/todotrial.com\/tienda\/punos-abiertos-medios-renthal\/#breadcrumb"},"inLanguage":"es","potentialAction":[{"@type":"ReadAction","target":["https:\/\/todotrial.com\/tienda\/punos-abiertos-medios-renthal\/"]}]},{"@type":"ImageObject","inLanguage":"es","@id":"https:\/\/todotrial.com\/tienda\/punos-abiertos-medios-renthal\/#primaryimage","url":"https:\/\/todotrial.com\/tienda\/wp-content\/uploads\/2020\/12\/5039-Punos-Abiertos-Medios-RENTHAL-2.jpg","contentUrl":"https:\/\/todotrial.com\/tienda\/wp-content\/uploads\/2020\/12\/5039-Punos-Abiertos-Medios-RENTHAL-2.jpg","width":600,"height":600},{"@type":"BreadcrumbList","@id":"https:\/\/todotrial.com\/tienda\/punos-abiertos-medios-renthal\/#breadcrumb","itemListElement":[{"@type":"ListItem","position":1,"name":"Portada","item":"https:\/\/todotrial.com\/tienda\/"},{"@type":"ListItem","position":2,"name":"Shop","item":"https:\/\/todotrial.com\/tienda\/shop\/"},{"@type":"ListItem","position":3,"name":"Pu\u00f1os Abiertos Medios RENTHAL"}]},{"@type":"WebSite","@id":"https:\/\/todotrial.com\/tienda\/#website","url":"https:\/\/todotrial.com\/tienda\/","name":"Tienda de todotrial","description":"","potentialAction":[{"@type":"SearchAction","target":{"@type":"EntryPoint","urlTemplate":"https:\/\/todotrial.com\/tienda\/?s={search_term_string}"},"query-input":{"@type":"PropertyValueSpecification","valueRequired":true,"valueName":"search_term_string"}}],"inLanguage":"es"}]}},"_links":{"self":[{"href":"https:\/\/todotrial.com\/tienda\/wp-json\/wp\/v2\/product\/36622","targetHints":{"allow":["GET"]}}],"collection":[{"href":"https:\/\/todotrial.com\/tienda\/wp-json\/wp\/v2\/product"}],"about":[{"href":"https:\/\/todotrial.com\/tienda\/wp-json\/wp\/v2\/types\/product"}],"replies":[{"embeddable":true,"href":"https:\/\/todotrial.com\/tienda\/wp-json\/wp\/v2\/comments?post=36622"}],"version-history":[{"count":0,"href":"https:\/\/todotrial.com\/tienda\/wp-json\/wp\/v2\/product\/36622\/revisions"}],"wp:featuredmedia":[{"embeddable":true,"href":"https:\/\/todotrial.com\/tienda\/wp-json\/wp\/v2\/media\/36691"}],"wp:attachment":[{"href":"https:\/\/todotrial.com\/tienda\/wp-json\/wp\/v2\/media?parent=36622"}],"wp:term":[{"taxonomy":"product_brand","embeddable":true,"href":"https:\/\/todotrial.com\/tienda\/wp-json\/wp\/v2\/product_brand?post=36622"},{"taxonomy":"product_cat","embeddable":true,"href":"https:\/\/todotrial.com\/tienda\/wp-json\/wp\/v2\/product_cat?post=36622"},{"taxonomy":"product_tag","embeddable":true,"href":"https:\/\/todotrial.com\/tienda\/wp-json\/wp\/v2\/product_tag?post=36622"}],"curies":[{"name":"wp","href":"https:\/\/api.w.org\/{rel}","templated":true}]}}