{"id":36498,"date":"2020-12-16T22:43:22","date_gmt":"2020-12-16T21:43:22","guid":{"rendered":"https:\/\/todotrial.com\/tienda\/product\/import-placeholder-for-7733\/"},"modified":"2024-10-01T13:17:06","modified_gmt":"2024-10-01T12:17:06","slug":"bici-de-trial-20-970mm-hs-varial-jitsie","status":"publish","type":"product","link":"https:\/\/todotrial.com\/tienda\/bici-de-trial-20-970mm-hs-varial-jitsie\/","title":{"rendered":"Bici de Trial 20&#8243; 970MM HS VARIAL JITSIE"},"content":{"rendered":"<div class=\"long_descr\">Llevando la innovaci\u00f3n a un nivel superior en el trial, la bici Varial refleja al 100% el enfoque de la marca Jitsie hacia el trial. La calidad en la fabricaci\u00f3n y el dise\u00f1o minimalista da un resultado muy funcional en este cuadro, eficaz y resistente por lo que es una elecci\u00f3n ideal para cualquier piloto de trial.<\/p>\n<p> Kit cuadro:<br \/> * cuadro: Jitsie Varial 970mm HS<br \/> * horquilla: Jitsie Varial 370mm HS<\/p>\n<p> Caracter\u00edsticas cuadro:<br \/> * fabricado con aluminio 6061-T6<br \/> * dise\u00f1o minimalista, enfocado en el rendimiento y la durabilidad<br \/> * tubo de direcci\u00f3n de 120mm de altura, mecanizado en CNC y dise\u00f1ado para direcci\u00f3n semi-integrada<br \/> * tubo de caja de pedalier de 68mm para sistema ISIS<br \/> * puntera trasera integrada y mecanizada en CNC para una mayor resistencia, sistema de freno post mount para discos de 160\/162.5mm<br \/> * punteras horizontales mecanizadas en CNC con una distancia entre ellas de 116mm, se suministra con los tornillos de tope para los tensores de cadena<br \/> * arenado y acabado en anodizado negro con gr\u00e1ficos Jitsie<br \/> * cuadro se suministra con un tap\u00f3n de silicona muy ligero para el tubo del sill\u00edn<br \/> * cuadro permite la instalaci\u00f3n del sill\u00edn Jitsie<\/p>\n<p> Geometr\u00eda:<br \/> * distancia entre ejes: 970mm<br \/> * distancia pedalier\/eje trasero: 350mm<br \/> * altura de pedalier: 80mm<br \/> * tubo de direcci\u00f3n: 120mm<br \/> * \u00e1ngulo de tubo de direcci\u00f3n: 71.5 \u00b0<br \/> (geometr\u00eda basada con horquilla Jitsie Varial 370mm y offset +45mm)<\/p>\n<p><\/div>\n","protected":false},"excerpt":{"rendered":"<div class=\"row-descr\"><\/div>\n<div class=\"row-descr\"><strong><span style=\"color:#d0121a;\">ULTIMA UNIDAD<\/span><\/strong><\/div>\n<div class=\"row-descr\"><\/div>\n<div class=\"row-descr\"><span>Color: <strong>Negro\/Fluo Amarillo<\/strong><\/span><\/div>\n<div class=\"row-descr\"><span>Talla: <strong>20&#8243;<\/strong><\/span><\/div>\n<div class=\"row-descr\"><span>Peso: <strong>7,6kg<\/strong><\/span><\/div>\n","protected":false},"featured_media":36531,"comment_status":"open","ping_status":"closed","template":"","meta":[],"product_brand":[],"product_cat":[11408,11375,11482,11374],"product_tag":[],"class_list":{"0":"post-36498","1":"product","2":"type-product","3":"status-publish","4":"has-post-thumbnail","6":"product_cat-bici-de-trial","7":"product_cat-bici-trial","8":"product_cat-bicis-20","9":"product_cat-raiz","11":"first","12":"outofstock","13":"sale","14":"taxable","15":"shipping-taxable","16":"purchasable","17":"product-type-simple"},"yoast_head":"<!-- This site is optimized with the Yoast SEO Premium plugin v21.2 (Yoast SEO v27.4) - https:\/\/yoast.com\/product\/yoast-seo-premium-wordpress\/ -->\n<title>Bici de Trial 20&quot; 970MM HS VARIAL JITSIE - Tienda de todotrial<\/title>\n<meta name=\"robots\" content=\"index, follow, max-snippet:-1, max-image-preview:large, max-video-preview:-1\" \/>\n<link rel=\"canonical\" href=\"https:\/\/todotrial.com\/tienda\/bici-de-trial-20-970mm-hs-varial-jitsie\/\" \/>\n<meta property=\"og:locale\" content=\"es_ES\" \/>\n<meta property=\"og:type\" content=\"article\" \/>\n<meta property=\"og:title\" content=\"Bici de Trial 20&quot; 970MM HS VARIAL JITSIE\" \/>\n<meta property=\"og:description\" content=\"ULTIMA UNIDAD Color: Negro\/Fluo Amarillo Talla: 20&quot; Peso: 7,6kg\" \/>\n<meta property=\"og:url\" content=\"https:\/\/todotrial.com\/tienda\/bici-de-trial-20-970mm-hs-varial-jitsie\/\" \/>\n<meta property=\"og:site_name\" content=\"Tienda de todotrial\" \/>\n<meta property=\"article:modified_time\" content=\"2024-10-01T12:17:06+00:00\" \/>\n<meta property=\"og:image\" content=\"https:\/\/todotrial.com\/tienda\/wp-content\/uploads\/2020\/12\/4962-Bici-de-Trial-20-970MM-HS-VARIAL-JITSIE-1.png\" \/>\n\t<meta property=\"og:image:width\" content=\"600\" \/>\n\t<meta property=\"og:image:height\" content=\"600\" \/>\n\t<meta property=\"og:image:type\" content=\"image\/png\" \/>\n<meta name=\"twitter:card\" content=\"summary_large_image\" \/>\n<meta name=\"twitter:label1\" content=\"Tiempo de lectura\" \/>\n\t<meta name=\"twitter:data1\" content=\"1 minuto\" \/>\n<script type=\"application\/ld+json\" class=\"yoast-schema-graph\">{\"@context\":\"https:\\\/\\\/schema.org\",\"@graph\":[{\"@type\":\"WebPage\",\"@id\":\"https:\\\/\\\/todotrial.com\\\/tienda\\\/bici-de-trial-20-970mm-hs-varial-jitsie\\\/\",\"url\":\"https:\\\/\\\/todotrial.com\\\/tienda\\\/bici-de-trial-20-970mm-hs-varial-jitsie\\\/\",\"name\":\"Bici de Trial 20\\\" 970MM HS VARIAL JITSIE - Tienda de todotrial\",\"isPartOf\":{\"@id\":\"https:\\\/\\\/todotrial.com\\\/tienda\\\/#website\"},\"primaryImageOfPage\":{\"@id\":\"https:\\\/\\\/todotrial.com\\\/tienda\\\/bici-de-trial-20-970mm-hs-varial-jitsie\\\/#primaryimage\"},\"image\":{\"@id\":\"https:\\\/\\\/todotrial.com\\\/tienda\\\/bici-de-trial-20-970mm-hs-varial-jitsie\\\/#primaryimage\"},\"thumbnailUrl\":\"https:\\\/\\\/todotrial.com\\\/tienda\\\/wp-content\\\/uploads\\\/2020\\\/12\\\/4962-Bici-de-Trial-20-970MM-HS-VARIAL-JITSIE-1.png\",\"datePublished\":\"2020-12-16T21:43:22+00:00\",\"dateModified\":\"2024-10-01T12:17:06+00:00\",\"breadcrumb\":{\"@id\":\"https:\\\/\\\/todotrial.com\\\/tienda\\\/bici-de-trial-20-970mm-hs-varial-jitsie\\\/#breadcrumb\"},\"inLanguage\":\"es\",\"potentialAction\":[{\"@type\":\"ReadAction\",\"target\":[\"https:\\\/\\\/todotrial.com\\\/tienda\\\/bici-de-trial-20-970mm-hs-varial-jitsie\\\/\"]}]},{\"@type\":\"ImageObject\",\"inLanguage\":\"es\",\"@id\":\"https:\\\/\\\/todotrial.com\\\/tienda\\\/bici-de-trial-20-970mm-hs-varial-jitsie\\\/#primaryimage\",\"url\":\"https:\\\/\\\/todotrial.com\\\/tienda\\\/wp-content\\\/uploads\\\/2020\\\/12\\\/4962-Bici-de-Trial-20-970MM-HS-VARIAL-JITSIE-1.png\",\"contentUrl\":\"https:\\\/\\\/todotrial.com\\\/tienda\\\/wp-content\\\/uploads\\\/2020\\\/12\\\/4962-Bici-de-Trial-20-970MM-HS-VARIAL-JITSIE-1.png\",\"width\":600,\"height\":600},{\"@type\":\"BreadcrumbList\",\"@id\":\"https:\\\/\\\/todotrial.com\\\/tienda\\\/bici-de-trial-20-970mm-hs-varial-jitsie\\\/#breadcrumb\",\"itemListElement\":[{\"@type\":\"ListItem\",\"position\":1,\"name\":\"Portada\",\"item\":\"https:\\\/\\\/todotrial.com\\\/tienda\\\/\"},{\"@type\":\"ListItem\",\"position\":2,\"name\":\"Shop\",\"item\":\"https:\\\/\\\/todotrial.com\\\/tienda\\\/shop\\\/\"},{\"@type\":\"ListItem\",\"position\":3,\"name\":\"Bici de Trial 20&#8243; 970MM HS VARIAL JITSIE\"}]},{\"@type\":\"WebSite\",\"@id\":\"https:\\\/\\\/todotrial.com\\\/tienda\\\/#website\",\"url\":\"https:\\\/\\\/todotrial.com\\\/tienda\\\/\",\"name\":\"Tienda de todotrial\",\"description\":\"\",\"potentialAction\":[{\"@type\":\"SearchAction\",\"target\":{\"@type\":\"EntryPoint\",\"urlTemplate\":\"https:\\\/\\\/todotrial.com\\\/tienda\\\/?s={search_term_string}\"},\"query-input\":{\"@type\":\"PropertyValueSpecification\",\"valueRequired\":true,\"valueName\":\"search_term_string\"}}],\"inLanguage\":\"es\"}]}<\/script>\n<!-- \/ Yoast SEO Premium plugin. -->","yoast_head_json":{"title":"Bici de Trial 20\" 970MM HS VARIAL JITSIE - Tienda de todotrial","robots":{"index":"index","follow":"follow","max-snippet":"max-snippet:-1","max-image-preview":"max-image-preview:large","max-video-preview":"max-video-preview:-1"},"canonical":"https:\/\/todotrial.com\/tienda\/bici-de-trial-20-970mm-hs-varial-jitsie\/","og_locale":"es_ES","og_type":"article","og_title":"Bici de Trial 20\" 970MM HS VARIAL JITSIE","og_description":"ULTIMA UNIDAD Color: Negro\/Fluo Amarillo Talla: 20\" Peso: 7,6kg","og_url":"https:\/\/todotrial.com\/tienda\/bici-de-trial-20-970mm-hs-varial-jitsie\/","og_site_name":"Tienda de todotrial","article_modified_time":"2024-10-01T12:17:06+00:00","og_image":[{"width":600,"height":600,"url":"https:\/\/todotrial.com\/tienda\/wp-content\/uploads\/2020\/12\/4962-Bici-de-Trial-20-970MM-HS-VARIAL-JITSIE-1.png","type":"image\/png"}],"twitter_card":"summary_large_image","twitter_misc":{"Tiempo de lectura":"1 minuto"},"schema":{"@context":"https:\/\/schema.org","@graph":[{"@type":"WebPage","@id":"https:\/\/todotrial.com\/tienda\/bici-de-trial-20-970mm-hs-varial-jitsie\/","url":"https:\/\/todotrial.com\/tienda\/bici-de-trial-20-970mm-hs-varial-jitsie\/","name":"Bici de Trial 20\" 970MM HS VARIAL JITSIE - Tienda de todotrial","isPartOf":{"@id":"https:\/\/todotrial.com\/tienda\/#website"},"primaryImageOfPage":{"@id":"https:\/\/todotrial.com\/tienda\/bici-de-trial-20-970mm-hs-varial-jitsie\/#primaryimage"},"image":{"@id":"https:\/\/todotrial.com\/tienda\/bici-de-trial-20-970mm-hs-varial-jitsie\/#primaryimage"},"thumbnailUrl":"https:\/\/todotrial.com\/tienda\/wp-content\/uploads\/2020\/12\/4962-Bici-de-Trial-20-970MM-HS-VARIAL-JITSIE-1.png","datePublished":"2020-12-16T21:43:22+00:00","dateModified":"2024-10-01T12:17:06+00:00","breadcrumb":{"@id":"https:\/\/todotrial.com\/tienda\/bici-de-trial-20-970mm-hs-varial-jitsie\/#breadcrumb"},"inLanguage":"es","potentialAction":[{"@type":"ReadAction","target":["https:\/\/todotrial.com\/tienda\/bici-de-trial-20-970mm-hs-varial-jitsie\/"]}]},{"@type":"ImageObject","inLanguage":"es","@id":"https:\/\/todotrial.com\/tienda\/bici-de-trial-20-970mm-hs-varial-jitsie\/#primaryimage","url":"https:\/\/todotrial.com\/tienda\/wp-content\/uploads\/2020\/12\/4962-Bici-de-Trial-20-970MM-HS-VARIAL-JITSIE-1.png","contentUrl":"https:\/\/todotrial.com\/tienda\/wp-content\/uploads\/2020\/12\/4962-Bici-de-Trial-20-970MM-HS-VARIAL-JITSIE-1.png","width":600,"height":600},{"@type":"BreadcrumbList","@id":"https:\/\/todotrial.com\/tienda\/bici-de-trial-20-970mm-hs-varial-jitsie\/#breadcrumb","itemListElement":[{"@type":"ListItem","position":1,"name":"Portada","item":"https:\/\/todotrial.com\/tienda\/"},{"@type":"ListItem","position":2,"name":"Shop","item":"https:\/\/todotrial.com\/tienda\/shop\/"},{"@type":"ListItem","position":3,"name":"Bici de Trial 20&#8243; 970MM HS VARIAL JITSIE"}]},{"@type":"WebSite","@id":"https:\/\/todotrial.com\/tienda\/#website","url":"https:\/\/todotrial.com\/tienda\/","name":"Tienda de todotrial","description":"","potentialAction":[{"@type":"SearchAction","target":{"@type":"EntryPoint","urlTemplate":"https:\/\/todotrial.com\/tienda\/?s={search_term_string}"},"query-input":{"@type":"PropertyValueSpecification","valueRequired":true,"valueName":"search_term_string"}}],"inLanguage":"es"}]}},"_links":{"self":[{"href":"https:\/\/todotrial.com\/tienda\/wp-json\/wp\/v2\/product\/36498","targetHints":{"allow":["GET"]}}],"collection":[{"href":"https:\/\/todotrial.com\/tienda\/wp-json\/wp\/v2\/product"}],"about":[{"href":"https:\/\/todotrial.com\/tienda\/wp-json\/wp\/v2\/types\/product"}],"replies":[{"embeddable":true,"href":"https:\/\/todotrial.com\/tienda\/wp-json\/wp\/v2\/comments?post=36498"}],"version-history":[{"count":0,"href":"https:\/\/todotrial.com\/tienda\/wp-json\/wp\/v2\/product\/36498\/revisions"}],"wp:featuredmedia":[{"embeddable":true,"href":"https:\/\/todotrial.com\/tienda\/wp-json\/wp\/v2\/media\/36531"}],"wp:attachment":[{"href":"https:\/\/todotrial.com\/tienda\/wp-json\/wp\/v2\/media?parent=36498"}],"wp:term":[{"taxonomy":"product_brand","embeddable":true,"href":"https:\/\/todotrial.com\/tienda\/wp-json\/wp\/v2\/product_brand?post=36498"},{"taxonomy":"product_cat","embeddable":true,"href":"https:\/\/todotrial.com\/tienda\/wp-json\/wp\/v2\/product_cat?post=36498"},{"taxonomy":"product_tag","embeddable":true,"href":"https:\/\/todotrial.com\/tienda\/wp-json\/wp\/v2\/product_tag?post=36498"}],"curies":[{"name":"wp","href":"https:\/\/api.w.org\/{rel}","templated":true}]}}