{"id":36362,"date":"2020-12-16T22:38:56","date_gmt":"2020-12-16T21:38:56","guid":{"rendered":"https:\/\/todotrial.com\/tienda\/product\/import-placeholder-for-7529\/"},"modified":"2020-12-16T22:39:12","modified_gmt":"2020-12-16T21:39:12","slug":"casco-ht2-data-nfv-jitsie","status":"publish","type":"product","link":"https:\/\/todotrial.com\/tienda\/casco-ht2-data-nfv-jitsie\/","title":{"rendered":"Casco HT2-Data NFV JITSIE"},"content":{"rendered":"<p>CALOTA DE FIBRA DE VIDRIO<br \/> Llevando la innovaci\u00f3n al siguiente nivel en el trial, el casco Jitsie HT2 posee una calota totalmente de fibra de vidrio, que fabricado en dos tama\u00f1os de calota que quedan ideal a todos los pilotos. <\/p>\n<p> MANT\u00c9NGASE FRESCO<br \/> El casco Jitsie HT2 ofrece un flujo de aire \u00f3ptimo gracias a su construcci\u00f3n innovadora de poliestireno expandido (EPS) y a salidas de aire eficaces situadas de forma estrat\u00e9gica. <\/p>\n<p> DISE\u00d1ADO EN B\u00c9LGICO<br \/> Dise\u00f1ado en B\u00e9lgica, el casco Jitsie HT2 re\u00fane unas caracter\u00edsticas avanzadas y una tecnolog\u00eda compuesta que marcan el nuevo est\u00e1ndar en las pruebas. Un estilo ultramoderno y una seguridad de primera son los puntos fuertes que hacen del Jitsie HT2 el casco preferido de todo piloto de trial serio!<\/p>\n<p> Un 100 % C\u00d3MODO<br \/> El revestimiento interior totalmente extra\u00edble cuenta con el material transpirable coolmax\u00a9 para ofrecerle una comodidad definitiva.<\/p>\n","protected":false},"excerpt":{"rendered":"<div class=\"row-descr\"><strong>Color: Negro\/Fluo Verde<\/strong><\/div>\n<div class=\"row-descr\"><strong>Tipo: Fibra de vidrio<\/strong><\/div>\n","protected":false},"featured_media":28933,"comment_status":"open","ping_status":"closed","template":"","meta":[],"product_brand":[],"product_cat":[11423,11512,11393,11384,11511,11374],"product_tag":[],"class_list":{"0":"post-36362","1":"product","2":"type-product","3":"status-publish","4":"has-post-thumbnail","6":"product_cat-cascos-equipacion","7":"product_cat-cascos-moto","8":"product_cat-equipacion-moto","9":"product_cat-moto","10":"product_cat-outlet","11":"product_cat-raiz","12":"pa_color-verde-fluor","14":"first","15":"instock","16":"taxable","17":"shipping-taxable","18":"product-type-variable","19":"has-default-attributes"},"yoast_head":"<!-- This site is optimized with the Yoast SEO Premium plugin v21.2 (Yoast SEO v27.3) - https:\/\/yoast.com\/product\/yoast-seo-premium-wordpress\/ -->\n<title>Casco HT2-Data NFV JITSIE - Tienda de todotrial<\/title>\n<meta name=\"robots\" content=\"index, follow, max-snippet:-1, max-image-preview:large, max-video-preview:-1\" \/>\n<link rel=\"canonical\" href=\"https:\/\/todotrial.com\/tienda\/casco-ht2-data-nfv-jitsie\/\" \/>\n<meta property=\"og:locale\" content=\"es_ES\" \/>\n<meta property=\"og:type\" content=\"article\" \/>\n<meta property=\"og:title\" content=\"Casco HT2-Data NFV JITSIE\" \/>\n<meta property=\"og:description\" content=\"Color: Negro\/Fluo Verde Tipo: Fibra de vidrio\" \/>\n<meta property=\"og:url\" content=\"https:\/\/todotrial.com\/tienda\/casco-ht2-data-nfv-jitsie\/\" \/>\n<meta property=\"og:site_name\" content=\"Tienda de todotrial\" \/>\n<meta property=\"article:modified_time\" content=\"2020-12-16T21:39:12+00:00\" \/>\n<meta property=\"og:image\" content=\"https:\/\/todotrial.com\/tienda\/wp-content\/uploads\/2020\/12\/4792-Casco-HT2-Data-NFV-JITSIE-2.png\" \/>\n\t<meta property=\"og:image:width\" content=\"600\" \/>\n\t<meta property=\"og:image:height\" content=\"600\" \/>\n\t<meta property=\"og:image:type\" content=\"image\/png\" \/>\n<meta name=\"twitter:card\" content=\"summary_large_image\" \/>\n<meta name=\"twitter:label1\" content=\"Tiempo de lectura\" \/>\n\t<meta name=\"twitter:data1\" content=\"1 minuto\" \/>\n<script type=\"application\/ld+json\" class=\"yoast-schema-graph\">{\"@context\":\"https:\\\/\\\/schema.org\",\"@graph\":[{\"@type\":\"WebPage\",\"@id\":\"https:\\\/\\\/todotrial.com\\\/tienda\\\/casco-ht2-data-nfv-jitsie\\\/\",\"url\":\"https:\\\/\\\/todotrial.com\\\/tienda\\\/casco-ht2-data-nfv-jitsie\\\/\",\"name\":\"Casco HT2-Data NFV JITSIE - Tienda de todotrial\",\"isPartOf\":{\"@id\":\"https:\\\/\\\/todotrial.com\\\/tienda\\\/#website\"},\"primaryImageOfPage\":{\"@id\":\"https:\\\/\\\/todotrial.com\\\/tienda\\\/casco-ht2-data-nfv-jitsie\\\/#primaryimage\"},\"image\":{\"@id\":\"https:\\\/\\\/todotrial.com\\\/tienda\\\/casco-ht2-data-nfv-jitsie\\\/#primaryimage\"},\"thumbnailUrl\":\"https:\\\/\\\/todotrial.com\\\/tienda\\\/wp-content\\\/uploads\\\/2020\\\/12\\\/4792-Casco-HT2-Data-NFV-JITSIE-2.png\",\"datePublished\":\"2020-12-16T21:38:56+00:00\",\"dateModified\":\"2020-12-16T21:39:12+00:00\",\"breadcrumb\":{\"@id\":\"https:\\\/\\\/todotrial.com\\\/tienda\\\/casco-ht2-data-nfv-jitsie\\\/#breadcrumb\"},\"inLanguage\":\"es\",\"potentialAction\":[{\"@type\":\"ReadAction\",\"target\":[\"https:\\\/\\\/todotrial.com\\\/tienda\\\/casco-ht2-data-nfv-jitsie\\\/\"]}]},{\"@type\":\"ImageObject\",\"inLanguage\":\"es\",\"@id\":\"https:\\\/\\\/todotrial.com\\\/tienda\\\/casco-ht2-data-nfv-jitsie\\\/#primaryimage\",\"url\":\"https:\\\/\\\/todotrial.com\\\/tienda\\\/wp-content\\\/uploads\\\/2020\\\/12\\\/4792-Casco-HT2-Data-NFV-JITSIE-2.png\",\"contentUrl\":\"https:\\\/\\\/todotrial.com\\\/tienda\\\/wp-content\\\/uploads\\\/2020\\\/12\\\/4792-Casco-HT2-Data-NFV-JITSIE-2.png\",\"width\":600,\"height\":600},{\"@type\":\"BreadcrumbList\",\"@id\":\"https:\\\/\\\/todotrial.com\\\/tienda\\\/casco-ht2-data-nfv-jitsie\\\/#breadcrumb\",\"itemListElement\":[{\"@type\":\"ListItem\",\"position\":1,\"name\":\"Portada\",\"item\":\"https:\\\/\\\/todotrial.com\\\/tienda\\\/\"},{\"@type\":\"ListItem\",\"position\":2,\"name\":\"Shop\",\"item\":\"https:\\\/\\\/todotrial.com\\\/tienda\\\/shop\\\/\"},{\"@type\":\"ListItem\",\"position\":3,\"name\":\"Casco HT2-Data NFV JITSIE\"}]},{\"@type\":\"WebSite\",\"@id\":\"https:\\\/\\\/todotrial.com\\\/tienda\\\/#website\",\"url\":\"https:\\\/\\\/todotrial.com\\\/tienda\\\/\",\"name\":\"Tienda de todotrial\",\"description\":\"\",\"potentialAction\":[{\"@type\":\"SearchAction\",\"target\":{\"@type\":\"EntryPoint\",\"urlTemplate\":\"https:\\\/\\\/todotrial.com\\\/tienda\\\/?s={search_term_string}\"},\"query-input\":{\"@type\":\"PropertyValueSpecification\",\"valueRequired\":true,\"valueName\":\"search_term_string\"}}],\"inLanguage\":\"es\"}]}<\/script>\n<!-- \/ Yoast SEO Premium plugin. -->","yoast_head_json":{"title":"Casco HT2-Data NFV JITSIE - Tienda de todotrial","robots":{"index":"index","follow":"follow","max-snippet":"max-snippet:-1","max-image-preview":"max-image-preview:large","max-video-preview":"max-video-preview:-1"},"canonical":"https:\/\/todotrial.com\/tienda\/casco-ht2-data-nfv-jitsie\/","og_locale":"es_ES","og_type":"article","og_title":"Casco HT2-Data NFV JITSIE","og_description":"Color: Negro\/Fluo Verde Tipo: Fibra de vidrio","og_url":"https:\/\/todotrial.com\/tienda\/casco-ht2-data-nfv-jitsie\/","og_site_name":"Tienda de todotrial","article_modified_time":"2020-12-16T21:39:12+00:00","og_image":[{"width":600,"height":600,"url":"https:\/\/todotrial.com\/tienda\/wp-content\/uploads\/2020\/12\/4792-Casco-HT2-Data-NFV-JITSIE-2.png","type":"image\/png"}],"twitter_card":"summary_large_image","twitter_misc":{"Tiempo de lectura":"1 minuto"},"schema":{"@context":"https:\/\/schema.org","@graph":[{"@type":"WebPage","@id":"https:\/\/todotrial.com\/tienda\/casco-ht2-data-nfv-jitsie\/","url":"https:\/\/todotrial.com\/tienda\/casco-ht2-data-nfv-jitsie\/","name":"Casco HT2-Data NFV JITSIE - Tienda de todotrial","isPartOf":{"@id":"https:\/\/todotrial.com\/tienda\/#website"},"primaryImageOfPage":{"@id":"https:\/\/todotrial.com\/tienda\/casco-ht2-data-nfv-jitsie\/#primaryimage"},"image":{"@id":"https:\/\/todotrial.com\/tienda\/casco-ht2-data-nfv-jitsie\/#primaryimage"},"thumbnailUrl":"https:\/\/todotrial.com\/tienda\/wp-content\/uploads\/2020\/12\/4792-Casco-HT2-Data-NFV-JITSIE-2.png","datePublished":"2020-12-16T21:38:56+00:00","dateModified":"2020-12-16T21:39:12+00:00","breadcrumb":{"@id":"https:\/\/todotrial.com\/tienda\/casco-ht2-data-nfv-jitsie\/#breadcrumb"},"inLanguage":"es","potentialAction":[{"@type":"ReadAction","target":["https:\/\/todotrial.com\/tienda\/casco-ht2-data-nfv-jitsie\/"]}]},{"@type":"ImageObject","inLanguage":"es","@id":"https:\/\/todotrial.com\/tienda\/casco-ht2-data-nfv-jitsie\/#primaryimage","url":"https:\/\/todotrial.com\/tienda\/wp-content\/uploads\/2020\/12\/4792-Casco-HT2-Data-NFV-JITSIE-2.png","contentUrl":"https:\/\/todotrial.com\/tienda\/wp-content\/uploads\/2020\/12\/4792-Casco-HT2-Data-NFV-JITSIE-2.png","width":600,"height":600},{"@type":"BreadcrumbList","@id":"https:\/\/todotrial.com\/tienda\/casco-ht2-data-nfv-jitsie\/#breadcrumb","itemListElement":[{"@type":"ListItem","position":1,"name":"Portada","item":"https:\/\/todotrial.com\/tienda\/"},{"@type":"ListItem","position":2,"name":"Shop","item":"https:\/\/todotrial.com\/tienda\/shop\/"},{"@type":"ListItem","position":3,"name":"Casco HT2-Data NFV JITSIE"}]},{"@type":"WebSite","@id":"https:\/\/todotrial.com\/tienda\/#website","url":"https:\/\/todotrial.com\/tienda\/","name":"Tienda de todotrial","description":"","potentialAction":[{"@type":"SearchAction","target":{"@type":"EntryPoint","urlTemplate":"https:\/\/todotrial.com\/tienda\/?s={search_term_string}"},"query-input":{"@type":"PropertyValueSpecification","valueRequired":true,"valueName":"search_term_string"}}],"inLanguage":"es"}]}},"_links":{"self":[{"href":"https:\/\/todotrial.com\/tienda\/wp-json\/wp\/v2\/product\/36362","targetHints":{"allow":["GET"]}}],"collection":[{"href":"https:\/\/todotrial.com\/tienda\/wp-json\/wp\/v2\/product"}],"about":[{"href":"https:\/\/todotrial.com\/tienda\/wp-json\/wp\/v2\/types\/product"}],"replies":[{"embeddable":true,"href":"https:\/\/todotrial.com\/tienda\/wp-json\/wp\/v2\/comments?post=36362"}],"version-history":[{"count":0,"href":"https:\/\/todotrial.com\/tienda\/wp-json\/wp\/v2\/product\/36362\/revisions"}],"wp:featuredmedia":[{"embeddable":true,"href":"https:\/\/todotrial.com\/tienda\/wp-json\/wp\/v2\/media\/28933"}],"wp:attachment":[{"href":"https:\/\/todotrial.com\/tienda\/wp-json\/wp\/v2\/media?parent=36362"}],"wp:term":[{"taxonomy":"product_brand","embeddable":true,"href":"https:\/\/todotrial.com\/tienda\/wp-json\/wp\/v2\/product_brand?post=36362"},{"taxonomy":"product_cat","embeddable":true,"href":"https:\/\/todotrial.com\/tienda\/wp-json\/wp\/v2\/product_cat?post=36362"},{"taxonomy":"product_tag","embeddable":true,"href":"https:\/\/todotrial.com\/tienda\/wp-json\/wp\/v2\/product_tag?post=36362"}],"curies":[{"name":"wp","href":"https:\/\/api.w.org\/{rel}","templated":true}]}}