{"id":36336,"date":"2025-03-18T17:01:30","date_gmt":"2025-03-18T16:01:30","guid":{"rendered":"https:\/\/todotrial.com\/tienda\/product\/import-placeholder-for-7481\/"},"modified":"2026-02-21T20:39:27","modified_gmt":"2026-02-21T19:39:27","slug":"guantes-vertigo-verdes-2020","status":"publish","type":"product","link":"https:\/\/todotrial.com\/tienda\/guantes-vertigo-verdes-2020\/","title":{"rendered":"Guantes VERTIGO Verdes 2020"},"content":{"rendered":"<p><strong>Descripci\u00f3n<\/strong><br \/>\n&#8211; Nueva generaci\u00f3n de guantes ultraligeros VERTIGO Race con ajuste y patr\u00f3n ergon\u00f3mico.<br \/>\n&#8211; Material \u2018Amara\u2019 ultra-suave en la palma para aumentar el control.<br \/>\n&#8211; Dise\u00f1o estrat\u00e9gico de la palma que mejora el ajuste y confort .<br \/>\n&#8211; Malla el\u00e1stica transpirable de alta calidad en la parte superior con tacto suave y m\u00e1ximo agarre.<br \/>\n&#8211; Cierre por correa de goma inyectada\/velcro y ajuste extra mediante costura el\u00e1stica \u2018zig-zag\u2019.<br \/>\n&#8211; Articulaciones de los dedos sin costuras y laterales fabricados en lycra flexible y c\u00f3moda.<br \/>\n&#8211; Doble costura en \u00e1reas cr\u00edticas para mejorar la durabilidad.<br \/>\n&#8211; Dise\u00f1o y gr\u00e1ficos sublimados de alta calidad.<br \/>\n<strong>Material<\/strong><br \/>\n&#8211; Palma: 100% poli\u00e9ster<br \/>\n&#8211; Malla: 84.30% poli\u00e9ster \/ 15.70% elastano<br \/>\n&#8211; Cierre: Goma inyectada + Velcro<br \/>\n<strong>Tallas<\/strong><br \/>\n&#8211; Disponibles en tallas: S, M, L, y XL<br \/>\n<strong>Acabado<\/strong><br \/>\n&#8211; Color verde y gris<br \/>\n<strong>Informaci\u00f3n adicional<\/strong><br \/>\nVerificar tabla de tallas y medidas para seleccionar la talla correcta.<br \/>\nSeguir las instrucciones de lavado. No planchar. Lavar en fr\u00edo.<\/p>\n","protected":false},"excerpt":{"rendered":"<p><strong>Color: Verde<br \/>\n<\/strong><\/p>\n<p><strong><a href=\"http:\/\/nowtrial.com\/\/wp-content\/uploads\/2020\/05\/005.jpg\">CONSULTA TU TALLA<\/a><\/strong><\/p>\n","protected":false},"featured_media":36347,"comment_status":"open","ping_status":"closed","template":"","meta":[],"product_brand":[],"product_cat":[11375,11393,11395,11634,11448,11449,11450,11384,11405,11374,11630],"product_tag":[],"class_list":{"0":"post-36336","1":"product","2":"type-product","3":"status-publish","4":"has-post-thumbnail","6":"product_cat-bici-trial","7":"product_cat-equipacion-moto","8":"product_cat-equipacion-bici-trial","9":"product_cat-equipaciones","10":"product_cat-guantes","11":"product_cat-guantes-equipacion","12":"product_cat-guantes-equipacion-bici-trial","13":"product_cat-moto","14":"product_cat-mtb","15":"product_cat-raiz","16":"product_cat-vertigo-nowtrial","18":"first","19":"onbackorder","20":"taxable","21":"shipping-taxable","22":"purchasable","23":"product-type-variable","24":"has-default-attributes"},"yoast_head":"<!-- This site is optimized with the Yoast SEO Premium plugin v21.2 (Yoast SEO v27.3) - https:\/\/yoast.com\/product\/yoast-seo-premium-wordpress\/ -->\n<title>Guantes VERTIGO Verdes 2020 - Tienda de todotrial<\/title>\n<meta name=\"robots\" content=\"index, follow, max-snippet:-1, max-image-preview:large, max-video-preview:-1\" \/>\n<link rel=\"canonical\" href=\"https:\/\/todotrial.com\/tienda\/guantes-vertigo-verdes-2020\/\" \/>\n<meta property=\"og:locale\" content=\"es_ES\" \/>\n<meta property=\"og:type\" content=\"article\" \/>\n<meta property=\"og:title\" content=\"Guantes VERTIGO Verdes 2020\" \/>\n<meta property=\"og:description\" content=\"Color: Verde   CONSULTA TU TALLA\" \/>\n<meta property=\"og:url\" content=\"https:\/\/todotrial.com\/tienda\/guantes-vertigo-verdes-2020\/\" \/>\n<meta property=\"og:site_name\" content=\"Tienda de todotrial\" \/>\n<meta property=\"article:modified_time\" content=\"2026-02-21T19:39:27+00:00\" \/>\n<meta property=\"og:image\" content=\"https:\/\/todotrial.com\/tienda\/wp-content\/uploads\/2020\/12\/4770-Guantes-VERTIGO-Verdes-2020-1.jpg\" \/>\n\t<meta property=\"og:image:width\" content=\"800\" \/>\n\t<meta property=\"og:image:height\" content=\"800\" \/>\n\t<meta property=\"og:image:type\" content=\"image\/jpeg\" \/>\n<meta name=\"twitter:card\" content=\"summary_large_image\" \/>\n<meta name=\"twitter:label1\" content=\"Tiempo de lectura\" \/>\n\t<meta name=\"twitter:data1\" content=\"1 minuto\" \/>\n<script type=\"application\/ld+json\" class=\"yoast-schema-graph\">{\"@context\":\"https:\\\/\\\/schema.org\",\"@graph\":[{\"@type\":\"WebPage\",\"@id\":\"https:\\\/\\\/todotrial.com\\\/tienda\\\/guantes-vertigo-verdes-2020\\\/\",\"url\":\"https:\\\/\\\/todotrial.com\\\/tienda\\\/guantes-vertigo-verdes-2020\\\/\",\"name\":\"Guantes VERTIGO Verdes 2020 - Tienda de todotrial\",\"isPartOf\":{\"@id\":\"https:\\\/\\\/todotrial.com\\\/tienda\\\/#website\"},\"primaryImageOfPage\":{\"@id\":\"https:\\\/\\\/todotrial.com\\\/tienda\\\/guantes-vertigo-verdes-2020\\\/#primaryimage\"},\"image\":{\"@id\":\"https:\\\/\\\/todotrial.com\\\/tienda\\\/guantes-vertigo-verdes-2020\\\/#primaryimage\"},\"thumbnailUrl\":\"https:\\\/\\\/todotrial.com\\\/tienda\\\/wp-content\\\/uploads\\\/2020\\\/12\\\/4770-Guantes-VERTIGO-Verdes-2020-1.jpg\",\"datePublished\":\"2025-03-18T16:01:30+00:00\",\"dateModified\":\"2026-02-21T19:39:27+00:00\",\"breadcrumb\":{\"@id\":\"https:\\\/\\\/todotrial.com\\\/tienda\\\/guantes-vertigo-verdes-2020\\\/#breadcrumb\"},\"inLanguage\":\"es\",\"potentialAction\":[{\"@type\":\"ReadAction\",\"target\":[\"https:\\\/\\\/todotrial.com\\\/tienda\\\/guantes-vertigo-verdes-2020\\\/\"]}]},{\"@type\":\"ImageObject\",\"inLanguage\":\"es\",\"@id\":\"https:\\\/\\\/todotrial.com\\\/tienda\\\/guantes-vertigo-verdes-2020\\\/#primaryimage\",\"url\":\"https:\\\/\\\/todotrial.com\\\/tienda\\\/wp-content\\\/uploads\\\/2020\\\/12\\\/4770-Guantes-VERTIGO-Verdes-2020-1.jpg\",\"contentUrl\":\"https:\\\/\\\/todotrial.com\\\/tienda\\\/wp-content\\\/uploads\\\/2020\\\/12\\\/4770-Guantes-VERTIGO-Verdes-2020-1.jpg\",\"width\":800,\"height\":800},{\"@type\":\"BreadcrumbList\",\"@id\":\"https:\\\/\\\/todotrial.com\\\/tienda\\\/guantes-vertigo-verdes-2020\\\/#breadcrumb\",\"itemListElement\":[{\"@type\":\"ListItem\",\"position\":1,\"name\":\"Portada\",\"item\":\"https:\\\/\\\/todotrial.com\\\/tienda\\\/\"},{\"@type\":\"ListItem\",\"position\":2,\"name\":\"Shop\",\"item\":\"https:\\\/\\\/todotrial.com\\\/tienda\\\/shop\\\/\"},{\"@type\":\"ListItem\",\"position\":3,\"name\":\"Guantes VERTIGO Verdes 2020\"}]},{\"@type\":\"WebSite\",\"@id\":\"https:\\\/\\\/todotrial.com\\\/tienda\\\/#website\",\"url\":\"https:\\\/\\\/todotrial.com\\\/tienda\\\/\",\"name\":\"Tienda de todotrial\",\"description\":\"\",\"potentialAction\":[{\"@type\":\"SearchAction\",\"target\":{\"@type\":\"EntryPoint\",\"urlTemplate\":\"https:\\\/\\\/todotrial.com\\\/tienda\\\/?s={search_term_string}\"},\"query-input\":{\"@type\":\"PropertyValueSpecification\",\"valueRequired\":true,\"valueName\":\"search_term_string\"}}],\"inLanguage\":\"es\"}]}<\/script>\n<!-- \/ Yoast SEO Premium plugin. -->","yoast_head_json":{"title":"Guantes VERTIGO Verdes 2020 - Tienda de todotrial","robots":{"index":"index","follow":"follow","max-snippet":"max-snippet:-1","max-image-preview":"max-image-preview:large","max-video-preview":"max-video-preview:-1"},"canonical":"https:\/\/todotrial.com\/tienda\/guantes-vertigo-verdes-2020\/","og_locale":"es_ES","og_type":"article","og_title":"Guantes VERTIGO Verdes 2020","og_description":"Color: Verde   CONSULTA TU TALLA","og_url":"https:\/\/todotrial.com\/tienda\/guantes-vertigo-verdes-2020\/","og_site_name":"Tienda de todotrial","article_modified_time":"2026-02-21T19:39:27+00:00","og_image":[{"width":800,"height":800,"url":"https:\/\/todotrial.com\/tienda\/wp-content\/uploads\/2020\/12\/4770-Guantes-VERTIGO-Verdes-2020-1.jpg","type":"image\/jpeg"}],"twitter_card":"summary_large_image","twitter_misc":{"Tiempo de lectura":"1 minuto"},"schema":{"@context":"https:\/\/schema.org","@graph":[{"@type":"WebPage","@id":"https:\/\/todotrial.com\/tienda\/guantes-vertigo-verdes-2020\/","url":"https:\/\/todotrial.com\/tienda\/guantes-vertigo-verdes-2020\/","name":"Guantes VERTIGO Verdes 2020 - Tienda de todotrial","isPartOf":{"@id":"https:\/\/todotrial.com\/tienda\/#website"},"primaryImageOfPage":{"@id":"https:\/\/todotrial.com\/tienda\/guantes-vertigo-verdes-2020\/#primaryimage"},"image":{"@id":"https:\/\/todotrial.com\/tienda\/guantes-vertigo-verdes-2020\/#primaryimage"},"thumbnailUrl":"https:\/\/todotrial.com\/tienda\/wp-content\/uploads\/2020\/12\/4770-Guantes-VERTIGO-Verdes-2020-1.jpg","datePublished":"2025-03-18T16:01:30+00:00","dateModified":"2026-02-21T19:39:27+00:00","breadcrumb":{"@id":"https:\/\/todotrial.com\/tienda\/guantes-vertigo-verdes-2020\/#breadcrumb"},"inLanguage":"es","potentialAction":[{"@type":"ReadAction","target":["https:\/\/todotrial.com\/tienda\/guantes-vertigo-verdes-2020\/"]}]},{"@type":"ImageObject","inLanguage":"es","@id":"https:\/\/todotrial.com\/tienda\/guantes-vertigo-verdes-2020\/#primaryimage","url":"https:\/\/todotrial.com\/tienda\/wp-content\/uploads\/2020\/12\/4770-Guantes-VERTIGO-Verdes-2020-1.jpg","contentUrl":"https:\/\/todotrial.com\/tienda\/wp-content\/uploads\/2020\/12\/4770-Guantes-VERTIGO-Verdes-2020-1.jpg","width":800,"height":800},{"@type":"BreadcrumbList","@id":"https:\/\/todotrial.com\/tienda\/guantes-vertigo-verdes-2020\/#breadcrumb","itemListElement":[{"@type":"ListItem","position":1,"name":"Portada","item":"https:\/\/todotrial.com\/tienda\/"},{"@type":"ListItem","position":2,"name":"Shop","item":"https:\/\/todotrial.com\/tienda\/shop\/"},{"@type":"ListItem","position":3,"name":"Guantes VERTIGO Verdes 2020"}]},{"@type":"WebSite","@id":"https:\/\/todotrial.com\/tienda\/#website","url":"https:\/\/todotrial.com\/tienda\/","name":"Tienda de todotrial","description":"","potentialAction":[{"@type":"SearchAction","target":{"@type":"EntryPoint","urlTemplate":"https:\/\/todotrial.com\/tienda\/?s={search_term_string}"},"query-input":{"@type":"PropertyValueSpecification","valueRequired":true,"valueName":"search_term_string"}}],"inLanguage":"es"}]}},"_links":{"self":[{"href":"https:\/\/todotrial.com\/tienda\/wp-json\/wp\/v2\/product\/36336","targetHints":{"allow":["GET"]}}],"collection":[{"href":"https:\/\/todotrial.com\/tienda\/wp-json\/wp\/v2\/product"}],"about":[{"href":"https:\/\/todotrial.com\/tienda\/wp-json\/wp\/v2\/types\/product"}],"replies":[{"embeddable":true,"href":"https:\/\/todotrial.com\/tienda\/wp-json\/wp\/v2\/comments?post=36336"}],"version-history":[{"count":1,"href":"https:\/\/todotrial.com\/tienda\/wp-json\/wp\/v2\/product\/36336\/revisions"}],"predecessor-version":[{"id":53368,"href":"https:\/\/todotrial.com\/tienda\/wp-json\/wp\/v2\/product\/36336\/revisions\/53368"}],"wp:featuredmedia":[{"embeddable":true,"href":"https:\/\/todotrial.com\/tienda\/wp-json\/wp\/v2\/media\/36347"}],"wp:attachment":[{"href":"https:\/\/todotrial.com\/tienda\/wp-json\/wp\/v2\/media?parent=36336"}],"wp:term":[{"taxonomy":"product_brand","embeddable":true,"href":"https:\/\/todotrial.com\/tienda\/wp-json\/wp\/v2\/product_brand?post=36336"},{"taxonomy":"product_cat","embeddable":true,"href":"https:\/\/todotrial.com\/tienda\/wp-json\/wp\/v2\/product_cat?post=36336"},{"taxonomy":"product_tag","embeddable":true,"href":"https:\/\/todotrial.com\/tienda\/wp-json\/wp\/v2\/product_tag?post=36336"}],"curies":[{"name":"wp","href":"https:\/\/api.w.org\/{rel}","templated":true}]}}