{"id":36291,"date":"2020-12-16T22:36:38","date_gmt":"2020-12-16T21:36:38","guid":{"rendered":"https:\/\/todotrial.com\/tienda\/product\/import-placeholder-for-7440\/"},"modified":"2020-12-16T22:37:27","modified_gmt":"2020-12-16T21:37:27","slug":"palanca-freno-factory-trs-16-20-comas","status":"publish","type":"product","link":"https:\/\/todotrial.com\/tienda\/palanca-freno-factory-trs-16-20-comas\/","title":{"rendered":"Palanca Freno Factory TRS 16-20 COMAS"},"content":{"rendered":"<p style=\"margin:0px;line-height:normal;font-family:Arial;\"><span><b>Descripci\u00f3n<\/b><\/span><\/p>\n<p style=\"margin:0px;line-height:normal;font-family:Arial;\">\n<ul>\n<li>&#8211; Pedal de freno COMAS Factory para TRRS en construcci\u00f3n de aluminio mecanizado CNC y forja de alta calidad.<\/li>\n<li>&#8211; Nueva posici\u00f3n retardada de la punta para obtener un mejor control del frenado.<\/li>\n<li>&#8211; Punta de aluminio mecanizada con micro puntas para maximizar la estabilidad y el agarre.<\/li>\n<li>&#8211; Amplia base de apoyo para un control \u00f3ptimo del freno trasero.<\/li>\n<li>&#8211; Incluye tornillos de ajuste de altura y de tensi\u00f3n de la bomba.<\/li>\n<li>&#8211; Rotaci\u00f3n de la palanca mediante rodamiento de agujas sellado 2RS.<\/li>\n<li>&#8211; Sistema de muelles para evitar roturas con peque\u00f1os golpes.<\/li>\n<li>&#8211; El aluminio tiene la ventaja de ser m\u00e1s duradero y d\u00factil en caso de un peque\u00f1o impacto.<\/li>\n<li>&#8211; Compatible para TRRS 16-20<\/li>\n<\/ul>\n<p style=\"margin:0px;line-height:normal;font-family:Arial;\">\n<p style=\"margin:0px;line-height:normal;font-family:Arial;\"><span><b>Material<\/b><\/span><\/p>\n<p style=\"margin:0px;line-height:normal;font-family:Arial;\"><span>&#8211; Cuerpo: Aluminio forjado<\/span><\/p>\n<p style=\"margin:0px;line-height:normal;font-family:Arial;\"><span>&#8211; Puntera: Aluminio mecanizado CNC<\/span><\/p>\n<p style=\"margin:0px;line-height:normal;font-family:Arial;\">\n<p style=\"margin:0px;line-height:normal;font-family:Arial;\"><span><b>Medidas<\/b><\/span><\/p>\n<p style=\"margin:0px;line-height:normal;font-family:Arial;\"><span>&#8211; Base de apoyo: 29mm<\/span><\/p>\n<p style=\"margin:0px;line-height:normal;font-family:Arial;\"><span>&#8211; Longitud: 95mm<\/span><\/p>\n<p style=\"margin:0px;line-height:normal;font-family:Arial;\"><span>&#8211; Ancho total: 76mm<\/span><\/p>\n<p style=\"margin:0px;line-height:normal;font-family:Arial;\">\n<p style=\"margin:0px;line-height:normal;font-family:Arial;\"><span><b>Acabado<\/b><\/span><\/p>\n<p style=\"margin:0px;line-height:normal;font-family:Arial;\"><span>&#8211; Acabado en Negro\/Rojo con logotipos COMAS grabados con l\u00e1ser<\/span><\/p>\n<p style=\"margin:0px;line-height:normal;font-family:Arial;\">\n<p style=\"margin:0px;line-height:normal;font-family:Arial;\"><span><b>Peso<\/b><\/span><\/p>\n<p style=\"margin:0px;line-height:normal;font-family:Arial;\">&#8211; 126g<\/p>\n","protected":false},"excerpt":{"rendered":"<p><strong>Color: Negro\/Rojo<\/strong><\/p>\n<p><strong>Para TRS 16-20<\/strong><\/p>\n","protected":false},"featured_media":36310,"comment_status":"open","ping_status":"closed","template":"","meta":[],"product_brand":[],"product_cat":[11412,11384,11413,11385,11374],"product_tag":[],"class_list":{"0":"post-36291","1":"product","2":"type-product","3":"status-publish","4":"has-post-thumbnail","6":"product_cat-frenos-piezas-moto","7":"product_cat-moto","8":"product_cat-palancas-de-freno","9":"product_cat-piezas-moto","10":"product_cat-raiz","12":"first","13":"onbackorder","14":"taxable","15":"shipping-taxable","16":"purchasable","17":"product-type-simple"},"yoast_head":"<!-- This site is optimized with the Yoast SEO Premium plugin v21.2 (Yoast SEO v27.3) - https:\/\/yoast.com\/product\/yoast-seo-premium-wordpress\/ -->\n<title>Palanca Freno Factory TRS 16-20 COMAS - Tienda de todotrial<\/title>\n<meta name=\"robots\" content=\"index, follow, max-snippet:-1, max-image-preview:large, max-video-preview:-1\" \/>\n<link rel=\"canonical\" href=\"https:\/\/todotrial.com\/tienda\/palanca-freno-factory-trs-16-20-comas\/\" \/>\n<meta property=\"og:locale\" content=\"es_ES\" \/>\n<meta property=\"og:type\" content=\"article\" \/>\n<meta property=\"og:title\" content=\"Palanca Freno Factory TRS 16-20 COMAS\" \/>\n<meta property=\"og:description\" content=\"Color: Negro\/Rojo Para TRS 16-20\" \/>\n<meta property=\"og:url\" content=\"https:\/\/todotrial.com\/tienda\/palanca-freno-factory-trs-16-20-comas\/\" \/>\n<meta property=\"og:site_name\" content=\"Tienda de todotrial\" \/>\n<meta property=\"article:modified_time\" content=\"2020-12-16T21:37:27+00:00\" \/>\n<meta property=\"og:image\" content=\"https:\/\/todotrial.com\/tienda\/wp-content\/uploads\/2020\/12\/4741-Palanca-Freno-Factory-TRS-16-20-COMAS-2.png\" \/>\n\t<meta property=\"og:image:width\" content=\"800\" \/>\n\t<meta property=\"og:image:height\" content=\"800\" \/>\n\t<meta property=\"og:image:type\" content=\"image\/png\" \/>\n<meta name=\"twitter:card\" content=\"summary_large_image\" \/>\n<meta name=\"twitter:label1\" content=\"Tiempo de lectura\" \/>\n\t<meta name=\"twitter:data1\" content=\"1 minuto\" \/>\n<script type=\"application\/ld+json\" class=\"yoast-schema-graph\">{\"@context\":\"https:\\\/\\\/schema.org\",\"@graph\":[{\"@type\":\"WebPage\",\"@id\":\"https:\\\/\\\/todotrial.com\\\/tienda\\\/palanca-freno-factory-trs-16-20-comas\\\/\",\"url\":\"https:\\\/\\\/todotrial.com\\\/tienda\\\/palanca-freno-factory-trs-16-20-comas\\\/\",\"name\":\"Palanca Freno Factory TRS 16-20 COMAS - Tienda de todotrial\",\"isPartOf\":{\"@id\":\"https:\\\/\\\/todotrial.com\\\/tienda\\\/#website\"},\"primaryImageOfPage\":{\"@id\":\"https:\\\/\\\/todotrial.com\\\/tienda\\\/palanca-freno-factory-trs-16-20-comas\\\/#primaryimage\"},\"image\":{\"@id\":\"https:\\\/\\\/todotrial.com\\\/tienda\\\/palanca-freno-factory-trs-16-20-comas\\\/#primaryimage\"},\"thumbnailUrl\":\"https:\\\/\\\/todotrial.com\\\/tienda\\\/wp-content\\\/uploads\\\/2020\\\/12\\\/4741-Palanca-Freno-Factory-TRS-16-20-COMAS-2.png\",\"datePublished\":\"2020-12-16T21:36:38+00:00\",\"dateModified\":\"2020-12-16T21:37:27+00:00\",\"breadcrumb\":{\"@id\":\"https:\\\/\\\/todotrial.com\\\/tienda\\\/palanca-freno-factory-trs-16-20-comas\\\/#breadcrumb\"},\"inLanguage\":\"es\",\"potentialAction\":[{\"@type\":\"ReadAction\",\"target\":[\"https:\\\/\\\/todotrial.com\\\/tienda\\\/palanca-freno-factory-trs-16-20-comas\\\/\"]}]},{\"@type\":\"ImageObject\",\"inLanguage\":\"es\",\"@id\":\"https:\\\/\\\/todotrial.com\\\/tienda\\\/palanca-freno-factory-trs-16-20-comas\\\/#primaryimage\",\"url\":\"https:\\\/\\\/todotrial.com\\\/tienda\\\/wp-content\\\/uploads\\\/2020\\\/12\\\/4741-Palanca-Freno-Factory-TRS-16-20-COMAS-2.png\",\"contentUrl\":\"https:\\\/\\\/todotrial.com\\\/tienda\\\/wp-content\\\/uploads\\\/2020\\\/12\\\/4741-Palanca-Freno-Factory-TRS-16-20-COMAS-2.png\",\"width\":800,\"height\":800},{\"@type\":\"BreadcrumbList\",\"@id\":\"https:\\\/\\\/todotrial.com\\\/tienda\\\/palanca-freno-factory-trs-16-20-comas\\\/#breadcrumb\",\"itemListElement\":[{\"@type\":\"ListItem\",\"position\":1,\"name\":\"Portada\",\"item\":\"https:\\\/\\\/todotrial.com\\\/tienda\\\/\"},{\"@type\":\"ListItem\",\"position\":2,\"name\":\"Shop\",\"item\":\"https:\\\/\\\/todotrial.com\\\/tienda\\\/shop\\\/\"},{\"@type\":\"ListItem\",\"position\":3,\"name\":\"Palanca Freno Factory TRS 16-20 COMAS\"}]},{\"@type\":\"WebSite\",\"@id\":\"https:\\\/\\\/todotrial.com\\\/tienda\\\/#website\",\"url\":\"https:\\\/\\\/todotrial.com\\\/tienda\\\/\",\"name\":\"Tienda de todotrial\",\"description\":\"\",\"potentialAction\":[{\"@type\":\"SearchAction\",\"target\":{\"@type\":\"EntryPoint\",\"urlTemplate\":\"https:\\\/\\\/todotrial.com\\\/tienda\\\/?s={search_term_string}\"},\"query-input\":{\"@type\":\"PropertyValueSpecification\",\"valueRequired\":true,\"valueName\":\"search_term_string\"}}],\"inLanguage\":\"es\"}]}<\/script>\n<!-- \/ Yoast SEO Premium plugin. -->","yoast_head_json":{"title":"Palanca Freno Factory TRS 16-20 COMAS - Tienda de todotrial","robots":{"index":"index","follow":"follow","max-snippet":"max-snippet:-1","max-image-preview":"max-image-preview:large","max-video-preview":"max-video-preview:-1"},"canonical":"https:\/\/todotrial.com\/tienda\/palanca-freno-factory-trs-16-20-comas\/","og_locale":"es_ES","og_type":"article","og_title":"Palanca Freno Factory TRS 16-20 COMAS","og_description":"Color: Negro\/Rojo Para TRS 16-20","og_url":"https:\/\/todotrial.com\/tienda\/palanca-freno-factory-trs-16-20-comas\/","og_site_name":"Tienda de todotrial","article_modified_time":"2020-12-16T21:37:27+00:00","og_image":[{"width":800,"height":800,"url":"https:\/\/todotrial.com\/tienda\/wp-content\/uploads\/2020\/12\/4741-Palanca-Freno-Factory-TRS-16-20-COMAS-2.png","type":"image\/png"}],"twitter_card":"summary_large_image","twitter_misc":{"Tiempo de lectura":"1 minuto"},"schema":{"@context":"https:\/\/schema.org","@graph":[{"@type":"WebPage","@id":"https:\/\/todotrial.com\/tienda\/palanca-freno-factory-trs-16-20-comas\/","url":"https:\/\/todotrial.com\/tienda\/palanca-freno-factory-trs-16-20-comas\/","name":"Palanca Freno Factory TRS 16-20 COMAS - Tienda de todotrial","isPartOf":{"@id":"https:\/\/todotrial.com\/tienda\/#website"},"primaryImageOfPage":{"@id":"https:\/\/todotrial.com\/tienda\/palanca-freno-factory-trs-16-20-comas\/#primaryimage"},"image":{"@id":"https:\/\/todotrial.com\/tienda\/palanca-freno-factory-trs-16-20-comas\/#primaryimage"},"thumbnailUrl":"https:\/\/todotrial.com\/tienda\/wp-content\/uploads\/2020\/12\/4741-Palanca-Freno-Factory-TRS-16-20-COMAS-2.png","datePublished":"2020-12-16T21:36:38+00:00","dateModified":"2020-12-16T21:37:27+00:00","breadcrumb":{"@id":"https:\/\/todotrial.com\/tienda\/palanca-freno-factory-trs-16-20-comas\/#breadcrumb"},"inLanguage":"es","potentialAction":[{"@type":"ReadAction","target":["https:\/\/todotrial.com\/tienda\/palanca-freno-factory-trs-16-20-comas\/"]}]},{"@type":"ImageObject","inLanguage":"es","@id":"https:\/\/todotrial.com\/tienda\/palanca-freno-factory-trs-16-20-comas\/#primaryimage","url":"https:\/\/todotrial.com\/tienda\/wp-content\/uploads\/2020\/12\/4741-Palanca-Freno-Factory-TRS-16-20-COMAS-2.png","contentUrl":"https:\/\/todotrial.com\/tienda\/wp-content\/uploads\/2020\/12\/4741-Palanca-Freno-Factory-TRS-16-20-COMAS-2.png","width":800,"height":800},{"@type":"BreadcrumbList","@id":"https:\/\/todotrial.com\/tienda\/palanca-freno-factory-trs-16-20-comas\/#breadcrumb","itemListElement":[{"@type":"ListItem","position":1,"name":"Portada","item":"https:\/\/todotrial.com\/tienda\/"},{"@type":"ListItem","position":2,"name":"Shop","item":"https:\/\/todotrial.com\/tienda\/shop\/"},{"@type":"ListItem","position":3,"name":"Palanca Freno Factory TRS 16-20 COMAS"}]},{"@type":"WebSite","@id":"https:\/\/todotrial.com\/tienda\/#website","url":"https:\/\/todotrial.com\/tienda\/","name":"Tienda de todotrial","description":"","potentialAction":[{"@type":"SearchAction","target":{"@type":"EntryPoint","urlTemplate":"https:\/\/todotrial.com\/tienda\/?s={search_term_string}"},"query-input":{"@type":"PropertyValueSpecification","valueRequired":true,"valueName":"search_term_string"}}],"inLanguage":"es"}]}},"_links":{"self":[{"href":"https:\/\/todotrial.com\/tienda\/wp-json\/wp\/v2\/product\/36291","targetHints":{"allow":["GET"]}}],"collection":[{"href":"https:\/\/todotrial.com\/tienda\/wp-json\/wp\/v2\/product"}],"about":[{"href":"https:\/\/todotrial.com\/tienda\/wp-json\/wp\/v2\/types\/product"}],"replies":[{"embeddable":true,"href":"https:\/\/todotrial.com\/tienda\/wp-json\/wp\/v2\/comments?post=36291"}],"version-history":[{"count":0,"href":"https:\/\/todotrial.com\/tienda\/wp-json\/wp\/v2\/product\/36291\/revisions"}],"wp:featuredmedia":[{"embeddable":true,"href":"https:\/\/todotrial.com\/tienda\/wp-json\/wp\/v2\/media\/36310"}],"wp:attachment":[{"href":"https:\/\/todotrial.com\/tienda\/wp-json\/wp\/v2\/media?parent=36291"}],"wp:term":[{"taxonomy":"product_brand","embeddable":true,"href":"https:\/\/todotrial.com\/tienda\/wp-json\/wp\/v2\/product_brand?post=36291"},{"taxonomy":"product_cat","embeddable":true,"href":"https:\/\/todotrial.com\/tienda\/wp-json\/wp\/v2\/product_cat?post=36291"},{"taxonomy":"product_tag","embeddable":true,"href":"https:\/\/todotrial.com\/tienda\/wp-json\/wp\/v2\/product_tag?post=36291"}],"curies":[{"name":"wp","href":"https:\/\/api.w.org\/{rel}","templated":true}]}}