{"id":36233,"date":"2020-12-16T22:34:20","date_gmt":"2020-12-16T21:34:20","guid":{"rendered":"https:\/\/todotrial.com\/tienda\/product\/import-placeholder-for-7400\/"},"modified":"2020-12-16T22:36:36","modified_gmt":"2020-12-16T21:36:36","slug":"botas-technical-2-0-w-micro-hebo","status":"publish","type":"product","link":"https:\/\/todotrial.com\/tienda\/botas-technical-2-0-w-micro-hebo\/","title":{"rendered":"Botas TECHNICAL 2.0 W Micro HEBO"},"content":{"rendered":"<p>Caracter\u00edsticas:<\/p>\n<p>Se presenta con membrana interior water resistant, protector y cierre de ajuste\u00a0en tibia, entradas de aire, cierre de aluminio y refuerzo en tal\u00f3n.<\/p>\n<p>Su\u00a0zona de flexi\u00f3n acolchada y su protector interno TPU ofrece mayor comfort y resistencia.<\/p>\n<p>Tallas: 38 a 48<\/p>\n","protected":false},"excerpt":{"rendered":"<p>La bota de\u00a0microfibra Technical 2.0, con refuerzo en puntera y zona especial para estriberas,est\u00e1 constru\u00edda con nueva suela asim\u00e9trica y doble densidad super ligera de 2200 gr\/par<\/p>\n","protected":false},"featured_media":36273,"comment_status":"open","ping_status":"closed","template":"","meta":[],"product_brand":[],"product_cat":[11446,11393,11384,11374],"product_tag":[],"class_list":{"0":"post-36233","1":"product","2":"type-product","3":"status-publish","4":"has-post-thumbnail","6":"product_cat-botas-equipacion","7":"product_cat-equipacion-moto","8":"product_cat-moto","9":"product_cat-raiz","10":"pa_color-blanco","12":"first","13":"onbackorder","14":"sale","15":"taxable","16":"shipping-taxable","17":"purchasable","18":"product-type-variable","19":"has-default-attributes"},"yoast_head":"<!-- This site is optimized with the Yoast SEO Premium plugin v21.2 (Yoast SEO v27.4) - https:\/\/yoast.com\/product\/yoast-seo-premium-wordpress\/ -->\n<title>Botas TECHNICAL 2.0 W Micro HEBO - Tienda de todotrial<\/title>\n<meta name=\"robots\" content=\"index, follow, max-snippet:-1, max-image-preview:large, max-video-preview:-1\" \/>\n<link rel=\"canonical\" href=\"https:\/\/todotrial.com\/tienda\/botas-technical-2-0-w-micro-hebo\/\" \/>\n<meta property=\"og:locale\" content=\"es_ES\" \/>\n<meta property=\"og:type\" content=\"article\" \/>\n<meta property=\"og:title\" content=\"Botas TECHNICAL 2.0 W Micro HEBO\" \/>\n<meta property=\"og:description\" content=\"La bota de\u00a0microfibra Technical 2.0, con refuerzo en puntera y zona especial para estriberas,est\u00e1 constru\u00edda con nueva suela asim\u00e9trica y doble densidad super ligera de 2200 gr\/par\" \/>\n<meta property=\"og:url\" content=\"https:\/\/todotrial.com\/tienda\/botas-technical-2-0-w-micro-hebo\/\" \/>\n<meta property=\"og:site_name\" content=\"Tienda de todotrial\" \/>\n<meta property=\"article:modified_time\" content=\"2020-12-16T21:36:36+00:00\" \/>\n<meta property=\"og:image\" content=\"https:\/\/todotrial.com\/tienda\/wp-content\/uploads\/2020\/12\/4715-Botas-TECHNICAL-2.0-W-Micro-HEBO-2.jpg\" \/>\n\t<meta property=\"og:image:width\" content=\"948\" \/>\n\t<meta property=\"og:image:height\" content=\"948\" \/>\n\t<meta property=\"og:image:type\" content=\"image\/jpeg\" \/>\n<meta name=\"twitter:card\" content=\"summary_large_image\" \/>\n<script type=\"application\/ld+json\" class=\"yoast-schema-graph\">{\"@context\":\"https:\\\/\\\/schema.org\",\"@graph\":[{\"@type\":\"WebPage\",\"@id\":\"https:\\\/\\\/todotrial.com\\\/tienda\\\/botas-technical-2-0-w-micro-hebo\\\/\",\"url\":\"https:\\\/\\\/todotrial.com\\\/tienda\\\/botas-technical-2-0-w-micro-hebo\\\/\",\"name\":\"Botas TECHNICAL 2.0 W Micro HEBO - Tienda de todotrial\",\"isPartOf\":{\"@id\":\"https:\\\/\\\/todotrial.com\\\/tienda\\\/#website\"},\"primaryImageOfPage\":{\"@id\":\"https:\\\/\\\/todotrial.com\\\/tienda\\\/botas-technical-2-0-w-micro-hebo\\\/#primaryimage\"},\"image\":{\"@id\":\"https:\\\/\\\/todotrial.com\\\/tienda\\\/botas-technical-2-0-w-micro-hebo\\\/#primaryimage\"},\"thumbnailUrl\":\"https:\\\/\\\/todotrial.com\\\/tienda\\\/wp-content\\\/uploads\\\/2020\\\/12\\\/4715-Botas-TECHNICAL-2.0-W-Micro-HEBO-2.jpg\",\"datePublished\":\"2020-12-16T21:34:20+00:00\",\"dateModified\":\"2020-12-16T21:36:36+00:00\",\"breadcrumb\":{\"@id\":\"https:\\\/\\\/todotrial.com\\\/tienda\\\/botas-technical-2-0-w-micro-hebo\\\/#breadcrumb\"},\"inLanguage\":\"es\",\"potentialAction\":[{\"@type\":\"ReadAction\",\"target\":[\"https:\\\/\\\/todotrial.com\\\/tienda\\\/botas-technical-2-0-w-micro-hebo\\\/\"]}]},{\"@type\":\"ImageObject\",\"inLanguage\":\"es\",\"@id\":\"https:\\\/\\\/todotrial.com\\\/tienda\\\/botas-technical-2-0-w-micro-hebo\\\/#primaryimage\",\"url\":\"https:\\\/\\\/todotrial.com\\\/tienda\\\/wp-content\\\/uploads\\\/2020\\\/12\\\/4715-Botas-TECHNICAL-2.0-W-Micro-HEBO-2.jpg\",\"contentUrl\":\"https:\\\/\\\/todotrial.com\\\/tienda\\\/wp-content\\\/uploads\\\/2020\\\/12\\\/4715-Botas-TECHNICAL-2.0-W-Micro-HEBO-2.jpg\",\"width\":948,\"height\":948},{\"@type\":\"BreadcrumbList\",\"@id\":\"https:\\\/\\\/todotrial.com\\\/tienda\\\/botas-technical-2-0-w-micro-hebo\\\/#breadcrumb\",\"itemListElement\":[{\"@type\":\"ListItem\",\"position\":1,\"name\":\"Portada\",\"item\":\"https:\\\/\\\/todotrial.com\\\/tienda\\\/\"},{\"@type\":\"ListItem\",\"position\":2,\"name\":\"Shop\",\"item\":\"https:\\\/\\\/todotrial.com\\\/tienda\\\/shop\\\/\"},{\"@type\":\"ListItem\",\"position\":3,\"name\":\"Botas TECHNICAL 2.0 W Micro HEBO\"}]},{\"@type\":\"WebSite\",\"@id\":\"https:\\\/\\\/todotrial.com\\\/tienda\\\/#website\",\"url\":\"https:\\\/\\\/todotrial.com\\\/tienda\\\/\",\"name\":\"Tienda de todotrial\",\"description\":\"\",\"potentialAction\":[{\"@type\":\"SearchAction\",\"target\":{\"@type\":\"EntryPoint\",\"urlTemplate\":\"https:\\\/\\\/todotrial.com\\\/tienda\\\/?s={search_term_string}\"},\"query-input\":{\"@type\":\"PropertyValueSpecification\",\"valueRequired\":true,\"valueName\":\"search_term_string\"}}],\"inLanguage\":\"es\"}]}<\/script>\n<!-- \/ Yoast SEO Premium plugin. -->","yoast_head_json":{"title":"Botas TECHNICAL 2.0 W Micro HEBO - Tienda de todotrial","robots":{"index":"index","follow":"follow","max-snippet":"max-snippet:-1","max-image-preview":"max-image-preview:large","max-video-preview":"max-video-preview:-1"},"canonical":"https:\/\/todotrial.com\/tienda\/botas-technical-2-0-w-micro-hebo\/","og_locale":"es_ES","og_type":"article","og_title":"Botas TECHNICAL 2.0 W Micro HEBO","og_description":"La bota de\u00a0microfibra Technical 2.0, con refuerzo en puntera y zona especial para estriberas,est\u00e1 constru\u00edda con nueva suela asim\u00e9trica y doble densidad super ligera de 2200 gr\/par","og_url":"https:\/\/todotrial.com\/tienda\/botas-technical-2-0-w-micro-hebo\/","og_site_name":"Tienda de todotrial","article_modified_time":"2020-12-16T21:36:36+00:00","og_image":[{"width":948,"height":948,"url":"https:\/\/todotrial.com\/tienda\/wp-content\/uploads\/2020\/12\/4715-Botas-TECHNICAL-2.0-W-Micro-HEBO-2.jpg","type":"image\/jpeg"}],"twitter_card":"summary_large_image","schema":{"@context":"https:\/\/schema.org","@graph":[{"@type":"WebPage","@id":"https:\/\/todotrial.com\/tienda\/botas-technical-2-0-w-micro-hebo\/","url":"https:\/\/todotrial.com\/tienda\/botas-technical-2-0-w-micro-hebo\/","name":"Botas TECHNICAL 2.0 W Micro HEBO - Tienda de todotrial","isPartOf":{"@id":"https:\/\/todotrial.com\/tienda\/#website"},"primaryImageOfPage":{"@id":"https:\/\/todotrial.com\/tienda\/botas-technical-2-0-w-micro-hebo\/#primaryimage"},"image":{"@id":"https:\/\/todotrial.com\/tienda\/botas-technical-2-0-w-micro-hebo\/#primaryimage"},"thumbnailUrl":"https:\/\/todotrial.com\/tienda\/wp-content\/uploads\/2020\/12\/4715-Botas-TECHNICAL-2.0-W-Micro-HEBO-2.jpg","datePublished":"2020-12-16T21:34:20+00:00","dateModified":"2020-12-16T21:36:36+00:00","breadcrumb":{"@id":"https:\/\/todotrial.com\/tienda\/botas-technical-2-0-w-micro-hebo\/#breadcrumb"},"inLanguage":"es","potentialAction":[{"@type":"ReadAction","target":["https:\/\/todotrial.com\/tienda\/botas-technical-2-0-w-micro-hebo\/"]}]},{"@type":"ImageObject","inLanguage":"es","@id":"https:\/\/todotrial.com\/tienda\/botas-technical-2-0-w-micro-hebo\/#primaryimage","url":"https:\/\/todotrial.com\/tienda\/wp-content\/uploads\/2020\/12\/4715-Botas-TECHNICAL-2.0-W-Micro-HEBO-2.jpg","contentUrl":"https:\/\/todotrial.com\/tienda\/wp-content\/uploads\/2020\/12\/4715-Botas-TECHNICAL-2.0-W-Micro-HEBO-2.jpg","width":948,"height":948},{"@type":"BreadcrumbList","@id":"https:\/\/todotrial.com\/tienda\/botas-technical-2-0-w-micro-hebo\/#breadcrumb","itemListElement":[{"@type":"ListItem","position":1,"name":"Portada","item":"https:\/\/todotrial.com\/tienda\/"},{"@type":"ListItem","position":2,"name":"Shop","item":"https:\/\/todotrial.com\/tienda\/shop\/"},{"@type":"ListItem","position":3,"name":"Botas TECHNICAL 2.0 W Micro HEBO"}]},{"@type":"WebSite","@id":"https:\/\/todotrial.com\/tienda\/#website","url":"https:\/\/todotrial.com\/tienda\/","name":"Tienda de todotrial","description":"","potentialAction":[{"@type":"SearchAction","target":{"@type":"EntryPoint","urlTemplate":"https:\/\/todotrial.com\/tienda\/?s={search_term_string}"},"query-input":{"@type":"PropertyValueSpecification","valueRequired":true,"valueName":"search_term_string"}}],"inLanguage":"es"}]}},"_links":{"self":[{"href":"https:\/\/todotrial.com\/tienda\/wp-json\/wp\/v2\/product\/36233","targetHints":{"allow":["GET"]}}],"collection":[{"href":"https:\/\/todotrial.com\/tienda\/wp-json\/wp\/v2\/product"}],"about":[{"href":"https:\/\/todotrial.com\/tienda\/wp-json\/wp\/v2\/types\/product"}],"replies":[{"embeddable":true,"href":"https:\/\/todotrial.com\/tienda\/wp-json\/wp\/v2\/comments?post=36233"}],"version-history":[{"count":0,"href":"https:\/\/todotrial.com\/tienda\/wp-json\/wp\/v2\/product\/36233\/revisions"}],"wp:featuredmedia":[{"embeddable":true,"href":"https:\/\/todotrial.com\/tienda\/wp-json\/wp\/v2\/media\/36273"}],"wp:attachment":[{"href":"https:\/\/todotrial.com\/tienda\/wp-json\/wp\/v2\/media?parent=36233"}],"wp:term":[{"taxonomy":"product_brand","embeddable":true,"href":"https:\/\/todotrial.com\/tienda\/wp-json\/wp\/v2\/product_brand?post=36233"},{"taxonomy":"product_cat","embeddable":true,"href":"https:\/\/todotrial.com\/tienda\/wp-json\/wp\/v2\/product_cat?post=36233"},{"taxonomy":"product_tag","embeddable":true,"href":"https:\/\/todotrial.com\/tienda\/wp-json\/wp\/v2\/product_tag?post=36233"}],"curies":[{"name":"wp","href":"https:\/\/api.w.org\/{rel}","templated":true}]}}