{"id":36164,"date":"2020-12-16T22:31:16","date_gmt":"2020-12-16T21:31:16","guid":{"rendered":"https:\/\/todotrial.com\/tienda\/product\/import-placeholder-for-7335\/"},"modified":"2020-12-16T22:33:19","modified_gmt":"2020-12-16T21:33:19","slug":"guantes-race-g20-comas","status":"publish","type":"product","link":"https:\/\/todotrial.com\/tienda\/guantes-race-g20-comas\/","title":{"rendered":"Guantes RACE G20 COMAS"},"content":{"rendered":"<p><strong>Descripci\u00f3n<\/strong><br \/>&#8211; Nueva generaci\u00f3n de guantes ultraligeros COMAS Race con ajuste y patr\u00f3n ergon\u00f3mico.<br \/>&#8211; Material \u2018Amara\u2019 ultra-suave en la palma para aumentar el control.<br \/>&#8211; Dise\u00f1o estrat\u00e9gico de la palma que mejora el ajuste y confort .<br \/>&#8211; Malla el\u00e1stica transpirable de alta calidad en la parte superior con tacto suave y m\u00e1ximo agarre.<br \/>&#8211; Cierre por correa de goma inyectada\/velcro y ajuste extra mediante costura el\u00e1stica \u2018zig-zag\u2019.<br \/>&#8211; Articulaciones de los dedos sin costuras y laterales fabricados en lycra flexible y c\u00f3moda.<br \/>&#8211; Doble costura en \u00e1reas cr\u00edticas para mejorar la durabilidad.<br \/>&#8211; Dise\u00f1o y gr\u00e1ficos sublimados de alta calidad.<br \/><strong>Material<\/strong><br \/>&#8211; Palma: 100% poli\u00e9ster<br \/>&#8211; Malla: 84.30% poli\u00e9ster \/ 15.70% elastano<br \/>&#8211; Cierre: Goma inyectada + Velcro<br \/><strong>Tallas<\/strong><br \/>&#8211; Disponibles en tallas: KS, KM, KL, KXL, S, M, L, XL y 2XL<br \/><strong>Acabado<\/strong><br \/>&#8211; Color Rojo\/Negro, Gris\/Negro y Blanco\/Negro con gr\u00e1ficos Comas en blanco.<br \/><strong>Informaci\u00f3n adicional<\/strong>\u00a0<br \/>Verificar tabla de tallas y medidas para seleccionar la talla correcta.<br \/>Seguir las instrucciones de lavado. No planchar. Lavar en fr\u00edo.<\/p>\n","protected":false},"excerpt":{"rendered":"<p><strong>Color: Verde\/Negro<\/strong><\/p>\n<p><a href=\"http:\/\/nowtrial.com\/\/wp-content\/uploads\/2020\/03\/005.jpg\" target=\"_blank\" rel=\"noreferrer noopener\"><em><strong>Consulta tu talla<\/strong><\/em><\/a><\/p>\n","protected":false},"featured_media":36204,"comment_status":"open","ping_status":"closed","template":"","meta":[],"product_brand":[],"product_cat":[11375,11393,11395,11448,11449,11450,11384,11405,11374],"product_tag":[],"class_list":{"0":"post-36164","1":"product","2":"type-product","3":"status-publish","4":"has-post-thumbnail","6":"product_cat-bici-trial","7":"product_cat-equipacion-moto","8":"product_cat-equipacion-bici-trial","9":"product_cat-guantes","10":"product_cat-guantes-equipacion","11":"product_cat-guantes-equipacion-bici-trial","12":"product_cat-moto","13":"product_cat-mtb","14":"product_cat-raiz","16":"first","17":"onbackorder","18":"taxable","19":"shipping-taxable","20":"product-type-variable","21":"has-default-attributes"},"yoast_head":"<!-- This site is optimized with the Yoast SEO Premium plugin v21.2 (Yoast SEO v27.3) - https:\/\/yoast.com\/product\/yoast-seo-premium-wordpress\/ -->\n<title>Guantes RACE G20 COMAS - Tienda de todotrial<\/title>\n<meta name=\"robots\" content=\"index, follow, max-snippet:-1, max-image-preview:large, max-video-preview:-1\" \/>\n<link rel=\"canonical\" href=\"https:\/\/todotrial.com\/tienda\/guantes-race-g20-comas\/\" \/>\n<meta property=\"og:locale\" content=\"es_ES\" \/>\n<meta property=\"og:type\" content=\"article\" \/>\n<meta property=\"og:title\" content=\"Guantes RACE G20 COMAS\" \/>\n<meta property=\"og:description\" content=\"Color: Verde\/Negro Consulta tu talla\" \/>\n<meta property=\"og:url\" content=\"https:\/\/todotrial.com\/tienda\/guantes-race-g20-comas\/\" \/>\n<meta property=\"og:site_name\" content=\"Tienda de todotrial\" \/>\n<meta property=\"article:modified_time\" content=\"2020-12-16T21:33:19+00:00\" \/>\n<meta property=\"og:image\" content=\"https:\/\/todotrial.com\/tienda\/wp-content\/uploads\/2020\/12\/4664-Guantes-RACE-G20-COMAS-1.png\" \/>\n\t<meta property=\"og:image:width\" content=\"800\" \/>\n\t<meta property=\"og:image:height\" content=\"800\" \/>\n\t<meta property=\"og:image:type\" content=\"image\/png\" \/>\n<meta name=\"twitter:card\" content=\"summary_large_image\" \/>\n<meta name=\"twitter:label1\" content=\"Tiempo de lectura\" \/>\n\t<meta name=\"twitter:data1\" content=\"1 minuto\" \/>\n<script type=\"application\/ld+json\" class=\"yoast-schema-graph\">{\"@context\":\"https:\\\/\\\/schema.org\",\"@graph\":[{\"@type\":\"WebPage\",\"@id\":\"https:\\\/\\\/todotrial.com\\\/tienda\\\/guantes-race-g20-comas\\\/\",\"url\":\"https:\\\/\\\/todotrial.com\\\/tienda\\\/guantes-race-g20-comas\\\/\",\"name\":\"Guantes RACE G20 COMAS - Tienda de todotrial\",\"isPartOf\":{\"@id\":\"https:\\\/\\\/todotrial.com\\\/tienda\\\/#website\"},\"primaryImageOfPage\":{\"@id\":\"https:\\\/\\\/todotrial.com\\\/tienda\\\/guantes-race-g20-comas\\\/#primaryimage\"},\"image\":{\"@id\":\"https:\\\/\\\/todotrial.com\\\/tienda\\\/guantes-race-g20-comas\\\/#primaryimage\"},\"thumbnailUrl\":\"https:\\\/\\\/todotrial.com\\\/tienda\\\/wp-content\\\/uploads\\\/2020\\\/12\\\/4664-Guantes-RACE-G20-COMAS-1.png\",\"datePublished\":\"2020-12-16T21:31:16+00:00\",\"dateModified\":\"2020-12-16T21:33:19+00:00\",\"breadcrumb\":{\"@id\":\"https:\\\/\\\/todotrial.com\\\/tienda\\\/guantes-race-g20-comas\\\/#breadcrumb\"},\"inLanguage\":\"es\",\"potentialAction\":[{\"@type\":\"ReadAction\",\"target\":[\"https:\\\/\\\/todotrial.com\\\/tienda\\\/guantes-race-g20-comas\\\/\"]}]},{\"@type\":\"ImageObject\",\"inLanguage\":\"es\",\"@id\":\"https:\\\/\\\/todotrial.com\\\/tienda\\\/guantes-race-g20-comas\\\/#primaryimage\",\"url\":\"https:\\\/\\\/todotrial.com\\\/tienda\\\/wp-content\\\/uploads\\\/2020\\\/12\\\/4664-Guantes-RACE-G20-COMAS-1.png\",\"contentUrl\":\"https:\\\/\\\/todotrial.com\\\/tienda\\\/wp-content\\\/uploads\\\/2020\\\/12\\\/4664-Guantes-RACE-G20-COMAS-1.png\",\"width\":800,\"height\":800},{\"@type\":\"BreadcrumbList\",\"@id\":\"https:\\\/\\\/todotrial.com\\\/tienda\\\/guantes-race-g20-comas\\\/#breadcrumb\",\"itemListElement\":[{\"@type\":\"ListItem\",\"position\":1,\"name\":\"Portada\",\"item\":\"https:\\\/\\\/todotrial.com\\\/tienda\\\/\"},{\"@type\":\"ListItem\",\"position\":2,\"name\":\"Shop\",\"item\":\"https:\\\/\\\/todotrial.com\\\/tienda\\\/shop\\\/\"},{\"@type\":\"ListItem\",\"position\":3,\"name\":\"Guantes RACE G20 COMAS\"}]},{\"@type\":\"WebSite\",\"@id\":\"https:\\\/\\\/todotrial.com\\\/tienda\\\/#website\",\"url\":\"https:\\\/\\\/todotrial.com\\\/tienda\\\/\",\"name\":\"Tienda de todotrial\",\"description\":\"\",\"potentialAction\":[{\"@type\":\"SearchAction\",\"target\":{\"@type\":\"EntryPoint\",\"urlTemplate\":\"https:\\\/\\\/todotrial.com\\\/tienda\\\/?s={search_term_string}\"},\"query-input\":{\"@type\":\"PropertyValueSpecification\",\"valueRequired\":true,\"valueName\":\"search_term_string\"}}],\"inLanguage\":\"es\"}]}<\/script>\n<!-- \/ Yoast SEO Premium plugin. -->","yoast_head_json":{"title":"Guantes RACE G20 COMAS - Tienda de todotrial","robots":{"index":"index","follow":"follow","max-snippet":"max-snippet:-1","max-image-preview":"max-image-preview:large","max-video-preview":"max-video-preview:-1"},"canonical":"https:\/\/todotrial.com\/tienda\/guantes-race-g20-comas\/","og_locale":"es_ES","og_type":"article","og_title":"Guantes RACE G20 COMAS","og_description":"Color: Verde\/Negro Consulta tu talla","og_url":"https:\/\/todotrial.com\/tienda\/guantes-race-g20-comas\/","og_site_name":"Tienda de todotrial","article_modified_time":"2020-12-16T21:33:19+00:00","og_image":[{"width":800,"height":800,"url":"https:\/\/todotrial.com\/tienda\/wp-content\/uploads\/2020\/12\/4664-Guantes-RACE-G20-COMAS-1.png","type":"image\/png"}],"twitter_card":"summary_large_image","twitter_misc":{"Tiempo de lectura":"1 minuto"},"schema":{"@context":"https:\/\/schema.org","@graph":[{"@type":"WebPage","@id":"https:\/\/todotrial.com\/tienda\/guantes-race-g20-comas\/","url":"https:\/\/todotrial.com\/tienda\/guantes-race-g20-comas\/","name":"Guantes RACE G20 COMAS - Tienda de todotrial","isPartOf":{"@id":"https:\/\/todotrial.com\/tienda\/#website"},"primaryImageOfPage":{"@id":"https:\/\/todotrial.com\/tienda\/guantes-race-g20-comas\/#primaryimage"},"image":{"@id":"https:\/\/todotrial.com\/tienda\/guantes-race-g20-comas\/#primaryimage"},"thumbnailUrl":"https:\/\/todotrial.com\/tienda\/wp-content\/uploads\/2020\/12\/4664-Guantes-RACE-G20-COMAS-1.png","datePublished":"2020-12-16T21:31:16+00:00","dateModified":"2020-12-16T21:33:19+00:00","breadcrumb":{"@id":"https:\/\/todotrial.com\/tienda\/guantes-race-g20-comas\/#breadcrumb"},"inLanguage":"es","potentialAction":[{"@type":"ReadAction","target":["https:\/\/todotrial.com\/tienda\/guantes-race-g20-comas\/"]}]},{"@type":"ImageObject","inLanguage":"es","@id":"https:\/\/todotrial.com\/tienda\/guantes-race-g20-comas\/#primaryimage","url":"https:\/\/todotrial.com\/tienda\/wp-content\/uploads\/2020\/12\/4664-Guantes-RACE-G20-COMAS-1.png","contentUrl":"https:\/\/todotrial.com\/tienda\/wp-content\/uploads\/2020\/12\/4664-Guantes-RACE-G20-COMAS-1.png","width":800,"height":800},{"@type":"BreadcrumbList","@id":"https:\/\/todotrial.com\/tienda\/guantes-race-g20-comas\/#breadcrumb","itemListElement":[{"@type":"ListItem","position":1,"name":"Portada","item":"https:\/\/todotrial.com\/tienda\/"},{"@type":"ListItem","position":2,"name":"Shop","item":"https:\/\/todotrial.com\/tienda\/shop\/"},{"@type":"ListItem","position":3,"name":"Guantes RACE G20 COMAS"}]},{"@type":"WebSite","@id":"https:\/\/todotrial.com\/tienda\/#website","url":"https:\/\/todotrial.com\/tienda\/","name":"Tienda de todotrial","description":"","potentialAction":[{"@type":"SearchAction","target":{"@type":"EntryPoint","urlTemplate":"https:\/\/todotrial.com\/tienda\/?s={search_term_string}"},"query-input":{"@type":"PropertyValueSpecification","valueRequired":true,"valueName":"search_term_string"}}],"inLanguage":"es"}]}},"_links":{"self":[{"href":"https:\/\/todotrial.com\/tienda\/wp-json\/wp\/v2\/product\/36164","targetHints":{"allow":["GET"]}}],"collection":[{"href":"https:\/\/todotrial.com\/tienda\/wp-json\/wp\/v2\/product"}],"about":[{"href":"https:\/\/todotrial.com\/tienda\/wp-json\/wp\/v2\/types\/product"}],"replies":[{"embeddable":true,"href":"https:\/\/todotrial.com\/tienda\/wp-json\/wp\/v2\/comments?post=36164"}],"version-history":[{"count":0,"href":"https:\/\/todotrial.com\/tienda\/wp-json\/wp\/v2\/product\/36164\/revisions"}],"wp:featuredmedia":[{"embeddable":true,"href":"https:\/\/todotrial.com\/tienda\/wp-json\/wp\/v2\/media\/36204"}],"wp:attachment":[{"href":"https:\/\/todotrial.com\/tienda\/wp-json\/wp\/v2\/media?parent=36164"}],"wp:term":[{"taxonomy":"product_brand","embeddable":true,"href":"https:\/\/todotrial.com\/tienda\/wp-json\/wp\/v2\/product_brand?post=36164"},{"taxonomy":"product_cat","embeddable":true,"href":"https:\/\/todotrial.com\/tienda\/wp-json\/wp\/v2\/product_cat?post=36164"},{"taxonomy":"product_tag","embeddable":true,"href":"https:\/\/todotrial.com\/tienda\/wp-json\/wp\/v2\/product_tag?post=36164"}],"curies":[{"name":"wp","href":"https:\/\/api.w.org\/{rel}","templated":true}]}}