{"id":36110,"date":"2020-12-16T22:29:45","date_gmt":"2020-12-16T21:29:45","guid":{"rendered":"https:\/\/todotrial.com\/tienda\/product\/import-placeholder-for-7288\/"},"modified":"2024-12-22T16:13:02","modified_gmt":"2024-12-22T15:13:02","slug":"aceite-mineral-global-ultra-5-gro","status":"publish","type":"product","link":"https:\/\/todotrial.com\/tienda\/aceite-mineral-global-ultra-5-gro\/","title":{"rendered":"Aceite Mineral Global Ultra 5 GRO"},"content":{"rendered":"<p>Flu\u00eddo de bases paraf\u00ednicas de alta calidad, indicado para el circuito de embrague de motocicletas. Evita la deformaci\u00f3n de juntas y retenes, evitando las fugas.<\/p>\n","protected":false},"excerpt":{"rendered":"<p><strong>Aceite hidra\u00falico MINERAL embrague<\/strong><\/p>\n","protected":false},"featured_media":36171,"comment_status":"open","ping_status":"closed","template":"","meta":[],"product_brand":[],"product_cat":[11513,11384,11374],"product_tag":[],"class_list":{"0":"post-36110","1":"product","2":"type-product","3":"status-publish","4":"has-post-thumbnail","6":"product_cat-lubricacion-y-limpieza","7":"product_cat-moto","8":"product_cat-raiz","10":"first","11":"instock","12":"taxable","13":"shipping-taxable","14":"purchasable","15":"product-type-simple"},"yoast_head":"<!-- This site is optimized with the Yoast SEO Premium plugin v21.2 (Yoast SEO v27.3) - https:\/\/yoast.com\/product\/yoast-seo-premium-wordpress\/ -->\n<title>Aceite Mineral Global Ultra 5 GRO - Tienda de todotrial<\/title>\n<meta name=\"robots\" content=\"index, follow, max-snippet:-1, max-image-preview:large, max-video-preview:-1\" \/>\n<link rel=\"canonical\" href=\"https:\/\/todotrial.com\/tienda\/aceite-mineral-global-ultra-5-gro\/\" \/>\n<meta property=\"og:locale\" content=\"es_ES\" \/>\n<meta property=\"og:type\" content=\"article\" \/>\n<meta property=\"og:title\" content=\"Aceite Mineral Global Ultra 5 GRO\" \/>\n<meta property=\"og:description\" content=\"Aceite hidra\u00falico MINERAL embrague\" \/>\n<meta property=\"og:url\" content=\"https:\/\/todotrial.com\/tienda\/aceite-mineral-global-ultra-5-gro\/\" \/>\n<meta property=\"og:site_name\" content=\"Tienda de todotrial\" \/>\n<meta property=\"article:modified_time\" content=\"2024-12-22T15:13:02+00:00\" \/>\n<meta property=\"og:image\" content=\"https:\/\/todotrial.com\/tienda\/wp-content\/uploads\/2020\/12\/4620-Aceite-Mineral-Global-Ultra-5-GRO-1.jpg\" \/>\n\t<meta property=\"og:image:width\" content=\"400\" \/>\n\t<meta property=\"og:image:height\" content=\"976\" \/>\n\t<meta property=\"og:image:type\" content=\"image\/jpeg\" \/>\n<meta name=\"twitter:card\" content=\"summary_large_image\" \/>\n<meta name=\"twitter:label1\" content=\"Tiempo de lectura\" \/>\n\t<meta name=\"twitter:data1\" content=\"1 minuto\" \/>\n<script type=\"application\/ld+json\" class=\"yoast-schema-graph\">{\"@context\":\"https:\\\/\\\/schema.org\",\"@graph\":[{\"@type\":\"WebPage\",\"@id\":\"https:\\\/\\\/todotrial.com\\\/tienda\\\/aceite-mineral-global-ultra-5-gro\\\/\",\"url\":\"https:\\\/\\\/todotrial.com\\\/tienda\\\/aceite-mineral-global-ultra-5-gro\\\/\",\"name\":\"Aceite Mineral Global Ultra 5 GRO - Tienda de todotrial\",\"isPartOf\":{\"@id\":\"https:\\\/\\\/todotrial.com\\\/tienda\\\/#website\"},\"primaryImageOfPage\":{\"@id\":\"https:\\\/\\\/todotrial.com\\\/tienda\\\/aceite-mineral-global-ultra-5-gro\\\/#primaryimage\"},\"image\":{\"@id\":\"https:\\\/\\\/todotrial.com\\\/tienda\\\/aceite-mineral-global-ultra-5-gro\\\/#primaryimage\"},\"thumbnailUrl\":\"https:\\\/\\\/todotrial.com\\\/tienda\\\/wp-content\\\/uploads\\\/2020\\\/12\\\/4620-Aceite-Mineral-Global-Ultra-5-GRO-1.jpg\",\"datePublished\":\"2020-12-16T21:29:45+00:00\",\"dateModified\":\"2024-12-22T15:13:02+00:00\",\"breadcrumb\":{\"@id\":\"https:\\\/\\\/todotrial.com\\\/tienda\\\/aceite-mineral-global-ultra-5-gro\\\/#breadcrumb\"},\"inLanguage\":\"es\",\"potentialAction\":[{\"@type\":\"ReadAction\",\"target\":[\"https:\\\/\\\/todotrial.com\\\/tienda\\\/aceite-mineral-global-ultra-5-gro\\\/\"]}]},{\"@type\":\"ImageObject\",\"inLanguage\":\"es\",\"@id\":\"https:\\\/\\\/todotrial.com\\\/tienda\\\/aceite-mineral-global-ultra-5-gro\\\/#primaryimage\",\"url\":\"https:\\\/\\\/todotrial.com\\\/tienda\\\/wp-content\\\/uploads\\\/2020\\\/12\\\/4620-Aceite-Mineral-Global-Ultra-5-GRO-1.jpg\",\"contentUrl\":\"https:\\\/\\\/todotrial.com\\\/tienda\\\/wp-content\\\/uploads\\\/2020\\\/12\\\/4620-Aceite-Mineral-Global-Ultra-5-GRO-1.jpg\",\"width\":400,\"height\":976},{\"@type\":\"BreadcrumbList\",\"@id\":\"https:\\\/\\\/todotrial.com\\\/tienda\\\/aceite-mineral-global-ultra-5-gro\\\/#breadcrumb\",\"itemListElement\":[{\"@type\":\"ListItem\",\"position\":1,\"name\":\"Portada\",\"item\":\"https:\\\/\\\/todotrial.com\\\/tienda\\\/\"},{\"@type\":\"ListItem\",\"position\":2,\"name\":\"Shop\",\"item\":\"https:\\\/\\\/todotrial.com\\\/tienda\\\/shop\\\/\"},{\"@type\":\"ListItem\",\"position\":3,\"name\":\"Aceite Mineral Global Ultra 5 GRO\"}]},{\"@type\":\"WebSite\",\"@id\":\"https:\\\/\\\/todotrial.com\\\/tienda\\\/#website\",\"url\":\"https:\\\/\\\/todotrial.com\\\/tienda\\\/\",\"name\":\"Tienda de todotrial\",\"description\":\"\",\"potentialAction\":[{\"@type\":\"SearchAction\",\"target\":{\"@type\":\"EntryPoint\",\"urlTemplate\":\"https:\\\/\\\/todotrial.com\\\/tienda\\\/?s={search_term_string}\"},\"query-input\":{\"@type\":\"PropertyValueSpecification\",\"valueRequired\":true,\"valueName\":\"search_term_string\"}}],\"inLanguage\":\"es\"}]}<\/script>\n<!-- \/ Yoast SEO Premium plugin. -->","yoast_head_json":{"title":"Aceite Mineral Global Ultra 5 GRO - Tienda de todotrial","robots":{"index":"index","follow":"follow","max-snippet":"max-snippet:-1","max-image-preview":"max-image-preview:large","max-video-preview":"max-video-preview:-1"},"canonical":"https:\/\/todotrial.com\/tienda\/aceite-mineral-global-ultra-5-gro\/","og_locale":"es_ES","og_type":"article","og_title":"Aceite Mineral Global Ultra 5 GRO","og_description":"Aceite hidra\u00falico MINERAL embrague","og_url":"https:\/\/todotrial.com\/tienda\/aceite-mineral-global-ultra-5-gro\/","og_site_name":"Tienda de todotrial","article_modified_time":"2024-12-22T15:13:02+00:00","og_image":[{"width":400,"height":976,"url":"https:\/\/todotrial.com\/tienda\/wp-content\/uploads\/2020\/12\/4620-Aceite-Mineral-Global-Ultra-5-GRO-1.jpg","type":"image\/jpeg"}],"twitter_card":"summary_large_image","twitter_misc":{"Tiempo de lectura":"1 minuto"},"schema":{"@context":"https:\/\/schema.org","@graph":[{"@type":"WebPage","@id":"https:\/\/todotrial.com\/tienda\/aceite-mineral-global-ultra-5-gro\/","url":"https:\/\/todotrial.com\/tienda\/aceite-mineral-global-ultra-5-gro\/","name":"Aceite Mineral Global Ultra 5 GRO - Tienda de todotrial","isPartOf":{"@id":"https:\/\/todotrial.com\/tienda\/#website"},"primaryImageOfPage":{"@id":"https:\/\/todotrial.com\/tienda\/aceite-mineral-global-ultra-5-gro\/#primaryimage"},"image":{"@id":"https:\/\/todotrial.com\/tienda\/aceite-mineral-global-ultra-5-gro\/#primaryimage"},"thumbnailUrl":"https:\/\/todotrial.com\/tienda\/wp-content\/uploads\/2020\/12\/4620-Aceite-Mineral-Global-Ultra-5-GRO-1.jpg","datePublished":"2020-12-16T21:29:45+00:00","dateModified":"2024-12-22T15:13:02+00:00","breadcrumb":{"@id":"https:\/\/todotrial.com\/tienda\/aceite-mineral-global-ultra-5-gro\/#breadcrumb"},"inLanguage":"es","potentialAction":[{"@type":"ReadAction","target":["https:\/\/todotrial.com\/tienda\/aceite-mineral-global-ultra-5-gro\/"]}]},{"@type":"ImageObject","inLanguage":"es","@id":"https:\/\/todotrial.com\/tienda\/aceite-mineral-global-ultra-5-gro\/#primaryimage","url":"https:\/\/todotrial.com\/tienda\/wp-content\/uploads\/2020\/12\/4620-Aceite-Mineral-Global-Ultra-5-GRO-1.jpg","contentUrl":"https:\/\/todotrial.com\/tienda\/wp-content\/uploads\/2020\/12\/4620-Aceite-Mineral-Global-Ultra-5-GRO-1.jpg","width":400,"height":976},{"@type":"BreadcrumbList","@id":"https:\/\/todotrial.com\/tienda\/aceite-mineral-global-ultra-5-gro\/#breadcrumb","itemListElement":[{"@type":"ListItem","position":1,"name":"Portada","item":"https:\/\/todotrial.com\/tienda\/"},{"@type":"ListItem","position":2,"name":"Shop","item":"https:\/\/todotrial.com\/tienda\/shop\/"},{"@type":"ListItem","position":3,"name":"Aceite Mineral Global Ultra 5 GRO"}]},{"@type":"WebSite","@id":"https:\/\/todotrial.com\/tienda\/#website","url":"https:\/\/todotrial.com\/tienda\/","name":"Tienda de todotrial","description":"","potentialAction":[{"@type":"SearchAction","target":{"@type":"EntryPoint","urlTemplate":"https:\/\/todotrial.com\/tienda\/?s={search_term_string}"},"query-input":{"@type":"PropertyValueSpecification","valueRequired":true,"valueName":"search_term_string"}}],"inLanguage":"es"}]}},"_links":{"self":[{"href":"https:\/\/todotrial.com\/tienda\/wp-json\/wp\/v2\/product\/36110","targetHints":{"allow":["GET"]}}],"collection":[{"href":"https:\/\/todotrial.com\/tienda\/wp-json\/wp\/v2\/product"}],"about":[{"href":"https:\/\/todotrial.com\/tienda\/wp-json\/wp\/v2\/types\/product"}],"replies":[{"embeddable":true,"href":"https:\/\/todotrial.com\/tienda\/wp-json\/wp\/v2\/comments?post=36110"}],"version-history":[{"count":0,"href":"https:\/\/todotrial.com\/tienda\/wp-json\/wp\/v2\/product\/36110\/revisions"}],"wp:featuredmedia":[{"embeddable":true,"href":"https:\/\/todotrial.com\/tienda\/wp-json\/wp\/v2\/media\/36171"}],"wp:attachment":[{"href":"https:\/\/todotrial.com\/tienda\/wp-json\/wp\/v2\/media?parent=36110"}],"wp:term":[{"taxonomy":"product_brand","embeddable":true,"href":"https:\/\/todotrial.com\/tienda\/wp-json\/wp\/v2\/product_brand?post=36110"},{"taxonomy":"product_cat","embeddable":true,"href":"https:\/\/todotrial.com\/tienda\/wp-json\/wp\/v2\/product_cat?post=36110"},{"taxonomy":"product_tag","embeddable":true,"href":"https:\/\/todotrial.com\/tienda\/wp-json\/wp\/v2\/product_tag?post=36110"}],"curies":[{"name":"wp","href":"https:\/\/api.w.org\/{rel}","templated":true}]}}