{"id":36051,"date":"2020-12-16T22:27:49","date_gmt":"2020-12-16T21:27:49","guid":{"rendered":"https:\/\/todotrial.com\/tienda\/product\/import-placeholder-for-7229\/"},"modified":"2020-12-16T22:29:37","modified_gmt":"2020-12-16T21:29:37","slug":"camiseta-trial-tech-10b-hebo","status":"publish","type":"product","link":"https:\/\/todotrial.com\/tienda\/camiseta-trial-tech-10b-hebo\/","title":{"rendered":"Camiseta Trial TECH 10B HEBO"},"content":{"rendered":"<p style=\"margin-top:0px;margin-bottom:.8rem;font-family:Rubik, sans-serif;font-size:14px;\">HEBO vuelve a revolucionar el mundo del trial con la nueva l\u00ednea TECH 10 EVO. Dise\u00f1o minimalista, nuevo patronaje y materiales premium para seguir liderando la innovaci\u00f3n en esta modalidad tan exigente donde los m\u00ednimos detalles marcan la diferencia. La camiseta te ofrecer\u00e1 un alto nivel t\u00e9cnico, resistencia, comodidad, movilidad, gran ligereza y transpirabilidad extrema.<\/p>\n<p style=\"margin-top:0px;margin-bottom:.8rem;font-family:Rubik, sans-serif;font-size:14px;\">Un estudiado mapeado de los tejidos, donde el frontal y mangas absorben la humedad y secan r\u00e1pido, y todo el panel trasero, realizado en rejilla el\u00e1stica y construcci\u00f3n en nido de abeja 3D har\u00e1 que el aire fluya aumentando la ventilaci\u00f3n y confort encima de tu moto.<\/p>\n<ul style=\"margin-bottom:0px;margin-top:0px;padding:.6rem .6rem .6rem 2rem;font-family:Rubik, sans-serif;font-size:14px;\">\n<li>Tejido frontal y mangas 100% Polyester de secado r\u00e1pido<\/li>\n<li>Tejido trasero en rejilla de Polyester y elastan y construcci\u00f3n 3D nido de abeja<\/li>\n<li>Cuello el\u00e1stico de pico<\/li>\n<li>Pu\u00f1os el\u00e1sticos<\/li>\n<li>Gr\u00e1ficos estampados en sublimaci\u00f3n. Color original permanente<\/li>\n<li>Pantalones TECH 10 EVO a juego disponibles<\/li>\n<\/ul>\n","protected":false},"excerpt":{"rendered":"<p><strong>Material: 100% Poliester<br \/><\/strong><\/p>\n<p><a href=\"http:\/\/nowtrial.com\/\/wp-content\/uploads\/2020\/01\/Talla-Camisetas-Shirt-Size_Pro.pdf\"><strong><span style=\"text-decoration:underline;\"><em>Consulta tu talla<\/em><\/span><\/strong><\/a><\/p>\n","protected":false},"featured_media":36092,"comment_status":"open","ping_status":"closed","template":"","meta":[],"product_brand":[],"product_cat":[11394,11393,11384,11374],"product_tag":[],"class_list":{"0":"post-36051","1":"product","2":"type-product","3":"status-publish","4":"has-post-thumbnail","6":"product_cat-camisetas-equipacion","7":"product_cat-equipacion-moto","8":"product_cat-moto","9":"product_cat-raiz","10":"pa_color-negro","12":"first","13":"onbackorder","14":"sale","15":"taxable","16":"shipping-taxable","17":"purchasable","18":"product-type-variable","19":"has-default-attributes"},"yoast_head":"<!-- This site is optimized with the Yoast SEO Premium plugin v21.2 (Yoast SEO v27.3) - https:\/\/yoast.com\/product\/yoast-seo-premium-wordpress\/ -->\n<title>Camiseta Trial TECH 10B HEBO - Tienda de todotrial<\/title>\n<meta name=\"robots\" content=\"index, follow, max-snippet:-1, max-image-preview:large, max-video-preview:-1\" \/>\n<link rel=\"canonical\" href=\"https:\/\/todotrial.com\/tienda\/camiseta-trial-tech-10b-hebo\/\" \/>\n<meta property=\"og:locale\" content=\"es_ES\" \/>\n<meta property=\"og:type\" content=\"article\" \/>\n<meta property=\"og:title\" content=\"Camiseta Trial TECH 10B HEBO\" \/>\n<meta property=\"og:description\" content=\"Material: 100% Poliester Consulta tu talla\" \/>\n<meta property=\"og:url\" content=\"https:\/\/todotrial.com\/tienda\/camiseta-trial-tech-10b-hebo\/\" \/>\n<meta property=\"og:site_name\" content=\"Tienda de todotrial\" \/>\n<meta property=\"article:modified_time\" content=\"2020-12-16T21:29:37+00:00\" \/>\n<meta property=\"og:image\" content=\"https:\/\/todotrial.com\/tienda\/wp-content\/uploads\/2020\/12\/4579-Camiseta-Trial-TECH-10B-HEBO-1.jpg\" \/>\n\t<meta property=\"og:image:width\" content=\"800\" \/>\n\t<meta property=\"og:image:height\" content=\"800\" \/>\n\t<meta property=\"og:image:type\" content=\"image\/jpeg\" \/>\n<meta name=\"twitter:card\" content=\"summary_large_image\" \/>\n<meta name=\"twitter:label1\" content=\"Tiempo de lectura\" \/>\n\t<meta name=\"twitter:data1\" content=\"1 minuto\" \/>\n<script type=\"application\/ld+json\" class=\"yoast-schema-graph\">{\"@context\":\"https:\\\/\\\/schema.org\",\"@graph\":[{\"@type\":\"WebPage\",\"@id\":\"https:\\\/\\\/todotrial.com\\\/tienda\\\/camiseta-trial-tech-10b-hebo\\\/\",\"url\":\"https:\\\/\\\/todotrial.com\\\/tienda\\\/camiseta-trial-tech-10b-hebo\\\/\",\"name\":\"Camiseta Trial TECH 10B HEBO - Tienda de todotrial\",\"isPartOf\":{\"@id\":\"https:\\\/\\\/todotrial.com\\\/tienda\\\/#website\"},\"primaryImageOfPage\":{\"@id\":\"https:\\\/\\\/todotrial.com\\\/tienda\\\/camiseta-trial-tech-10b-hebo\\\/#primaryimage\"},\"image\":{\"@id\":\"https:\\\/\\\/todotrial.com\\\/tienda\\\/camiseta-trial-tech-10b-hebo\\\/#primaryimage\"},\"thumbnailUrl\":\"https:\\\/\\\/todotrial.com\\\/tienda\\\/wp-content\\\/uploads\\\/2020\\\/12\\\/4579-Camiseta-Trial-TECH-10B-HEBO-1.jpg\",\"datePublished\":\"2020-12-16T21:27:49+00:00\",\"dateModified\":\"2020-12-16T21:29:37+00:00\",\"breadcrumb\":{\"@id\":\"https:\\\/\\\/todotrial.com\\\/tienda\\\/camiseta-trial-tech-10b-hebo\\\/#breadcrumb\"},\"inLanguage\":\"es\",\"potentialAction\":[{\"@type\":\"ReadAction\",\"target\":[\"https:\\\/\\\/todotrial.com\\\/tienda\\\/camiseta-trial-tech-10b-hebo\\\/\"]}]},{\"@type\":\"ImageObject\",\"inLanguage\":\"es\",\"@id\":\"https:\\\/\\\/todotrial.com\\\/tienda\\\/camiseta-trial-tech-10b-hebo\\\/#primaryimage\",\"url\":\"https:\\\/\\\/todotrial.com\\\/tienda\\\/wp-content\\\/uploads\\\/2020\\\/12\\\/4579-Camiseta-Trial-TECH-10B-HEBO-1.jpg\",\"contentUrl\":\"https:\\\/\\\/todotrial.com\\\/tienda\\\/wp-content\\\/uploads\\\/2020\\\/12\\\/4579-Camiseta-Trial-TECH-10B-HEBO-1.jpg\",\"width\":800,\"height\":800},{\"@type\":\"BreadcrumbList\",\"@id\":\"https:\\\/\\\/todotrial.com\\\/tienda\\\/camiseta-trial-tech-10b-hebo\\\/#breadcrumb\",\"itemListElement\":[{\"@type\":\"ListItem\",\"position\":1,\"name\":\"Portada\",\"item\":\"https:\\\/\\\/todotrial.com\\\/tienda\\\/\"},{\"@type\":\"ListItem\",\"position\":2,\"name\":\"Shop\",\"item\":\"https:\\\/\\\/todotrial.com\\\/tienda\\\/shop\\\/\"},{\"@type\":\"ListItem\",\"position\":3,\"name\":\"Camiseta Trial TECH 10B HEBO\"}]},{\"@type\":\"WebSite\",\"@id\":\"https:\\\/\\\/todotrial.com\\\/tienda\\\/#website\",\"url\":\"https:\\\/\\\/todotrial.com\\\/tienda\\\/\",\"name\":\"Tienda de todotrial\",\"description\":\"\",\"potentialAction\":[{\"@type\":\"SearchAction\",\"target\":{\"@type\":\"EntryPoint\",\"urlTemplate\":\"https:\\\/\\\/todotrial.com\\\/tienda\\\/?s={search_term_string}\"},\"query-input\":{\"@type\":\"PropertyValueSpecification\",\"valueRequired\":true,\"valueName\":\"search_term_string\"}}],\"inLanguage\":\"es\"}]}<\/script>\n<!-- \/ Yoast SEO Premium plugin. -->","yoast_head_json":{"title":"Camiseta Trial TECH 10B HEBO - Tienda de todotrial","robots":{"index":"index","follow":"follow","max-snippet":"max-snippet:-1","max-image-preview":"max-image-preview:large","max-video-preview":"max-video-preview:-1"},"canonical":"https:\/\/todotrial.com\/tienda\/camiseta-trial-tech-10b-hebo\/","og_locale":"es_ES","og_type":"article","og_title":"Camiseta Trial TECH 10B HEBO","og_description":"Material: 100% Poliester Consulta tu talla","og_url":"https:\/\/todotrial.com\/tienda\/camiseta-trial-tech-10b-hebo\/","og_site_name":"Tienda de todotrial","article_modified_time":"2020-12-16T21:29:37+00:00","og_image":[{"width":800,"height":800,"url":"https:\/\/todotrial.com\/tienda\/wp-content\/uploads\/2020\/12\/4579-Camiseta-Trial-TECH-10B-HEBO-1.jpg","type":"image\/jpeg"}],"twitter_card":"summary_large_image","twitter_misc":{"Tiempo de lectura":"1 minuto"},"schema":{"@context":"https:\/\/schema.org","@graph":[{"@type":"WebPage","@id":"https:\/\/todotrial.com\/tienda\/camiseta-trial-tech-10b-hebo\/","url":"https:\/\/todotrial.com\/tienda\/camiseta-trial-tech-10b-hebo\/","name":"Camiseta Trial TECH 10B HEBO - Tienda de todotrial","isPartOf":{"@id":"https:\/\/todotrial.com\/tienda\/#website"},"primaryImageOfPage":{"@id":"https:\/\/todotrial.com\/tienda\/camiseta-trial-tech-10b-hebo\/#primaryimage"},"image":{"@id":"https:\/\/todotrial.com\/tienda\/camiseta-trial-tech-10b-hebo\/#primaryimage"},"thumbnailUrl":"https:\/\/todotrial.com\/tienda\/wp-content\/uploads\/2020\/12\/4579-Camiseta-Trial-TECH-10B-HEBO-1.jpg","datePublished":"2020-12-16T21:27:49+00:00","dateModified":"2020-12-16T21:29:37+00:00","breadcrumb":{"@id":"https:\/\/todotrial.com\/tienda\/camiseta-trial-tech-10b-hebo\/#breadcrumb"},"inLanguage":"es","potentialAction":[{"@type":"ReadAction","target":["https:\/\/todotrial.com\/tienda\/camiseta-trial-tech-10b-hebo\/"]}]},{"@type":"ImageObject","inLanguage":"es","@id":"https:\/\/todotrial.com\/tienda\/camiseta-trial-tech-10b-hebo\/#primaryimage","url":"https:\/\/todotrial.com\/tienda\/wp-content\/uploads\/2020\/12\/4579-Camiseta-Trial-TECH-10B-HEBO-1.jpg","contentUrl":"https:\/\/todotrial.com\/tienda\/wp-content\/uploads\/2020\/12\/4579-Camiseta-Trial-TECH-10B-HEBO-1.jpg","width":800,"height":800},{"@type":"BreadcrumbList","@id":"https:\/\/todotrial.com\/tienda\/camiseta-trial-tech-10b-hebo\/#breadcrumb","itemListElement":[{"@type":"ListItem","position":1,"name":"Portada","item":"https:\/\/todotrial.com\/tienda\/"},{"@type":"ListItem","position":2,"name":"Shop","item":"https:\/\/todotrial.com\/tienda\/shop\/"},{"@type":"ListItem","position":3,"name":"Camiseta Trial TECH 10B HEBO"}]},{"@type":"WebSite","@id":"https:\/\/todotrial.com\/tienda\/#website","url":"https:\/\/todotrial.com\/tienda\/","name":"Tienda de todotrial","description":"","potentialAction":[{"@type":"SearchAction","target":{"@type":"EntryPoint","urlTemplate":"https:\/\/todotrial.com\/tienda\/?s={search_term_string}"},"query-input":{"@type":"PropertyValueSpecification","valueRequired":true,"valueName":"search_term_string"}}],"inLanguage":"es"}]}},"_links":{"self":[{"href":"https:\/\/todotrial.com\/tienda\/wp-json\/wp\/v2\/product\/36051","targetHints":{"allow":["GET"]}}],"collection":[{"href":"https:\/\/todotrial.com\/tienda\/wp-json\/wp\/v2\/product"}],"about":[{"href":"https:\/\/todotrial.com\/tienda\/wp-json\/wp\/v2\/types\/product"}],"replies":[{"embeddable":true,"href":"https:\/\/todotrial.com\/tienda\/wp-json\/wp\/v2\/comments?post=36051"}],"version-history":[{"count":0,"href":"https:\/\/todotrial.com\/tienda\/wp-json\/wp\/v2\/product\/36051\/revisions"}],"wp:featuredmedia":[{"embeddable":true,"href":"https:\/\/todotrial.com\/tienda\/wp-json\/wp\/v2\/media\/36092"}],"wp:attachment":[{"href":"https:\/\/todotrial.com\/tienda\/wp-json\/wp\/v2\/media?parent=36051"}],"wp:term":[{"taxonomy":"product_brand","embeddable":true,"href":"https:\/\/todotrial.com\/tienda\/wp-json\/wp\/v2\/product_brand?post=36051"},{"taxonomy":"product_cat","embeddable":true,"href":"https:\/\/todotrial.com\/tienda\/wp-json\/wp\/v2\/product_cat?post=36051"},{"taxonomy":"product_tag","embeddable":true,"href":"https:\/\/todotrial.com\/tienda\/wp-json\/wp\/v2\/product_tag?post=36051"}],"curies":[{"name":"wp","href":"https:\/\/api.w.org\/{rel}","templated":true}]}}