{"id":36029,"date":"2020-12-16T22:27:08","date_gmt":"2020-12-16T21:27:08","guid":{"rendered":"https:\/\/todotrial.com\/tienda\/product\/import-placeholder-for-7212\/"},"modified":"2020-12-16T22:28:54","modified_gmt":"2020-12-16T21:28:54","slug":"bici-varial-18-740-v-brake-jitsie","status":"publish","type":"product","link":"https:\/\/todotrial.com\/tienda\/bici-varial-18-740-v-brake-jitsie\/","title":{"rendered":"Bici Varial 18&#8243; 740 V-Brake JITSIE"},"content":{"rendered":"<p>Llevando la innovaci\u00f3n a un nivel superior en el trial, la bici Varial refleja el 100% el enfoque de la marca Jitsie hacia el trial. La calidad en la fabricaci\u00f3n y el dise\u00f1o minimalista da un resultado muy funcional en este cuadro, eficaz y resistente por lo que es una elecci\u00f3n ideal para cualquier piloto de trial.<\/p>\n<div class=\"long_descr\">Kit cuadro:<br \/>* cuadro: Jitsie Varial 740mm V-brake<br \/>* horquilla: Jitsie Varial 300mm con soportes V-brake<\/p>\n<p>Caracter\u00edsticas cuadro:<br \/>* fabricado en aluminio 6061-T6<br \/>* dise\u00f1o minimalista, enfocado en el rendimiento y durabilidad<br \/>* tubo de direcci\u00f3n de 110mm de altura, mecanizado en CNC y dise\u00f1ada para direcci\u00f3n semi-integrada<br \/>* tubo de caja de pedalier de 68mm para sistema ISIS<br \/>* soporte freno V-brake, acepta montaje aftermarket Magura Evo2<br \/>* punteras horizontales mecanizadas en CNC con una distancia entre ellas de 116mm, se suministra con los tornillos de tope para los tensores de cadena\u00a0<br \/>* arenado y acabado en anodizado negro con gr\u00e1ficos Jitsie<br \/>* cuadro se suministra con un tap\u00f3n de silicona muy ligero para el tubo del sillin<br \/>* cuadro permite el uso del sill\u00edn exclusivo aftermarket Jitsie<\/p>\n<p>Geometr\u00eda:<br \/>* distancia entre ejes: 740mm<br \/>* distancia pedalier\/eje trasero: 280mm<br \/>* altura de pedalier: 25mm<br \/>* tubo de direcci\u00f3n: 110mm<br \/>* \u00e1ngulo de tubo de direcci\u00f3n: 71.5\u00b0<br \/>(geometr\u00eda basada con horquilla Jitsie Varial 300mm y offset +45mm)<\/p>\n<p>Ruedas:<br \/>* buje delantero \/ trasero: HS100 28a \/ HS116 32a<br \/>* llanta delantera \/ trasera: 18&#8243; 32mm 28a \/ 18&#8243; 32mm 32a<br \/>* radios \/ cabezas: inox 1.8mm \/ aluminio<br \/>* neum\u00e1tico delantero \/ trasero: Ziggy 18&#8243;x2.25 \/ Ziggy 18&#8243;x2.25<br \/>* c\u00e1maras de aire: 18&#8243; light 0.9mm<\/p>\n<p>Componentes:<br \/>* direcci\u00f3n: semi-integrada 1 1\/8\u201d<br \/>* distanciador direcci\u00f3n: 5mm aluminio<br \/>* potencia: 90mm 35\u00b0<br \/>* manillar: 31.8mm 580x75mm<br \/>* pu\u00f1os: espuma<br \/>* freno delantero: V-brake<br \/>* freno trasero: V-brake<\/p>\n<p>Transmisi\u00f3n:<br \/>* eje pedalier: carr\u00e9 124.5mm<br \/>* bielas: 140mm<br \/>* pi\u00f1\u00f3n libre: 108.9 16d<br \/>* protector cuadro: bash ring (tipo UCI)<br \/>* pi\u00f1on: acero 12d<br \/>* cadena: KMC Z610HX<br \/>* tensores de cadena: exc\u00e9ntricas<\/div><\/p>\n","protected":false},"excerpt":{"rendered":"<p><span style=\"color:#d0121a;\"><strong>ULTIMA UNIDAD<\/strong><\/span><\/p>\n<p><strong>Color:<\/strong>\u00a0Negro\/Fluo Amarillo<\/p>\n<p><strong>Talla:<\/strong>\u00a018&#8243;<\/p>\n<p><strong>Peso:<\/strong>\u00a06,8kg<\/p>\n","protected":false},"featured_media":36079,"comment_status":"open","ping_status":"closed","template":"","meta":[],"product_brand":[],"product_cat":[11408,11375,11481,11374],"product_tag":[],"class_list":{"0":"post-36029","1":"product","2":"type-product","3":"status-publish","4":"has-post-thumbnail","6":"product_cat-bici-de-trial","7":"product_cat-bici-trial","8":"product_cat-bicis-18","9":"product_cat-raiz","11":"first","12":"instock","13":"sale","14":"taxable","15":"shipping-taxable","16":"purchasable","17":"product-type-simple"},"yoast_head":"<!-- This site is optimized with the Yoast SEO Premium plugin v21.2 (Yoast SEO v27.4) - https:\/\/yoast.com\/product\/yoast-seo-premium-wordpress\/ -->\n<title>Bici Varial 18&quot; 740 V-Brake JITSIE - Tienda de todotrial<\/title>\n<meta name=\"robots\" content=\"index, follow, max-snippet:-1, max-image-preview:large, max-video-preview:-1\" \/>\n<link rel=\"canonical\" href=\"https:\/\/todotrial.com\/tienda\/bici-varial-18-740-v-brake-jitsie\/\" \/>\n<meta property=\"og:locale\" content=\"es_ES\" \/>\n<meta property=\"og:type\" content=\"article\" \/>\n<meta property=\"og:title\" content=\"Bici Varial 18&quot; 740 V-Brake JITSIE\" \/>\n<meta property=\"og:description\" content=\"ULTIMA UNIDAD Color:\u00a0Negro\/Fluo Amarillo Talla:\u00a018&quot; Peso:\u00a06,8kg\" \/>\n<meta property=\"og:url\" content=\"https:\/\/todotrial.com\/tienda\/bici-varial-18-740-v-brake-jitsie\/\" \/>\n<meta property=\"og:site_name\" content=\"Tienda de todotrial\" \/>\n<meta property=\"article:modified_time\" content=\"2020-12-16T21:28:54+00:00\" \/>\n<meta property=\"og:image\" content=\"https:\/\/todotrial.com\/tienda\/wp-content\/uploads\/2020\/12\/4563-Bici-Varial-18-740-V-Brake-JITSIE-2.png\" \/>\n\t<meta property=\"og:image:width\" content=\"600\" \/>\n\t<meta property=\"og:image:height\" content=\"600\" \/>\n\t<meta property=\"og:image:type\" content=\"image\/png\" \/>\n<meta name=\"twitter:card\" content=\"summary_large_image\" \/>\n<meta name=\"twitter:label1\" content=\"Tiempo de lectura\" \/>\n\t<meta name=\"twitter:data1\" content=\"2 minutos\" \/>\n<script type=\"application\/ld+json\" class=\"yoast-schema-graph\">{\"@context\":\"https:\\\/\\\/schema.org\",\"@graph\":[{\"@type\":\"WebPage\",\"@id\":\"https:\\\/\\\/todotrial.com\\\/tienda\\\/bici-varial-18-740-v-brake-jitsie\\\/\",\"url\":\"https:\\\/\\\/todotrial.com\\\/tienda\\\/bici-varial-18-740-v-brake-jitsie\\\/\",\"name\":\"Bici Varial 18\\\" 740 V-Brake JITSIE - Tienda de todotrial\",\"isPartOf\":{\"@id\":\"https:\\\/\\\/todotrial.com\\\/tienda\\\/#website\"},\"primaryImageOfPage\":{\"@id\":\"https:\\\/\\\/todotrial.com\\\/tienda\\\/bici-varial-18-740-v-brake-jitsie\\\/#primaryimage\"},\"image\":{\"@id\":\"https:\\\/\\\/todotrial.com\\\/tienda\\\/bici-varial-18-740-v-brake-jitsie\\\/#primaryimage\"},\"thumbnailUrl\":\"https:\\\/\\\/todotrial.com\\\/tienda\\\/wp-content\\\/uploads\\\/2020\\\/12\\\/4563-Bici-Varial-18-740-V-Brake-JITSIE-2.png\",\"datePublished\":\"2020-12-16T21:27:08+00:00\",\"dateModified\":\"2020-12-16T21:28:54+00:00\",\"breadcrumb\":{\"@id\":\"https:\\\/\\\/todotrial.com\\\/tienda\\\/bici-varial-18-740-v-brake-jitsie\\\/#breadcrumb\"},\"inLanguage\":\"es\",\"potentialAction\":[{\"@type\":\"ReadAction\",\"target\":[\"https:\\\/\\\/todotrial.com\\\/tienda\\\/bici-varial-18-740-v-brake-jitsie\\\/\"]}]},{\"@type\":\"ImageObject\",\"inLanguage\":\"es\",\"@id\":\"https:\\\/\\\/todotrial.com\\\/tienda\\\/bici-varial-18-740-v-brake-jitsie\\\/#primaryimage\",\"url\":\"https:\\\/\\\/todotrial.com\\\/tienda\\\/wp-content\\\/uploads\\\/2020\\\/12\\\/4563-Bici-Varial-18-740-V-Brake-JITSIE-2.png\",\"contentUrl\":\"https:\\\/\\\/todotrial.com\\\/tienda\\\/wp-content\\\/uploads\\\/2020\\\/12\\\/4563-Bici-Varial-18-740-V-Brake-JITSIE-2.png\",\"width\":600,\"height\":600},{\"@type\":\"BreadcrumbList\",\"@id\":\"https:\\\/\\\/todotrial.com\\\/tienda\\\/bici-varial-18-740-v-brake-jitsie\\\/#breadcrumb\",\"itemListElement\":[{\"@type\":\"ListItem\",\"position\":1,\"name\":\"Portada\",\"item\":\"https:\\\/\\\/todotrial.com\\\/tienda\\\/\"},{\"@type\":\"ListItem\",\"position\":2,\"name\":\"Shop\",\"item\":\"https:\\\/\\\/todotrial.com\\\/tienda\\\/shop\\\/\"},{\"@type\":\"ListItem\",\"position\":3,\"name\":\"Bici Varial 18&#8243; 740 V-Brake JITSIE\"}]},{\"@type\":\"WebSite\",\"@id\":\"https:\\\/\\\/todotrial.com\\\/tienda\\\/#website\",\"url\":\"https:\\\/\\\/todotrial.com\\\/tienda\\\/\",\"name\":\"Tienda de todotrial\",\"description\":\"\",\"potentialAction\":[{\"@type\":\"SearchAction\",\"target\":{\"@type\":\"EntryPoint\",\"urlTemplate\":\"https:\\\/\\\/todotrial.com\\\/tienda\\\/?s={search_term_string}\"},\"query-input\":{\"@type\":\"PropertyValueSpecification\",\"valueRequired\":true,\"valueName\":\"search_term_string\"}}],\"inLanguage\":\"es\"}]}<\/script>\n<!-- \/ Yoast SEO Premium plugin. -->","yoast_head_json":{"title":"Bici Varial 18\" 740 V-Brake JITSIE - Tienda de todotrial","robots":{"index":"index","follow":"follow","max-snippet":"max-snippet:-1","max-image-preview":"max-image-preview:large","max-video-preview":"max-video-preview:-1"},"canonical":"https:\/\/todotrial.com\/tienda\/bici-varial-18-740-v-brake-jitsie\/","og_locale":"es_ES","og_type":"article","og_title":"Bici Varial 18\" 740 V-Brake JITSIE","og_description":"ULTIMA UNIDAD Color:\u00a0Negro\/Fluo Amarillo Talla:\u00a018\" Peso:\u00a06,8kg","og_url":"https:\/\/todotrial.com\/tienda\/bici-varial-18-740-v-brake-jitsie\/","og_site_name":"Tienda de todotrial","article_modified_time":"2020-12-16T21:28:54+00:00","og_image":[{"width":600,"height":600,"url":"https:\/\/todotrial.com\/tienda\/wp-content\/uploads\/2020\/12\/4563-Bici-Varial-18-740-V-Brake-JITSIE-2.png","type":"image\/png"}],"twitter_card":"summary_large_image","twitter_misc":{"Tiempo de lectura":"2 minutos"},"schema":{"@context":"https:\/\/schema.org","@graph":[{"@type":"WebPage","@id":"https:\/\/todotrial.com\/tienda\/bici-varial-18-740-v-brake-jitsie\/","url":"https:\/\/todotrial.com\/tienda\/bici-varial-18-740-v-brake-jitsie\/","name":"Bici Varial 18\" 740 V-Brake JITSIE - Tienda de todotrial","isPartOf":{"@id":"https:\/\/todotrial.com\/tienda\/#website"},"primaryImageOfPage":{"@id":"https:\/\/todotrial.com\/tienda\/bici-varial-18-740-v-brake-jitsie\/#primaryimage"},"image":{"@id":"https:\/\/todotrial.com\/tienda\/bici-varial-18-740-v-brake-jitsie\/#primaryimage"},"thumbnailUrl":"https:\/\/todotrial.com\/tienda\/wp-content\/uploads\/2020\/12\/4563-Bici-Varial-18-740-V-Brake-JITSIE-2.png","datePublished":"2020-12-16T21:27:08+00:00","dateModified":"2020-12-16T21:28:54+00:00","breadcrumb":{"@id":"https:\/\/todotrial.com\/tienda\/bici-varial-18-740-v-brake-jitsie\/#breadcrumb"},"inLanguage":"es","potentialAction":[{"@type":"ReadAction","target":["https:\/\/todotrial.com\/tienda\/bici-varial-18-740-v-brake-jitsie\/"]}]},{"@type":"ImageObject","inLanguage":"es","@id":"https:\/\/todotrial.com\/tienda\/bici-varial-18-740-v-brake-jitsie\/#primaryimage","url":"https:\/\/todotrial.com\/tienda\/wp-content\/uploads\/2020\/12\/4563-Bici-Varial-18-740-V-Brake-JITSIE-2.png","contentUrl":"https:\/\/todotrial.com\/tienda\/wp-content\/uploads\/2020\/12\/4563-Bici-Varial-18-740-V-Brake-JITSIE-2.png","width":600,"height":600},{"@type":"BreadcrumbList","@id":"https:\/\/todotrial.com\/tienda\/bici-varial-18-740-v-brake-jitsie\/#breadcrumb","itemListElement":[{"@type":"ListItem","position":1,"name":"Portada","item":"https:\/\/todotrial.com\/tienda\/"},{"@type":"ListItem","position":2,"name":"Shop","item":"https:\/\/todotrial.com\/tienda\/shop\/"},{"@type":"ListItem","position":3,"name":"Bici Varial 18&#8243; 740 V-Brake JITSIE"}]},{"@type":"WebSite","@id":"https:\/\/todotrial.com\/tienda\/#website","url":"https:\/\/todotrial.com\/tienda\/","name":"Tienda de todotrial","description":"","potentialAction":[{"@type":"SearchAction","target":{"@type":"EntryPoint","urlTemplate":"https:\/\/todotrial.com\/tienda\/?s={search_term_string}"},"query-input":{"@type":"PropertyValueSpecification","valueRequired":true,"valueName":"search_term_string"}}],"inLanguage":"es"}]}},"_links":{"self":[{"href":"https:\/\/todotrial.com\/tienda\/wp-json\/wp\/v2\/product\/36029","targetHints":{"allow":["GET"]}}],"collection":[{"href":"https:\/\/todotrial.com\/tienda\/wp-json\/wp\/v2\/product"}],"about":[{"href":"https:\/\/todotrial.com\/tienda\/wp-json\/wp\/v2\/types\/product"}],"replies":[{"embeddable":true,"href":"https:\/\/todotrial.com\/tienda\/wp-json\/wp\/v2\/comments?post=36029"}],"version-history":[{"count":0,"href":"https:\/\/todotrial.com\/tienda\/wp-json\/wp\/v2\/product\/36029\/revisions"}],"wp:featuredmedia":[{"embeddable":true,"href":"https:\/\/todotrial.com\/tienda\/wp-json\/wp\/v2\/media\/36079"}],"wp:attachment":[{"href":"https:\/\/todotrial.com\/tienda\/wp-json\/wp\/v2\/media?parent=36029"}],"wp:term":[{"taxonomy":"product_brand","embeddable":true,"href":"https:\/\/todotrial.com\/tienda\/wp-json\/wp\/v2\/product_brand?post=36029"},{"taxonomy":"product_cat","embeddable":true,"href":"https:\/\/todotrial.com\/tienda\/wp-json\/wp\/v2\/product_cat?post=36029"},{"taxonomy":"product_tag","embeddable":true,"href":"https:\/\/todotrial.com\/tienda\/wp-json\/wp\/v2\/product_tag?post=36029"}],"curies":[{"name":"wp","href":"https:\/\/api.w.org\/{rel}","templated":true}]}}