{"id":358,"date":"2020-07-02T14:48:18","date_gmt":"2020-07-02T14:48:18","guid":{"rendered":"https:\/\/todotrial.com\/tienda\/product\/cdi2016-02-22-22-44-02\/"},"modified":"2025-12-07T17:56:39","modified_gmt":"2025-12-07T16:56:39","slug":"cdi2016-02-22-22-44-02","status":"publish","type":"product","link":"https:\/\/todotrial.com\/tienda\/cdi2016-02-22-22-44-02\/","title":{"rendered":"RM Lightning: encendido electr\u00f3nico CDI con avance variable MONTESA"},"content":{"rendered":"<p align=\"left\"><span style=\"color: #000000; font-family: Verdana,Arial,Helvetica,sans-serif; font-size: x-small;\" color=\"#000000\" face=\"Verdana, Arial, Helvetica, sans-serif\" size=\"2\"><b>Montesa COTA 242<br \/>Encendido v\u00e1lido para todas las Montesa Cota 242 equipadas con volantes Motoplat Dinosaurio de seis imanes y 5 bobinas.<\/b><\/span><\/p>\n<p>Montesa COTA 247<br \/>Encendido v\u00e1lido para todas las Montesa Cota 247 equipadas con volantes Motoplat de seis imanes y 3, 4 \u00f3 5 bobinas.<\/p>\n<p align=\"left\">&nbsp;<\/p>\n<p>Montesa COTA 348<br \/>Encendido v\u00e1lido para todas las Montesa Cota 348 equipadas con volantes Motoplat Dinosaurio de seis imanes y 5 bobinas.<\/p>\n<p align=\"left\">&nbsp;<\/p>\n<p>Montesa COTA 349<br \/>Encendido v\u00e1lido para todas las Montesa Cota 349 equipadas con volantes Motoplat Dinosaurio de seis imanes y 5 bobinas.<\/p>\n<p align=\"left\"><span style=\"color: #000000; font-family: Verdana,Arial,Helvetica,sans-serif; font-size: x-small;\" color=\"#000000\" face=\"Verdana, Arial, Helvetica, sans-serif\" size=\"2\"><b>El novedoso sistema RM Lightning es un encendido electr\u00f3nico CDI con avance variable apto para transformar el encendido de platinos de las motos cl\u00e1sicas a un sistema electr\u00f3nico. <\/b><\/span><\/p>\n<p align=\"left\"><span style=\"color: #000000; font-family: Verdana,Arial,Helvetica,sans-serif; font-size: x-small;\" color=\"#000000\" face=\"Verdana, Arial, Helvetica, sans-serif\" size=\"2\"><img fetchpriority=\"high\" decoding=\"async\" class=\" alignright size-full wp-image-357\" src=\"https:\/\/todotrial.com\/tienda\/wp-content\/uploads\/2020\/07\/encendido-cdi-rmlightning-1.jpg\" align=\"right\" height=\"300\" width=\"400\" srcset=\"https:\/\/todotrial.com\/tienda\/wp-content\/uploads\/2020\/07\/encendido-cdi-rmlightning-1.jpg 400w, https:\/\/todotrial.com\/tienda\/wp-content\/uploads\/2020\/07\/encendido-cdi-rmlightning-1-600x450.jpg 600w, https:\/\/todotrial.com\/tienda\/wp-content\/uploads\/2020\/07\/encendido-cdi-rmlightning-1-300x225.jpg 300w, https:\/\/todotrial.com\/tienda\/wp-content\/uploads\/2020\/07\/encendido-cdi-rmlightning-1-370x278.jpg 370w\" sizes=\"(max-width: 400px) 100vw, 400px\" \/><br \/><\/span><\/p>\n<p align=\"left\"><span style=\"color: #000000; font-family: Verdana,Arial,Helvetica,sans-serif; font-size: x-small;\" color=\"#000000\" face=\"Verdana, Arial, Helvetica, sans-serif\" size=\"2\">La instalaci\u00f3n se hace sobre el volante y el stator originales, con lo que no altera las inercias originales del motor, y es f\u00e1cilmente reversible. <\/span><span style=\"color: #000000; font-family: Verdana,Arial,Helvetica,sans-serif; font-size: x-small;\" color=\"#000000\" face=\"Verdana, Arial, Helvetica, sans-serif\" size=\"2\">Proporciona una chispa 2,5 veces m\u00e1s potente que el encendido original. Facilita la puesta a punto con un led que proporciona una gran precisi\u00f3n para determinar el momento en que salta la chispa. Aporta una gran suavidad y consistencia en bajas revoluciones sin renunciar a una estirada m\u00e1s contundente que la proporcionada por el encendido de platinos. Incluye instrucciones detalladas de montaje.<\/span><\/p>\n<p align=\"left\"><span style=\"color: #000000; font-family: Verdana,Arial,Helvetica,sans-serif; font-size: x-small;\" color=\"#000000\" face=\"Verdana, Arial, Helvetica, sans-serif\" size=\"2\">Ya est\u00e1 disponible la versi\u00f3n para <b>Montesa Cota 247, 348, 349 y 330<\/b>. El precio PVP es de 170 Euros IVA inclu\u00eddo.<\/span><\/p>\n<p align=\"left\"><span style=\"color: #000000; font-family: Verdana,Arial,Helvetica,sans-serif; font-size: x-small;\" color=\"#000000\" face=\"Verdana, Arial, Helvetica, sans-serif\" size=\"2\">&nbsp;<\/span><\/p>\n<p><span style=\"color: #000000; font-family: Verdana,Arial,Helvetica,sans-serif; font-size: x-small;\" color=\"#000000\" face=\"Verdana, Arial, Helvetica, sans-serif\" size=\"2\">Si tienes dudas puedes consultar en el e-mail <a href=\"mailto:todotrial@todotrial.com\"><\/a><a href=\"mailto:todotrial@todotrial.com\">todotrial@todotrial.com<\/a>.<\/span><\/p>\n<p><span style=\"color: #000000; font-family: Verdana,Arial,Helvetica,sans-serif; font-size: x-small;\" color=\"#000000\" face=\"Verdana, Arial, Helvetica, sans-serif\" size=\"2\"><span style=\"font-family: Arial,Helvetica,sans-serif; font-size: x-small;\" face=\"Arial, Helvetica, sans-serif\" size=\"2\"><span style=\"font-family: Arial,Helvetica,sans-serif; font-size: x-small;\" face=\"Arial, Helvetica, sans-serif\" size=\"2\">Kit encendido RMLightning Montesa Cota 1 (247, 348, 349, 330).<\/span><\/span><\/span><\/p>\n<p><span style=\"color: #000000; font-family: Verdana,Arial,Helvetica,sans-serif; font-size: x-small;\" color=\"#000000\" face=\"Verdana, Arial, Helvetica, sans-serif\" size=\"2\"><span style=\"font-family: Arial,Helvetica,sans-serif; font-size: x-small;\" face=\"Arial, Helvetica, sans-serif\" size=\"2\"><span style=\"font-family: Arial,Helvetica,sans-serif; font-size: x-small;\" face=\"Arial, Helvetica, sans-serif\" size=\"2\"><span style=\"font-family: Arial,Helvetica,sans-serif; font-size: x-small;\" face=\"Arial, Helvetica, sans-serif\" size=\"2\"><span style=\"font-family: Arial,Helvetica,sans-serif; font-size: x-small;\" face=\"Arial, Helvetica, sans-serif\" size=\"2\">Kit encendido RMLightning Montesa Cota 2 (242, 200, 172, 123). <span style=\"color: #ff0000;\" color=\"#FF0000\"><b><\/b><\/span><\/span><\/span><\/span><\/span><span style=\"font-family: Arial,Helvetica,sans-serif; font-size: x-small;\" face=\"Arial, Helvetica, sans-serif\" size=\"2\"><span style=\"font-family: Arial,Helvetica,sans-serif; font-size: x-small;\" face=\"Arial, Helvetica, sans-serif\" size=\"2\"><span style=\"font-family: Arial,Helvetica,sans-serif; font-size: x-small;\" face=\"Arial, Helvetica, sans-serif\" size=\"2\"><span style=\"font-family: Arial,Helvetica,sans-serif; font-size: x-small;\" face=\"Arial, Helvetica, sans-serif\" size=\"2\"><span style=\"font-family: Arial,Helvetica,sans-serif; font-size: x-small;\" face=\"Arial, Helvetica, sans-serif\" size=\"2\">&nbsp;<\/span><\/span><\/span><\/span><\/span><\/span><\/p>\n<p><span style=\"color: #000000; font-family: Verdana,Arial,Helvetica,sans-serif; font-size: x-small;\" color=\"#000000\" face=\"Verdana, Arial, Helvetica, sans-serif\" size=\"2\"><span style=\"font-family: Arial,Helvetica,sans-serif; font-size: x-small;\" face=\"Arial, Helvetica, sans-serif\" size=\"2\"><span style=\"font-family: Arial,Helvetica,sans-serif; font-size: x-small;\" face=\"Arial, Helvetica, sans-serif\" size=\"2\"><span style=\"font-family: Arial,Helvetica,sans-serif; font-size: x-small;\" face=\"Arial, Helvetica, sans-serif\" size=\"2\"><span style=\"font-family: Arial,Helvetica,sans-serif; font-size: x-small;\" face=\"Arial, Helvetica, sans-serif\" size=\"2\"><span style=\"font-family: Arial,Helvetica,sans-serif; font-size: x-small;\" face=\"Arial, Helvetica, sans-serif\" size=\"2\"><span style=\"font-family: Arial,Helvetica,sans-serif; font-size: x-small;\" face=\"Arial, Helvetica, sans-serif\" size=\"2\">Kit <span style=\"font-family: Arial,Helvetica,sans-serif; font-size: x-small;\" face=\"Arial, Helvetica, sans-serif\" size=\"2\">encendido RMLightning Bultaco Sherpa. <span style=\"font-family: Arial,Helvetica,sans-serif; font-size: x-small;\" face=\"Arial, Helvetica, sans-serif\" size=\"2\"><span style=\"font-family: Arial,Helvetica,sans-serif; font-size: x-small;\" face=\"Arial, Helvetica, sans-serif\" size=\"2\"><span style=\"font-family: Arial,Helvetica,sans-serif; font-size: x-small;\" face=\"Arial, Helvetica, sans-serif\" size=\"2\"><span style=\"color: #ff0000;\" color=\"#FF0000\"><b>Ya disponible, <a href=\"es\/tienda-tt\/sistemas-encendido-y-electricidad\/encendido-electronico2014-01-23-13-25-29-detalle.html\" target=\"_blank\" rel=\"noopener noreferrer\">pinchando aqu\u00ed<\/a><\/b><\/span><\/span><br \/><\/span><\/span><\/span><\/span><\/span><\/span><\/span><\/span><\/span><\/span><\/p>\n<p><span style=\"color: #000000; font-family: Verdana,Arial,Helvetica,sans-serif; font-size: x-small;\" color=\"#000000\" face=\"Verdana, Arial, Helvetica, sans-serif\" size=\"2\"><span style=\"font-family: Arial,Helvetica,sans-serif; font-size: x-small;\" face=\"Arial, Helvetica, sans-serif\" size=\"2\"><span style=\"font-family: Arial,Helvetica,sans-serif; font-size: x-small;\" face=\"Arial, Helvetica, sans-serif\" size=\"2\"><span style=\"font-family: Arial,Helvetica,sans-serif; font-size: x-small;\" face=\"Arial, Helvetica, sans-serif\" size=\"2\"><span style=\"font-family: Arial,Helvetica,sans-serif; font-size: x-small;\" face=\"Arial, Helvetica, sans-serif\" size=\"2\"><span style=\"font-family: Arial,Helvetica,sans-serif; font-size: x-small;\" face=\"Arial, Helvetica, sans-serif\" size=\"2\"><span style=\"font-family: Arial,Helvetica,sans-serif; font-size: x-small;\" face=\"Arial, Helvetica, sans-serif\" size=\"2\"><span style=\"font-family: Arial,Helvetica,sans-serif; font-size: x-small;\" face=\"Arial, Helvetica, sans-serif\" size=\"2\"><span style=\"font-family: Arial,Helvetica,sans-serif; font-size: x-small;\" face=\"Arial, Helvetica, sans-serif\" size=\"2\"><span style=\"font-family: Arial,Helvetica,sans-serif; font-size: x-small;\" face=\"Arial, Helvetica, sans-serif\" size=\"2\"><span style=\"font-family: Arial,Helvetica,sans-serif; font-size: x-small;\" face=\"Arial, Helvetica, sans-serif\" size=\"2\"><span style=\"font-family: Arial,Helvetica,sans-serif; font-size: x-small;\" face=\"Arial, Helvetica, sans-serif\" size=\"2\">&nbsp;<span style=\"font-family: Arial,Helvetica,sans-serif; font-size: x-small;\" face=\"Arial, Helvetica, sans-serif\" size=\"2\"><span style=\"font-family: Arial,Helvetica,sans-serif; font-size: x-small;\" face=\"Arial, Helvetica, sans-serif\" size=\"2\"><span style=\"font-family: Arial,Helvetica,sans-serif; font-size: x-small;\" face=\"Arial, Helvetica, sans-serif\" size=\"2\"><span style=\"font-family: Arial,Helvetica,sans-serif; font-size: x-small;\" face=\"Arial, Helvetica, sans-serif\" size=\"2\"><span style=\"font-family: Arial,Helvetica,sans-serif; font-size: x-small;\" face=\"Arial, Helvetica, sans-serif\" size=\"2\"><span style=\"font-family: Arial,Helvetica,sans-serif; font-size: x-small;\" face=\"Arial, Helvetica, sans-serif\" size=\"2\">Kit <span style=\"font-family: Arial,Helvetica,sans-serif; font-size: x-small;\" face=\"Arial, Helvetica, sans-serif\" size=\"2\">encendido RMLightning Ossa Trial. <span style=\"font-family: Arial,Helvetica,sans-serif; font-size: x-small;\" face=\"Arial, Helvetica, sans-serif\" size=\"2\"><span style=\"font-family: Arial,Helvetica,sans-serif; font-size: x-small;\" face=\"Arial, Helvetica, sans-serif\" size=\"2\"><span style=\"font-family: Arial,Helvetica,sans-serif; font-size: x-small;\" face=\"Arial, Helvetica, sans-serif\" size=\"2\"><span style=\"color: #ff0000;\" color=\"#FF0000\"><b>Pr\u00f3ximamente disponible<\/b><\/span><\/span><\/span><\/span><\/span><\/span><\/span><\/span><\/span><\/span><\/span><\/span><\/span><\/span><\/span><\/span><\/span><\/span><\/span><\/span><\/span><\/span><\/span><\/p>\n<p>&nbsp;<\/p>\n<p>&nbsp;<\/p>\n","protected":false},"excerpt":{"rendered":"<p>RM Lightning: encendido electr\u00f3nico CDI con avance variable MONTESA<br \/>\nCOTA 242,COTA 247,Cota 348, Cota 349<\/p>\n","protected":false},"featured_media":357,"comment_status":"open","ping_status":"closed","template":"","meta":[],"product_brand":[],"product_cat":[15],"product_tag":[],"class_list":{"0":"post-358","1":"product","2":"type-product","3":"status-publish","4":"has-post-thumbnail","6":"product_cat-uncategorized","8":"first","9":"instock","10":"taxable","11":"shipping-taxable","12":"purchasable","13":"product-type-simple"},"yoast_head":"<!-- This site is optimized with the Yoast SEO Premium plugin v21.2 (Yoast SEO v27.3) - https:\/\/yoast.com\/product\/yoast-seo-premium-wordpress\/ -->\n<title>RM Lightning: encendido electr\u00f3nico CDI con avance variable MONTESA - Tienda de todotrial<\/title>\n<meta name=\"robots\" content=\"index, follow, max-snippet:-1, max-image-preview:large, max-video-preview:-1\" \/>\n<link rel=\"canonical\" href=\"https:\/\/todotrial.com\/tienda\/cdi2016-02-22-22-44-02\/\" \/>\n<meta property=\"og:locale\" content=\"es_ES\" \/>\n<meta property=\"og:type\" content=\"article\" \/>\n<meta property=\"og:title\" content=\"RM Lightning: encendido electr\u00f3nico CDI con avance variable MONTESA\" \/>\n<meta property=\"og:description\" content=\"RM Lightning: encendido electr\u00f3nico CDI con avance variable MONTESA COTA 242,COTA 247,Cota 348, Cota 349\" \/>\n<meta property=\"og:url\" content=\"https:\/\/todotrial.com\/tienda\/cdi2016-02-22-22-44-02\/\" \/>\n<meta property=\"og:site_name\" content=\"Tienda de todotrial\" \/>\n<meta property=\"article:modified_time\" content=\"2025-12-07T16:56:39+00:00\" \/>\n<meta property=\"og:image\" content=\"https:\/\/todotrial.com\/tienda\/wp-content\/uploads\/2020\/07\/encendido-cdi-rmlightning-1.jpg\" \/>\n\t<meta property=\"og:image:width\" content=\"400\" \/>\n\t<meta property=\"og:image:height\" content=\"300\" \/>\n\t<meta property=\"og:image:type\" content=\"image\/jpeg\" \/>\n<meta name=\"twitter:card\" content=\"summary_large_image\" \/>\n<meta name=\"twitter:label1\" content=\"Tiempo de lectura\" \/>\n\t<meta name=\"twitter:data1\" content=\"1 minuto\" \/>\n<script type=\"application\/ld+json\" class=\"yoast-schema-graph\">{\"@context\":\"https:\\\/\\\/schema.org\",\"@graph\":[{\"@type\":\"WebPage\",\"@id\":\"https:\\\/\\\/todotrial.com\\\/tienda\\\/cdi2016-02-22-22-44-02\\\/\",\"url\":\"https:\\\/\\\/todotrial.com\\\/tienda\\\/cdi2016-02-22-22-44-02\\\/\",\"name\":\"RM Lightning: encendido electr\u00f3nico CDI con avance variable MONTESA - Tienda de todotrial\",\"isPartOf\":{\"@id\":\"https:\\\/\\\/todotrial.com\\\/tienda\\\/#website\"},\"primaryImageOfPage\":{\"@id\":\"https:\\\/\\\/todotrial.com\\\/tienda\\\/cdi2016-02-22-22-44-02\\\/#primaryimage\"},\"image\":{\"@id\":\"https:\\\/\\\/todotrial.com\\\/tienda\\\/cdi2016-02-22-22-44-02\\\/#primaryimage\"},\"thumbnailUrl\":\"https:\\\/\\\/todotrial.com\\\/tienda\\\/wp-content\\\/uploads\\\/2020\\\/07\\\/encendido-cdi-rmlightning-1.jpg\",\"datePublished\":\"2020-07-02T14:48:18+00:00\",\"dateModified\":\"2025-12-07T16:56:39+00:00\",\"breadcrumb\":{\"@id\":\"https:\\\/\\\/todotrial.com\\\/tienda\\\/cdi2016-02-22-22-44-02\\\/#breadcrumb\"},\"inLanguage\":\"es\",\"potentialAction\":[{\"@type\":\"ReadAction\",\"target\":[\"https:\\\/\\\/todotrial.com\\\/tienda\\\/cdi2016-02-22-22-44-02\\\/\"]}]},{\"@type\":\"ImageObject\",\"inLanguage\":\"es\",\"@id\":\"https:\\\/\\\/todotrial.com\\\/tienda\\\/cdi2016-02-22-22-44-02\\\/#primaryimage\",\"url\":\"https:\\\/\\\/todotrial.com\\\/tienda\\\/wp-content\\\/uploads\\\/2020\\\/07\\\/encendido-cdi-rmlightning-1.jpg\",\"contentUrl\":\"https:\\\/\\\/todotrial.com\\\/tienda\\\/wp-content\\\/uploads\\\/2020\\\/07\\\/encendido-cdi-rmlightning-1.jpg\",\"width\":400,\"height\":300},{\"@type\":\"BreadcrumbList\",\"@id\":\"https:\\\/\\\/todotrial.com\\\/tienda\\\/cdi2016-02-22-22-44-02\\\/#breadcrumb\",\"itemListElement\":[{\"@type\":\"ListItem\",\"position\":1,\"name\":\"Portada\",\"item\":\"https:\\\/\\\/todotrial.com\\\/tienda\\\/\"},{\"@type\":\"ListItem\",\"position\":2,\"name\":\"Shop\",\"item\":\"https:\\\/\\\/todotrial.com\\\/tienda\\\/shop\\\/\"},{\"@type\":\"ListItem\",\"position\":3,\"name\":\"RM Lightning: encendido electr\u00f3nico CDI con avance variable MONTESA\"}]},{\"@type\":\"WebSite\",\"@id\":\"https:\\\/\\\/todotrial.com\\\/tienda\\\/#website\",\"url\":\"https:\\\/\\\/todotrial.com\\\/tienda\\\/\",\"name\":\"Tienda de todotrial\",\"description\":\"\",\"potentialAction\":[{\"@type\":\"SearchAction\",\"target\":{\"@type\":\"EntryPoint\",\"urlTemplate\":\"https:\\\/\\\/todotrial.com\\\/tienda\\\/?s={search_term_string}\"},\"query-input\":{\"@type\":\"PropertyValueSpecification\",\"valueRequired\":true,\"valueName\":\"search_term_string\"}}],\"inLanguage\":\"es\"}]}<\/script>\n<!-- \/ Yoast SEO Premium plugin. -->","yoast_head_json":{"title":"RM Lightning: encendido electr\u00f3nico CDI con avance variable MONTESA - Tienda de todotrial","robots":{"index":"index","follow":"follow","max-snippet":"max-snippet:-1","max-image-preview":"max-image-preview:large","max-video-preview":"max-video-preview:-1"},"canonical":"https:\/\/todotrial.com\/tienda\/cdi2016-02-22-22-44-02\/","og_locale":"es_ES","og_type":"article","og_title":"RM Lightning: encendido electr\u00f3nico CDI con avance variable MONTESA","og_description":"RM Lightning: encendido electr\u00f3nico CDI con avance variable MONTESA COTA 242,COTA 247,Cota 348, Cota 349","og_url":"https:\/\/todotrial.com\/tienda\/cdi2016-02-22-22-44-02\/","og_site_name":"Tienda de todotrial","article_modified_time":"2025-12-07T16:56:39+00:00","og_image":[{"width":400,"height":300,"url":"https:\/\/todotrial.com\/tienda\/wp-content\/uploads\/2020\/07\/encendido-cdi-rmlightning-1.jpg","type":"image\/jpeg"}],"twitter_card":"summary_large_image","twitter_misc":{"Tiempo de lectura":"1 minuto"},"schema":{"@context":"https:\/\/schema.org","@graph":[{"@type":"WebPage","@id":"https:\/\/todotrial.com\/tienda\/cdi2016-02-22-22-44-02\/","url":"https:\/\/todotrial.com\/tienda\/cdi2016-02-22-22-44-02\/","name":"RM Lightning: encendido electr\u00f3nico CDI con avance variable MONTESA - Tienda de todotrial","isPartOf":{"@id":"https:\/\/todotrial.com\/tienda\/#website"},"primaryImageOfPage":{"@id":"https:\/\/todotrial.com\/tienda\/cdi2016-02-22-22-44-02\/#primaryimage"},"image":{"@id":"https:\/\/todotrial.com\/tienda\/cdi2016-02-22-22-44-02\/#primaryimage"},"thumbnailUrl":"https:\/\/todotrial.com\/tienda\/wp-content\/uploads\/2020\/07\/encendido-cdi-rmlightning-1.jpg","datePublished":"2020-07-02T14:48:18+00:00","dateModified":"2025-12-07T16:56:39+00:00","breadcrumb":{"@id":"https:\/\/todotrial.com\/tienda\/cdi2016-02-22-22-44-02\/#breadcrumb"},"inLanguage":"es","potentialAction":[{"@type":"ReadAction","target":["https:\/\/todotrial.com\/tienda\/cdi2016-02-22-22-44-02\/"]}]},{"@type":"ImageObject","inLanguage":"es","@id":"https:\/\/todotrial.com\/tienda\/cdi2016-02-22-22-44-02\/#primaryimage","url":"https:\/\/todotrial.com\/tienda\/wp-content\/uploads\/2020\/07\/encendido-cdi-rmlightning-1.jpg","contentUrl":"https:\/\/todotrial.com\/tienda\/wp-content\/uploads\/2020\/07\/encendido-cdi-rmlightning-1.jpg","width":400,"height":300},{"@type":"BreadcrumbList","@id":"https:\/\/todotrial.com\/tienda\/cdi2016-02-22-22-44-02\/#breadcrumb","itemListElement":[{"@type":"ListItem","position":1,"name":"Portada","item":"https:\/\/todotrial.com\/tienda\/"},{"@type":"ListItem","position":2,"name":"Shop","item":"https:\/\/todotrial.com\/tienda\/shop\/"},{"@type":"ListItem","position":3,"name":"RM Lightning: encendido electr\u00f3nico CDI con avance variable MONTESA"}]},{"@type":"WebSite","@id":"https:\/\/todotrial.com\/tienda\/#website","url":"https:\/\/todotrial.com\/tienda\/","name":"Tienda de todotrial","description":"","potentialAction":[{"@type":"SearchAction","target":{"@type":"EntryPoint","urlTemplate":"https:\/\/todotrial.com\/tienda\/?s={search_term_string}"},"query-input":{"@type":"PropertyValueSpecification","valueRequired":true,"valueName":"search_term_string"}}],"inLanguage":"es"}]}},"_links":{"self":[{"href":"https:\/\/todotrial.com\/tienda\/wp-json\/wp\/v2\/product\/358","targetHints":{"allow":["GET"]}}],"collection":[{"href":"https:\/\/todotrial.com\/tienda\/wp-json\/wp\/v2\/product"}],"about":[{"href":"https:\/\/todotrial.com\/tienda\/wp-json\/wp\/v2\/types\/product"}],"replies":[{"embeddable":true,"href":"https:\/\/todotrial.com\/tienda\/wp-json\/wp\/v2\/comments?post=358"}],"version-history":[{"count":0,"href":"https:\/\/todotrial.com\/tienda\/wp-json\/wp\/v2\/product\/358\/revisions"}],"wp:featuredmedia":[{"embeddable":true,"href":"https:\/\/todotrial.com\/tienda\/wp-json\/wp\/v2\/media\/357"}],"wp:attachment":[{"href":"https:\/\/todotrial.com\/tienda\/wp-json\/wp\/v2\/media?parent=358"}],"wp:term":[{"taxonomy":"product_brand","embeddable":true,"href":"https:\/\/todotrial.com\/tienda\/wp-json\/wp\/v2\/product_brand?post=358"},{"taxonomy":"product_cat","embeddable":true,"href":"https:\/\/todotrial.com\/tienda\/wp-json\/wp\/v2\/product_cat?post=358"},{"taxonomy":"product_tag","embeddable":true,"href":"https:\/\/todotrial.com\/tienda\/wp-json\/wp\/v2\/product_tag?post=358"}],"curies":[{"name":"wp","href":"https:\/\/api.w.org\/{rel}","templated":true}]}}