{"id":35475,"date":"2020-12-16T22:10:08","date_gmt":"2020-12-16T21:10:08","guid":{"rendered":"https:\/\/todotrial.com\/tienda\/product\/import-placeholder-for-6709\/"},"modified":"2025-12-28T19:43:05","modified_gmt":"2025-12-28T18:43:05","slug":"botas-balance-classic-yellow-black-gaerne","status":"publish","type":"product","link":"https:\/\/todotrial.com\/tienda\/botas-balance-classic-yellow-black-gaerne\/","title":{"rendered":"BOTAS BALANCE CLASSIC YELLOW BLACK GAERNE"},"content":{"rendered":"<p><strong>Fabricadas en microfibra para garantizar ligereza y confort.<\/strong><\/p>\n<p><strong> Incluye un protector frontal dise\u00f1ado en molde de inyecci\u00f3n y tres hebillas de acero recambiables.<\/strong><\/p>\n<p><strong> Es impermeable gracias a la tecnolog\u00eda Gaerne Drytech.<\/strong><\/p>\n<p><strong> Se complementa con suela de goma antideslizante para hacer de la conducci\u00f3n una experiencia inmejorable.<\/strong><\/p>\n","protected":false},"excerpt":{"rendered":"<p>Lorem Ipsum es simplemente el texto de relleno de las imprentas y archivos de texto. Lorem Ipsum ha sido el texto de relleno est\u00e1ndar de las industrias desde el a\u00f1o 1500, cuando un impresor (N. del T. persona que se dedica a la imprenta) desconocido us\u00f3 una galer\u00eda de textos y los mezcl\u00f3 de tal manera que logr\u00f3 hacer un libro de textos especimen. No s\u00f3lo sobrevivi\u00f3 500 a\u00f1os, sino que tambien ingres\u00f3 como texto de relleno en documentos electr\u00f3nicos, quedando esencialmente igual al original<\/p>\n","protected":false},"featured_media":35535,"comment_status":"open","ping_status":"closed","template":"","meta":[],"product_brand":[],"product_cat":[11446,11393,11384,11374],"product_tag":[],"class_list":{"0":"post-35475","1":"product","2":"type-product","3":"status-publish","4":"has-post-thumbnail","6":"product_cat-botas-equipacion","7":"product_cat-equipacion-moto","8":"product_cat-moto","9":"product_cat-raiz","10":"pa_color-rojo","11":"pa_color-verde-fluor","13":"first","14":"instock","15":"sale","16":"taxable","17":"shipping-taxable","18":"purchasable","19":"product-type-variable","20":"has-default-attributes"},"yoast_head":"<!-- This site is optimized with the Yoast SEO Premium plugin v21.2 (Yoast SEO v27.4) - https:\/\/yoast.com\/product\/yoast-seo-premium-wordpress\/ -->\n<title>BOTAS BALANCE CLASSIC YELLOW BLACK GAERNE - Tienda de todotrial<\/title>\n<meta name=\"robots\" content=\"index, follow, max-snippet:-1, max-image-preview:large, max-video-preview:-1\" \/>\n<link rel=\"canonical\" href=\"https:\/\/todotrial.com\/tienda\/botas-balance-classic-yellow-black-gaerne\/\" \/>\n<meta property=\"og:locale\" content=\"es_ES\" \/>\n<meta property=\"og:type\" content=\"article\" \/>\n<meta property=\"og:title\" content=\"BOTAS BALANCE CLASSIC YELLOW BLACK GAERNE\" \/>\n<meta property=\"og:description\" content=\"Lorem Ipsum es simplemente el texto de relleno de las imprentas y archivos de texto. Lorem Ipsum ha sido el texto de relleno est\u00e1ndar de las industrias desde el a\u00f1o 1500, cuando un impresor (N. del T. persona que se dedica a la imprenta) desconocido us\u00f3 una galer\u00eda de textos y los mezcl\u00f3 de tal manera que logr\u00f3 hacer un libro de textos especimen. No s\u00f3lo sobrevivi\u00f3 500 a\u00f1os, sino que tambien ingres\u00f3 como texto de relleno en documentos electr\u00f3nicos, quedando esencialmente igual al original\" \/>\n<meta property=\"og:url\" content=\"https:\/\/todotrial.com\/tienda\/botas-balance-classic-yellow-black-gaerne\/\" \/>\n<meta property=\"og:site_name\" content=\"Tienda de todotrial\" \/>\n<meta property=\"article:modified_time\" content=\"2025-12-28T18:43:05+00:00\" \/>\n<meta property=\"og:image\" content=\"https:\/\/todotrial.com\/tienda\/wp-content\/uploads\/2020\/12\/4183-BOTAS-BALANCE-CLASSIC-YELLOW-BLACK-GAERNE.jpg\" \/>\n\t<meta property=\"og:image:width\" content=\"600\" \/>\n\t<meta property=\"og:image:height\" content=\"600\" \/>\n\t<meta property=\"og:image:type\" content=\"image\/jpeg\" \/>\n<meta name=\"twitter:card\" content=\"summary_large_image\" \/>\n<script type=\"application\/ld+json\" class=\"yoast-schema-graph\">{\"@context\":\"https:\\\/\\\/schema.org\",\"@graph\":[{\"@type\":\"WebPage\",\"@id\":\"https:\\\/\\\/todotrial.com\\\/tienda\\\/botas-balance-classic-yellow-black-gaerne\\\/\",\"url\":\"https:\\\/\\\/todotrial.com\\\/tienda\\\/botas-balance-classic-yellow-black-gaerne\\\/\",\"name\":\"BOTAS BALANCE CLASSIC YELLOW BLACK GAERNE - Tienda de todotrial\",\"isPartOf\":{\"@id\":\"https:\\\/\\\/todotrial.com\\\/tienda\\\/#website\"},\"primaryImageOfPage\":{\"@id\":\"https:\\\/\\\/todotrial.com\\\/tienda\\\/botas-balance-classic-yellow-black-gaerne\\\/#primaryimage\"},\"image\":{\"@id\":\"https:\\\/\\\/todotrial.com\\\/tienda\\\/botas-balance-classic-yellow-black-gaerne\\\/#primaryimage\"},\"thumbnailUrl\":\"https:\\\/\\\/todotrial.com\\\/tienda\\\/wp-content\\\/uploads\\\/2020\\\/12\\\/4183-BOTAS-BALANCE-CLASSIC-YELLOW-BLACK-GAERNE.jpg\",\"datePublished\":\"2020-12-16T21:10:08+00:00\",\"dateModified\":\"2025-12-28T18:43:05+00:00\",\"breadcrumb\":{\"@id\":\"https:\\\/\\\/todotrial.com\\\/tienda\\\/botas-balance-classic-yellow-black-gaerne\\\/#breadcrumb\"},\"inLanguage\":\"es\",\"potentialAction\":[{\"@type\":\"ReadAction\",\"target\":[\"https:\\\/\\\/todotrial.com\\\/tienda\\\/botas-balance-classic-yellow-black-gaerne\\\/\"]}]},{\"@type\":\"ImageObject\",\"inLanguage\":\"es\",\"@id\":\"https:\\\/\\\/todotrial.com\\\/tienda\\\/botas-balance-classic-yellow-black-gaerne\\\/#primaryimage\",\"url\":\"https:\\\/\\\/todotrial.com\\\/tienda\\\/wp-content\\\/uploads\\\/2020\\\/12\\\/4183-BOTAS-BALANCE-CLASSIC-YELLOW-BLACK-GAERNE.jpg\",\"contentUrl\":\"https:\\\/\\\/todotrial.com\\\/tienda\\\/wp-content\\\/uploads\\\/2020\\\/12\\\/4183-BOTAS-BALANCE-CLASSIC-YELLOW-BLACK-GAERNE.jpg\",\"width\":600,\"height\":600},{\"@type\":\"BreadcrumbList\",\"@id\":\"https:\\\/\\\/todotrial.com\\\/tienda\\\/botas-balance-classic-yellow-black-gaerne\\\/#breadcrumb\",\"itemListElement\":[{\"@type\":\"ListItem\",\"position\":1,\"name\":\"Portada\",\"item\":\"https:\\\/\\\/todotrial.com\\\/tienda\\\/\"},{\"@type\":\"ListItem\",\"position\":2,\"name\":\"Shop\",\"item\":\"https:\\\/\\\/todotrial.com\\\/tienda\\\/shop\\\/\"},{\"@type\":\"ListItem\",\"position\":3,\"name\":\"BOTAS BALANCE CLASSIC YELLOW BLACK GAERNE\"}]},{\"@type\":\"WebSite\",\"@id\":\"https:\\\/\\\/todotrial.com\\\/tienda\\\/#website\",\"url\":\"https:\\\/\\\/todotrial.com\\\/tienda\\\/\",\"name\":\"Tienda de todotrial\",\"description\":\"\",\"potentialAction\":[{\"@type\":\"SearchAction\",\"target\":{\"@type\":\"EntryPoint\",\"urlTemplate\":\"https:\\\/\\\/todotrial.com\\\/tienda\\\/?s={search_term_string}\"},\"query-input\":{\"@type\":\"PropertyValueSpecification\",\"valueRequired\":true,\"valueName\":\"search_term_string\"}}],\"inLanguage\":\"es\"}]}<\/script>\n<!-- \/ Yoast SEO Premium plugin. -->","yoast_head_json":{"title":"BOTAS BALANCE CLASSIC YELLOW BLACK GAERNE - Tienda de todotrial","robots":{"index":"index","follow":"follow","max-snippet":"max-snippet:-1","max-image-preview":"max-image-preview:large","max-video-preview":"max-video-preview:-1"},"canonical":"https:\/\/todotrial.com\/tienda\/botas-balance-classic-yellow-black-gaerne\/","og_locale":"es_ES","og_type":"article","og_title":"BOTAS BALANCE CLASSIC YELLOW BLACK GAERNE","og_description":"Lorem Ipsum es simplemente el texto de relleno de las imprentas y archivos de texto. Lorem Ipsum ha sido el texto de relleno est\u00e1ndar de las industrias desde el a\u00f1o 1500, cuando un impresor (N. del T. persona que se dedica a la imprenta) desconocido us\u00f3 una galer\u00eda de textos y los mezcl\u00f3 de tal manera que logr\u00f3 hacer un libro de textos especimen. No s\u00f3lo sobrevivi\u00f3 500 a\u00f1os, sino que tambien ingres\u00f3 como texto de relleno en documentos electr\u00f3nicos, quedando esencialmente igual al original","og_url":"https:\/\/todotrial.com\/tienda\/botas-balance-classic-yellow-black-gaerne\/","og_site_name":"Tienda de todotrial","article_modified_time":"2025-12-28T18:43:05+00:00","og_image":[{"width":600,"height":600,"url":"https:\/\/todotrial.com\/tienda\/wp-content\/uploads\/2020\/12\/4183-BOTAS-BALANCE-CLASSIC-YELLOW-BLACK-GAERNE.jpg","type":"image\/jpeg"}],"twitter_card":"summary_large_image","schema":{"@context":"https:\/\/schema.org","@graph":[{"@type":"WebPage","@id":"https:\/\/todotrial.com\/tienda\/botas-balance-classic-yellow-black-gaerne\/","url":"https:\/\/todotrial.com\/tienda\/botas-balance-classic-yellow-black-gaerne\/","name":"BOTAS BALANCE CLASSIC YELLOW BLACK GAERNE - Tienda de todotrial","isPartOf":{"@id":"https:\/\/todotrial.com\/tienda\/#website"},"primaryImageOfPage":{"@id":"https:\/\/todotrial.com\/tienda\/botas-balance-classic-yellow-black-gaerne\/#primaryimage"},"image":{"@id":"https:\/\/todotrial.com\/tienda\/botas-balance-classic-yellow-black-gaerne\/#primaryimage"},"thumbnailUrl":"https:\/\/todotrial.com\/tienda\/wp-content\/uploads\/2020\/12\/4183-BOTAS-BALANCE-CLASSIC-YELLOW-BLACK-GAERNE.jpg","datePublished":"2020-12-16T21:10:08+00:00","dateModified":"2025-12-28T18:43:05+00:00","breadcrumb":{"@id":"https:\/\/todotrial.com\/tienda\/botas-balance-classic-yellow-black-gaerne\/#breadcrumb"},"inLanguage":"es","potentialAction":[{"@type":"ReadAction","target":["https:\/\/todotrial.com\/tienda\/botas-balance-classic-yellow-black-gaerne\/"]}]},{"@type":"ImageObject","inLanguage":"es","@id":"https:\/\/todotrial.com\/tienda\/botas-balance-classic-yellow-black-gaerne\/#primaryimage","url":"https:\/\/todotrial.com\/tienda\/wp-content\/uploads\/2020\/12\/4183-BOTAS-BALANCE-CLASSIC-YELLOW-BLACK-GAERNE.jpg","contentUrl":"https:\/\/todotrial.com\/tienda\/wp-content\/uploads\/2020\/12\/4183-BOTAS-BALANCE-CLASSIC-YELLOW-BLACK-GAERNE.jpg","width":600,"height":600},{"@type":"BreadcrumbList","@id":"https:\/\/todotrial.com\/tienda\/botas-balance-classic-yellow-black-gaerne\/#breadcrumb","itemListElement":[{"@type":"ListItem","position":1,"name":"Portada","item":"https:\/\/todotrial.com\/tienda\/"},{"@type":"ListItem","position":2,"name":"Shop","item":"https:\/\/todotrial.com\/tienda\/shop\/"},{"@type":"ListItem","position":3,"name":"BOTAS BALANCE CLASSIC YELLOW BLACK GAERNE"}]},{"@type":"WebSite","@id":"https:\/\/todotrial.com\/tienda\/#website","url":"https:\/\/todotrial.com\/tienda\/","name":"Tienda de todotrial","description":"","potentialAction":[{"@type":"SearchAction","target":{"@type":"EntryPoint","urlTemplate":"https:\/\/todotrial.com\/tienda\/?s={search_term_string}"},"query-input":{"@type":"PropertyValueSpecification","valueRequired":true,"valueName":"search_term_string"}}],"inLanguage":"es"}]}},"_links":{"self":[{"href":"https:\/\/todotrial.com\/tienda\/wp-json\/wp\/v2\/product\/35475","targetHints":{"allow":["GET"]}}],"collection":[{"href":"https:\/\/todotrial.com\/tienda\/wp-json\/wp\/v2\/product"}],"about":[{"href":"https:\/\/todotrial.com\/tienda\/wp-json\/wp\/v2\/types\/product"}],"replies":[{"embeddable":true,"href":"https:\/\/todotrial.com\/tienda\/wp-json\/wp\/v2\/comments?post=35475"}],"version-history":[{"count":1,"href":"https:\/\/todotrial.com\/tienda\/wp-json\/wp\/v2\/product\/35475\/revisions"}],"predecessor-version":[{"id":54178,"href":"https:\/\/todotrial.com\/tienda\/wp-json\/wp\/v2\/product\/35475\/revisions\/54178"}],"wp:featuredmedia":[{"embeddable":true,"href":"https:\/\/todotrial.com\/tienda\/wp-json\/wp\/v2\/media\/35535"}],"wp:attachment":[{"href":"https:\/\/todotrial.com\/tienda\/wp-json\/wp\/v2\/media?parent=35475"}],"wp:term":[{"taxonomy":"product_brand","embeddable":true,"href":"https:\/\/todotrial.com\/tienda\/wp-json\/wp\/v2\/product_brand?post=35475"},{"taxonomy":"product_cat","embeddable":true,"href":"https:\/\/todotrial.com\/tienda\/wp-json\/wp\/v2\/product_cat?post=35475"},{"taxonomy":"product_tag","embeddable":true,"href":"https:\/\/todotrial.com\/tienda\/wp-json\/wp\/v2\/product_tag?post=35475"}],"curies":[{"name":"wp","href":"https:\/\/api.w.org\/{rel}","templated":true}]}}