{"id":354,"date":"2020-07-02T14:48:06","date_gmt":"2020-07-02T13:48:06","guid":{"rendered":"https:\/\/todotrial.com\/tienda\/product\/kit-hfs-muelles-de-horquilla\/"},"modified":"2025-02-20T17:35:59","modified_gmt":"2025-02-20T16:35:59","slug":"kit-hfs-muelles-de-horquilla","status":"publish","type":"product","link":"https:\/\/todotrial.com\/tienda\/kit-hfs-muelles-de-horquilla\/","title":{"rendered":"HFS Set de 2 Muelles de horquilla (para HFS PRO)"},"content":{"rendered":"<p><span style=\"font-size: 16px;\">Hay tres rigideces disponibles:<\/span><\/p>\n<p class=\"rteindent1\"><span style=\"font-size: 16px;\">&#8211; Blando<br \/> &#8211; Medio<br \/> &#8211; Duro<\/span><\/p>\n<p><span style=\"font-size: 16px;\">El kit est\u00e1ndar se suministra con un juego de muelles de acuerdo con el peso del piloto. Pueden adquirirse muelles adicionales de otras durezas para tener m\u00e1s posibilidades de regulaci\u00f3n (por ejemplo en competici\u00f3n).<\/span><\/p>\n","protected":false},"excerpt":{"rendered":"<p>HFS Set de 2  Muelles de horquilla ( para HFS PRO)<\/p>\n","protected":false},"featured_media":353,"comment_status":"open","ping_status":"closed","template":"","meta":[],"product_brand":[],"product_cat":[15],"product_tag":[],"class_list":{"0":"post-354","1":"product","2":"type-product","3":"status-publish","4":"has-post-thumbnail","6":"product_cat-uncategorized","8":"first","9":"instock","10":"taxable","11":"shipping-taxable","12":"purchasable","13":"product-type-simple"},"yoast_head":"<!-- This site is optimized with the Yoast SEO Premium plugin v21.2 (Yoast SEO v27.3) - https:\/\/yoast.com\/product\/yoast-seo-premium-wordpress\/ -->\n<title>HFS Set de 2 Muelles de horquilla (para HFS PRO) - Tienda de todotrial<\/title>\n<meta name=\"robots\" content=\"index, follow, max-snippet:-1, max-image-preview:large, max-video-preview:-1\" \/>\n<link rel=\"canonical\" href=\"https:\/\/todotrial.com\/tienda\/kit-hfs-muelles-de-horquilla\/\" \/>\n<meta property=\"og:locale\" content=\"es_ES\" \/>\n<meta property=\"og:type\" content=\"article\" \/>\n<meta property=\"og:title\" content=\"HFS Set de 2 Muelles de horquilla (para HFS PRO)\" \/>\n<meta property=\"og:description\" content=\"HFS Set de 2 Muelles de horquilla ( para HFS PRO)\" \/>\n<meta property=\"og:url\" content=\"https:\/\/todotrial.com\/tienda\/kit-hfs-muelles-de-horquilla\/\" \/>\n<meta property=\"og:site_name\" content=\"Tienda de todotrial\" \/>\n<meta property=\"article:modified_time\" content=\"2025-02-20T16:35:59+00:00\" \/>\n<meta property=\"og:image\" content=\"https:\/\/todotrial.com\/tienda\/wp-content\/uploads\/2020\/07\/set_muelles_horquilla_hfs_p.jpg\" \/>\n\t<meta property=\"og:image:width\" content=\"400\" \/>\n\t<meta property=\"og:image:height\" content=\"282\" \/>\n\t<meta property=\"og:image:type\" content=\"image\/jpeg\" \/>\n<meta name=\"twitter:card\" content=\"summary_large_image\" \/>\n<script type=\"application\/ld+json\" class=\"yoast-schema-graph\">{\"@context\":\"https:\\\/\\\/schema.org\",\"@graph\":[{\"@type\":\"WebPage\",\"@id\":\"https:\\\/\\\/todotrial.com\\\/tienda\\\/kit-hfs-muelles-de-horquilla\\\/\",\"url\":\"https:\\\/\\\/todotrial.com\\\/tienda\\\/kit-hfs-muelles-de-horquilla\\\/\",\"name\":\"HFS Set de 2 Muelles de horquilla (para HFS PRO) - Tienda de todotrial\",\"isPartOf\":{\"@id\":\"https:\\\/\\\/todotrial.com\\\/tienda\\\/#website\"},\"primaryImageOfPage\":{\"@id\":\"https:\\\/\\\/todotrial.com\\\/tienda\\\/kit-hfs-muelles-de-horquilla\\\/#primaryimage\"},\"image\":{\"@id\":\"https:\\\/\\\/todotrial.com\\\/tienda\\\/kit-hfs-muelles-de-horquilla\\\/#primaryimage\"},\"thumbnailUrl\":\"https:\\\/\\\/todotrial.com\\\/tienda\\\/wp-content\\\/uploads\\\/2020\\\/07\\\/set_muelles_horquilla_hfs_p.jpg\",\"datePublished\":\"2020-07-02T13:48:06+00:00\",\"dateModified\":\"2025-02-20T16:35:59+00:00\",\"breadcrumb\":{\"@id\":\"https:\\\/\\\/todotrial.com\\\/tienda\\\/kit-hfs-muelles-de-horquilla\\\/#breadcrumb\"},\"inLanguage\":\"es\",\"potentialAction\":[{\"@type\":\"ReadAction\",\"target\":[\"https:\\\/\\\/todotrial.com\\\/tienda\\\/kit-hfs-muelles-de-horquilla\\\/\"]}]},{\"@type\":\"ImageObject\",\"inLanguage\":\"es\",\"@id\":\"https:\\\/\\\/todotrial.com\\\/tienda\\\/kit-hfs-muelles-de-horquilla\\\/#primaryimage\",\"url\":\"https:\\\/\\\/todotrial.com\\\/tienda\\\/wp-content\\\/uploads\\\/2020\\\/07\\\/set_muelles_horquilla_hfs_p.jpg\",\"contentUrl\":\"https:\\\/\\\/todotrial.com\\\/tienda\\\/wp-content\\\/uploads\\\/2020\\\/07\\\/set_muelles_horquilla_hfs_p.jpg\",\"width\":400,\"height\":282},{\"@type\":\"BreadcrumbList\",\"@id\":\"https:\\\/\\\/todotrial.com\\\/tienda\\\/kit-hfs-muelles-de-horquilla\\\/#breadcrumb\",\"itemListElement\":[{\"@type\":\"ListItem\",\"position\":1,\"name\":\"Portada\",\"item\":\"https:\\\/\\\/todotrial.com\\\/tienda\\\/\"},{\"@type\":\"ListItem\",\"position\":2,\"name\":\"Shop\",\"item\":\"https:\\\/\\\/todotrial.com\\\/tienda\\\/shop\\\/\"},{\"@type\":\"ListItem\",\"position\":3,\"name\":\"HFS Set de 2 Muelles de horquilla (para HFS PRO)\"}]},{\"@type\":\"WebSite\",\"@id\":\"https:\\\/\\\/todotrial.com\\\/tienda\\\/#website\",\"url\":\"https:\\\/\\\/todotrial.com\\\/tienda\\\/\",\"name\":\"Tienda de todotrial\",\"description\":\"\",\"potentialAction\":[{\"@type\":\"SearchAction\",\"target\":{\"@type\":\"EntryPoint\",\"urlTemplate\":\"https:\\\/\\\/todotrial.com\\\/tienda\\\/?s={search_term_string}\"},\"query-input\":{\"@type\":\"PropertyValueSpecification\",\"valueRequired\":true,\"valueName\":\"search_term_string\"}}],\"inLanguage\":\"es\"}]}<\/script>\n<!-- \/ Yoast SEO Premium plugin. -->","yoast_head_json":{"title":"HFS Set de 2 Muelles de horquilla (para HFS PRO) - Tienda de todotrial","robots":{"index":"index","follow":"follow","max-snippet":"max-snippet:-1","max-image-preview":"max-image-preview:large","max-video-preview":"max-video-preview:-1"},"canonical":"https:\/\/todotrial.com\/tienda\/kit-hfs-muelles-de-horquilla\/","og_locale":"es_ES","og_type":"article","og_title":"HFS Set de 2 Muelles de horquilla (para HFS PRO)","og_description":"HFS Set de 2 Muelles de horquilla ( para HFS PRO)","og_url":"https:\/\/todotrial.com\/tienda\/kit-hfs-muelles-de-horquilla\/","og_site_name":"Tienda de todotrial","article_modified_time":"2025-02-20T16:35:59+00:00","og_image":[{"width":400,"height":282,"url":"https:\/\/todotrial.com\/tienda\/wp-content\/uploads\/2020\/07\/set_muelles_horquilla_hfs_p.jpg","type":"image\/jpeg"}],"twitter_card":"summary_large_image","schema":{"@context":"https:\/\/schema.org","@graph":[{"@type":"WebPage","@id":"https:\/\/todotrial.com\/tienda\/kit-hfs-muelles-de-horquilla\/","url":"https:\/\/todotrial.com\/tienda\/kit-hfs-muelles-de-horquilla\/","name":"HFS Set de 2 Muelles de horquilla (para HFS PRO) - Tienda de todotrial","isPartOf":{"@id":"https:\/\/todotrial.com\/tienda\/#website"},"primaryImageOfPage":{"@id":"https:\/\/todotrial.com\/tienda\/kit-hfs-muelles-de-horquilla\/#primaryimage"},"image":{"@id":"https:\/\/todotrial.com\/tienda\/kit-hfs-muelles-de-horquilla\/#primaryimage"},"thumbnailUrl":"https:\/\/todotrial.com\/tienda\/wp-content\/uploads\/2020\/07\/set_muelles_horquilla_hfs_p.jpg","datePublished":"2020-07-02T13:48:06+00:00","dateModified":"2025-02-20T16:35:59+00:00","breadcrumb":{"@id":"https:\/\/todotrial.com\/tienda\/kit-hfs-muelles-de-horquilla\/#breadcrumb"},"inLanguage":"es","potentialAction":[{"@type":"ReadAction","target":["https:\/\/todotrial.com\/tienda\/kit-hfs-muelles-de-horquilla\/"]}]},{"@type":"ImageObject","inLanguage":"es","@id":"https:\/\/todotrial.com\/tienda\/kit-hfs-muelles-de-horquilla\/#primaryimage","url":"https:\/\/todotrial.com\/tienda\/wp-content\/uploads\/2020\/07\/set_muelles_horquilla_hfs_p.jpg","contentUrl":"https:\/\/todotrial.com\/tienda\/wp-content\/uploads\/2020\/07\/set_muelles_horquilla_hfs_p.jpg","width":400,"height":282},{"@type":"BreadcrumbList","@id":"https:\/\/todotrial.com\/tienda\/kit-hfs-muelles-de-horquilla\/#breadcrumb","itemListElement":[{"@type":"ListItem","position":1,"name":"Portada","item":"https:\/\/todotrial.com\/tienda\/"},{"@type":"ListItem","position":2,"name":"Shop","item":"https:\/\/todotrial.com\/tienda\/shop\/"},{"@type":"ListItem","position":3,"name":"HFS Set de 2 Muelles de horquilla (para HFS PRO)"}]},{"@type":"WebSite","@id":"https:\/\/todotrial.com\/tienda\/#website","url":"https:\/\/todotrial.com\/tienda\/","name":"Tienda de todotrial","description":"","potentialAction":[{"@type":"SearchAction","target":{"@type":"EntryPoint","urlTemplate":"https:\/\/todotrial.com\/tienda\/?s={search_term_string}"},"query-input":{"@type":"PropertyValueSpecification","valueRequired":true,"valueName":"search_term_string"}}],"inLanguage":"es"}]}},"_links":{"self":[{"href":"https:\/\/todotrial.com\/tienda\/wp-json\/wp\/v2\/product\/354","targetHints":{"allow":["GET"]}}],"collection":[{"href":"https:\/\/todotrial.com\/tienda\/wp-json\/wp\/v2\/product"}],"about":[{"href":"https:\/\/todotrial.com\/tienda\/wp-json\/wp\/v2\/types\/product"}],"replies":[{"embeddable":true,"href":"https:\/\/todotrial.com\/tienda\/wp-json\/wp\/v2\/comments?post=354"}],"version-history":[{"count":0,"href":"https:\/\/todotrial.com\/tienda\/wp-json\/wp\/v2\/product\/354\/revisions"}],"wp:featuredmedia":[{"embeddable":true,"href":"https:\/\/todotrial.com\/tienda\/wp-json\/wp\/v2\/media\/353"}],"wp:attachment":[{"href":"https:\/\/todotrial.com\/tienda\/wp-json\/wp\/v2\/media?parent=354"}],"wp:term":[{"taxonomy":"product_brand","embeddable":true,"href":"https:\/\/todotrial.com\/tienda\/wp-json\/wp\/v2\/product_brand?post=354"},{"taxonomy":"product_cat","embeddable":true,"href":"https:\/\/todotrial.com\/tienda\/wp-json\/wp\/v2\/product_cat?post=354"},{"taxonomy":"product_tag","embeddable":true,"href":"https:\/\/todotrial.com\/tienda\/wp-json\/wp\/v2\/product_tag?post=354"}],"curies":[{"name":"wp","href":"https:\/\/api.w.org\/{rel}","templated":true}]}}