{"id":35276,"date":"2020-12-16T22:03:55","date_gmt":"2020-12-16T21:03:55","guid":{"rendered":"https:\/\/todotrial.com\/tienda\/product\/import-placeholder-for-6524\/"},"modified":"2025-02-18T14:38:53","modified_gmt":"2025-02-18T13:38:53","slug":"710-2t-motul","status":"publish","type":"product","link":"https:\/\/todotrial.com\/tienda\/710-2t-motul\/","title":{"rendered":"710 2T MOTUL"},"content":{"rendered":"<p><strong>Motul\u00a0710\u00a02T es un lubricante\u00a0con tecnolog\u00eda de\u00a0esteres, estudiado para responder a los modernos motores de\u00a02T, con elevados reg\u00edmenes de rotaci\u00f3n, manteniendo una firme pel\u00edcula de lubricaci\u00f3n que protege contra el desgaste.<\/strong><\/p>\n<p><strong> Incremento de potencia del motor por reducci\u00f3n de la fricci\u00f3n.<\/strong><\/p>\n<p><strong> La norma japonesa JASO propone la superaci\u00f3n con \u00e9xito de 4 ensayos de banco en motores para cuantificar las cualidades de poder lubricante, detergencia, anti-humos y anti-dep\u00f3sitos del aceite. <\/strong><\/p>\n<p><strong>El nivel FD de JASO, proporciona un nivel de limpieza interna superior en los motores respecto a niveles JASO anteriores.<\/strong><\/p>\n<p><strong> Formulado con bases sint\u00e9ticas espec\u00edficas con elevado poder de combusti\u00f3n, reduciendo la emisi\u00f3n de humos visible, as\u00ed como de hidrocarburos no quemados, lo que proporciona menos dep\u00f3sitos en las zonas fr\u00edas del escape.<\/strong><\/p>\n<p><strong> Mezcla r\u00e1pida, de forma homog\u00e9nea y estable con todos los carburantes comerciales. <\/strong><\/p>\n<p><strong>ESPECIFICACIONES: API TC \u00a0 JASO FC \u00a0 \u00a0ISO-L-EGD<\/strong><\/p>\n","protected":false},"excerpt":{"rendered":"<p><strong>100% Sintetico<\/strong><\/p>\n<p><strong>Motor 2T<\/strong><\/p>\n","protected":false},"featured_media":42424,"comment_status":"open","ping_status":"closed","template":"","meta":[],"product_brand":[],"product_cat":[11513,11384,11374],"product_tag":[],"class_list":{"0":"post-35276","1":"product","2":"type-product","3":"status-publish","4":"has-post-thumbnail","6":"product_cat-lubricacion-y-limpieza","7":"product_cat-moto","8":"product_cat-raiz","10":"first","11":"outofstock","12":"taxable","13":"shipping-taxable","14":"product-type-simple"},"yoast_head":"<!-- This site is optimized with the Yoast SEO Premium plugin v21.2 (Yoast SEO v27.3) - https:\/\/yoast.com\/product\/yoast-seo-premium-wordpress\/ -->\n<title>710 2T MOTUL - Tienda de todotrial<\/title>\n<meta name=\"robots\" content=\"index, follow, max-snippet:-1, max-image-preview:large, max-video-preview:-1\" \/>\n<link rel=\"canonical\" href=\"https:\/\/todotrial.com\/tienda\/710-2t-motul\/\" \/>\n<meta property=\"og:locale\" content=\"es_ES\" \/>\n<meta property=\"og:type\" content=\"article\" \/>\n<meta property=\"og:title\" content=\"710 2T MOTUL\" \/>\n<meta property=\"og:description\" content=\"100% Sintetico Motor 2T\" \/>\n<meta property=\"og:url\" content=\"https:\/\/todotrial.com\/tienda\/710-2t-motul\/\" \/>\n<meta property=\"og:site_name\" content=\"Tienda de todotrial\" \/>\n<meta property=\"article:modified_time\" content=\"2025-02-18T13:38:53+00:00\" \/>\n<meta property=\"og:image\" content=\"https:\/\/todotrial.com\/tienda\/wp-content\/uploads\/2025\/02\/4050-1.jpg\" \/>\n\t<meta property=\"og:image:width\" content=\"800\" \/>\n\t<meta property=\"og:image:height\" content=\"800\" \/>\n\t<meta property=\"og:image:type\" content=\"image\/jpeg\" \/>\n<meta name=\"twitter:card\" content=\"summary_large_image\" \/>\n<meta name=\"twitter:label1\" content=\"Tiempo de lectura\" \/>\n\t<meta name=\"twitter:data1\" content=\"1 minuto\" \/>\n<script type=\"application\/ld+json\" class=\"yoast-schema-graph\">{\"@context\":\"https:\\\/\\\/schema.org\",\"@graph\":[{\"@type\":\"WebPage\",\"@id\":\"https:\\\/\\\/todotrial.com\\\/tienda\\\/710-2t-motul\\\/\",\"url\":\"https:\\\/\\\/todotrial.com\\\/tienda\\\/710-2t-motul\\\/\",\"name\":\"710 2T MOTUL - Tienda de todotrial\",\"isPartOf\":{\"@id\":\"https:\\\/\\\/todotrial.com\\\/tienda\\\/#website\"},\"primaryImageOfPage\":{\"@id\":\"https:\\\/\\\/todotrial.com\\\/tienda\\\/710-2t-motul\\\/#primaryimage\"},\"image\":{\"@id\":\"https:\\\/\\\/todotrial.com\\\/tienda\\\/710-2t-motul\\\/#primaryimage\"},\"thumbnailUrl\":\"https:\\\/\\\/todotrial.com\\\/tienda\\\/wp-content\\\/uploads\\\/2025\\\/02\\\/4050-1.jpg\",\"datePublished\":\"2020-12-16T21:03:55+00:00\",\"dateModified\":\"2025-02-18T13:38:53+00:00\",\"breadcrumb\":{\"@id\":\"https:\\\/\\\/todotrial.com\\\/tienda\\\/710-2t-motul\\\/#breadcrumb\"},\"inLanguage\":\"es\",\"potentialAction\":[{\"@type\":\"ReadAction\",\"target\":[\"https:\\\/\\\/todotrial.com\\\/tienda\\\/710-2t-motul\\\/\"]}]},{\"@type\":\"ImageObject\",\"inLanguage\":\"es\",\"@id\":\"https:\\\/\\\/todotrial.com\\\/tienda\\\/710-2t-motul\\\/#primaryimage\",\"url\":\"https:\\\/\\\/todotrial.com\\\/tienda\\\/wp-content\\\/uploads\\\/2025\\\/02\\\/4050-1.jpg\",\"contentUrl\":\"https:\\\/\\\/todotrial.com\\\/tienda\\\/wp-content\\\/uploads\\\/2025\\\/02\\\/4050-1.jpg\",\"width\":800,\"height\":800},{\"@type\":\"BreadcrumbList\",\"@id\":\"https:\\\/\\\/todotrial.com\\\/tienda\\\/710-2t-motul\\\/#breadcrumb\",\"itemListElement\":[{\"@type\":\"ListItem\",\"position\":1,\"name\":\"Portada\",\"item\":\"https:\\\/\\\/todotrial.com\\\/tienda\\\/\"},{\"@type\":\"ListItem\",\"position\":2,\"name\":\"Shop\",\"item\":\"https:\\\/\\\/todotrial.com\\\/tienda\\\/shop\\\/\"},{\"@type\":\"ListItem\",\"position\":3,\"name\":\"710 2T MOTUL\"}]},{\"@type\":\"WebSite\",\"@id\":\"https:\\\/\\\/todotrial.com\\\/tienda\\\/#website\",\"url\":\"https:\\\/\\\/todotrial.com\\\/tienda\\\/\",\"name\":\"Tienda de todotrial\",\"description\":\"\",\"potentialAction\":[{\"@type\":\"SearchAction\",\"target\":{\"@type\":\"EntryPoint\",\"urlTemplate\":\"https:\\\/\\\/todotrial.com\\\/tienda\\\/?s={search_term_string}\"},\"query-input\":{\"@type\":\"PropertyValueSpecification\",\"valueRequired\":true,\"valueName\":\"search_term_string\"}}],\"inLanguage\":\"es\"}]}<\/script>\n<!-- \/ Yoast SEO Premium plugin. -->","yoast_head_json":{"title":"710 2T MOTUL - Tienda de todotrial","robots":{"index":"index","follow":"follow","max-snippet":"max-snippet:-1","max-image-preview":"max-image-preview:large","max-video-preview":"max-video-preview:-1"},"canonical":"https:\/\/todotrial.com\/tienda\/710-2t-motul\/","og_locale":"es_ES","og_type":"article","og_title":"710 2T MOTUL","og_description":"100% Sintetico Motor 2T","og_url":"https:\/\/todotrial.com\/tienda\/710-2t-motul\/","og_site_name":"Tienda de todotrial","article_modified_time":"2025-02-18T13:38:53+00:00","og_image":[{"width":800,"height":800,"url":"https:\/\/todotrial.com\/tienda\/wp-content\/uploads\/2025\/02\/4050-1.jpg","type":"image\/jpeg"}],"twitter_card":"summary_large_image","twitter_misc":{"Tiempo de lectura":"1 minuto"},"schema":{"@context":"https:\/\/schema.org","@graph":[{"@type":"WebPage","@id":"https:\/\/todotrial.com\/tienda\/710-2t-motul\/","url":"https:\/\/todotrial.com\/tienda\/710-2t-motul\/","name":"710 2T MOTUL - Tienda de todotrial","isPartOf":{"@id":"https:\/\/todotrial.com\/tienda\/#website"},"primaryImageOfPage":{"@id":"https:\/\/todotrial.com\/tienda\/710-2t-motul\/#primaryimage"},"image":{"@id":"https:\/\/todotrial.com\/tienda\/710-2t-motul\/#primaryimage"},"thumbnailUrl":"https:\/\/todotrial.com\/tienda\/wp-content\/uploads\/2025\/02\/4050-1.jpg","datePublished":"2020-12-16T21:03:55+00:00","dateModified":"2025-02-18T13:38:53+00:00","breadcrumb":{"@id":"https:\/\/todotrial.com\/tienda\/710-2t-motul\/#breadcrumb"},"inLanguage":"es","potentialAction":[{"@type":"ReadAction","target":["https:\/\/todotrial.com\/tienda\/710-2t-motul\/"]}]},{"@type":"ImageObject","inLanguage":"es","@id":"https:\/\/todotrial.com\/tienda\/710-2t-motul\/#primaryimage","url":"https:\/\/todotrial.com\/tienda\/wp-content\/uploads\/2025\/02\/4050-1.jpg","contentUrl":"https:\/\/todotrial.com\/tienda\/wp-content\/uploads\/2025\/02\/4050-1.jpg","width":800,"height":800},{"@type":"BreadcrumbList","@id":"https:\/\/todotrial.com\/tienda\/710-2t-motul\/#breadcrumb","itemListElement":[{"@type":"ListItem","position":1,"name":"Portada","item":"https:\/\/todotrial.com\/tienda\/"},{"@type":"ListItem","position":2,"name":"Shop","item":"https:\/\/todotrial.com\/tienda\/shop\/"},{"@type":"ListItem","position":3,"name":"710 2T MOTUL"}]},{"@type":"WebSite","@id":"https:\/\/todotrial.com\/tienda\/#website","url":"https:\/\/todotrial.com\/tienda\/","name":"Tienda de todotrial","description":"","potentialAction":[{"@type":"SearchAction","target":{"@type":"EntryPoint","urlTemplate":"https:\/\/todotrial.com\/tienda\/?s={search_term_string}"},"query-input":{"@type":"PropertyValueSpecification","valueRequired":true,"valueName":"search_term_string"}}],"inLanguage":"es"}]}},"_links":{"self":[{"href":"https:\/\/todotrial.com\/tienda\/wp-json\/wp\/v2\/product\/35276","targetHints":{"allow":["GET"]}}],"collection":[{"href":"https:\/\/todotrial.com\/tienda\/wp-json\/wp\/v2\/product"}],"about":[{"href":"https:\/\/todotrial.com\/tienda\/wp-json\/wp\/v2\/types\/product"}],"replies":[{"embeddable":true,"href":"https:\/\/todotrial.com\/tienda\/wp-json\/wp\/v2\/comments?post=35276"}],"version-history":[{"count":0,"href":"https:\/\/todotrial.com\/tienda\/wp-json\/wp\/v2\/product\/35276\/revisions"}],"wp:featuredmedia":[{"embeddable":true,"href":"https:\/\/todotrial.com\/tienda\/wp-json\/wp\/v2\/media\/42424"}],"wp:attachment":[{"href":"https:\/\/todotrial.com\/tienda\/wp-json\/wp\/v2\/media?parent=35276"}],"wp:term":[{"taxonomy":"product_brand","embeddable":true,"href":"https:\/\/todotrial.com\/tienda\/wp-json\/wp\/v2\/product_brand?post=35276"},{"taxonomy":"product_cat","embeddable":true,"href":"https:\/\/todotrial.com\/tienda\/wp-json\/wp\/v2\/product_cat?post=35276"},{"taxonomy":"product_tag","embeddable":true,"href":"https:\/\/todotrial.com\/tienda\/wp-json\/wp\/v2\/product_tag?post=35276"}],"curies":[{"name":"wp","href":"https:\/\/api.w.org\/{rel}","templated":true}]}}