{"id":350,"date":"2025-03-19T13:52:33","date_gmt":"2025-03-19T12:52:33","guid":{"rendered":"https:\/\/todotrial.com\/tienda\/?post_type=product&#038;p=350"},"modified":"2025-05-13T21:28:58","modified_gmt":"2025-05-13T20:28:58","slug":"kit-hfs-trial-expert-con-bomba","status":"publish","type":"product","link":"https:\/\/todotrial.com\/tienda\/kit-hfs-trial-expert-con-bomba\/","title":{"rendered":"Kit HFS Trial Expert con bomba para BULTACO-OSSA-MONTESA-FANTIC-HONDA-YAMAHA-MERLIN-BETA-SWM"},"content":{"rendered":"<p><span color=\"#000000\" face=\"Arial, Helvetica, sans-serif\" size=\"2\"><img fetchpriority=\"high\" decoding=\"async\" class=\" size-full wp-image-339\" src=\"https:\/\/todotrial.com\/tienda\/wp-content\/uploads\/2013\/04\/HFS_Componentes.jpg\" alt=\"HFS Componentes\" title=\"Componentes del sistema HFS\" class=\"img-right\" height=\"313\" width=\"400\" srcset=\"https:\/\/todotrial.com\/tienda\/wp-content\/uploads\/2013\/04\/HFS_Componentes.jpg 400w, https:\/\/todotrial.com\/tienda\/wp-content\/uploads\/2013\/04\/HFS_Componentes-599x469.jpg 599w, https:\/\/todotrial.com\/tienda\/wp-content\/uploads\/2013\/04\/HFS_Componentes-300x235.jpg 300w, https:\/\/todotrial.com\/tienda\/wp-content\/uploads\/2013\/04\/HFS_Componentes-370x290.jpg 370w\" sizes=\"(max-width: 400px) 100vw, 400px\" \/>&#8211; Suspension progresiva para horquillas. <\/span><\/p>\n<p><span color=\"#000000\" face=\"Arial, Helvetica, sans-serif\" size=\"2\">&#8211; Dise\u00f1ado especificamente para la especialidad de Trial.<\/span><\/p>\n<p><span color=\"#000000\" face=\"Arial, Helvetica, sans-serif\" size=\"2\">&#8211; Mejora las caracteristicas del sistema tradicional.<\/span><\/p>\n<p><span color=\"#000000\" face=\"Arial, Helvetica, sans-serif\" size=\"2\">&#8211; Ajustable internamente.<\/span><\/p>\n<p><span color=\"#000000\" face=\"Arial, Helvetica, sans-serif\" size=\"2\">&#8211; Recargable con v\u00e1lvula de aire<\/span><\/p>\n<p><span color=\"#000000\" face=\"Arial, Helvetica, sans-serif\" size=\"2\">&#8211; Kit que incluye muelles de horquilla<\/span><\/p>\n<p><span color=\"#000000\" face=\"Arial, Helvetica, sans-serif\" size=\"2\">&#8211; Tapones de horquilla con acceso a v\u00e1lvula interno (no visible) <\/span><\/p>\n<p><span color=\"#000000\" face=\"Arial, Helvetica, sans-serif\" size=\"2\">&#8211; Incluye manual de instalaci\u00f3n (en espa\u00f1ol e ingl\u00e9s)<\/span><\/p>\n<p><span color=\"#000000\" face=\"Arial, Helvetica, sans-serif\" size=\"2\">&#8211; Incluye bomba con medidor de precisi\u00f3n para ajustar la presi\u00f3n en el elemento de aire.<\/span><span color=\"#000000\" face=\"Verdana, Arial, Helvetica, sans-serif\" size=\"2\">HFS (Hybrid Fork Suspensi\u00f3n) es un sistema de suspensi\u00f3n progresiva para horquillas delanteras de moto que combina las acciones de dos muelles en serie, uno de gas (aire) y otro helicoidal.<\/span><\/p>\n<h4 align=\"left\"><span color=\"#000000\" face=\"Verdana, Arial, Helvetica, sans-serif\" size=\"2\">&nbsp; &nbsp;Que es HFS<\/span><\/h4>\n<p align=\"left\"><span color=\"#000000\" face=\"Verdana, Arial, Helvetica, sans-serif\" size=\"2\">HFS (Hybrid Fork Suspensi\u00f3n) es un sistema de suspensi\u00f3n progresiva para horquillas delanteras de moto que combina las acciones de dos muelles en serie, uno de gas (aire) y otro helicoidal.&nbsp;El sistema est\u00e1 desarrollado para motos modernas Trail y Carretera, as\u00ed como para motos cl\u00e1sicas de Trial, Motocross y de Velocidad.<\/span><\/p>\n<p align=\"left\"><span face=\"Verdana, Arial, Helvetica, sans-serif\" size=\"2\">El resultado que se obtiene con HFS es un comportamiento progresivo de la suspensi\u00f3n delantera. En la primera mitad del recorrido de horquilla aproximadamente el comportamiento es suave, absorbiendo eficazmente las irregularidades del terreno, endureci\u00e9ndose progresivamente teniendo al final m\u00e1s resistencia a hacer tope de suspensi\u00f3n.<\/span><\/p>\n<p align=\"left\"><span face=\"Verdana, Arial, Helvetica, sans-serif\" size=\"2\"><img decoding=\"async\" class=\" size-full wp-image-340\" src=\"https:\/\/todotrial.com\/tienda\/wp-content\/uploads\/2013\/04\/HFS_interno2.jpg\" alt=\"HFS interno2\" class=\"img-left\" title=\"Interior del sistema\" height=\"287\" width=\"350\" srcset=\"https:\/\/todotrial.com\/tienda\/wp-content\/uploads\/2013\/04\/HFS_interno2.jpg 350w, https:\/\/todotrial.com\/tienda\/wp-content\/uploads\/2013\/04\/HFS_interno2-600x492.jpg 600w, https:\/\/todotrial.com\/tienda\/wp-content\/uploads\/2013\/04\/HFS_interno2-300x246.jpg 300w\" sizes=\"(max-width: 350px) 100vw, 350px\" \/>HFS es ajustable. El ajuste se hace con la presi\u00f3n aplicada al elemento de aire. El ajuste se hace en funci\u00f3n del peso del piloto o del tipo de conducci\u00f3n o pilotaje. Pilotos con m\u00e1s peso aplicar\u00e1n m\u00e1s presi\u00f3n y pilotos con menos peso pueden aplicar menos presi\u00f3n. Con esto se consigue tener el \u00absag\u00bb o hundimiento en parado \u00f3ptimo, utilizando realmente todo el recorrido de la suspensi\u00f3n.<\/span><\/p>\n<p align=\"left\"><span face=\"Verdana, Arial, Helvetica, sans-serif\" size=\"2\">El sistema para trial cl\u00e1sico es dual; en una barra lleva el sistema progresivo con elemento de aire y en la otra barra un sistema de muelles ajustable para cambiar el punto donde empieza a endurecer la suspensi\u00f3n. <\/span><\/p>\n<p align=\"left\"><span face=\"Verdana, Arial, Helvetica, sans-serif\" size=\"2\">HFS no altera estructuralmente la moto ya que se introduce dentro de las barras originales. No altera el sistema hidr\u00e1ulico de amortiguaci\u00f3n de la horquilla. <\/span><\/p>\n<p align=\"left\"><span face=\"Verdana, Arial, Helvetica, sans-serif\" size=\"2\">Cumple as\u00ed los reglamentos de competici\u00f3n de cl\u00e1sicas.<\/span><\/p>\n<p align=\"left\"><span style=\"color: #000000; font-family: Verdana,Arial,Helvetica,sans-serif; font-size: x-small;\" color=\"#000000\" face=\"Verdana, Arial, Helvetica, sans-serif\" size=\"2\"><br \/><\/span><span color=\"#000000\" face=\"Verdana, Arial, Helvetica, sans-serif\" size=\"2\">En 2013 ya est\u00e1 disponible el nuevo sistema HFS para Trial cl\u00e1sico. Se trata de un dise\u00f1o espec\u00edfico para esta especialidad, mejorando las caracter\u00edsticas del sistema HFS anterior.<\/span><\/p>\n<p align=\"left\"><span color=\"#000000\" face=\"Verdana, Arial, Helvetica, sans-serif\" size=\"2\">Disponible en 3 kits diferentes para ajustarse a todas las necesidades, desde el Kit Trial Expert, con todo inclu\u00eddo siguiendo por el Kit Clubman con o sin tapones de horquilla. Tambi\u00e9n hay disponible un Kit de muelles de horquilla de tres durezas distintas para adaptar a los otros kits. <\/span><\/p>\n<h4 align=\"left\"><span color=\"#000000\" face=\"Verdana, Arial, Helvetica, sans-serif\" size=\"2\">&nbsp;&nbsp;&nbsp;<span size=\"3\">Como funciona<\/span><\/span><\/h4>\n<p align=\"left\"><span color=\"#000000\" face=\"Verdana, Arial, Helvetica, sans-serif\" size=\"2\"><span size=\"3\"><img decoding=\"async\" class=\" size-full wp-image-341\" src=\"https:\/\/todotrial.com\/tienda\/wp-content\/uploads\/2013\/04\/HFS_Funcionamiento-Grafica.jpg\" alt=\"HFS Funcionamiento-Grafica\" title=\"Gr\u00e1fica de funcionamiento HFS\" class=\"img-right\" height=\"333\" width=\"300\" srcset=\"https:\/\/todotrial.com\/tienda\/wp-content\/uploads\/2013\/04\/HFS_Funcionamiento-Grafica.jpg 300w, https:\/\/todotrial.com\/tienda\/wp-content\/uploads\/2013\/04\/HFS_Funcionamiento-Grafica-600x666.jpg 600w, https:\/\/todotrial.com\/tienda\/wp-content\/uploads\/2013\/04\/HFS_Funcionamiento-Grafica-270x300.jpg 270w\" sizes=\"(max-width: 300px) 100vw, 300px\" \/>Se basa en el comportamiento no lineal de los gases.<\/span><\/span><\/p>\n<p align=\"left\"><span color=\"#000000\" face=\"Verdana, Arial, Helvetica, sans-serif\" size=\"2\">La funci\u00f3n el\u00e1stica de la horquilla se consigue mediante dos elementos colocados en serie: un elemento de gas y un muelle helicoidal.<\/span><\/p>\n<p align=\"left\"><span face=\"Verdana, Arial, Helvetica, sans-serif\" size=\"2\">El gas utilizado es el aire. Al ser el volumen relativo alto, es suficientemente estable con el aumento de la temperatura durante el funcionamiento.<\/span><\/p>\n<p align=\"left\"><span face=\"Verdana, Arial, Helvetica, sans-serif\" size=\"2\">La gr\u00e1fica muestra el efecto:<\/span><\/p>\n<p align=\"left\"><span face=\"Verdana, Arial, Helvetica, sans-serif\" size=\"2\">La curva negra es la original de la moto.<br \/> La curva roja es HFS\u00ae.<\/span><\/p>\n<p align=\"left\"><span color=\"#000000\" face=\"Verdana, Arial, Helvetica, sans-serif\" size=\"2\">Aspectos remarcables: <\/span><\/p>\n<p align=\"left\"><span face=\"Verdana, Arial, Helvetica, sans-serif\" size=\"2\">El punto de partida de la curva roja, muestra el reglaje inicial (precarga). Es variable con la presi\u00f3n de ajuste en vac\u00edo.<\/span><\/p>\n<p align=\"left\"><span face=\"Verdana, Arial, Helvetica, sans-serif\" size=\"2\">En la primera mitad aproximadamente del recorrido de la horquilla, la curva muestra un comportamiento m\u00e1s blando de la suspensi\u00f3n.<\/span><\/p>\n<p align=\"left\"><span face=\"Verdana, Arial, Helvetica, sans-serif\" size=\"2\">A partir de la mitad del recorrido, la curva roja muestra un comportamiento m\u00e1s duro.<br \/><\/span><\/p>\n<p align=\"left\"><span face=\"Verdana, Arial, Helvetica, sans-serif\" size=\"2\"><img loading=\"lazy\" decoding=\"async\" class=\" size-full wp-image-342\" src=\"https:\/\/todotrial.com\/tienda\/wp-content\/uploads\/2013\/04\/HFS_interno1.jpg\" alt=\"HFS interno1\" title=\"Interior del sistema HFS\" class=\"img-left\" height=\"274\" width=\"400\" srcset=\"https:\/\/todotrial.com\/tienda\/wp-content\/uploads\/2013\/04\/HFS_interno1.jpg 400w, https:\/\/todotrial.com\/tienda\/wp-content\/uploads\/2013\/04\/HFS_interno1-600x411.jpg 600w, https:\/\/todotrial.com\/tienda\/wp-content\/uploads\/2013\/04\/HFS_interno1-300x206.jpg 300w, https:\/\/todotrial.com\/tienda\/wp-content\/uploads\/2013\/04\/HFS_interno1-370x253.jpg 370w\" sizes=\"(max-width: 400px) 100vw, 400px\" \/>El resultado practico que representan estas dos zonas de la curva HFS\u00ae, es una mejora en el comportamiento sobre terrenos con piedras sueltas, baches seguidos, rocas, frenada, etc &#8230;, mientras que cuando es necesario absorber un impacto alto, el sistema h\u00edbrido tiene un limite superior al sistema convencional.<\/span><\/p>\n<h4 align=\"left\"><span face=\"Verdana, Arial, Helvetica, sans-serif\" size=\"3\">&nbsp;&nbsp;&nbsp;Componentes<\/span><\/h4>\n<p align=\"left\"><span color=\"#000000\" face=\"Verdana, Arial, Helvetica, sans-serif\" size=\"2\">E<\/span><span color=\"#000000\" face=\"Verdana, Arial, Helvetica, sans-serif\" size=\"2\">s importante remarcar que el sistema HFS\u00ae afecta solamente a la parte \u00abelastica\u00bb de la suspensi\u00f3n; la parte \u00abhidraulica\u00bb o \u00abamortiguadora\u00bb no queda alterada por nuestro sistema. Los componentes del sistema original (muelle, casquillo, arandela) son sustituidos por un muelle especial y por el elemento presurizable con aire.<\/span><\/p>\n<p align=\"left\"><span face=\"Verdana, Arial, Helvetica, sans-serif\" size=\"2\">El elemento de gas se presuriza a trav\u00e9s de una v\u00e1lvula instalada en el tap\u00f3n superior de la barra de horquilla. La bomba especial se puede tambi\u00e9n adquirir, incluye man\u00f3metro incorporado para poder efectuar las operaciones de ajuste de la presi\u00f3n.<\/span><\/p>\n<p align=\"left\"><span face=\"Verdana, Arial, Helvetica, sans-serif\" size=\"2\"><img loading=\"lazy\" decoding=\"async\" class=\" size-full wp-image-343\" src=\"https:\/\/todotrial.com\/tienda\/wp-content\/uploads\/2013\/04\/HFS_tapon_superior_Trial.jpg\" alt=\"HFS tapon superior Trial\" title=\"Tap\u00f3n de horquilla totalmente cl\u00e1sico\" class=\"img-right\" style=\"vertical-align: middle; display: block; margin-left: auto; margin-right: auto;\" height=\"200\" width=\"243\" srcset=\"https:\/\/todotrial.com\/tienda\/wp-content\/uploads\/2013\/04\/HFS_tapon_superior_Trial.jpg 243w, https:\/\/todotrial.com\/tienda\/wp-content\/uploads\/2013\/04\/HFS_tapon_superior_Trial-599x493.jpg 599w\" sizes=\"(max-width: 243px) 100vw, 243px\" \/>Los materiales utilizados son de muy alta calidad y el sistema HFS\u00ae est\u00e1 garantizado por dos a\u00f1os ante cualquier defecto de fabricaci\u00f3n. <\/span><\/p>\n<p align=\"left\"><span face=\"Verdana, Arial, Helvetica, sans-serif\" size=\"2\">El dise\u00f1o del sistema proporciona muy buenas prestaciones de la suspensi\u00f3n, consiguiendo una progresividad en el funcionamiento imposible de conseguir con los sistemas tradicionales. Con HFS\u00ae se consigue un comportamiento muy mejorado tanto en conducci\u00f3n off-road como en carretera; la suspensi\u00f3n absorbe con mucha eficacia las irregularidades del terreno, piedras sueltas, &#8230;, y a la vez, progresivamente, aumenta la resistencia a hacer tope de horquilla cuando es sometida a una utilizaci\u00f3n severa (gracias a su principio de funcionamiento y posibilidades de ajuste).<\/span><\/p>\n<p align=\"left\"><span face=\"Verdana, Arial, Helvetica, sans-serif\" size=\"2\">En la gama de motos cl\u00e1sicas (Trial, Enduro, Velocidad en circuito), la v\u00e1lvula del tap\u00f3n superior queda oculta por un tap\u00f3n secundario roscado, de forma que se respeta el caracter antiguo de este tipo de motos, a la vez que se consigue una mejora muy notable en su comportamiento.<\/span><\/p>\n<p align=\"left\"><span face=\"Verdana, Arial, Helvetica, sans-serif\" size=\"2\">Para variar el ajuste de presi\u00f3n, hay que desmontar el tapon secundario y queda accesible la v\u00e1lvula, fijada a su vez al tap\u00f3n principal. <\/span><\/p>\n<p align=\"left\"><span face=\"Verdana, Arial, Helvetica, sans-serif\" size=\"2\">El sistema dual para Trial Cl\u00e1sico tiene en una de las barras un sistema de muelles con el que se puede cambiar el punto en el cual empieza la suspensi\u00f3n a endurecer m\u00e1s.<\/span><\/p>\n","protected":false},"excerpt":{"rendered":"<p>Kit HFS Trial Expert con bomba<br \/>\nDisponible para los modelos:<\/p>\n<p>BULTACO<br \/>\n     Sherpa T Sammy Miller (1964)<br \/>\n    Sherpa T Mod. 10-2 (1966)<br \/>\n    Sherpa T Mod. 27 (1967)<br \/>\n    Sherpa T Mod. 49 (1968-1970)<br \/>\n    Sherpa T Mod. 80 (1971)<br \/>\n    Sherpa T Kit Mod. 92 (1972)<br \/>\n    Sherpa T Kit Mod. 125 (1974)<br \/>\n    Sherpa T Kit Mod. 151 (1974)<br \/>\n    Sherpa T Mod. 159 (1975)<br \/>\n    Sherpa T Mod. 183 Manuel Soler (1976)<br \/>\n    Sherpa T Mod. 191 (1976)<br \/>\n    Sherpa T Mod. 199 (1977)<br \/>\n    Sherpa T Mod. 199A (1977)<br \/>\n    Sherpa T Mod. 199B (1978)<\/p>\n<p>OSSA<br \/>\n         MAR 250 1\u00aa Serie (1972)<br \/>\n    MAR 250 74 (1974)<br \/>\n    MAR 350 1\u00aa Serie (1975)<br \/>\n    MAR 350 76 (1976)<br \/>\n    MAR 250 (1977)<br \/>\n    TR77 350\/250 (1977)<br \/>\n    TR80 350 (1980)<br \/>\n    303 (1983)<\/p>\n<p>MONTESA<br \/>\n    Cota 247 (1970-75)<br \/>\n    Cota 348 (1976)<br \/>\n    Cota 348 Malcom Ratmel \/ 2\u00aa Serie (1976-78)<br \/>\n    Cota 349 (1979)<br \/>\n    Cota 349 Blanca (1980)<br \/>\n    Cota 248 Blanca (1980)<br \/>\n    Cota 200 (1980)<br \/>\n    Cota 349 (1982)<br \/>\n    Cota 350 (1983)<br \/>\n    Cota 242 (1983-85)<br \/>\n    Cota 330 (1985)<\/p>\n<p>FANTIC<br \/>\n    200<br \/>\n    240 Professional<br \/>\n    300<br \/>\nHONDA<br \/>\n    TLR 200<br \/>\n    TLR 250<br \/>\n    RTL 250<\/p>\n<p>YAMAHA<br \/>\n    TY 250 monoshock<\/p>\n<p>MERLIN<br \/>\n    DG 3.50 (1983-84)  -diametro de barra 35 mm.<\/p>\n<p>BETA<br \/>\n    TR34<\/p>\n<p>SWM<br \/>\n    320 TL Guanaco (1978)-diametro de barra 35 mm.<br \/>\n    320 TL New (1981-82) -diametro de barra 35 mm.<br \/>\n    350 Jumbo (1983) -diametro de barra 35 mm.<\/p>\n","protected":false},"featured_media":347,"comment_status":"open","ping_status":"closed","template":"","meta":[],"product_brand":[],"product_cat":[11607],"product_tag":[],"class_list":{"0":"post-350","1":"product","2":"type-product","3":"status-publish","4":"has-post-thumbnail","6":"product_cat-suspension-clasicas-nowtrial","8":"first","9":"instock","10":"taxable","11":"shipping-taxable","12":"purchasable","13":"product-type-simple"},"yoast_head":"<!-- This site is optimized with the Yoast SEO Premium plugin v21.2 (Yoast SEO v27.3) - https:\/\/yoast.com\/product\/yoast-seo-premium-wordpress\/ -->\n<title>Kit HFS Trial Expert con bomba para BULTACO-OSSA-MONTESA-FANTIC-HONDA-YAMAHA-MERLIN-BETA-SWM - Tienda de todotrial<\/title>\n<meta name=\"robots\" content=\"index, follow, max-snippet:-1, max-image-preview:large, max-video-preview:-1\" \/>\n<link rel=\"canonical\" href=\"https:\/\/todotrial.com\/tienda\/kit-hfs-trial-expert-con-bomba\/\" \/>\n<meta property=\"og:locale\" content=\"es_ES\" \/>\n<meta property=\"og:type\" content=\"article\" \/>\n<meta property=\"og:title\" content=\"Kit HFS Trial Expert con bomba para BULTACO-OSSA-MONTESA-FANTIC-HONDA-YAMAHA-MERLIN-BETA-SWM\" \/>\n<meta property=\"og:description\" content=\"Kit HFS Trial Expert con bomba Disponible para los modelos:  BULTACO    Sherpa T Sammy Miller (1964)   Sherpa T Mod. 10-2 (1966)   Sherpa T Mod. 27 (1967)   Sherpa T Mod. 49 (1968-1970)   Sherpa T Mod. 80 (1971)   Sherpa T Kit Mod. 92 (1972)   Sherpa T Kit Mod. 125 (1974)   Sherpa T Kit Mod. 151 (1974)   Sherpa T Mod. 159 (1975)   Sherpa T Mod. 183 Manuel Soler (1976)   Sherpa T Mod. 191 (1976)   Sherpa T Mod. 199 (1977)   Sherpa T Mod. 199A (1977)   Sherpa T Mod. 199B (1978)  OSSA      MAR 250 1\u00aa Serie (1972)   MAR 250 74 (1974)   MAR 350 1\u00aa Serie (1975)   MAR 350 76 (1976)   MAR 250 (1977)   TR77 350\/250 (1977)   TR80 350 (1980)   303 (1983)  MONTESA   Cota 247 (1970-75)   Cota 348 (1976)   Cota 348 Malcom Ratmel \/ 2\u00aa Serie (1976-78)   Cota 349 (1979)   Cota 349 Blanca (1980)   Cota 248 Blanca (1980)   Cota 200 (1980)   Cota 349 (1982)   Cota 350 (1983)   Cota 242 (1983-85)   Cota 330 (1985)  FANTIC   200   240 Professional   300 HONDA   TLR 200   TLR 250   RTL 250  YAMAHA   TY 250 monoshock  MERLIN   DG 3.50 (1983-84) -diametro de barra 35 mm.  BETA    TR34  SWM   320 TL Guanaco (1978)-diametro de barra 35 mm.   320 TL New (1981-82) -diametro de barra 35 mm.   350 Jumbo (1983) -diametro de barra 35 mm.\" \/>\n<meta property=\"og:url\" content=\"https:\/\/todotrial.com\/tienda\/kit-hfs-trial-expert-con-bomba\/\" \/>\n<meta property=\"og:site_name\" content=\"Tienda de todotrial\" \/>\n<meta property=\"article:modified_time\" content=\"2025-05-13T20:28:58+00:00\" \/>\n<meta property=\"og:image\" content=\"https:\/\/todotrial.com\/tienda\/wp-content\/uploads\/2013\/04\/trial_expert_sin_bomba_hfs_.jpg\" \/>\n\t<meta property=\"og:image:width\" content=\"400\" \/>\n\t<meta property=\"og:image:height\" content=\"282\" \/>\n\t<meta property=\"og:image:type\" content=\"image\/jpeg\" \/>\n<meta name=\"twitter:card\" content=\"summary_large_image\" \/>\n<meta name=\"twitter:label1\" content=\"Tiempo de lectura\" \/>\n\t<meta name=\"twitter:data1\" content=\"5 minutos\" \/>\n<script type=\"application\/ld+json\" class=\"yoast-schema-graph\">{\"@context\":\"https:\\\/\\\/schema.org\",\"@graph\":[{\"@type\":\"WebPage\",\"@id\":\"https:\\\/\\\/todotrial.com\\\/tienda\\\/kit-hfs-trial-expert-con-bomba\\\/\",\"url\":\"https:\\\/\\\/todotrial.com\\\/tienda\\\/kit-hfs-trial-expert-con-bomba\\\/\",\"name\":\"Kit HFS Trial Expert con bomba para BULTACO-OSSA-MONTESA-FANTIC-HONDA-YAMAHA-MERLIN-BETA-SWM - Tienda de todotrial\",\"isPartOf\":{\"@id\":\"https:\\\/\\\/todotrial.com\\\/tienda\\\/#website\"},\"primaryImageOfPage\":{\"@id\":\"https:\\\/\\\/todotrial.com\\\/tienda\\\/kit-hfs-trial-expert-con-bomba\\\/#primaryimage\"},\"image\":{\"@id\":\"https:\\\/\\\/todotrial.com\\\/tienda\\\/kit-hfs-trial-expert-con-bomba\\\/#primaryimage\"},\"thumbnailUrl\":\"https:\\\/\\\/todotrial.com\\\/tienda\\\/wp-content\\\/uploads\\\/2013\\\/04\\\/trial_expert_sin_bomba_hfs_.jpg\",\"datePublished\":\"2025-03-19T12:52:33+00:00\",\"dateModified\":\"2025-05-13T20:28:58+00:00\",\"breadcrumb\":{\"@id\":\"https:\\\/\\\/todotrial.com\\\/tienda\\\/kit-hfs-trial-expert-con-bomba\\\/#breadcrumb\"},\"inLanguage\":\"es\",\"potentialAction\":[{\"@type\":\"ReadAction\",\"target\":[\"https:\\\/\\\/todotrial.com\\\/tienda\\\/kit-hfs-trial-expert-con-bomba\\\/\"]}]},{\"@type\":\"ImageObject\",\"inLanguage\":\"es\",\"@id\":\"https:\\\/\\\/todotrial.com\\\/tienda\\\/kit-hfs-trial-expert-con-bomba\\\/#primaryimage\",\"url\":\"https:\\\/\\\/todotrial.com\\\/tienda\\\/wp-content\\\/uploads\\\/2013\\\/04\\\/trial_expert_sin_bomba_hfs_.jpg\",\"contentUrl\":\"https:\\\/\\\/todotrial.com\\\/tienda\\\/wp-content\\\/uploads\\\/2013\\\/04\\\/trial_expert_sin_bomba_hfs_.jpg\",\"width\":400,\"height\":282},{\"@type\":\"BreadcrumbList\",\"@id\":\"https:\\\/\\\/todotrial.com\\\/tienda\\\/kit-hfs-trial-expert-con-bomba\\\/#breadcrumb\",\"itemListElement\":[{\"@type\":\"ListItem\",\"position\":1,\"name\":\"Portada\",\"item\":\"https:\\\/\\\/todotrial.com\\\/tienda\\\/\"},{\"@type\":\"ListItem\",\"position\":2,\"name\":\"Shop\",\"item\":\"https:\\\/\\\/todotrial.com\\\/tienda\\\/shop\\\/\"},{\"@type\":\"ListItem\",\"position\":3,\"name\":\"Kit HFS Trial Expert con bomba para BULTACO-OSSA-MONTESA-FANTIC-HONDA-YAMAHA-MERLIN-BETA-SWM\"}]},{\"@type\":\"WebSite\",\"@id\":\"https:\\\/\\\/todotrial.com\\\/tienda\\\/#website\",\"url\":\"https:\\\/\\\/todotrial.com\\\/tienda\\\/\",\"name\":\"Tienda de todotrial\",\"description\":\"\",\"potentialAction\":[{\"@type\":\"SearchAction\",\"target\":{\"@type\":\"EntryPoint\",\"urlTemplate\":\"https:\\\/\\\/todotrial.com\\\/tienda\\\/?s={search_term_string}\"},\"query-input\":{\"@type\":\"PropertyValueSpecification\",\"valueRequired\":true,\"valueName\":\"search_term_string\"}}],\"inLanguage\":\"es\"}]}<\/script>\n<!-- \/ Yoast SEO Premium plugin. -->","yoast_head_json":{"title":"Kit HFS Trial Expert con bomba para BULTACO-OSSA-MONTESA-FANTIC-HONDA-YAMAHA-MERLIN-BETA-SWM - Tienda de todotrial","robots":{"index":"index","follow":"follow","max-snippet":"max-snippet:-1","max-image-preview":"max-image-preview:large","max-video-preview":"max-video-preview:-1"},"canonical":"https:\/\/todotrial.com\/tienda\/kit-hfs-trial-expert-con-bomba\/","og_locale":"es_ES","og_type":"article","og_title":"Kit HFS Trial Expert con bomba para BULTACO-OSSA-MONTESA-FANTIC-HONDA-YAMAHA-MERLIN-BETA-SWM","og_description":"Kit HFS Trial Expert con bomba Disponible para los modelos:  BULTACO    Sherpa T Sammy Miller (1964)   Sherpa T Mod. 10-2 (1966)   Sherpa T Mod. 27 (1967)   Sherpa T Mod. 49 (1968-1970)   Sherpa T Mod. 80 (1971)   Sherpa T Kit Mod. 92 (1972)   Sherpa T Kit Mod. 125 (1974)   Sherpa T Kit Mod. 151 (1974)   Sherpa T Mod. 159 (1975)   Sherpa T Mod. 183 Manuel Soler (1976)   Sherpa T Mod. 191 (1976)   Sherpa T Mod. 199 (1977)   Sherpa T Mod. 199A (1977)   Sherpa T Mod. 199B (1978)  OSSA      MAR 250 1\u00aa Serie (1972)   MAR 250 74 (1974)   MAR 350 1\u00aa Serie (1975)   MAR 350 76 (1976)   MAR 250 (1977)   TR77 350\/250 (1977)   TR80 350 (1980)   303 (1983)  MONTESA   Cota 247 (1970-75)   Cota 348 (1976)   Cota 348 Malcom Ratmel \/ 2\u00aa Serie (1976-78)   Cota 349 (1979)   Cota 349 Blanca (1980)   Cota 248 Blanca (1980)   Cota 200 (1980)   Cota 349 (1982)   Cota 350 (1983)   Cota 242 (1983-85)   Cota 330 (1985)  FANTIC   200   240 Professional   300 HONDA   TLR 200   TLR 250   RTL 250  YAMAHA   TY 250 monoshock  MERLIN   DG 3.50 (1983-84) -diametro de barra 35 mm.  BETA    TR34  SWM   320 TL Guanaco (1978)-diametro de barra 35 mm.   320 TL New (1981-82) -diametro de barra 35 mm.   350 Jumbo (1983) -diametro de barra 35 mm.","og_url":"https:\/\/todotrial.com\/tienda\/kit-hfs-trial-expert-con-bomba\/","og_site_name":"Tienda de todotrial","article_modified_time":"2025-05-13T20:28:58+00:00","og_image":[{"width":400,"height":282,"url":"https:\/\/todotrial.com\/tienda\/wp-content\/uploads\/2013\/04\/trial_expert_sin_bomba_hfs_.jpg","type":"image\/jpeg"}],"twitter_card":"summary_large_image","twitter_misc":{"Tiempo de lectura":"5 minutos"},"schema":{"@context":"https:\/\/schema.org","@graph":[{"@type":"WebPage","@id":"https:\/\/todotrial.com\/tienda\/kit-hfs-trial-expert-con-bomba\/","url":"https:\/\/todotrial.com\/tienda\/kit-hfs-trial-expert-con-bomba\/","name":"Kit HFS Trial Expert con bomba para BULTACO-OSSA-MONTESA-FANTIC-HONDA-YAMAHA-MERLIN-BETA-SWM - Tienda de todotrial","isPartOf":{"@id":"https:\/\/todotrial.com\/tienda\/#website"},"primaryImageOfPage":{"@id":"https:\/\/todotrial.com\/tienda\/kit-hfs-trial-expert-con-bomba\/#primaryimage"},"image":{"@id":"https:\/\/todotrial.com\/tienda\/kit-hfs-trial-expert-con-bomba\/#primaryimage"},"thumbnailUrl":"https:\/\/todotrial.com\/tienda\/wp-content\/uploads\/2013\/04\/trial_expert_sin_bomba_hfs_.jpg","datePublished":"2025-03-19T12:52:33+00:00","dateModified":"2025-05-13T20:28:58+00:00","breadcrumb":{"@id":"https:\/\/todotrial.com\/tienda\/kit-hfs-trial-expert-con-bomba\/#breadcrumb"},"inLanguage":"es","potentialAction":[{"@type":"ReadAction","target":["https:\/\/todotrial.com\/tienda\/kit-hfs-trial-expert-con-bomba\/"]}]},{"@type":"ImageObject","inLanguage":"es","@id":"https:\/\/todotrial.com\/tienda\/kit-hfs-trial-expert-con-bomba\/#primaryimage","url":"https:\/\/todotrial.com\/tienda\/wp-content\/uploads\/2013\/04\/trial_expert_sin_bomba_hfs_.jpg","contentUrl":"https:\/\/todotrial.com\/tienda\/wp-content\/uploads\/2013\/04\/trial_expert_sin_bomba_hfs_.jpg","width":400,"height":282},{"@type":"BreadcrumbList","@id":"https:\/\/todotrial.com\/tienda\/kit-hfs-trial-expert-con-bomba\/#breadcrumb","itemListElement":[{"@type":"ListItem","position":1,"name":"Portada","item":"https:\/\/todotrial.com\/tienda\/"},{"@type":"ListItem","position":2,"name":"Shop","item":"https:\/\/todotrial.com\/tienda\/shop\/"},{"@type":"ListItem","position":3,"name":"Kit HFS Trial Expert con bomba para BULTACO-OSSA-MONTESA-FANTIC-HONDA-YAMAHA-MERLIN-BETA-SWM"}]},{"@type":"WebSite","@id":"https:\/\/todotrial.com\/tienda\/#website","url":"https:\/\/todotrial.com\/tienda\/","name":"Tienda de todotrial","description":"","potentialAction":[{"@type":"SearchAction","target":{"@type":"EntryPoint","urlTemplate":"https:\/\/todotrial.com\/tienda\/?s={search_term_string}"},"query-input":{"@type":"PropertyValueSpecification","valueRequired":true,"valueName":"search_term_string"}}],"inLanguage":"es"}]}},"_links":{"self":[{"href":"https:\/\/todotrial.com\/tienda\/wp-json\/wp\/v2\/product\/350","targetHints":{"allow":["GET"]}}],"collection":[{"href":"https:\/\/todotrial.com\/tienda\/wp-json\/wp\/v2\/product"}],"about":[{"href":"https:\/\/todotrial.com\/tienda\/wp-json\/wp\/v2\/types\/product"}],"replies":[{"embeddable":true,"href":"https:\/\/todotrial.com\/tienda\/wp-json\/wp\/v2\/comments?post=350"}],"version-history":[{"count":1,"href":"https:\/\/todotrial.com\/tienda\/wp-json\/wp\/v2\/product\/350\/revisions"}],"predecessor-version":[{"id":53550,"href":"https:\/\/todotrial.com\/tienda\/wp-json\/wp\/v2\/product\/350\/revisions\/53550"}],"wp:featuredmedia":[{"embeddable":true,"href":"https:\/\/todotrial.com\/tienda\/wp-json\/wp\/v2\/media\/347"}],"wp:attachment":[{"href":"https:\/\/todotrial.com\/tienda\/wp-json\/wp\/v2\/media?parent=350"}],"wp:term":[{"taxonomy":"product_brand","embeddable":true,"href":"https:\/\/todotrial.com\/tienda\/wp-json\/wp\/v2\/product_brand?post=350"},{"taxonomy":"product_cat","embeddable":true,"href":"https:\/\/todotrial.com\/tienda\/wp-json\/wp\/v2\/product_cat?post=350"},{"taxonomy":"product_tag","embeddable":true,"href":"https:\/\/todotrial.com\/tienda\/wp-json\/wp\/v2\/product_tag?post=350"}],"curies":[{"name":"wp","href":"https:\/\/api.w.org\/{rel}","templated":true}]}}