{"id":337,"date":"2013-04-10T18:39:58","date_gmt":"2013-04-10T18:39:58","guid":{"rendered":"https:\/\/todotrial.com\/tienda\/product\/correas-sujeccion2018-05-05-12-39-32\/"},"modified":"2025-04-01T22:07:13","modified_gmt":"2025-04-01T21:07:13","slug":"correas-sujeccion2018-05-05-12-39-32","status":"publish","type":"product","link":"https:\/\/todotrial.com\/tienda\/correas-sujeccion2018-05-05-12-39-32\/","title":{"rendered":"Juego de 2 Correas de remolque enrollables XTRAP"},"content":{"rendered":"<p><span style=\"font-family: Verdana,Arial,Helvetica,sans-serif; font-size: x-small;\" face=\"Verdana, Arial, Helvetica, sans-serif\" size=\"2\">XStrap, es una correa de remolque con ganchos auto-enrollable mediante un sistema similar a los cinturones de seguridad de los coches. Tiene adem\u00e1s un sistema de bloqueo con trinquete. <\/span><span style=\"font-family: Verdana,Arial,Helvetica,sans-serif; font-size: x-small;\" face=\"Verdana, Arial, Helvetica, sans-serif\" size=\"2\">Se afloja simplemente apretando un bot\u00f3n y se tensa con facilidad mediante una peque\u00f1a palanca.<\/span><\/p>\n<p align=\"left\"><span style=\"font-family: Verdana,Arial,Helvetica,sans-serif; font-size: x-small;\" face=\"Verdana, Arial, Helvetica, sans-serif\" size=\"2\">Estas tres caracter\u00edsticas hacen que XStrap sea comod\u00edsima de utilizar. XStrap permite aplicar una tensi\u00f3n de hasta 300 kg y tiene homologaci\u00f3n del T\u00dcV alem\u00e1n. La placa soporte del carrete tiene un taladro que permite atornillar uno de los extremos de la correa XStrap al remolque o al suelo de la furgoneta. <\/span><\/p>\n<p align=\"left\"><span style=\"font-family: Verdana,Arial,Helvetica,sans-serif; font-size: x-small;\" face=\"Verdana, Arial, Helvetica, sans-serif\" size=\"2\">XStrap no puede soltarse por completo, como sucede con otras correas, pues est\u00e1 firmemente sujeta al carrete situado en uno de sus extremos. Tampoco puede enredarse ya que el trozo sobrante est\u00e1 siempre enrollado al carrete. <\/span><\/p>\n","protected":false},"excerpt":{"rendered":"<p>Juego de 2 Correas de remolque enrollables XTRAP<\/p>\n","protected":false},"featured_media":335,"comment_status":"open","ping_status":"closed","template":"","meta":[],"product_brand":[],"product_cat":[15],"product_tag":[],"class_list":{"0":"post-337","1":"product","2":"type-product","3":"status-publish","4":"has-post-thumbnail","6":"product_cat-uncategorized","8":"first","9":"instock","10":"taxable","11":"shipping-taxable","12":"purchasable","13":"product-type-simple"},"yoast_head":"<!-- This site is optimized with the Yoast SEO Premium plugin v21.2 (Yoast SEO v27.3) - https:\/\/yoast.com\/product\/yoast-seo-premium-wordpress\/ -->\n<title>Juego de 2 Correas de remolque enrollables XTRAP - Tienda de todotrial<\/title>\n<meta name=\"robots\" content=\"index, follow, max-snippet:-1, max-image-preview:large, max-video-preview:-1\" \/>\n<link rel=\"canonical\" href=\"https:\/\/todotrial.com\/tienda\/correas-sujeccion2018-05-05-12-39-32\/\" \/>\n<meta property=\"og:locale\" content=\"es_ES\" \/>\n<meta property=\"og:type\" content=\"article\" \/>\n<meta property=\"og:title\" content=\"Juego de 2 Correas de remolque enrollables XTRAP\" \/>\n<meta property=\"og:description\" content=\"Juego de 2 Correas de remolque enrollables XTRAP\" \/>\n<meta property=\"og:url\" content=\"https:\/\/todotrial.com\/tienda\/correas-sujeccion2018-05-05-12-39-32\/\" \/>\n<meta property=\"og:site_name\" content=\"Tienda de todotrial\" \/>\n<meta property=\"article:modified_time\" content=\"2025-04-01T21:07:13+00:00\" \/>\n<meta property=\"og:image\" content=\"https:\/\/todotrial.com\/tienda\/wp-content\/uploads\/2013\/04\/xstrap-2.jpg\" \/>\n\t<meta property=\"og:image:width\" content=\"650\" \/>\n\t<meta property=\"og:image:height\" content=\"230\" \/>\n\t<meta property=\"og:image:type\" content=\"image\/jpeg\" \/>\n<meta name=\"twitter:card\" content=\"summary_large_image\" \/>\n<meta name=\"twitter:label1\" content=\"Tiempo de lectura\" \/>\n\t<meta name=\"twitter:data1\" content=\"1 minuto\" \/>\n<script type=\"application\/ld+json\" class=\"yoast-schema-graph\">{\"@context\":\"https:\\\/\\\/schema.org\",\"@graph\":[{\"@type\":\"WebPage\",\"@id\":\"https:\\\/\\\/todotrial.com\\\/tienda\\\/correas-sujeccion2018-05-05-12-39-32\\\/\",\"url\":\"https:\\\/\\\/todotrial.com\\\/tienda\\\/correas-sujeccion2018-05-05-12-39-32\\\/\",\"name\":\"Juego de 2 Correas de remolque enrollables XTRAP - Tienda de todotrial\",\"isPartOf\":{\"@id\":\"https:\\\/\\\/todotrial.com\\\/tienda\\\/#website\"},\"primaryImageOfPage\":{\"@id\":\"https:\\\/\\\/todotrial.com\\\/tienda\\\/correas-sujeccion2018-05-05-12-39-32\\\/#primaryimage\"},\"image\":{\"@id\":\"https:\\\/\\\/todotrial.com\\\/tienda\\\/correas-sujeccion2018-05-05-12-39-32\\\/#primaryimage\"},\"thumbnailUrl\":\"https:\\\/\\\/todotrial.com\\\/tienda\\\/wp-content\\\/uploads\\\/2013\\\/04\\\/xstrap-2.jpg\",\"datePublished\":\"2013-04-10T18:39:58+00:00\",\"dateModified\":\"2025-04-01T21:07:13+00:00\",\"breadcrumb\":{\"@id\":\"https:\\\/\\\/todotrial.com\\\/tienda\\\/correas-sujeccion2018-05-05-12-39-32\\\/#breadcrumb\"},\"inLanguage\":\"es\",\"potentialAction\":[{\"@type\":\"ReadAction\",\"target\":[\"https:\\\/\\\/todotrial.com\\\/tienda\\\/correas-sujeccion2018-05-05-12-39-32\\\/\"]}]},{\"@type\":\"ImageObject\",\"inLanguage\":\"es\",\"@id\":\"https:\\\/\\\/todotrial.com\\\/tienda\\\/correas-sujeccion2018-05-05-12-39-32\\\/#primaryimage\",\"url\":\"https:\\\/\\\/todotrial.com\\\/tienda\\\/wp-content\\\/uploads\\\/2013\\\/04\\\/xstrap-2.jpg\",\"contentUrl\":\"https:\\\/\\\/todotrial.com\\\/tienda\\\/wp-content\\\/uploads\\\/2013\\\/04\\\/xstrap-2.jpg\",\"width\":650,\"height\":230},{\"@type\":\"BreadcrumbList\",\"@id\":\"https:\\\/\\\/todotrial.com\\\/tienda\\\/correas-sujeccion2018-05-05-12-39-32\\\/#breadcrumb\",\"itemListElement\":[{\"@type\":\"ListItem\",\"position\":1,\"name\":\"Portada\",\"item\":\"https:\\\/\\\/todotrial.com\\\/tienda\\\/\"},{\"@type\":\"ListItem\",\"position\":2,\"name\":\"Shop\",\"item\":\"https:\\\/\\\/todotrial.com\\\/tienda\\\/shop\\\/\"},{\"@type\":\"ListItem\",\"position\":3,\"name\":\"Juego de 2 Correas de remolque enrollables XTRAP\"}]},{\"@type\":\"WebSite\",\"@id\":\"https:\\\/\\\/todotrial.com\\\/tienda\\\/#website\",\"url\":\"https:\\\/\\\/todotrial.com\\\/tienda\\\/\",\"name\":\"Tienda de todotrial\",\"description\":\"\",\"potentialAction\":[{\"@type\":\"SearchAction\",\"target\":{\"@type\":\"EntryPoint\",\"urlTemplate\":\"https:\\\/\\\/todotrial.com\\\/tienda\\\/?s={search_term_string}\"},\"query-input\":{\"@type\":\"PropertyValueSpecification\",\"valueRequired\":true,\"valueName\":\"search_term_string\"}}],\"inLanguage\":\"es\"}]}<\/script>\n<!-- \/ Yoast SEO Premium plugin. -->","yoast_head_json":{"title":"Juego de 2 Correas de remolque enrollables XTRAP - Tienda de todotrial","robots":{"index":"index","follow":"follow","max-snippet":"max-snippet:-1","max-image-preview":"max-image-preview:large","max-video-preview":"max-video-preview:-1"},"canonical":"https:\/\/todotrial.com\/tienda\/correas-sujeccion2018-05-05-12-39-32\/","og_locale":"es_ES","og_type":"article","og_title":"Juego de 2 Correas de remolque enrollables XTRAP","og_description":"Juego de 2 Correas de remolque enrollables XTRAP","og_url":"https:\/\/todotrial.com\/tienda\/correas-sujeccion2018-05-05-12-39-32\/","og_site_name":"Tienda de todotrial","article_modified_time":"2025-04-01T21:07:13+00:00","og_image":[{"width":650,"height":230,"url":"https:\/\/todotrial.com\/tienda\/wp-content\/uploads\/2013\/04\/xstrap-2.jpg","type":"image\/jpeg"}],"twitter_card":"summary_large_image","twitter_misc":{"Tiempo de lectura":"1 minuto"},"schema":{"@context":"https:\/\/schema.org","@graph":[{"@type":"WebPage","@id":"https:\/\/todotrial.com\/tienda\/correas-sujeccion2018-05-05-12-39-32\/","url":"https:\/\/todotrial.com\/tienda\/correas-sujeccion2018-05-05-12-39-32\/","name":"Juego de 2 Correas de remolque enrollables XTRAP - Tienda de todotrial","isPartOf":{"@id":"https:\/\/todotrial.com\/tienda\/#website"},"primaryImageOfPage":{"@id":"https:\/\/todotrial.com\/tienda\/correas-sujeccion2018-05-05-12-39-32\/#primaryimage"},"image":{"@id":"https:\/\/todotrial.com\/tienda\/correas-sujeccion2018-05-05-12-39-32\/#primaryimage"},"thumbnailUrl":"https:\/\/todotrial.com\/tienda\/wp-content\/uploads\/2013\/04\/xstrap-2.jpg","datePublished":"2013-04-10T18:39:58+00:00","dateModified":"2025-04-01T21:07:13+00:00","breadcrumb":{"@id":"https:\/\/todotrial.com\/tienda\/correas-sujeccion2018-05-05-12-39-32\/#breadcrumb"},"inLanguage":"es","potentialAction":[{"@type":"ReadAction","target":["https:\/\/todotrial.com\/tienda\/correas-sujeccion2018-05-05-12-39-32\/"]}]},{"@type":"ImageObject","inLanguage":"es","@id":"https:\/\/todotrial.com\/tienda\/correas-sujeccion2018-05-05-12-39-32\/#primaryimage","url":"https:\/\/todotrial.com\/tienda\/wp-content\/uploads\/2013\/04\/xstrap-2.jpg","contentUrl":"https:\/\/todotrial.com\/tienda\/wp-content\/uploads\/2013\/04\/xstrap-2.jpg","width":650,"height":230},{"@type":"BreadcrumbList","@id":"https:\/\/todotrial.com\/tienda\/correas-sujeccion2018-05-05-12-39-32\/#breadcrumb","itemListElement":[{"@type":"ListItem","position":1,"name":"Portada","item":"https:\/\/todotrial.com\/tienda\/"},{"@type":"ListItem","position":2,"name":"Shop","item":"https:\/\/todotrial.com\/tienda\/shop\/"},{"@type":"ListItem","position":3,"name":"Juego de 2 Correas de remolque enrollables XTRAP"}]},{"@type":"WebSite","@id":"https:\/\/todotrial.com\/tienda\/#website","url":"https:\/\/todotrial.com\/tienda\/","name":"Tienda de todotrial","description":"","potentialAction":[{"@type":"SearchAction","target":{"@type":"EntryPoint","urlTemplate":"https:\/\/todotrial.com\/tienda\/?s={search_term_string}"},"query-input":{"@type":"PropertyValueSpecification","valueRequired":true,"valueName":"search_term_string"}}],"inLanguage":"es"}]}},"_links":{"self":[{"href":"https:\/\/todotrial.com\/tienda\/wp-json\/wp\/v2\/product\/337","targetHints":{"allow":["GET"]}}],"collection":[{"href":"https:\/\/todotrial.com\/tienda\/wp-json\/wp\/v2\/product"}],"about":[{"href":"https:\/\/todotrial.com\/tienda\/wp-json\/wp\/v2\/types\/product"}],"replies":[{"embeddable":true,"href":"https:\/\/todotrial.com\/tienda\/wp-json\/wp\/v2\/comments?post=337"}],"version-history":[{"count":1,"href":"https:\/\/todotrial.com\/tienda\/wp-json\/wp\/v2\/product\/337\/revisions"}],"predecessor-version":[{"id":54895,"href":"https:\/\/todotrial.com\/tienda\/wp-json\/wp\/v2\/product\/337\/revisions\/54895"}],"wp:featuredmedia":[{"embeddable":true,"href":"https:\/\/todotrial.com\/tienda\/wp-json\/wp\/v2\/media\/335"}],"wp:attachment":[{"href":"https:\/\/todotrial.com\/tienda\/wp-json\/wp\/v2\/media?parent=337"}],"wp:term":[{"taxonomy":"product_brand","embeddable":true,"href":"https:\/\/todotrial.com\/tienda\/wp-json\/wp\/v2\/product_brand?post=337"},{"taxonomy":"product_cat","embeddable":true,"href":"https:\/\/todotrial.com\/tienda\/wp-json\/wp\/v2\/product_cat?post=337"},{"taxonomy":"product_tag","embeddable":true,"href":"https:\/\/todotrial.com\/tienda\/wp-json\/wp\/v2\/product_tag?post=337"}],"curies":[{"name":"wp","href":"https:\/\/api.w.org\/{rel}","templated":true}]}}