{"id":30962,"date":"2020-12-16T20:02:19","date_gmt":"2020-12-16T19:02:19","guid":{"rendered":"https:\/\/todotrial.com\/tienda\/product\/import-placeholder-for-1795\/"},"modified":"2025-02-18T09:44:44","modified_gmt":"2025-02-18T08:44:44","slug":"chaqueta-motion-2-jitsie","status":"publish","type":"product","link":"https:\/\/todotrial.com\/tienda\/chaqueta-motion-2-jitsie\/","title":{"rendered":"Chaqueta Motion 2 JITSIE"},"content":{"rendered":"<div class=\"long_descr\">La chaqueta Jitsie Motion es una excelente chaqueta de trial para cualquier condici\u00f3n meteorol\u00f3gica. Sus tejidos impermeables y transpirables aseguran una compodidad \u00f3ptima al piloto, incluso en las peores condiciones climatol\u00f3gicas. Una chaqueta imprescindible para cualquier piloto de trial serio.<\/p>\n<p>Caracter\u00edsticas:<br \/>* tejidos exteriores impermeables y transpirables<br \/>* cuello con forro de lana para una mayor comodidad<br \/>* cierre del cuello sencillo y minimalista<br \/>* m\u00faltiples ventilaciones previenen el recalentamiento<br \/>* mangas extra\u00edbles con cremallera que pueden guardarse f\u00e1cilmente en el bolsillo de la parte posterior<\/div>\n<\/p>\n<div class=\"box_details\"><\/div>\n","protected":false},"excerpt":{"rendered":"<p>La chaqueta Jitsie Motion es una excelente chaqueta de trial para cualquier condici\u00f3n meteorol\u00f3gica. Sus tejidos impermeables y transpirables aseguran una compodidad \u00f3ptima al piloto, incluso en las peores condiciones climatol\u00f3gicas. Una chaqueta imprescindible para cualquier piloto de trial serio. Caracter\u00edsticas:* tejidos exteriores impermeables y transpirables* cuello con forro de lana para una mayor comodidad* [&hellip;]<\/p>\n","protected":false},"featured_media":39953,"comment_status":"open","ping_status":"closed","template":"","meta":[],"product_brand":[],"product_cat":[11417,11520,11393,11384,11511,11374],"product_tag":[],"class_list":{"0":"post-30962","1":"product","2":"type-product","3":"status-publish","4":"has-post-thumbnail","6":"product_cat-chaquetas-equipacion","7":"product_cat-chaquetas-outlet","8":"product_cat-equipacion-moto","9":"product_cat-moto","10":"product_cat-outlet","11":"product_cat-raiz","12":"pa_color-rojo","14":"first","15":"instock","16":"sale","17":"taxable","18":"shipping-taxable","19":"purchasable","20":"product-type-variable","21":"has-default-attributes"},"yoast_head":"<!-- This site is optimized with the Yoast SEO Premium plugin v21.2 (Yoast SEO v27.4) - https:\/\/yoast.com\/product\/yoast-seo-premium-wordpress\/ -->\n<title>Chaqueta Motion 2 JITSIE - Tienda de todotrial<\/title>\n<meta name=\"robots\" content=\"index, follow, max-snippet:-1, max-image-preview:large, max-video-preview:-1\" \/>\n<link rel=\"canonical\" href=\"https:\/\/todotrial.com\/tienda\/chaqueta-motion-2-jitsie\/\" \/>\n<meta property=\"og:locale\" content=\"es_ES\" \/>\n<meta property=\"og:type\" content=\"article\" \/>\n<meta property=\"og:title\" content=\"Chaqueta Motion 2 JITSIE\" \/>\n<meta property=\"og:description\" content=\"La chaqueta Jitsie Motion es una excelente chaqueta de trial para cualquier condici\u00f3n meteorol\u00f3gica. Sus tejidos impermeables y transpirables aseguran una compodidad \u00f3ptima al piloto, incluso en las peores condiciones climatol\u00f3gicas. Una chaqueta imprescindible para cualquier piloto de trial serio. Caracter\u00edsticas:* tejidos exteriores impermeables y transpirables* cuello con forro de lana para una mayor comodidad* [&hellip;]\" \/>\n<meta property=\"og:url\" content=\"https:\/\/todotrial.com\/tienda\/chaqueta-motion-2-jitsie\/\" \/>\n<meta property=\"og:site_name\" content=\"Tienda de todotrial\" \/>\n<meta property=\"article:modified_time\" content=\"2025-02-18T08:44:44+00:00\" \/>\n<meta property=\"og:image\" content=\"https:\/\/todotrial.com\/tienda\/wp-content\/uploads\/2025\/02\/1199-1.jpg\" \/>\n\t<meta property=\"og:image:width\" content=\"800\" \/>\n\t<meta property=\"og:image:height\" content=\"800\" \/>\n\t<meta property=\"og:image:type\" content=\"image\/jpeg\" \/>\n<meta name=\"twitter:card\" content=\"summary_large_image\" \/>\n<script type=\"application\/ld+json\" class=\"yoast-schema-graph\">{\"@context\":\"https:\\\/\\\/schema.org\",\"@graph\":[{\"@type\":\"WebPage\",\"@id\":\"https:\\\/\\\/todotrial.com\\\/tienda\\\/chaqueta-motion-2-jitsie\\\/\",\"url\":\"https:\\\/\\\/todotrial.com\\\/tienda\\\/chaqueta-motion-2-jitsie\\\/\",\"name\":\"Chaqueta Motion 2 JITSIE - Tienda de todotrial\",\"isPartOf\":{\"@id\":\"https:\\\/\\\/todotrial.com\\\/tienda\\\/#website\"},\"primaryImageOfPage\":{\"@id\":\"https:\\\/\\\/todotrial.com\\\/tienda\\\/chaqueta-motion-2-jitsie\\\/#primaryimage\"},\"image\":{\"@id\":\"https:\\\/\\\/todotrial.com\\\/tienda\\\/chaqueta-motion-2-jitsie\\\/#primaryimage\"},\"thumbnailUrl\":\"https:\\\/\\\/todotrial.com\\\/tienda\\\/wp-content\\\/uploads\\\/2025\\\/02\\\/1199-1.jpg\",\"datePublished\":\"2020-12-16T19:02:19+00:00\",\"dateModified\":\"2025-02-18T08:44:44+00:00\",\"breadcrumb\":{\"@id\":\"https:\\\/\\\/todotrial.com\\\/tienda\\\/chaqueta-motion-2-jitsie\\\/#breadcrumb\"},\"inLanguage\":\"es\",\"potentialAction\":[{\"@type\":\"ReadAction\",\"target\":[\"https:\\\/\\\/todotrial.com\\\/tienda\\\/chaqueta-motion-2-jitsie\\\/\"]}]},{\"@type\":\"ImageObject\",\"inLanguage\":\"es\",\"@id\":\"https:\\\/\\\/todotrial.com\\\/tienda\\\/chaqueta-motion-2-jitsie\\\/#primaryimage\",\"url\":\"https:\\\/\\\/todotrial.com\\\/tienda\\\/wp-content\\\/uploads\\\/2025\\\/02\\\/1199-1.jpg\",\"contentUrl\":\"https:\\\/\\\/todotrial.com\\\/tienda\\\/wp-content\\\/uploads\\\/2025\\\/02\\\/1199-1.jpg\",\"width\":800,\"height\":800},{\"@type\":\"BreadcrumbList\",\"@id\":\"https:\\\/\\\/todotrial.com\\\/tienda\\\/chaqueta-motion-2-jitsie\\\/#breadcrumb\",\"itemListElement\":[{\"@type\":\"ListItem\",\"position\":1,\"name\":\"Portada\",\"item\":\"https:\\\/\\\/todotrial.com\\\/tienda\\\/\"},{\"@type\":\"ListItem\",\"position\":2,\"name\":\"Shop\",\"item\":\"https:\\\/\\\/todotrial.com\\\/tienda\\\/shop\\\/\"},{\"@type\":\"ListItem\",\"position\":3,\"name\":\"Chaqueta Motion 2 JITSIE\"}]},{\"@type\":\"WebSite\",\"@id\":\"https:\\\/\\\/todotrial.com\\\/tienda\\\/#website\",\"url\":\"https:\\\/\\\/todotrial.com\\\/tienda\\\/\",\"name\":\"Tienda de todotrial\",\"description\":\"\",\"potentialAction\":[{\"@type\":\"SearchAction\",\"target\":{\"@type\":\"EntryPoint\",\"urlTemplate\":\"https:\\\/\\\/todotrial.com\\\/tienda\\\/?s={search_term_string}\"},\"query-input\":{\"@type\":\"PropertyValueSpecification\",\"valueRequired\":true,\"valueName\":\"search_term_string\"}}],\"inLanguage\":\"es\"}]}<\/script>\n<!-- \/ Yoast SEO Premium plugin. -->","yoast_head_json":{"title":"Chaqueta Motion 2 JITSIE - Tienda de todotrial","robots":{"index":"index","follow":"follow","max-snippet":"max-snippet:-1","max-image-preview":"max-image-preview:large","max-video-preview":"max-video-preview:-1"},"canonical":"https:\/\/todotrial.com\/tienda\/chaqueta-motion-2-jitsie\/","og_locale":"es_ES","og_type":"article","og_title":"Chaqueta Motion 2 JITSIE","og_description":"La chaqueta Jitsie Motion es una excelente chaqueta de trial para cualquier condici\u00f3n meteorol\u00f3gica. Sus tejidos impermeables y transpirables aseguran una compodidad \u00f3ptima al piloto, incluso en las peores condiciones climatol\u00f3gicas. Una chaqueta imprescindible para cualquier piloto de trial serio. Caracter\u00edsticas:* tejidos exteriores impermeables y transpirables* cuello con forro de lana para una mayor comodidad* [&hellip;]","og_url":"https:\/\/todotrial.com\/tienda\/chaqueta-motion-2-jitsie\/","og_site_name":"Tienda de todotrial","article_modified_time":"2025-02-18T08:44:44+00:00","og_image":[{"width":800,"height":800,"url":"https:\/\/todotrial.com\/tienda\/wp-content\/uploads\/2025\/02\/1199-1.jpg","type":"image\/jpeg"}],"twitter_card":"summary_large_image","schema":{"@context":"https:\/\/schema.org","@graph":[{"@type":"WebPage","@id":"https:\/\/todotrial.com\/tienda\/chaqueta-motion-2-jitsie\/","url":"https:\/\/todotrial.com\/tienda\/chaqueta-motion-2-jitsie\/","name":"Chaqueta Motion 2 JITSIE - Tienda de todotrial","isPartOf":{"@id":"https:\/\/todotrial.com\/tienda\/#website"},"primaryImageOfPage":{"@id":"https:\/\/todotrial.com\/tienda\/chaqueta-motion-2-jitsie\/#primaryimage"},"image":{"@id":"https:\/\/todotrial.com\/tienda\/chaqueta-motion-2-jitsie\/#primaryimage"},"thumbnailUrl":"https:\/\/todotrial.com\/tienda\/wp-content\/uploads\/2025\/02\/1199-1.jpg","datePublished":"2020-12-16T19:02:19+00:00","dateModified":"2025-02-18T08:44:44+00:00","breadcrumb":{"@id":"https:\/\/todotrial.com\/tienda\/chaqueta-motion-2-jitsie\/#breadcrumb"},"inLanguage":"es","potentialAction":[{"@type":"ReadAction","target":["https:\/\/todotrial.com\/tienda\/chaqueta-motion-2-jitsie\/"]}]},{"@type":"ImageObject","inLanguage":"es","@id":"https:\/\/todotrial.com\/tienda\/chaqueta-motion-2-jitsie\/#primaryimage","url":"https:\/\/todotrial.com\/tienda\/wp-content\/uploads\/2025\/02\/1199-1.jpg","contentUrl":"https:\/\/todotrial.com\/tienda\/wp-content\/uploads\/2025\/02\/1199-1.jpg","width":800,"height":800},{"@type":"BreadcrumbList","@id":"https:\/\/todotrial.com\/tienda\/chaqueta-motion-2-jitsie\/#breadcrumb","itemListElement":[{"@type":"ListItem","position":1,"name":"Portada","item":"https:\/\/todotrial.com\/tienda\/"},{"@type":"ListItem","position":2,"name":"Shop","item":"https:\/\/todotrial.com\/tienda\/shop\/"},{"@type":"ListItem","position":3,"name":"Chaqueta Motion 2 JITSIE"}]},{"@type":"WebSite","@id":"https:\/\/todotrial.com\/tienda\/#website","url":"https:\/\/todotrial.com\/tienda\/","name":"Tienda de todotrial","description":"","potentialAction":[{"@type":"SearchAction","target":{"@type":"EntryPoint","urlTemplate":"https:\/\/todotrial.com\/tienda\/?s={search_term_string}"},"query-input":{"@type":"PropertyValueSpecification","valueRequired":true,"valueName":"search_term_string"}}],"inLanguage":"es"}]}},"_links":{"self":[{"href":"https:\/\/todotrial.com\/tienda\/wp-json\/wp\/v2\/product\/30962","targetHints":{"allow":["GET"]}}],"collection":[{"href":"https:\/\/todotrial.com\/tienda\/wp-json\/wp\/v2\/product"}],"about":[{"href":"https:\/\/todotrial.com\/tienda\/wp-json\/wp\/v2\/types\/product"}],"replies":[{"embeddable":true,"href":"https:\/\/todotrial.com\/tienda\/wp-json\/wp\/v2\/comments?post=30962"}],"version-history":[{"count":0,"href":"https:\/\/todotrial.com\/tienda\/wp-json\/wp\/v2\/product\/30962\/revisions"}],"wp:featuredmedia":[{"embeddable":true,"href":"https:\/\/todotrial.com\/tienda\/wp-json\/wp\/v2\/media\/39953"}],"wp:attachment":[{"href":"https:\/\/todotrial.com\/tienda\/wp-json\/wp\/v2\/media?parent=30962"}],"wp:term":[{"taxonomy":"product_brand","embeddable":true,"href":"https:\/\/todotrial.com\/tienda\/wp-json\/wp\/v2\/product_brand?post=30962"},{"taxonomy":"product_cat","embeddable":true,"href":"https:\/\/todotrial.com\/tienda\/wp-json\/wp\/v2\/product_cat?post=30962"},{"taxonomy":"product_tag","embeddable":true,"href":"https:\/\/todotrial.com\/tienda\/wp-json\/wp\/v2\/product_tag?post=30962"}],"curies":[{"name":"wp","href":"https:\/\/api.w.org\/{rel}","templated":true}]}}