{"id":3083,"date":"2015-05-14T22:09:26","date_gmt":"2015-05-14T22:09:26","guid":{"rendered":"https:\/\/todotrial.com\/tienda\/product\/bandanas\/"},"modified":"2025-04-01T22:15:40","modified_gmt":"2025-04-01T21:15:40","slug":"bandanas","status":"publish","type":"product","link":"https:\/\/todotrial.com\/tienda\/bandanas\/","title":{"rendered":"BANDANAS"},"content":{"rendered":"<p>Bandanas Multiscarfe y gorro<br \/>Art\u00edculos fabricados en UK. Dise\u00f1ados en conmemoraci\u00f3n del TT classic Motorcycling Festival celebrado anualmente en la Isla de Man<br \/>Con una calidad y acabado excelentes.<br \/>Debido a la complejidad de los muchos dise\u00f1os y tallas estos articulos no est\u00e1n habitualmente en stock .<br \/>Entregamos en un plazo de 8\/10 d\u00edas a partir del pedido<br \/>Talla unica<br \/>Gastos envio 3.35\u20ac<\/p>\n","protected":false},"excerpt":{"rendered":"<p>Bandanas Multiscarfe y gorro<\/p>\n","protected":false},"featured_media":3080,"comment_status":"open","ping_status":"closed","template":"","meta":[],"product_brand":[],"product_cat":[15],"product_tag":[],"class_list":{"0":"post-3083","1":"product","2":"type-product","3":"status-publish","4":"has-post-thumbnail","6":"product_cat-uncategorized","8":"first","9":"outofstock","10":"taxable","11":"shipping-taxable","12":"purchasable","13":"product-type-simple"},"yoast_head":"<!-- This site is optimized with the Yoast SEO Premium plugin v21.2 (Yoast SEO v27.3) - https:\/\/yoast.com\/product\/yoast-seo-premium-wordpress\/ -->\n<title>BANDANAS - Tienda de todotrial<\/title>\n<meta name=\"robots\" content=\"index, follow, max-snippet:-1, max-image-preview:large, max-video-preview:-1\" \/>\n<link rel=\"canonical\" href=\"https:\/\/todotrial.com\/tienda\/bandanas\/\" \/>\n<meta property=\"og:locale\" content=\"es_ES\" \/>\n<meta property=\"og:type\" content=\"article\" \/>\n<meta property=\"og:title\" content=\"BANDANAS\" \/>\n<meta property=\"og:description\" content=\"Bandanas Multiscarfe y gorro\" \/>\n<meta property=\"og:url\" content=\"https:\/\/todotrial.com\/tienda\/bandanas\/\" \/>\n<meta property=\"og:site_name\" content=\"Tienda de todotrial\" \/>\n<meta property=\"article:modified_time\" content=\"2025-04-01T21:15:40+00:00\" \/>\n<meta property=\"og:image\" content=\"https:\/\/todotrial.com\/tienda\/wp-content\/uploads\/2015\/05\/15multiscarfe-2-tt-bandana-multi-colour-1090-pekm175x200ekm.jpg\" \/>\n\t<meta property=\"og:image:width\" content=\"175\" \/>\n\t<meta property=\"og:image:height\" content=\"200\" \/>\n\t<meta property=\"og:image:type\" content=\"image\/jpeg\" \/>\n<meta name=\"twitter:card\" content=\"summary_large_image\" \/>\n<script type=\"application\/ld+json\" class=\"yoast-schema-graph\">{\"@context\":\"https:\\\/\\\/schema.org\",\"@graph\":[{\"@type\":\"WebPage\",\"@id\":\"https:\\\/\\\/todotrial.com\\\/tienda\\\/bandanas\\\/\",\"url\":\"https:\\\/\\\/todotrial.com\\\/tienda\\\/bandanas\\\/\",\"name\":\"BANDANAS - Tienda de todotrial\",\"isPartOf\":{\"@id\":\"https:\\\/\\\/todotrial.com\\\/tienda\\\/#website\"},\"primaryImageOfPage\":{\"@id\":\"https:\\\/\\\/todotrial.com\\\/tienda\\\/bandanas\\\/#primaryimage\"},\"image\":{\"@id\":\"https:\\\/\\\/todotrial.com\\\/tienda\\\/bandanas\\\/#primaryimage\"},\"thumbnailUrl\":\"https:\\\/\\\/todotrial.com\\\/tienda\\\/wp-content\\\/uploads\\\/2015\\\/05\\\/15multiscarfe-2-tt-bandana-multi-colour-1090-pekm175x200ekm.jpg\",\"datePublished\":\"2015-05-14T22:09:26+00:00\",\"dateModified\":\"2025-04-01T21:15:40+00:00\",\"breadcrumb\":{\"@id\":\"https:\\\/\\\/todotrial.com\\\/tienda\\\/bandanas\\\/#breadcrumb\"},\"inLanguage\":\"es\",\"potentialAction\":[{\"@type\":\"ReadAction\",\"target\":[\"https:\\\/\\\/todotrial.com\\\/tienda\\\/bandanas\\\/\"]}]},{\"@type\":\"ImageObject\",\"inLanguage\":\"es\",\"@id\":\"https:\\\/\\\/todotrial.com\\\/tienda\\\/bandanas\\\/#primaryimage\",\"url\":\"https:\\\/\\\/todotrial.com\\\/tienda\\\/wp-content\\\/uploads\\\/2015\\\/05\\\/15multiscarfe-2-tt-bandana-multi-colour-1090-pekm175x200ekm.jpg\",\"contentUrl\":\"https:\\\/\\\/todotrial.com\\\/tienda\\\/wp-content\\\/uploads\\\/2015\\\/05\\\/15multiscarfe-2-tt-bandana-multi-colour-1090-pekm175x200ekm.jpg\",\"width\":175,\"height\":200},{\"@type\":\"BreadcrumbList\",\"@id\":\"https:\\\/\\\/todotrial.com\\\/tienda\\\/bandanas\\\/#breadcrumb\",\"itemListElement\":[{\"@type\":\"ListItem\",\"position\":1,\"name\":\"Portada\",\"item\":\"https:\\\/\\\/todotrial.com\\\/tienda\\\/\"},{\"@type\":\"ListItem\",\"position\":2,\"name\":\"Shop\",\"item\":\"https:\\\/\\\/todotrial.com\\\/tienda\\\/shop\\\/\"},{\"@type\":\"ListItem\",\"position\":3,\"name\":\"BANDANAS\"}]},{\"@type\":\"WebSite\",\"@id\":\"https:\\\/\\\/todotrial.com\\\/tienda\\\/#website\",\"url\":\"https:\\\/\\\/todotrial.com\\\/tienda\\\/\",\"name\":\"Tienda de todotrial\",\"description\":\"\",\"potentialAction\":[{\"@type\":\"SearchAction\",\"target\":{\"@type\":\"EntryPoint\",\"urlTemplate\":\"https:\\\/\\\/todotrial.com\\\/tienda\\\/?s={search_term_string}\"},\"query-input\":{\"@type\":\"PropertyValueSpecification\",\"valueRequired\":true,\"valueName\":\"search_term_string\"}}],\"inLanguage\":\"es\"}]}<\/script>\n<!-- \/ Yoast SEO Premium plugin. -->","yoast_head_json":{"title":"BANDANAS - Tienda de todotrial","robots":{"index":"index","follow":"follow","max-snippet":"max-snippet:-1","max-image-preview":"max-image-preview:large","max-video-preview":"max-video-preview:-1"},"canonical":"https:\/\/todotrial.com\/tienda\/bandanas\/","og_locale":"es_ES","og_type":"article","og_title":"BANDANAS","og_description":"Bandanas Multiscarfe y gorro","og_url":"https:\/\/todotrial.com\/tienda\/bandanas\/","og_site_name":"Tienda de todotrial","article_modified_time":"2025-04-01T21:15:40+00:00","og_image":[{"width":175,"height":200,"url":"https:\/\/todotrial.com\/tienda\/wp-content\/uploads\/2015\/05\/15multiscarfe-2-tt-bandana-multi-colour-1090-pekm175x200ekm.jpg","type":"image\/jpeg"}],"twitter_card":"summary_large_image","schema":{"@context":"https:\/\/schema.org","@graph":[{"@type":"WebPage","@id":"https:\/\/todotrial.com\/tienda\/bandanas\/","url":"https:\/\/todotrial.com\/tienda\/bandanas\/","name":"BANDANAS - Tienda de todotrial","isPartOf":{"@id":"https:\/\/todotrial.com\/tienda\/#website"},"primaryImageOfPage":{"@id":"https:\/\/todotrial.com\/tienda\/bandanas\/#primaryimage"},"image":{"@id":"https:\/\/todotrial.com\/tienda\/bandanas\/#primaryimage"},"thumbnailUrl":"https:\/\/todotrial.com\/tienda\/wp-content\/uploads\/2015\/05\/15multiscarfe-2-tt-bandana-multi-colour-1090-pekm175x200ekm.jpg","datePublished":"2015-05-14T22:09:26+00:00","dateModified":"2025-04-01T21:15:40+00:00","breadcrumb":{"@id":"https:\/\/todotrial.com\/tienda\/bandanas\/#breadcrumb"},"inLanguage":"es","potentialAction":[{"@type":"ReadAction","target":["https:\/\/todotrial.com\/tienda\/bandanas\/"]}]},{"@type":"ImageObject","inLanguage":"es","@id":"https:\/\/todotrial.com\/tienda\/bandanas\/#primaryimage","url":"https:\/\/todotrial.com\/tienda\/wp-content\/uploads\/2015\/05\/15multiscarfe-2-tt-bandana-multi-colour-1090-pekm175x200ekm.jpg","contentUrl":"https:\/\/todotrial.com\/tienda\/wp-content\/uploads\/2015\/05\/15multiscarfe-2-tt-bandana-multi-colour-1090-pekm175x200ekm.jpg","width":175,"height":200},{"@type":"BreadcrumbList","@id":"https:\/\/todotrial.com\/tienda\/bandanas\/#breadcrumb","itemListElement":[{"@type":"ListItem","position":1,"name":"Portada","item":"https:\/\/todotrial.com\/tienda\/"},{"@type":"ListItem","position":2,"name":"Shop","item":"https:\/\/todotrial.com\/tienda\/shop\/"},{"@type":"ListItem","position":3,"name":"BANDANAS"}]},{"@type":"WebSite","@id":"https:\/\/todotrial.com\/tienda\/#website","url":"https:\/\/todotrial.com\/tienda\/","name":"Tienda de todotrial","description":"","potentialAction":[{"@type":"SearchAction","target":{"@type":"EntryPoint","urlTemplate":"https:\/\/todotrial.com\/tienda\/?s={search_term_string}"},"query-input":{"@type":"PropertyValueSpecification","valueRequired":true,"valueName":"search_term_string"}}],"inLanguage":"es"}]}},"_links":{"self":[{"href":"https:\/\/todotrial.com\/tienda\/wp-json\/wp\/v2\/product\/3083","targetHints":{"allow":["GET"]}}],"collection":[{"href":"https:\/\/todotrial.com\/tienda\/wp-json\/wp\/v2\/product"}],"about":[{"href":"https:\/\/todotrial.com\/tienda\/wp-json\/wp\/v2\/types\/product"}],"replies":[{"embeddable":true,"href":"https:\/\/todotrial.com\/tienda\/wp-json\/wp\/v2\/comments?post=3083"}],"version-history":[{"count":1,"href":"https:\/\/todotrial.com\/tienda\/wp-json\/wp\/v2\/product\/3083\/revisions"}],"predecessor-version":[{"id":55132,"href":"https:\/\/todotrial.com\/tienda\/wp-json\/wp\/v2\/product\/3083\/revisions\/55132"}],"wp:featuredmedia":[{"embeddable":true,"href":"https:\/\/todotrial.com\/tienda\/wp-json\/wp\/v2\/media\/3080"}],"wp:attachment":[{"href":"https:\/\/todotrial.com\/tienda\/wp-json\/wp\/v2\/media?parent=3083"}],"wp:term":[{"taxonomy":"product_brand","embeddable":true,"href":"https:\/\/todotrial.com\/tienda\/wp-json\/wp\/v2\/product_brand?post=3083"},{"taxonomy":"product_cat","embeddable":true,"href":"https:\/\/todotrial.com\/tienda\/wp-json\/wp\/v2\/product_cat?post=3083"},{"taxonomy":"product_tag","embeddable":true,"href":"https:\/\/todotrial.com\/tienda\/wp-json\/wp\/v2\/product_tag?post=3083"}],"curies":[{"name":"wp","href":"https:\/\/api.w.org\/{rel}","templated":true}]}}