{"id":30819,"date":"2020-12-16T19:57:25","date_gmt":"2020-12-16T18:57:25","guid":{"rendered":"https:\/\/todotrial.com\/tienda\/product\/import-placeholder-for-1608\/"},"modified":"2025-02-18T09:10:54","modified_gmt":"2025-02-18T08:10:54","slug":"chaleco-mots-skin-con-protector-espalda-y-bolsillo-en-pecho","status":"publish","type":"product","link":"https:\/\/todotrial.com\/tienda\/chaleco-mots-skin-con-protector-espalda-y-bolsillo-en-pecho\/","title":{"rendered":"Chaleco MOTS SKIN con Protector Espalda y Bolsillo en Pecho"},"content":{"rendered":"<p>Fabricado en 58%PA (BeCool\u2122) &#8211; 38%PP &#8211; 4%EL\u00a0<br \/>BeCool\u2122es la primera fibra de control de flujo de aire.\u00a0<br \/>La tecnolog\u00eda BeCool\u2122, estimula la circulaci\u00f3n sangu\u00ednea y la oxigenaci\u00f3n de la masa muscular reduciendo la aparici\u00f3n del \u00e1cido l\u00e1cteo. El objetivo es mitigar las vibraciones musculares y disminuir dr\u00e1sticamente el riesgo de lesi\u00f3n del tejido muscular y desgarre de este, as\u00ed mismo retrasa la aparici\u00f3n del cansancio y reduce el tiempo de recuperaci\u00f3n evitando las temibles agujetas.\u00a0<br \/>El polipropileno (PP) es hiperligero, r\u00e1pido secado, mantiene la piel c\u00e1lida y ha sido tratado con acabados muy avanzados antiolores, entre otros factores.<\/p>\n","protected":false},"excerpt":{"rendered":"<p><strong>Color: Negro<\/strong><\/p>\n","protected":false},"featured_media":39912,"comment_status":"open","ping_status":"closed","template":"","meta":[],"product_brand":[],"product_cat":[11375,11395,11393,11391,11384,11405,11506,11500,11499,11498,11374],"product_tag":[],"class_list":{"0":"post-30819","1":"product","2":"type-product","3":"status-publish","4":"has-post-thumbnail","6":"product_cat-bici-trial","7":"product_cat-equipacion-bici-trial","8":"product_cat-equipacion-moto","9":"product_cat-infantil","10":"product_cat-moto","11":"product_cat-mtb","12":"product_cat-protecciones-infantil","13":"product_cat-protecciones-equipacion-bici-trial","14":"product_cat-protecciones-equipacion","15":"product_cat-protecciones-mtb","16":"product_cat-raiz","18":"first","19":"instock","20":"sale","21":"taxable","22":"shipping-taxable","23":"purchasable","24":"product-type-variable","25":"has-default-attributes"},"yoast_head":"<!-- This site is optimized with the Yoast SEO Premium plugin v21.2 (Yoast SEO v27.4) - https:\/\/yoast.com\/product\/yoast-seo-premium-wordpress\/ -->\n<title>Chaleco MOTS SKIN con Protector Espalda y Bolsillo en Pecho - Tienda de todotrial<\/title>\n<meta name=\"robots\" content=\"index, follow, max-snippet:-1, max-image-preview:large, max-video-preview:-1\" \/>\n<link rel=\"canonical\" href=\"https:\/\/todotrial.com\/tienda\/chaleco-mots-skin-con-protector-espalda-y-bolsillo-en-pecho\/\" \/>\n<meta property=\"og:locale\" content=\"es_ES\" \/>\n<meta property=\"og:type\" content=\"article\" \/>\n<meta property=\"og:title\" content=\"Chaleco MOTS SKIN con Protector Espalda y Bolsillo en Pecho\" \/>\n<meta property=\"og:description\" content=\"Color: Negro\" \/>\n<meta property=\"og:url\" content=\"https:\/\/todotrial.com\/tienda\/chaleco-mots-skin-con-protector-espalda-y-bolsillo-en-pecho\/\" \/>\n<meta property=\"og:site_name\" content=\"Tienda de todotrial\" \/>\n<meta property=\"article:modified_time\" content=\"2025-02-18T08:10:54+00:00\" \/>\n<meta property=\"og:image\" content=\"https:\/\/todotrial.com\/tienda\/wp-content\/uploads\/2025\/02\/4590-1.jpg\" \/>\n\t<meta property=\"og:image:width\" content=\"1000\" \/>\n\t<meta property=\"og:image:height\" content=\"1000\" \/>\n\t<meta property=\"og:image:type\" content=\"image\/jpeg\" \/>\n<meta name=\"twitter:card\" content=\"summary_large_image\" \/>\n<meta name=\"twitter:label1\" content=\"Tiempo de lectura\" \/>\n\t<meta name=\"twitter:data1\" content=\"1 minuto\" \/>\n<script type=\"application\/ld+json\" class=\"yoast-schema-graph\">{\"@context\":\"https:\\\/\\\/schema.org\",\"@graph\":[{\"@type\":\"WebPage\",\"@id\":\"https:\\\/\\\/todotrial.com\\\/tienda\\\/chaleco-mots-skin-con-protector-espalda-y-bolsillo-en-pecho\\\/\",\"url\":\"https:\\\/\\\/todotrial.com\\\/tienda\\\/chaleco-mots-skin-con-protector-espalda-y-bolsillo-en-pecho\\\/\",\"name\":\"Chaleco MOTS SKIN con Protector Espalda y Bolsillo en Pecho - Tienda de todotrial\",\"isPartOf\":{\"@id\":\"https:\\\/\\\/todotrial.com\\\/tienda\\\/#website\"},\"primaryImageOfPage\":{\"@id\":\"https:\\\/\\\/todotrial.com\\\/tienda\\\/chaleco-mots-skin-con-protector-espalda-y-bolsillo-en-pecho\\\/#primaryimage\"},\"image\":{\"@id\":\"https:\\\/\\\/todotrial.com\\\/tienda\\\/chaleco-mots-skin-con-protector-espalda-y-bolsillo-en-pecho\\\/#primaryimage\"},\"thumbnailUrl\":\"https:\\\/\\\/todotrial.com\\\/tienda\\\/wp-content\\\/uploads\\\/2025\\\/02\\\/4590-1.jpg\",\"datePublished\":\"2020-12-16T18:57:25+00:00\",\"dateModified\":\"2025-02-18T08:10:54+00:00\",\"breadcrumb\":{\"@id\":\"https:\\\/\\\/todotrial.com\\\/tienda\\\/chaleco-mots-skin-con-protector-espalda-y-bolsillo-en-pecho\\\/#breadcrumb\"},\"inLanguage\":\"es\",\"potentialAction\":[{\"@type\":\"ReadAction\",\"target\":[\"https:\\\/\\\/todotrial.com\\\/tienda\\\/chaleco-mots-skin-con-protector-espalda-y-bolsillo-en-pecho\\\/\"]}]},{\"@type\":\"ImageObject\",\"inLanguage\":\"es\",\"@id\":\"https:\\\/\\\/todotrial.com\\\/tienda\\\/chaleco-mots-skin-con-protector-espalda-y-bolsillo-en-pecho\\\/#primaryimage\",\"url\":\"https:\\\/\\\/todotrial.com\\\/tienda\\\/wp-content\\\/uploads\\\/2025\\\/02\\\/4590-1.jpg\",\"contentUrl\":\"https:\\\/\\\/todotrial.com\\\/tienda\\\/wp-content\\\/uploads\\\/2025\\\/02\\\/4590-1.jpg\",\"width\":1000,\"height\":1000},{\"@type\":\"BreadcrumbList\",\"@id\":\"https:\\\/\\\/todotrial.com\\\/tienda\\\/chaleco-mots-skin-con-protector-espalda-y-bolsillo-en-pecho\\\/#breadcrumb\",\"itemListElement\":[{\"@type\":\"ListItem\",\"position\":1,\"name\":\"Portada\",\"item\":\"https:\\\/\\\/todotrial.com\\\/tienda\\\/\"},{\"@type\":\"ListItem\",\"position\":2,\"name\":\"Shop\",\"item\":\"https:\\\/\\\/todotrial.com\\\/tienda\\\/shop\\\/\"},{\"@type\":\"ListItem\",\"position\":3,\"name\":\"Chaleco MOTS SKIN con Protector Espalda y Bolsillo en Pecho\"}]},{\"@type\":\"WebSite\",\"@id\":\"https:\\\/\\\/todotrial.com\\\/tienda\\\/#website\",\"url\":\"https:\\\/\\\/todotrial.com\\\/tienda\\\/\",\"name\":\"Tienda de todotrial\",\"description\":\"\",\"potentialAction\":[{\"@type\":\"SearchAction\",\"target\":{\"@type\":\"EntryPoint\",\"urlTemplate\":\"https:\\\/\\\/todotrial.com\\\/tienda\\\/?s={search_term_string}\"},\"query-input\":{\"@type\":\"PropertyValueSpecification\",\"valueRequired\":true,\"valueName\":\"search_term_string\"}}],\"inLanguage\":\"es\"}]}<\/script>\n<!-- \/ Yoast SEO Premium plugin. -->","yoast_head_json":{"title":"Chaleco MOTS SKIN con Protector Espalda y Bolsillo en Pecho - Tienda de todotrial","robots":{"index":"index","follow":"follow","max-snippet":"max-snippet:-1","max-image-preview":"max-image-preview:large","max-video-preview":"max-video-preview:-1"},"canonical":"https:\/\/todotrial.com\/tienda\/chaleco-mots-skin-con-protector-espalda-y-bolsillo-en-pecho\/","og_locale":"es_ES","og_type":"article","og_title":"Chaleco MOTS SKIN con Protector Espalda y Bolsillo en Pecho","og_description":"Color: Negro","og_url":"https:\/\/todotrial.com\/tienda\/chaleco-mots-skin-con-protector-espalda-y-bolsillo-en-pecho\/","og_site_name":"Tienda de todotrial","article_modified_time":"2025-02-18T08:10:54+00:00","og_image":[{"width":1000,"height":1000,"url":"https:\/\/todotrial.com\/tienda\/wp-content\/uploads\/2025\/02\/4590-1.jpg","type":"image\/jpeg"}],"twitter_card":"summary_large_image","twitter_misc":{"Tiempo de lectura":"1 minuto"},"schema":{"@context":"https:\/\/schema.org","@graph":[{"@type":"WebPage","@id":"https:\/\/todotrial.com\/tienda\/chaleco-mots-skin-con-protector-espalda-y-bolsillo-en-pecho\/","url":"https:\/\/todotrial.com\/tienda\/chaleco-mots-skin-con-protector-espalda-y-bolsillo-en-pecho\/","name":"Chaleco MOTS SKIN con Protector Espalda y Bolsillo en Pecho - Tienda de todotrial","isPartOf":{"@id":"https:\/\/todotrial.com\/tienda\/#website"},"primaryImageOfPage":{"@id":"https:\/\/todotrial.com\/tienda\/chaleco-mots-skin-con-protector-espalda-y-bolsillo-en-pecho\/#primaryimage"},"image":{"@id":"https:\/\/todotrial.com\/tienda\/chaleco-mots-skin-con-protector-espalda-y-bolsillo-en-pecho\/#primaryimage"},"thumbnailUrl":"https:\/\/todotrial.com\/tienda\/wp-content\/uploads\/2025\/02\/4590-1.jpg","datePublished":"2020-12-16T18:57:25+00:00","dateModified":"2025-02-18T08:10:54+00:00","breadcrumb":{"@id":"https:\/\/todotrial.com\/tienda\/chaleco-mots-skin-con-protector-espalda-y-bolsillo-en-pecho\/#breadcrumb"},"inLanguage":"es","potentialAction":[{"@type":"ReadAction","target":["https:\/\/todotrial.com\/tienda\/chaleco-mots-skin-con-protector-espalda-y-bolsillo-en-pecho\/"]}]},{"@type":"ImageObject","inLanguage":"es","@id":"https:\/\/todotrial.com\/tienda\/chaleco-mots-skin-con-protector-espalda-y-bolsillo-en-pecho\/#primaryimage","url":"https:\/\/todotrial.com\/tienda\/wp-content\/uploads\/2025\/02\/4590-1.jpg","contentUrl":"https:\/\/todotrial.com\/tienda\/wp-content\/uploads\/2025\/02\/4590-1.jpg","width":1000,"height":1000},{"@type":"BreadcrumbList","@id":"https:\/\/todotrial.com\/tienda\/chaleco-mots-skin-con-protector-espalda-y-bolsillo-en-pecho\/#breadcrumb","itemListElement":[{"@type":"ListItem","position":1,"name":"Portada","item":"https:\/\/todotrial.com\/tienda\/"},{"@type":"ListItem","position":2,"name":"Shop","item":"https:\/\/todotrial.com\/tienda\/shop\/"},{"@type":"ListItem","position":3,"name":"Chaleco MOTS SKIN con Protector Espalda y Bolsillo en Pecho"}]},{"@type":"WebSite","@id":"https:\/\/todotrial.com\/tienda\/#website","url":"https:\/\/todotrial.com\/tienda\/","name":"Tienda de todotrial","description":"","potentialAction":[{"@type":"SearchAction","target":{"@type":"EntryPoint","urlTemplate":"https:\/\/todotrial.com\/tienda\/?s={search_term_string}"},"query-input":{"@type":"PropertyValueSpecification","valueRequired":true,"valueName":"search_term_string"}}],"inLanguage":"es"}]}},"_links":{"self":[{"href":"https:\/\/todotrial.com\/tienda\/wp-json\/wp\/v2\/product\/30819","targetHints":{"allow":["GET"]}}],"collection":[{"href":"https:\/\/todotrial.com\/tienda\/wp-json\/wp\/v2\/product"}],"about":[{"href":"https:\/\/todotrial.com\/tienda\/wp-json\/wp\/v2\/types\/product"}],"replies":[{"embeddable":true,"href":"https:\/\/todotrial.com\/tienda\/wp-json\/wp\/v2\/comments?post=30819"}],"version-history":[{"count":0,"href":"https:\/\/todotrial.com\/tienda\/wp-json\/wp\/v2\/product\/30819\/revisions"}],"wp:featuredmedia":[{"embeddable":true,"href":"https:\/\/todotrial.com\/tienda\/wp-json\/wp\/v2\/media\/39912"}],"wp:attachment":[{"href":"https:\/\/todotrial.com\/tienda\/wp-json\/wp\/v2\/media?parent=30819"}],"wp:term":[{"taxonomy":"product_brand","embeddable":true,"href":"https:\/\/todotrial.com\/tienda\/wp-json\/wp\/v2\/product_brand?post=30819"},{"taxonomy":"product_cat","embeddable":true,"href":"https:\/\/todotrial.com\/tienda\/wp-json\/wp\/v2\/product_cat?post=30819"},{"taxonomy":"product_tag","embeddable":true,"href":"https:\/\/todotrial.com\/tienda\/wp-json\/wp\/v2\/product_tag?post=30819"}],"curies":[{"name":"wp","href":"https:\/\/api.w.org\/{rel}","templated":true}]}}