{"id":30618,"date":"2020-12-16T19:48:57","date_gmt":"2020-12-16T18:48:57","guid":{"rendered":"https:\/\/todotrial.com\/tienda\/product\/import-placeholder-for-1411\/"},"modified":"2025-02-20T14:36:18","modified_gmt":"2025-02-20T13:36:18","slug":"manillar-carbono-h105-comas","status":"publish","type":"product","link":"https:\/\/todotrial.com\/tienda\/manillar-carbono-h105-comas\/","title":{"rendered":"Manillar Carbono H105 COMAS"},"content":{"rendered":"<p><strong>Descripci\u00f3n<\/strong><br \/>&#8211; Manillar de Trial fabricado en fibra de carbono con geometr\u00eda especifica acorde a las nuevas tendencias de pilotaje.<br \/>&#8211; Mayor altura total y extremos con menos angulaci\u00f3n, lo que permite una mayor movilidad en la conducci\u00f3n.<br \/>&#8211; Permite bajar el centro de gravedad de la potencia manteniendo la posici\u00f3n del manillar (sin \u00e1ngulo negativo).<br \/>&#8211; Fabricado con espesor variable para conseguir una excelente combinaci\u00f3n de rigidez y peso.<br \/>&#8211; \u00d831.8 mm de di\u00e1metro central compatible con la mayor\u00eda de las potencias utilizadas en Trial.<br \/>&#8211; Incorpora marcas centrales para fijar el manillar a la potencia en la posici\u00f3n correcta.<br \/>&#8211; Superficies antideslizantes en las empu\u00f1aduras y en la zona de la potencia para evitar que el manillar gire.<br \/>&#8211; Su dise\u00f1o proporciona un excelente agarre y durabilidad.<br \/>&#8211; V\u00e1lido para su uso en competici\u00f3n y\/o entrenamiento.<br \/><strong>Material<\/strong><br \/>&#8211; Fibra de carbono<br \/><strong>Medidas<\/strong><br \/>&#8211; Longitud: 720mm<br \/>&#8211; Elevaci\u00f3n: 8\u00ba<br \/>&#8211; Retroceso: 6\u00ba<br \/>&#8211; Altura: 105mm<br \/><strong>Acabado<\/strong><br \/>&#8211; UD Negro mate con gr\u00e1ficos COMAS en blanco y gris<br \/><strong>Peso<\/strong><br \/>&#8211; 200g<\/p>\n","protected":false},"excerpt":{"rendered":"<p><strong>Material:\u00a0Fibra de carbono<\/strong><\/p>\n","protected":false},"featured_media":39892,"comment_status":"open","ping_status":"closed","template":"","meta":[],"product_brand":[],"product_cat":[11375,11380,11437,11376,11374],"product_tag":[],"class_list":{"0":"post-30618","1":"product","2":"type-product","3":"status-publish","4":"has-post-thumbnail","6":"product_cat-bici-trial","7":"product_cat-direccion","8":"product_cat-manillares-direccion","9":"product_cat-piezas","10":"product_cat-raiz","12":"first","13":"instock","14":"taxable","15":"shipping-taxable","16":"product-type-variable"},"yoast_head":"<!-- This site is optimized with the Yoast SEO Premium plugin v21.2 (Yoast SEO v27.3) - https:\/\/yoast.com\/product\/yoast-seo-premium-wordpress\/ -->\n<title>Manillar Carbono H105 COMAS - Tienda de todotrial<\/title>\n<meta name=\"robots\" content=\"index, follow, max-snippet:-1, max-image-preview:large, max-video-preview:-1\" \/>\n<link rel=\"canonical\" href=\"https:\/\/todotrial.com\/tienda\/manillar-carbono-h105-comas\/\" \/>\n<meta property=\"og:locale\" content=\"es_ES\" \/>\n<meta property=\"og:type\" content=\"article\" \/>\n<meta property=\"og:title\" content=\"Manillar Carbono H105 COMAS\" \/>\n<meta property=\"og:description\" content=\"Material:\u00a0Fibra de carbono\" \/>\n<meta property=\"og:url\" content=\"https:\/\/todotrial.com\/tienda\/manillar-carbono-h105-comas\/\" \/>\n<meta property=\"og:site_name\" content=\"Tienda de todotrial\" \/>\n<meta property=\"article:modified_time\" content=\"2025-02-20T13:36:18+00:00\" \/>\n<meta property=\"og:image\" content=\"https:\/\/todotrial.com\/tienda\/wp-content\/uploads\/2025\/02\/1013-1.png\" \/>\n\t<meta property=\"og:image:width\" content=\"800\" \/>\n\t<meta property=\"og:image:height\" content=\"800\" \/>\n\t<meta property=\"og:image:type\" content=\"image\/png\" \/>\n<meta name=\"twitter:card\" content=\"summary_large_image\" \/>\n<meta name=\"twitter:label1\" content=\"Tiempo de lectura\" \/>\n\t<meta name=\"twitter:data1\" content=\"1 minuto\" \/>\n<script type=\"application\/ld+json\" class=\"yoast-schema-graph\">{\"@context\":\"https:\\\/\\\/schema.org\",\"@graph\":[{\"@type\":\"WebPage\",\"@id\":\"https:\\\/\\\/todotrial.com\\\/tienda\\\/manillar-carbono-h105-comas\\\/\",\"url\":\"https:\\\/\\\/todotrial.com\\\/tienda\\\/manillar-carbono-h105-comas\\\/\",\"name\":\"Manillar Carbono H105 COMAS - Tienda de todotrial\",\"isPartOf\":{\"@id\":\"https:\\\/\\\/todotrial.com\\\/tienda\\\/#website\"},\"primaryImageOfPage\":{\"@id\":\"https:\\\/\\\/todotrial.com\\\/tienda\\\/manillar-carbono-h105-comas\\\/#primaryimage\"},\"image\":{\"@id\":\"https:\\\/\\\/todotrial.com\\\/tienda\\\/manillar-carbono-h105-comas\\\/#primaryimage\"},\"thumbnailUrl\":\"https:\\\/\\\/todotrial.com\\\/tienda\\\/wp-content\\\/uploads\\\/2025\\\/02\\\/1013-1.png\",\"datePublished\":\"2020-12-16T18:48:57+00:00\",\"dateModified\":\"2025-02-20T13:36:18+00:00\",\"breadcrumb\":{\"@id\":\"https:\\\/\\\/todotrial.com\\\/tienda\\\/manillar-carbono-h105-comas\\\/#breadcrumb\"},\"inLanguage\":\"es\",\"potentialAction\":[{\"@type\":\"ReadAction\",\"target\":[\"https:\\\/\\\/todotrial.com\\\/tienda\\\/manillar-carbono-h105-comas\\\/\"]}]},{\"@type\":\"ImageObject\",\"inLanguage\":\"es\",\"@id\":\"https:\\\/\\\/todotrial.com\\\/tienda\\\/manillar-carbono-h105-comas\\\/#primaryimage\",\"url\":\"https:\\\/\\\/todotrial.com\\\/tienda\\\/wp-content\\\/uploads\\\/2025\\\/02\\\/1013-1.png\",\"contentUrl\":\"https:\\\/\\\/todotrial.com\\\/tienda\\\/wp-content\\\/uploads\\\/2025\\\/02\\\/1013-1.png\",\"width\":800,\"height\":800},{\"@type\":\"BreadcrumbList\",\"@id\":\"https:\\\/\\\/todotrial.com\\\/tienda\\\/manillar-carbono-h105-comas\\\/#breadcrumb\",\"itemListElement\":[{\"@type\":\"ListItem\",\"position\":1,\"name\":\"Portada\",\"item\":\"https:\\\/\\\/todotrial.com\\\/tienda\\\/\"},{\"@type\":\"ListItem\",\"position\":2,\"name\":\"Shop\",\"item\":\"https:\\\/\\\/todotrial.com\\\/tienda\\\/shop\\\/\"},{\"@type\":\"ListItem\",\"position\":3,\"name\":\"Manillar Carbono H105 COMAS\"}]},{\"@type\":\"WebSite\",\"@id\":\"https:\\\/\\\/todotrial.com\\\/tienda\\\/#website\",\"url\":\"https:\\\/\\\/todotrial.com\\\/tienda\\\/\",\"name\":\"Tienda de todotrial\",\"description\":\"\",\"potentialAction\":[{\"@type\":\"SearchAction\",\"target\":{\"@type\":\"EntryPoint\",\"urlTemplate\":\"https:\\\/\\\/todotrial.com\\\/tienda\\\/?s={search_term_string}\"},\"query-input\":{\"@type\":\"PropertyValueSpecification\",\"valueRequired\":true,\"valueName\":\"search_term_string\"}}],\"inLanguage\":\"es\"}]}<\/script>\n<!-- \/ Yoast SEO Premium plugin. -->","yoast_head_json":{"title":"Manillar Carbono H105 COMAS - Tienda de todotrial","robots":{"index":"index","follow":"follow","max-snippet":"max-snippet:-1","max-image-preview":"max-image-preview:large","max-video-preview":"max-video-preview:-1"},"canonical":"https:\/\/todotrial.com\/tienda\/manillar-carbono-h105-comas\/","og_locale":"es_ES","og_type":"article","og_title":"Manillar Carbono H105 COMAS","og_description":"Material:\u00a0Fibra de carbono","og_url":"https:\/\/todotrial.com\/tienda\/manillar-carbono-h105-comas\/","og_site_name":"Tienda de todotrial","article_modified_time":"2025-02-20T13:36:18+00:00","og_image":[{"width":800,"height":800,"url":"https:\/\/todotrial.com\/tienda\/wp-content\/uploads\/2025\/02\/1013-1.png","type":"image\/png"}],"twitter_card":"summary_large_image","twitter_misc":{"Tiempo de lectura":"1 minuto"},"schema":{"@context":"https:\/\/schema.org","@graph":[{"@type":"WebPage","@id":"https:\/\/todotrial.com\/tienda\/manillar-carbono-h105-comas\/","url":"https:\/\/todotrial.com\/tienda\/manillar-carbono-h105-comas\/","name":"Manillar Carbono H105 COMAS - Tienda de todotrial","isPartOf":{"@id":"https:\/\/todotrial.com\/tienda\/#website"},"primaryImageOfPage":{"@id":"https:\/\/todotrial.com\/tienda\/manillar-carbono-h105-comas\/#primaryimage"},"image":{"@id":"https:\/\/todotrial.com\/tienda\/manillar-carbono-h105-comas\/#primaryimage"},"thumbnailUrl":"https:\/\/todotrial.com\/tienda\/wp-content\/uploads\/2025\/02\/1013-1.png","datePublished":"2020-12-16T18:48:57+00:00","dateModified":"2025-02-20T13:36:18+00:00","breadcrumb":{"@id":"https:\/\/todotrial.com\/tienda\/manillar-carbono-h105-comas\/#breadcrumb"},"inLanguage":"es","potentialAction":[{"@type":"ReadAction","target":["https:\/\/todotrial.com\/tienda\/manillar-carbono-h105-comas\/"]}]},{"@type":"ImageObject","inLanguage":"es","@id":"https:\/\/todotrial.com\/tienda\/manillar-carbono-h105-comas\/#primaryimage","url":"https:\/\/todotrial.com\/tienda\/wp-content\/uploads\/2025\/02\/1013-1.png","contentUrl":"https:\/\/todotrial.com\/tienda\/wp-content\/uploads\/2025\/02\/1013-1.png","width":800,"height":800},{"@type":"BreadcrumbList","@id":"https:\/\/todotrial.com\/tienda\/manillar-carbono-h105-comas\/#breadcrumb","itemListElement":[{"@type":"ListItem","position":1,"name":"Portada","item":"https:\/\/todotrial.com\/tienda\/"},{"@type":"ListItem","position":2,"name":"Shop","item":"https:\/\/todotrial.com\/tienda\/shop\/"},{"@type":"ListItem","position":3,"name":"Manillar Carbono H105 COMAS"}]},{"@type":"WebSite","@id":"https:\/\/todotrial.com\/tienda\/#website","url":"https:\/\/todotrial.com\/tienda\/","name":"Tienda de todotrial","description":"","potentialAction":[{"@type":"SearchAction","target":{"@type":"EntryPoint","urlTemplate":"https:\/\/todotrial.com\/tienda\/?s={search_term_string}"},"query-input":{"@type":"PropertyValueSpecification","valueRequired":true,"valueName":"search_term_string"}}],"inLanguage":"es"}]}},"_links":{"self":[{"href":"https:\/\/todotrial.com\/tienda\/wp-json\/wp\/v2\/product\/30618","targetHints":{"allow":["GET"]}}],"collection":[{"href":"https:\/\/todotrial.com\/tienda\/wp-json\/wp\/v2\/product"}],"about":[{"href":"https:\/\/todotrial.com\/tienda\/wp-json\/wp\/v2\/types\/product"}],"replies":[{"embeddable":true,"href":"https:\/\/todotrial.com\/tienda\/wp-json\/wp\/v2\/comments?post=30618"}],"version-history":[{"count":0,"href":"https:\/\/todotrial.com\/tienda\/wp-json\/wp\/v2\/product\/30618\/revisions"}],"wp:featuredmedia":[{"embeddable":true,"href":"https:\/\/todotrial.com\/tienda\/wp-json\/wp\/v2\/media\/39892"}],"wp:attachment":[{"href":"https:\/\/todotrial.com\/tienda\/wp-json\/wp\/v2\/media?parent=30618"}],"wp:term":[{"taxonomy":"product_brand","embeddable":true,"href":"https:\/\/todotrial.com\/tienda\/wp-json\/wp\/v2\/product_brand?post=30618"},{"taxonomy":"product_cat","embeddable":true,"href":"https:\/\/todotrial.com\/tienda\/wp-json\/wp\/v2\/product_cat?post=30618"},{"taxonomy":"product_tag","embeddable":true,"href":"https:\/\/todotrial.com\/tienda\/wp-json\/wp\/v2\/product_tag?post=30618"}],"curies":[{"name":"wp","href":"https:\/\/api.w.org\/{rel}","templated":true}]}}