{"id":30569,"date":"2020-12-16T19:46:59","date_gmt":"2020-12-16T18:46:59","guid":{"rendered":"https:\/\/todotrial.com\/tienda\/product\/import-placeholder-for-1365\/"},"modified":"2025-02-18T08:58:59","modified_gmt":"2025-02-18T07:58:59","slug":"chaleco-protector-comas","status":"publish","type":"product","link":"https:\/\/todotrial.com\/tienda\/chaleco-protector-comas\/","title":{"rendered":"Chaleco Protector COMAS"},"content":{"rendered":"<p><strong>Descripci\u00f3n<\/strong><br \/>\n&#8211; Nuevo chaleco protector COMAS ExtraLight ideal para uso en Trial\/Enduro\/Cross\/OffRoad.<br \/>\n&#8211; Testado y desarrollado conjuntamente con el piloto del TrialGP Jorge Casales.<br \/>\n&#8211; Dise\u00f1o actual, c\u00f3modo y Ultraligero con gran capacidad de ventilaci\u00f3n y adaptaci\u00f3n.<br \/>\n&#8211; Tejidos de licra y malla de alta calidad para lograr una comodidad excelente.<br \/>\n&#8211; Incorpora protecciones desmontables en espalda y pecho.<br \/>\n&#8211; Fabricado con de rejilla el\u00e1stica de 4 direcciones, transpirable y de secado r\u00e1pido.<br \/>\n&#8211; Banda anti deslizante con inserci\u00f3n de silicona en la cintura.<br \/>\n&#8211; Diferente tejido c\u00f3modo y adaptable en hombros para mejorar el confort.<br \/>\n&#8211; Doble costura con hilo el\u00e1stico que facilita la adaptaci\u00f3n y dota de mayor rigidez.<br \/>\n&#8211; Se coloca f\u00e1cilmente gracias a su nueva abertura frontal-lateral mediante cremallera.<br \/>\n&#8211; Homologaci\u00f3n EN1621-2:2014 FB<br \/>\n&#8211; Decoraci\u00f3n duradera y flexible mediante \u2018Polymer Base printing\u2019<br \/>\n<strong>Material<\/strong><br \/>\n&#8211; Fabricado en 85%SpA (Spandex) &#8211; 15% PET (polyester)<br \/>\n<strong>Tallas<\/strong><br \/>\n&#8211; Talla S\/M: 620x430mm<br \/>\n&#8211; Talla L\/XL: 650x460mm<br \/>\n<strong>Acabado<\/strong><br \/>\n&#8211; Color negro con logotipos COMAS en rojo y blanco.<br \/>\n<strong>Peso<\/strong><br \/>\n&#8211; 315g (S\/M)<\/p>\n","protected":false},"excerpt":{"rendered":"<p><strong>Color: Negro<\/strong><\/p>\n<p><em><strong><a href=\"http:\/\/nowtrial.com\/\/wp-content\/uploads\/2019\/04\/chaleco-protector-comas-jpg-3.png\">Consulta tu talla<\/a><\/strong><\/em><\/p>\n","protected":false},"featured_media":39879,"comment_status":"open","ping_status":"closed","template":"","meta":[],"product_brand":[],"product_cat":[11375,11393,11395,11384,11405,11498,11499,11500,11374],"product_tag":[],"class_list":{"0":"post-30569","1":"product","2":"type-product","3":"status-publish","4":"has-post-thumbnail","6":"product_cat-bici-trial","7":"product_cat-equipacion-moto","8":"product_cat-equipacion-bici-trial","9":"product_cat-moto","10":"product_cat-mtb","11":"product_cat-protecciones-mtb","12":"product_cat-protecciones-equipacion","13":"product_cat-protecciones-equipacion-bici-trial","14":"product_cat-raiz","16":"first","17":"instock","18":"taxable","19":"shipping-taxable","20":"purchasable","21":"product-type-variable","22":"has-default-attributes"},"yoast_head":"<!-- This site is optimized with the Yoast SEO Premium plugin v21.2 (Yoast SEO v27.4) - https:\/\/yoast.com\/product\/yoast-seo-premium-wordpress\/ -->\n<title>Chaleco Protector COMAS - Tienda de todotrial<\/title>\n<meta name=\"robots\" content=\"index, follow, max-snippet:-1, max-image-preview:large, max-video-preview:-1\" \/>\n<link rel=\"canonical\" href=\"https:\/\/todotrial.com\/tienda\/chaleco-protector-comas\/\" \/>\n<meta property=\"og:locale\" content=\"es_ES\" \/>\n<meta property=\"og:type\" content=\"article\" \/>\n<meta property=\"og:title\" content=\"Chaleco Protector COMAS\" \/>\n<meta property=\"og:description\" content=\"Color: Negro  Consulta tu talla\" \/>\n<meta property=\"og:url\" content=\"https:\/\/todotrial.com\/tienda\/chaleco-protector-comas\/\" \/>\n<meta property=\"og:site_name\" content=\"Tienda de todotrial\" \/>\n<meta property=\"article:modified_time\" content=\"2025-02-18T07:58:59+00:00\" \/>\n<meta property=\"og:image\" content=\"https:\/\/todotrial.com\/tienda\/wp-content\/uploads\/2025\/02\/984-1.png\" \/>\n\t<meta property=\"og:image:width\" content=\"800\" \/>\n\t<meta property=\"og:image:height\" content=\"800\" \/>\n\t<meta property=\"og:image:type\" content=\"image\/png\" \/>\n<meta name=\"twitter:card\" content=\"summary_large_image\" \/>\n<meta name=\"twitter:label1\" content=\"Tiempo de lectura\" \/>\n\t<meta name=\"twitter:data1\" content=\"1 minuto\" \/>\n<script type=\"application\/ld+json\" class=\"yoast-schema-graph\">{\"@context\":\"https:\\\/\\\/schema.org\",\"@graph\":[{\"@type\":\"WebPage\",\"@id\":\"https:\\\/\\\/todotrial.com\\\/tienda\\\/chaleco-protector-comas\\\/\",\"url\":\"https:\\\/\\\/todotrial.com\\\/tienda\\\/chaleco-protector-comas\\\/\",\"name\":\"Chaleco Protector COMAS - Tienda de todotrial\",\"isPartOf\":{\"@id\":\"https:\\\/\\\/todotrial.com\\\/tienda\\\/#website\"},\"primaryImageOfPage\":{\"@id\":\"https:\\\/\\\/todotrial.com\\\/tienda\\\/chaleco-protector-comas\\\/#primaryimage\"},\"image\":{\"@id\":\"https:\\\/\\\/todotrial.com\\\/tienda\\\/chaleco-protector-comas\\\/#primaryimage\"},\"thumbnailUrl\":\"https:\\\/\\\/todotrial.com\\\/tienda\\\/wp-content\\\/uploads\\\/2025\\\/02\\\/984-1.png\",\"datePublished\":\"2020-12-16T18:46:59+00:00\",\"dateModified\":\"2025-02-18T07:58:59+00:00\",\"breadcrumb\":{\"@id\":\"https:\\\/\\\/todotrial.com\\\/tienda\\\/chaleco-protector-comas\\\/#breadcrumb\"},\"inLanguage\":\"es\",\"potentialAction\":[{\"@type\":\"ReadAction\",\"target\":[\"https:\\\/\\\/todotrial.com\\\/tienda\\\/chaleco-protector-comas\\\/\"]}]},{\"@type\":\"ImageObject\",\"inLanguage\":\"es\",\"@id\":\"https:\\\/\\\/todotrial.com\\\/tienda\\\/chaleco-protector-comas\\\/#primaryimage\",\"url\":\"https:\\\/\\\/todotrial.com\\\/tienda\\\/wp-content\\\/uploads\\\/2025\\\/02\\\/984-1.png\",\"contentUrl\":\"https:\\\/\\\/todotrial.com\\\/tienda\\\/wp-content\\\/uploads\\\/2025\\\/02\\\/984-1.png\",\"width\":800,\"height\":800},{\"@type\":\"BreadcrumbList\",\"@id\":\"https:\\\/\\\/todotrial.com\\\/tienda\\\/chaleco-protector-comas\\\/#breadcrumb\",\"itemListElement\":[{\"@type\":\"ListItem\",\"position\":1,\"name\":\"Portada\",\"item\":\"https:\\\/\\\/todotrial.com\\\/tienda\\\/\"},{\"@type\":\"ListItem\",\"position\":2,\"name\":\"Shop\",\"item\":\"https:\\\/\\\/todotrial.com\\\/tienda\\\/shop\\\/\"},{\"@type\":\"ListItem\",\"position\":3,\"name\":\"Chaleco Protector COMAS\"}]},{\"@type\":\"WebSite\",\"@id\":\"https:\\\/\\\/todotrial.com\\\/tienda\\\/#website\",\"url\":\"https:\\\/\\\/todotrial.com\\\/tienda\\\/\",\"name\":\"Tienda de todotrial\",\"description\":\"\",\"potentialAction\":[{\"@type\":\"SearchAction\",\"target\":{\"@type\":\"EntryPoint\",\"urlTemplate\":\"https:\\\/\\\/todotrial.com\\\/tienda\\\/?s={search_term_string}\"},\"query-input\":{\"@type\":\"PropertyValueSpecification\",\"valueRequired\":true,\"valueName\":\"search_term_string\"}}],\"inLanguage\":\"es\"}]}<\/script>\n<!-- \/ Yoast SEO Premium plugin. -->","yoast_head_json":{"title":"Chaleco Protector COMAS - Tienda de todotrial","robots":{"index":"index","follow":"follow","max-snippet":"max-snippet:-1","max-image-preview":"max-image-preview:large","max-video-preview":"max-video-preview:-1"},"canonical":"https:\/\/todotrial.com\/tienda\/chaleco-protector-comas\/","og_locale":"es_ES","og_type":"article","og_title":"Chaleco Protector COMAS","og_description":"Color: Negro  Consulta tu talla","og_url":"https:\/\/todotrial.com\/tienda\/chaleco-protector-comas\/","og_site_name":"Tienda de todotrial","article_modified_time":"2025-02-18T07:58:59+00:00","og_image":[{"width":800,"height":800,"url":"https:\/\/todotrial.com\/tienda\/wp-content\/uploads\/2025\/02\/984-1.png","type":"image\/png"}],"twitter_card":"summary_large_image","twitter_misc":{"Tiempo de lectura":"1 minuto"},"schema":{"@context":"https:\/\/schema.org","@graph":[{"@type":"WebPage","@id":"https:\/\/todotrial.com\/tienda\/chaleco-protector-comas\/","url":"https:\/\/todotrial.com\/tienda\/chaleco-protector-comas\/","name":"Chaleco Protector COMAS - Tienda de todotrial","isPartOf":{"@id":"https:\/\/todotrial.com\/tienda\/#website"},"primaryImageOfPage":{"@id":"https:\/\/todotrial.com\/tienda\/chaleco-protector-comas\/#primaryimage"},"image":{"@id":"https:\/\/todotrial.com\/tienda\/chaleco-protector-comas\/#primaryimage"},"thumbnailUrl":"https:\/\/todotrial.com\/tienda\/wp-content\/uploads\/2025\/02\/984-1.png","datePublished":"2020-12-16T18:46:59+00:00","dateModified":"2025-02-18T07:58:59+00:00","breadcrumb":{"@id":"https:\/\/todotrial.com\/tienda\/chaleco-protector-comas\/#breadcrumb"},"inLanguage":"es","potentialAction":[{"@type":"ReadAction","target":["https:\/\/todotrial.com\/tienda\/chaleco-protector-comas\/"]}]},{"@type":"ImageObject","inLanguage":"es","@id":"https:\/\/todotrial.com\/tienda\/chaleco-protector-comas\/#primaryimage","url":"https:\/\/todotrial.com\/tienda\/wp-content\/uploads\/2025\/02\/984-1.png","contentUrl":"https:\/\/todotrial.com\/tienda\/wp-content\/uploads\/2025\/02\/984-1.png","width":800,"height":800},{"@type":"BreadcrumbList","@id":"https:\/\/todotrial.com\/tienda\/chaleco-protector-comas\/#breadcrumb","itemListElement":[{"@type":"ListItem","position":1,"name":"Portada","item":"https:\/\/todotrial.com\/tienda\/"},{"@type":"ListItem","position":2,"name":"Shop","item":"https:\/\/todotrial.com\/tienda\/shop\/"},{"@type":"ListItem","position":3,"name":"Chaleco Protector COMAS"}]},{"@type":"WebSite","@id":"https:\/\/todotrial.com\/tienda\/#website","url":"https:\/\/todotrial.com\/tienda\/","name":"Tienda de todotrial","description":"","potentialAction":[{"@type":"SearchAction","target":{"@type":"EntryPoint","urlTemplate":"https:\/\/todotrial.com\/tienda\/?s={search_term_string}"},"query-input":{"@type":"PropertyValueSpecification","valueRequired":true,"valueName":"search_term_string"}}],"inLanguage":"es"}]}},"_links":{"self":[{"href":"https:\/\/todotrial.com\/tienda\/wp-json\/wp\/v2\/product\/30569","targetHints":{"allow":["GET"]}}],"collection":[{"href":"https:\/\/todotrial.com\/tienda\/wp-json\/wp\/v2\/product"}],"about":[{"href":"https:\/\/todotrial.com\/tienda\/wp-json\/wp\/v2\/types\/product"}],"replies":[{"embeddable":true,"href":"https:\/\/todotrial.com\/tienda\/wp-json\/wp\/v2\/comments?post=30569"}],"version-history":[{"count":0,"href":"https:\/\/todotrial.com\/tienda\/wp-json\/wp\/v2\/product\/30569\/revisions"}],"wp:featuredmedia":[{"embeddable":true,"href":"https:\/\/todotrial.com\/tienda\/wp-json\/wp\/v2\/media\/39879"}],"wp:attachment":[{"href":"https:\/\/todotrial.com\/tienda\/wp-json\/wp\/v2\/media?parent=30569"}],"wp:term":[{"taxonomy":"product_brand","embeddable":true,"href":"https:\/\/todotrial.com\/tienda\/wp-json\/wp\/v2\/product_brand?post=30569"},{"taxonomy":"product_cat","embeddable":true,"href":"https:\/\/todotrial.com\/tienda\/wp-json\/wp\/v2\/product_cat?post=30569"},{"taxonomy":"product_tag","embeddable":true,"href":"https:\/\/todotrial.com\/tienda\/wp-json\/wp\/v2\/product_tag?post=30569"}],"curies":[{"name":"wp","href":"https:\/\/api.w.org\/{rel}","templated":true}]}}