{"id":30395,"date":"2020-12-16T19:40:06","date_gmt":"2020-12-16T18:40:06","guid":{"rendered":"https:\/\/todotrial.com\/tienda\/product\/import-placeholder-for-1197\/"},"modified":"2025-02-20T14:34:59","modified_gmt":"2025-02-20T13:34:59","slug":"bicicleta-de-trial-comas-18-740r1","status":"publish","type":"product","link":"https:\/\/todotrial.com\/tienda\/bicicleta-de-trial-comas-18-740r1\/","title":{"rendered":"Bicicleta de Trial COMAS 18&#8243; 740R1"},"content":{"rendered":"<p><strong>Cuadro<\/strong>\u00a0<br \/>&#8211; Fabricada en aluminio 6061-T6 de alta calidad con tubos optimizados. Ideal para riders de hasta 1.20m<br \/>&#8211; Vainas oversized que le otorgan una construcci\u00f3n robusta y fiable.<br \/>&#8211; Incorpora bridge de refuerzo transversal en los tirantes superiores .<br \/>&#8211; Punteras mecanizadas CNC en una sola pieza de alta precisi\u00f3n dise\u00f1adas para utilizar tensores tipo exc\u00e9ntrica.<br \/><strong>Horquilla<\/strong><br \/>&#8211; Horquilla de trial de 18\u201d para freno V-brake con tubo de direcci\u00f3n de 1-1\/8\u201d\u00a0<br \/>&#8211; Fabricada en aluminio 6061-T6 con espesores optimizados para mejorar la resistencia.<br \/>&#8211; Brazos oversized que le otorgan una construcci\u00f3n robusta y fiable.<br \/>&#8211; Tubo de direcci\u00f3n mecanizado CNC en una sola pieza para optimizar la rigidez.<br \/>&#8211; Punteras mecanizadas en CNC de alta precisi\u00f3n<br \/>&#8211; Ancho entre punteras de 100mm compatible con la gran mayor\u00eda de bujes delanteros del mercado.<br \/><strong>Ruedas<\/strong><br \/>&#8211; Buje delantero: Comas Ultraligero 100mm 28 radios, eje roscado de 9mm.<br \/>&#8211; Buje trasero: Comas Ultraligero 116mm 32 radios, eje roscado 10mm, Rosca 1.37x24T<br \/>&#8211; Tensor de cadena: Comas tipo exc\u00e9ntrica, 7075-T6, 49 posiciones<br \/>&#8211; Llanta delantera: Comas 18\u00bb, 28 agujeros, Mono-capa, Ancho 32mm, Aligerada<br \/>&#8211; Llanta trasera: Comas 18\u201d, 32 agujeros, Mono-capa, Ancho Especial 47mm, Aligerada<br \/>&#8211; Radios: Comas Ultralight 1.8mm<br \/>&#8211; Cabecillas de radios: Aluminio<br \/>&#8211; Neum\u00e1ticos: 18\u201dx2.20, dise\u00f1o sim\u00e9trico, aro interno de seguridad<br \/><strong>Frenos<\/strong><br \/>&#8211; Frenos: V-brake de L90mm, Aluminio, Maneta 2 dedos<br \/><strong>Transmisi\u00f3n<\/strong><br \/>&#8211; Bielas: Comas L130mm, offset 33mm, para pi\u00f1\u00f3n roscado\u00a0<br \/>&#8211; Pedalier: JIS, CrMo, Rodamientos sellados, L124.5mm<br \/>&#8211; Pi\u00f1\u00f3n libre: Comas 30.6, 16 dientes, color rojo<br \/>&#8211; Cadena: YBN s20, 1\/2&#215;3\/32\u201d<br \/>&#8211; Pi\u00f1\u00f3n fijo: Comas 12T roscado, 7075-T6, ancho 12mm<br \/>&#8211; Pedales: Comas Mono-Jaula, Pol\u00edmero, Rosca 9\/16\u201d<br \/><strong>Direcci\u00f3n<\/strong><br \/>&#8211; Direcci\u00f3n: Comas 1-1\/8\u201d, Ahead<br \/>&#8211; Potencia: Comas de 100mm y 25\u00ba de inclinaci\u00f3n<br \/>&#8211; Pu\u00f1os: Comas de espuma extrafinos, 2mm espesor\u00a0<br \/>&#8211; Manillar: Comas Aluminio 7075-T6, H105mm, L580mm<br \/><strong>Geometr\u00eda<\/strong><br \/>&#8211; WD: 116mm<br \/>&#8211; BB: 68mm<br \/>&#8211; HT: 110mm<br \/>&#8211; FC: 738mm<br \/>&#8211; RC: 275mm<br \/>&#8211; BH: +25mm<br \/>&#8211; HA: 72\u00ba<br \/>&#8211; OFF: 45mm<br \/><strong>Color<\/strong><br \/>&#8211; Negro con gr\u00e1ficos COMAS en color blanco, negro y rojo.<\/p>\n","protected":false},"excerpt":{"rendered":"<p><strong>Bicicleta de trial de 18\u201d con dise\u00f1o y geometr\u00eda exclusiva 100% COMAS<\/strong><\/p>\n","protected":false},"featured_media":39848,"comment_status":"open","ping_status":"closed","template":"","meta":[],"product_brand":[],"product_cat":[11408,11375,11481,11374],"product_tag":[],"class_list":{"0":"post-30395","1":"product","2":"type-product","3":"status-publish","4":"has-post-thumbnail","6":"product_cat-bici-de-trial","7":"product_cat-bici-trial","8":"product_cat-bicis-18","9":"product_cat-raiz","11":"first","12":"instock","13":"taxable","14":"shipping-taxable","15":"product-type-variable"},"yoast_head":"<!-- This site is optimized with the Yoast SEO Premium plugin v21.2 (Yoast SEO v27.4) - https:\/\/yoast.com\/product\/yoast-seo-premium-wordpress\/ -->\n<title>Bicicleta de Trial COMAS 18&quot; 740R1 - Tienda de todotrial<\/title>\n<meta name=\"robots\" content=\"index, follow, max-snippet:-1, max-image-preview:large, max-video-preview:-1\" \/>\n<link rel=\"canonical\" href=\"https:\/\/todotrial.com\/tienda\/bicicleta-de-trial-comas-18-740r1\/\" \/>\n<meta property=\"og:locale\" content=\"es_ES\" \/>\n<meta property=\"og:type\" content=\"article\" \/>\n<meta property=\"og:title\" content=\"Bicicleta de Trial COMAS 18&quot; 740R1\" \/>\n<meta property=\"og:description\" content=\"Bicicleta de trial de 18\u201d con dise\u00f1o y geometr\u00eda exclusiva 100% COMAS\" \/>\n<meta property=\"og:url\" content=\"https:\/\/todotrial.com\/tienda\/bicicleta-de-trial-comas-18-740r1\/\" \/>\n<meta property=\"og:site_name\" content=\"Tienda de todotrial\" \/>\n<meta property=\"article:modified_time\" content=\"2025-02-20T13:34:59+00:00\" \/>\n<meta property=\"og:image\" content=\"https:\/\/todotrial.com\/tienda\/wp-content\/uploads\/2025\/02\/852-1.png\" \/>\n\t<meta property=\"og:image:width\" content=\"800\" \/>\n\t<meta property=\"og:image:height\" content=\"800\" \/>\n\t<meta property=\"og:image:type\" content=\"image\/png\" \/>\n<meta name=\"twitter:card\" content=\"summary_large_image\" \/>\n<meta name=\"twitter:label1\" content=\"Tiempo de lectura\" \/>\n\t<meta name=\"twitter:data1\" content=\"2 minutos\" \/>\n<script type=\"application\/ld+json\" class=\"yoast-schema-graph\">{\"@context\":\"https:\\\/\\\/schema.org\",\"@graph\":[{\"@type\":\"WebPage\",\"@id\":\"https:\\\/\\\/todotrial.com\\\/tienda\\\/bicicleta-de-trial-comas-18-740r1\\\/\",\"url\":\"https:\\\/\\\/todotrial.com\\\/tienda\\\/bicicleta-de-trial-comas-18-740r1\\\/\",\"name\":\"Bicicleta de Trial COMAS 18\\\" 740R1 - Tienda de todotrial\",\"isPartOf\":{\"@id\":\"https:\\\/\\\/todotrial.com\\\/tienda\\\/#website\"},\"primaryImageOfPage\":{\"@id\":\"https:\\\/\\\/todotrial.com\\\/tienda\\\/bicicleta-de-trial-comas-18-740r1\\\/#primaryimage\"},\"image\":{\"@id\":\"https:\\\/\\\/todotrial.com\\\/tienda\\\/bicicleta-de-trial-comas-18-740r1\\\/#primaryimage\"},\"thumbnailUrl\":\"https:\\\/\\\/todotrial.com\\\/tienda\\\/wp-content\\\/uploads\\\/2025\\\/02\\\/852-1.png\",\"datePublished\":\"2020-12-16T18:40:06+00:00\",\"dateModified\":\"2025-02-20T13:34:59+00:00\",\"breadcrumb\":{\"@id\":\"https:\\\/\\\/todotrial.com\\\/tienda\\\/bicicleta-de-trial-comas-18-740r1\\\/#breadcrumb\"},\"inLanguage\":\"es\",\"potentialAction\":[{\"@type\":\"ReadAction\",\"target\":[\"https:\\\/\\\/todotrial.com\\\/tienda\\\/bicicleta-de-trial-comas-18-740r1\\\/\"]}]},{\"@type\":\"ImageObject\",\"inLanguage\":\"es\",\"@id\":\"https:\\\/\\\/todotrial.com\\\/tienda\\\/bicicleta-de-trial-comas-18-740r1\\\/#primaryimage\",\"url\":\"https:\\\/\\\/todotrial.com\\\/tienda\\\/wp-content\\\/uploads\\\/2025\\\/02\\\/852-1.png\",\"contentUrl\":\"https:\\\/\\\/todotrial.com\\\/tienda\\\/wp-content\\\/uploads\\\/2025\\\/02\\\/852-1.png\",\"width\":800,\"height\":800},{\"@type\":\"BreadcrumbList\",\"@id\":\"https:\\\/\\\/todotrial.com\\\/tienda\\\/bicicleta-de-trial-comas-18-740r1\\\/#breadcrumb\",\"itemListElement\":[{\"@type\":\"ListItem\",\"position\":1,\"name\":\"Portada\",\"item\":\"https:\\\/\\\/todotrial.com\\\/tienda\\\/\"},{\"@type\":\"ListItem\",\"position\":2,\"name\":\"Shop\",\"item\":\"https:\\\/\\\/todotrial.com\\\/tienda\\\/shop\\\/\"},{\"@type\":\"ListItem\",\"position\":3,\"name\":\"Bicicleta de Trial COMAS 18&#8243; 740R1\"}]},{\"@type\":\"WebSite\",\"@id\":\"https:\\\/\\\/todotrial.com\\\/tienda\\\/#website\",\"url\":\"https:\\\/\\\/todotrial.com\\\/tienda\\\/\",\"name\":\"Tienda de todotrial\",\"description\":\"\",\"potentialAction\":[{\"@type\":\"SearchAction\",\"target\":{\"@type\":\"EntryPoint\",\"urlTemplate\":\"https:\\\/\\\/todotrial.com\\\/tienda\\\/?s={search_term_string}\"},\"query-input\":{\"@type\":\"PropertyValueSpecification\",\"valueRequired\":true,\"valueName\":\"search_term_string\"}}],\"inLanguage\":\"es\"}]}<\/script>\n<!-- \/ Yoast SEO Premium plugin. -->","yoast_head_json":{"title":"Bicicleta de Trial COMAS 18\" 740R1 - Tienda de todotrial","robots":{"index":"index","follow":"follow","max-snippet":"max-snippet:-1","max-image-preview":"max-image-preview:large","max-video-preview":"max-video-preview:-1"},"canonical":"https:\/\/todotrial.com\/tienda\/bicicleta-de-trial-comas-18-740r1\/","og_locale":"es_ES","og_type":"article","og_title":"Bicicleta de Trial COMAS 18\" 740R1","og_description":"Bicicleta de trial de 18\u201d con dise\u00f1o y geometr\u00eda exclusiva 100% COMAS","og_url":"https:\/\/todotrial.com\/tienda\/bicicleta-de-trial-comas-18-740r1\/","og_site_name":"Tienda de todotrial","article_modified_time":"2025-02-20T13:34:59+00:00","og_image":[{"width":800,"height":800,"url":"https:\/\/todotrial.com\/tienda\/wp-content\/uploads\/2025\/02\/852-1.png","type":"image\/png"}],"twitter_card":"summary_large_image","twitter_misc":{"Tiempo de lectura":"2 minutos"},"schema":{"@context":"https:\/\/schema.org","@graph":[{"@type":"WebPage","@id":"https:\/\/todotrial.com\/tienda\/bicicleta-de-trial-comas-18-740r1\/","url":"https:\/\/todotrial.com\/tienda\/bicicleta-de-trial-comas-18-740r1\/","name":"Bicicleta de Trial COMAS 18\" 740R1 - Tienda de todotrial","isPartOf":{"@id":"https:\/\/todotrial.com\/tienda\/#website"},"primaryImageOfPage":{"@id":"https:\/\/todotrial.com\/tienda\/bicicleta-de-trial-comas-18-740r1\/#primaryimage"},"image":{"@id":"https:\/\/todotrial.com\/tienda\/bicicleta-de-trial-comas-18-740r1\/#primaryimage"},"thumbnailUrl":"https:\/\/todotrial.com\/tienda\/wp-content\/uploads\/2025\/02\/852-1.png","datePublished":"2020-12-16T18:40:06+00:00","dateModified":"2025-02-20T13:34:59+00:00","breadcrumb":{"@id":"https:\/\/todotrial.com\/tienda\/bicicleta-de-trial-comas-18-740r1\/#breadcrumb"},"inLanguage":"es","potentialAction":[{"@type":"ReadAction","target":["https:\/\/todotrial.com\/tienda\/bicicleta-de-trial-comas-18-740r1\/"]}]},{"@type":"ImageObject","inLanguage":"es","@id":"https:\/\/todotrial.com\/tienda\/bicicleta-de-trial-comas-18-740r1\/#primaryimage","url":"https:\/\/todotrial.com\/tienda\/wp-content\/uploads\/2025\/02\/852-1.png","contentUrl":"https:\/\/todotrial.com\/tienda\/wp-content\/uploads\/2025\/02\/852-1.png","width":800,"height":800},{"@type":"BreadcrumbList","@id":"https:\/\/todotrial.com\/tienda\/bicicleta-de-trial-comas-18-740r1\/#breadcrumb","itemListElement":[{"@type":"ListItem","position":1,"name":"Portada","item":"https:\/\/todotrial.com\/tienda\/"},{"@type":"ListItem","position":2,"name":"Shop","item":"https:\/\/todotrial.com\/tienda\/shop\/"},{"@type":"ListItem","position":3,"name":"Bicicleta de Trial COMAS 18&#8243; 740R1"}]},{"@type":"WebSite","@id":"https:\/\/todotrial.com\/tienda\/#website","url":"https:\/\/todotrial.com\/tienda\/","name":"Tienda de todotrial","description":"","potentialAction":[{"@type":"SearchAction","target":{"@type":"EntryPoint","urlTemplate":"https:\/\/todotrial.com\/tienda\/?s={search_term_string}"},"query-input":{"@type":"PropertyValueSpecification","valueRequired":true,"valueName":"search_term_string"}}],"inLanguage":"es"}]}},"_links":{"self":[{"href":"https:\/\/todotrial.com\/tienda\/wp-json\/wp\/v2\/product\/30395","targetHints":{"allow":["GET"]}}],"collection":[{"href":"https:\/\/todotrial.com\/tienda\/wp-json\/wp\/v2\/product"}],"about":[{"href":"https:\/\/todotrial.com\/tienda\/wp-json\/wp\/v2\/types\/product"}],"replies":[{"embeddable":true,"href":"https:\/\/todotrial.com\/tienda\/wp-json\/wp\/v2\/comments?post=30395"}],"version-history":[{"count":0,"href":"https:\/\/todotrial.com\/tienda\/wp-json\/wp\/v2\/product\/30395\/revisions"}],"wp:featuredmedia":[{"embeddable":true,"href":"https:\/\/todotrial.com\/tienda\/wp-json\/wp\/v2\/media\/39848"}],"wp:attachment":[{"href":"https:\/\/todotrial.com\/tienda\/wp-json\/wp\/v2\/media?parent=30395"}],"wp:term":[{"taxonomy":"product_brand","embeddable":true,"href":"https:\/\/todotrial.com\/tienda\/wp-json\/wp\/v2\/product_brand?post=30395"},{"taxonomy":"product_cat","embeddable":true,"href":"https:\/\/todotrial.com\/tienda\/wp-json\/wp\/v2\/product_cat?post=30395"},{"taxonomy":"product_tag","embeddable":true,"href":"https:\/\/todotrial.com\/tienda\/wp-json\/wp\/v2\/product_tag?post=30395"}],"curies":[{"name":"wp","href":"https:\/\/api.w.org\/{rel}","templated":true}]}}