{"id":30283,"date":"2020-12-16T19:35:53","date_gmt":"2020-12-16T18:35:53","guid":{"rendered":"https:\/\/todotrial.com\/tienda\/product\/import-placeholder-for-1108\/"},"modified":"2020-12-16T19:38:27","modified_gmt":"2020-12-16T18:38:27","slug":"tornillos-bielas-comas","status":"publish","type":"product","link":"https:\/\/todotrial.com\/tienda\/tornillos-bielas-comas\/","title":{"rendered":"Tornillos Bielas COMAS"},"content":{"rendered":"<p><strong>Descripci\u00f3n<\/strong>\u00a0<br \/>&#8211; Tornillos Ultra-light exclusivos COMAS de M15 para biela\/pedalier.<br \/>&#8211; Fabricados en CNC de una sola pieza en aleaci\u00f3n de aluminio 7075-T6.<br \/>&#8211; Dise\u00f1o \u00fanico y elegante con cabeza c\u00f3nica de bajo perfil y forma de estrella con 4 rebajes<br \/>&#8211; Longitud de 18mm y rosca M15, compatibles con la amplia mayor\u00eda de ejes pedalier tipo ISIS.<br \/>&#8211; Interior pasante para permitir introducir al m\u00e1ximo la llave Allen de 8mm, evitando da\u00f1ar las muescas de la cabeza.<br \/>&#8211; Se suministran 2 tornillos acompa\u00f1ados por 2 arandelas de aluminio 6061-T6\u00a0<br \/>&#8211; Nota: Debido a su fabricaci\u00f3n en aluminio, los tornillos no deben utilizarse para instalar las bielas. Es recomendable utilizar previamente unos tornillos de acero para colocar las bielas.\u00a0<br \/><strong>Material<\/strong><br \/>-Aluminio 7075-T6<br \/><strong>Medidas<\/strong><br \/>&#8211; Rosca: M15x1.00<br \/>&#8211; Longitud 18mm<br \/>&#8211; Cabeza Allen de 8mm<br \/>&#8211; Di\u00e1metro exterior: \u00d820mm<br \/><strong>Acabados<\/strong><br \/>&#8211; Disponibles en Negro \u00f3 Rojo anodizado con logotipos COMAS grabados a l\u00e1ser.<br \/><strong>Peso<\/strong><br \/>&#8211; 12g (el par, con las arandelas incluidas)<\/p>\n","protected":false},"excerpt":{"rendered":"<p>Descripci\u00f3n\u00a0&#8211; Tornillos Ultra-light exclusivos COMAS de M15 para biela\/pedalier.&#8211; Fabricados en CNC de una sola pieza en aleaci\u00f3n de aluminio 7075-T6.&#8211; Dise\u00f1o \u00fanico y elegante con cabeza c\u00f3nica de bajo perfil y forma de estrella con 4 rebajes&#8211; Longitud de 18mm y rosca M15, compatibles con la amplia mayor\u00eda de ejes pedalier tipo ISIS.&#8211; Interior [&hellip;]<\/p>\n","protected":false},"featured_media":30336,"comment_status":"open","ping_status":"closed","template":"","meta":[],"product_brand":[],"product_cat":[11375,11376,11374,11476,11377],"product_tag":[],"class_list":{"0":"post-30283","1":"product","2":"type-product","3":"status-publish","4":"has-post-thumbnail","6":"product_cat-bici-trial","7":"product_cat-piezas","8":"product_cat-raiz","9":"product_cat-tornillos-de-bielas","10":"product_cat-transmision","11":"pa_color-negro","12":"pa_color-rojo","14":"first","15":"instock","16":"taxable","17":"shipping-taxable","18":"purchasable","19":"product-type-variable","20":"has-default-attributes"},"yoast_head":"<!-- This site is optimized with the Yoast SEO Premium plugin v21.2 (Yoast SEO v27.3) - https:\/\/yoast.com\/product\/yoast-seo-premium-wordpress\/ -->\n<title>Tornillos Bielas COMAS - Tienda de todotrial<\/title>\n<meta name=\"robots\" content=\"index, follow, max-snippet:-1, max-image-preview:large, max-video-preview:-1\" \/>\n<link rel=\"canonical\" href=\"https:\/\/todotrial.com\/tienda\/tornillos-bielas-comas\/\" \/>\n<meta property=\"og:locale\" content=\"es_ES\" \/>\n<meta property=\"og:type\" content=\"article\" \/>\n<meta property=\"og:title\" content=\"Tornillos Bielas COMAS\" \/>\n<meta property=\"og:description\" content=\"Descripci\u00f3n\u00a0&#8211; Tornillos Ultra-light exclusivos COMAS de M15 para biela\/pedalier.&#8211; Fabricados en CNC de una sola pieza en aleaci\u00f3n de aluminio 7075-T6.&#8211; Dise\u00f1o \u00fanico y elegante con cabeza c\u00f3nica de bajo perfil y forma de estrella con 4 rebajes&#8211; Longitud de 18mm y rosca M15, compatibles con la amplia mayor\u00eda de ejes pedalier tipo ISIS.&#8211; Interior [&hellip;]\" \/>\n<meta property=\"og:url\" content=\"https:\/\/todotrial.com\/tienda\/tornillos-bielas-comas\/\" \/>\n<meta property=\"og:site_name\" content=\"Tienda de todotrial\" \/>\n<meta property=\"article:modified_time\" content=\"2020-12-16T18:38:27+00:00\" \/>\n<meta property=\"og:image\" content=\"https:\/\/todotrial.com\/tienda\/wp-content\/uploads\/2020\/12\/785-Tornillos-Bielas-COMAS-2.png\" \/>\n\t<meta property=\"og:image:width\" content=\"800\" \/>\n\t<meta property=\"og:image:height\" content=\"800\" \/>\n\t<meta property=\"og:image:type\" content=\"image\/png\" \/>\n<meta name=\"twitter:card\" content=\"summary_large_image\" \/>\n<meta name=\"twitter:label1\" content=\"Tiempo de lectura\" \/>\n\t<meta name=\"twitter:data1\" content=\"1 minuto\" \/>\n<script type=\"application\/ld+json\" class=\"yoast-schema-graph\">{\"@context\":\"https:\\\/\\\/schema.org\",\"@graph\":[{\"@type\":\"WebPage\",\"@id\":\"https:\\\/\\\/todotrial.com\\\/tienda\\\/tornillos-bielas-comas\\\/\",\"url\":\"https:\\\/\\\/todotrial.com\\\/tienda\\\/tornillos-bielas-comas\\\/\",\"name\":\"Tornillos Bielas COMAS - Tienda de todotrial\",\"isPartOf\":{\"@id\":\"https:\\\/\\\/todotrial.com\\\/tienda\\\/#website\"},\"primaryImageOfPage\":{\"@id\":\"https:\\\/\\\/todotrial.com\\\/tienda\\\/tornillos-bielas-comas\\\/#primaryimage\"},\"image\":{\"@id\":\"https:\\\/\\\/todotrial.com\\\/tienda\\\/tornillos-bielas-comas\\\/#primaryimage\"},\"thumbnailUrl\":\"https:\\\/\\\/todotrial.com\\\/tienda\\\/wp-content\\\/uploads\\\/2020\\\/12\\\/785-Tornillos-Bielas-COMAS-2.png\",\"datePublished\":\"2020-12-16T18:35:53+00:00\",\"dateModified\":\"2020-12-16T18:38:27+00:00\",\"breadcrumb\":{\"@id\":\"https:\\\/\\\/todotrial.com\\\/tienda\\\/tornillos-bielas-comas\\\/#breadcrumb\"},\"inLanguage\":\"es\",\"potentialAction\":[{\"@type\":\"ReadAction\",\"target\":[\"https:\\\/\\\/todotrial.com\\\/tienda\\\/tornillos-bielas-comas\\\/\"]}]},{\"@type\":\"ImageObject\",\"inLanguage\":\"es\",\"@id\":\"https:\\\/\\\/todotrial.com\\\/tienda\\\/tornillos-bielas-comas\\\/#primaryimage\",\"url\":\"https:\\\/\\\/todotrial.com\\\/tienda\\\/wp-content\\\/uploads\\\/2020\\\/12\\\/785-Tornillos-Bielas-COMAS-2.png\",\"contentUrl\":\"https:\\\/\\\/todotrial.com\\\/tienda\\\/wp-content\\\/uploads\\\/2020\\\/12\\\/785-Tornillos-Bielas-COMAS-2.png\",\"width\":800,\"height\":800},{\"@type\":\"BreadcrumbList\",\"@id\":\"https:\\\/\\\/todotrial.com\\\/tienda\\\/tornillos-bielas-comas\\\/#breadcrumb\",\"itemListElement\":[{\"@type\":\"ListItem\",\"position\":1,\"name\":\"Portada\",\"item\":\"https:\\\/\\\/todotrial.com\\\/tienda\\\/\"},{\"@type\":\"ListItem\",\"position\":2,\"name\":\"Shop\",\"item\":\"https:\\\/\\\/todotrial.com\\\/tienda\\\/shop\\\/\"},{\"@type\":\"ListItem\",\"position\":3,\"name\":\"Tornillos Bielas COMAS\"}]},{\"@type\":\"WebSite\",\"@id\":\"https:\\\/\\\/todotrial.com\\\/tienda\\\/#website\",\"url\":\"https:\\\/\\\/todotrial.com\\\/tienda\\\/\",\"name\":\"Tienda de todotrial\",\"description\":\"\",\"potentialAction\":[{\"@type\":\"SearchAction\",\"target\":{\"@type\":\"EntryPoint\",\"urlTemplate\":\"https:\\\/\\\/todotrial.com\\\/tienda\\\/?s={search_term_string}\"},\"query-input\":{\"@type\":\"PropertyValueSpecification\",\"valueRequired\":true,\"valueName\":\"search_term_string\"}}],\"inLanguage\":\"es\"}]}<\/script>\n<!-- \/ Yoast SEO Premium plugin. -->","yoast_head_json":{"title":"Tornillos Bielas COMAS - Tienda de todotrial","robots":{"index":"index","follow":"follow","max-snippet":"max-snippet:-1","max-image-preview":"max-image-preview:large","max-video-preview":"max-video-preview:-1"},"canonical":"https:\/\/todotrial.com\/tienda\/tornillos-bielas-comas\/","og_locale":"es_ES","og_type":"article","og_title":"Tornillos Bielas COMAS","og_description":"Descripci\u00f3n\u00a0&#8211; Tornillos Ultra-light exclusivos COMAS de M15 para biela\/pedalier.&#8211; Fabricados en CNC de una sola pieza en aleaci\u00f3n de aluminio 7075-T6.&#8211; Dise\u00f1o \u00fanico y elegante con cabeza c\u00f3nica de bajo perfil y forma de estrella con 4 rebajes&#8211; Longitud de 18mm y rosca M15, compatibles con la amplia mayor\u00eda de ejes pedalier tipo ISIS.&#8211; Interior [&hellip;]","og_url":"https:\/\/todotrial.com\/tienda\/tornillos-bielas-comas\/","og_site_name":"Tienda de todotrial","article_modified_time":"2020-12-16T18:38:27+00:00","og_image":[{"width":800,"height":800,"url":"https:\/\/todotrial.com\/tienda\/wp-content\/uploads\/2020\/12\/785-Tornillos-Bielas-COMAS-2.png","type":"image\/png"}],"twitter_card":"summary_large_image","twitter_misc":{"Tiempo de lectura":"1 minuto"},"schema":{"@context":"https:\/\/schema.org","@graph":[{"@type":"WebPage","@id":"https:\/\/todotrial.com\/tienda\/tornillos-bielas-comas\/","url":"https:\/\/todotrial.com\/tienda\/tornillos-bielas-comas\/","name":"Tornillos Bielas COMAS - Tienda de todotrial","isPartOf":{"@id":"https:\/\/todotrial.com\/tienda\/#website"},"primaryImageOfPage":{"@id":"https:\/\/todotrial.com\/tienda\/tornillos-bielas-comas\/#primaryimage"},"image":{"@id":"https:\/\/todotrial.com\/tienda\/tornillos-bielas-comas\/#primaryimage"},"thumbnailUrl":"https:\/\/todotrial.com\/tienda\/wp-content\/uploads\/2020\/12\/785-Tornillos-Bielas-COMAS-2.png","datePublished":"2020-12-16T18:35:53+00:00","dateModified":"2020-12-16T18:38:27+00:00","breadcrumb":{"@id":"https:\/\/todotrial.com\/tienda\/tornillos-bielas-comas\/#breadcrumb"},"inLanguage":"es","potentialAction":[{"@type":"ReadAction","target":["https:\/\/todotrial.com\/tienda\/tornillos-bielas-comas\/"]}]},{"@type":"ImageObject","inLanguage":"es","@id":"https:\/\/todotrial.com\/tienda\/tornillos-bielas-comas\/#primaryimage","url":"https:\/\/todotrial.com\/tienda\/wp-content\/uploads\/2020\/12\/785-Tornillos-Bielas-COMAS-2.png","contentUrl":"https:\/\/todotrial.com\/tienda\/wp-content\/uploads\/2020\/12\/785-Tornillos-Bielas-COMAS-2.png","width":800,"height":800},{"@type":"BreadcrumbList","@id":"https:\/\/todotrial.com\/tienda\/tornillos-bielas-comas\/#breadcrumb","itemListElement":[{"@type":"ListItem","position":1,"name":"Portada","item":"https:\/\/todotrial.com\/tienda\/"},{"@type":"ListItem","position":2,"name":"Shop","item":"https:\/\/todotrial.com\/tienda\/shop\/"},{"@type":"ListItem","position":3,"name":"Tornillos Bielas COMAS"}]},{"@type":"WebSite","@id":"https:\/\/todotrial.com\/tienda\/#website","url":"https:\/\/todotrial.com\/tienda\/","name":"Tienda de todotrial","description":"","potentialAction":[{"@type":"SearchAction","target":{"@type":"EntryPoint","urlTemplate":"https:\/\/todotrial.com\/tienda\/?s={search_term_string}"},"query-input":{"@type":"PropertyValueSpecification","valueRequired":true,"valueName":"search_term_string"}}],"inLanguage":"es"}]}},"_links":{"self":[{"href":"https:\/\/todotrial.com\/tienda\/wp-json\/wp\/v2\/product\/30283","targetHints":{"allow":["GET"]}}],"collection":[{"href":"https:\/\/todotrial.com\/tienda\/wp-json\/wp\/v2\/product"}],"about":[{"href":"https:\/\/todotrial.com\/tienda\/wp-json\/wp\/v2\/types\/product"}],"replies":[{"embeddable":true,"href":"https:\/\/todotrial.com\/tienda\/wp-json\/wp\/v2\/comments?post=30283"}],"version-history":[{"count":0,"href":"https:\/\/todotrial.com\/tienda\/wp-json\/wp\/v2\/product\/30283\/revisions"}],"wp:featuredmedia":[{"embeddable":true,"href":"https:\/\/todotrial.com\/tienda\/wp-json\/wp\/v2\/media\/30336"}],"wp:attachment":[{"href":"https:\/\/todotrial.com\/tienda\/wp-json\/wp\/v2\/media?parent=30283"}],"wp:term":[{"taxonomy":"product_brand","embeddable":true,"href":"https:\/\/todotrial.com\/tienda\/wp-json\/wp\/v2\/product_brand?post=30283"},{"taxonomy":"product_cat","embeddable":true,"href":"https:\/\/todotrial.com\/tienda\/wp-json\/wp\/v2\/product_cat?post=30283"},{"taxonomy":"product_tag","embeddable":true,"href":"https:\/\/todotrial.com\/tienda\/wp-json\/wp\/v2\/product_tag?post=30283"}],"curies":[{"name":"wp","href":"https:\/\/api.w.org\/{rel}","templated":true}]}}