{"id":30274,"date":"2020-12-16T19:35:22","date_gmt":"2020-12-16T18:35:22","guid":{"rendered":"https:\/\/todotrial.com\/tienda\/product\/import-placeholder-for-1097\/"},"modified":"2025-03-29T19:22:30","modified_gmt":"2025-03-29T18:22:30","slug":"pedales-de-aluminio-jaula-comas-trial","status":"publish","type":"product","link":"https:\/\/todotrial.com\/tienda\/pedales-de-aluminio-jaula-comas-trial\/","title":{"rendered":"Pedales de aluminio Jaula &#8211; Comas Trial"},"content":{"rendered":"<p><strong>Descripci\u00f3n<\/strong><br \/>&#8211; Jaulas de repuesto para pedales mono-jaula COMAS ideal para reemplazar las jaulas da\u00f1adas o rotas sin necesidad de sustituir el pedal por completo.<br \/>&#8211; El dentado exterior de la jaula tienen un perfil m\u00e1s bajo que el resto, evitando as\u00ed que se enganchen en los obst\u00e1culos.<br \/>&#8211; Amplia zona de contacto para ayudar a mantener los pies correctamente colocados sobre los pedales.<br \/>&#8211; Cada jaula incorpora 6 ventanas rectangulares que ayudan a reducir su peso final.\u00a0<br \/>&#8211; Incorpora gr\u00e1ficos COMAS en toda la jaula otorgando una est\u00e9tica destacable.<br \/>&#8211; Se suministra en packs de 2unidades.<br \/><strong>Material<\/strong><br \/>&#8211; Aluminio 7075-T6<br \/><strong>Medidas<\/strong>\u00a0<br \/>&#8211; Longitud: 98mm<br \/>&#8211; Anchura exterior: 84mm\u00a0<br \/>&#8211; Anchura interior: 78mm<br \/>&#8211; Altura: 26.5mm<br \/>&#8211; Espesor: 3mm<br \/>&#8211; Distancia entre tornillos: 67 mm<br \/><strong>Peso<\/strong><br \/>&#8211; 61g (2und)<br \/><strong>Acabado<\/strong><br \/>&#8211; Disponible en color negro anodizado con logotipos COMAS grabado a l\u00e1ser.<br \/>Compatibilidad<br \/>&#8211; Pueden utilizarse con los pedales mono-jaula Hashtagg, Clean, Try-All, Rockman, Jitsie y todos aquellos que tengan las medidas indicadas anteriormente.<br \/>&#8211; Tambi\u00e9n pueden utilizarse con los pedales doble-jaula Because, como jaula exterior.<\/p>\n","protected":false},"excerpt":{"rendered":"<p><strong>Material:\u00a0Aluminio 7075-T6<\/strong><\/p>\n","protected":false},"featured_media":39821,"comment_status":"open","ping_status":"closed","template":"","meta":[],"product_brand":[],"product_cat":[11375,11378,11376,11374,11377],"product_tag":[],"class_list":{"0":"post-30274","1":"product","2":"type-product","3":"status-publish","4":"has-post-thumbnail","6":"product_cat-bici-trial","7":"product_cat-pedales-transmision","8":"product_cat-piezas","9":"product_cat-raiz","10":"product_cat-transmision","12":"first","13":"outofstock","14":"taxable","15":"shipping-taxable","16":"product-type-variable"},"yoast_head":"<!-- This site is optimized with the Yoast SEO Premium plugin v21.2 (Yoast SEO v27.3) - https:\/\/yoast.com\/product\/yoast-seo-premium-wordpress\/ -->\n<title>Pedales de aluminio Jaula - Comas Trial - Tienda de todotrial<\/title>\n<meta name=\"robots\" content=\"index, follow, max-snippet:-1, max-image-preview:large, max-video-preview:-1\" \/>\n<link rel=\"canonical\" href=\"https:\/\/todotrial.com\/tienda\/pedales-de-aluminio-jaula-comas-trial\/\" \/>\n<meta property=\"og:locale\" content=\"es_ES\" \/>\n<meta property=\"og:type\" content=\"article\" \/>\n<meta property=\"og:title\" content=\"Pedales de aluminio Jaula - Comas Trial\" \/>\n<meta property=\"og:description\" content=\"Material:\u00a0Aluminio 7075-T6\" \/>\n<meta property=\"og:url\" content=\"https:\/\/todotrial.com\/tienda\/pedales-de-aluminio-jaula-comas-trial\/\" \/>\n<meta property=\"og:site_name\" content=\"Tienda de todotrial\" \/>\n<meta property=\"article:modified_time\" content=\"2025-03-29T18:22:30+00:00\" \/>\n<meta property=\"og:image\" content=\"https:\/\/todotrial.com\/tienda\/wp-content\/uploads\/2025\/02\/772-1.png\" \/>\n\t<meta property=\"og:image:width\" content=\"800\" \/>\n\t<meta property=\"og:image:height\" content=\"800\" \/>\n\t<meta property=\"og:image:type\" content=\"image\/png\" \/>\n<meta name=\"twitter:card\" content=\"summary_large_image\" \/>\n<meta name=\"twitter:label1\" content=\"Tiempo de lectura\" \/>\n\t<meta name=\"twitter:data1\" content=\"1 minuto\" \/>\n<script type=\"application\/ld+json\" class=\"yoast-schema-graph\">{\"@context\":\"https:\\\/\\\/schema.org\",\"@graph\":[{\"@type\":\"WebPage\",\"@id\":\"https:\\\/\\\/todotrial.com\\\/tienda\\\/pedales-de-aluminio-jaula-comas-trial\\\/\",\"url\":\"https:\\\/\\\/todotrial.com\\\/tienda\\\/pedales-de-aluminio-jaula-comas-trial\\\/\",\"name\":\"Pedales de aluminio Jaula - Comas Trial - Tienda de todotrial\",\"isPartOf\":{\"@id\":\"https:\\\/\\\/todotrial.com\\\/tienda\\\/#website\"},\"primaryImageOfPage\":{\"@id\":\"https:\\\/\\\/todotrial.com\\\/tienda\\\/pedales-de-aluminio-jaula-comas-trial\\\/#primaryimage\"},\"image\":{\"@id\":\"https:\\\/\\\/todotrial.com\\\/tienda\\\/pedales-de-aluminio-jaula-comas-trial\\\/#primaryimage\"},\"thumbnailUrl\":\"https:\\\/\\\/todotrial.com\\\/tienda\\\/wp-content\\\/uploads\\\/2025\\\/02\\\/772-1.png\",\"datePublished\":\"2020-12-16T18:35:22+00:00\",\"dateModified\":\"2025-03-29T18:22:30+00:00\",\"breadcrumb\":{\"@id\":\"https:\\\/\\\/todotrial.com\\\/tienda\\\/pedales-de-aluminio-jaula-comas-trial\\\/#breadcrumb\"},\"inLanguage\":\"es\",\"potentialAction\":[{\"@type\":\"ReadAction\",\"target\":[\"https:\\\/\\\/todotrial.com\\\/tienda\\\/pedales-de-aluminio-jaula-comas-trial\\\/\"]}]},{\"@type\":\"ImageObject\",\"inLanguage\":\"es\",\"@id\":\"https:\\\/\\\/todotrial.com\\\/tienda\\\/pedales-de-aluminio-jaula-comas-trial\\\/#primaryimage\",\"url\":\"https:\\\/\\\/todotrial.com\\\/tienda\\\/wp-content\\\/uploads\\\/2025\\\/02\\\/772-1.png\",\"contentUrl\":\"https:\\\/\\\/todotrial.com\\\/tienda\\\/wp-content\\\/uploads\\\/2025\\\/02\\\/772-1.png\",\"width\":800,\"height\":800},{\"@type\":\"BreadcrumbList\",\"@id\":\"https:\\\/\\\/todotrial.com\\\/tienda\\\/pedales-de-aluminio-jaula-comas-trial\\\/#breadcrumb\",\"itemListElement\":[{\"@type\":\"ListItem\",\"position\":1,\"name\":\"Portada\",\"item\":\"https:\\\/\\\/todotrial.com\\\/tienda\\\/\"},{\"@type\":\"ListItem\",\"position\":2,\"name\":\"Shop\",\"item\":\"https:\\\/\\\/todotrial.com\\\/tienda\\\/shop\\\/\"},{\"@type\":\"ListItem\",\"position\":3,\"name\":\"Pedales de aluminio Jaula &#8211; Comas Trial\"}]},{\"@type\":\"WebSite\",\"@id\":\"https:\\\/\\\/todotrial.com\\\/tienda\\\/#website\",\"url\":\"https:\\\/\\\/todotrial.com\\\/tienda\\\/\",\"name\":\"Tienda de todotrial\",\"description\":\"\",\"potentialAction\":[{\"@type\":\"SearchAction\",\"target\":{\"@type\":\"EntryPoint\",\"urlTemplate\":\"https:\\\/\\\/todotrial.com\\\/tienda\\\/?s={search_term_string}\"},\"query-input\":{\"@type\":\"PropertyValueSpecification\",\"valueRequired\":true,\"valueName\":\"search_term_string\"}}],\"inLanguage\":\"es\"}]}<\/script>\n<!-- \/ Yoast SEO Premium plugin. -->","yoast_head_json":{"title":"Pedales de aluminio Jaula - Comas Trial - Tienda de todotrial","robots":{"index":"index","follow":"follow","max-snippet":"max-snippet:-1","max-image-preview":"max-image-preview:large","max-video-preview":"max-video-preview:-1"},"canonical":"https:\/\/todotrial.com\/tienda\/pedales-de-aluminio-jaula-comas-trial\/","og_locale":"es_ES","og_type":"article","og_title":"Pedales de aluminio Jaula - Comas Trial","og_description":"Material:\u00a0Aluminio 7075-T6","og_url":"https:\/\/todotrial.com\/tienda\/pedales-de-aluminio-jaula-comas-trial\/","og_site_name":"Tienda de todotrial","article_modified_time":"2025-03-29T18:22:30+00:00","og_image":[{"width":800,"height":800,"url":"https:\/\/todotrial.com\/tienda\/wp-content\/uploads\/2025\/02\/772-1.png","type":"image\/png"}],"twitter_card":"summary_large_image","twitter_misc":{"Tiempo de lectura":"1 minuto"},"schema":{"@context":"https:\/\/schema.org","@graph":[{"@type":"WebPage","@id":"https:\/\/todotrial.com\/tienda\/pedales-de-aluminio-jaula-comas-trial\/","url":"https:\/\/todotrial.com\/tienda\/pedales-de-aluminio-jaula-comas-trial\/","name":"Pedales de aluminio Jaula - Comas Trial - Tienda de todotrial","isPartOf":{"@id":"https:\/\/todotrial.com\/tienda\/#website"},"primaryImageOfPage":{"@id":"https:\/\/todotrial.com\/tienda\/pedales-de-aluminio-jaula-comas-trial\/#primaryimage"},"image":{"@id":"https:\/\/todotrial.com\/tienda\/pedales-de-aluminio-jaula-comas-trial\/#primaryimage"},"thumbnailUrl":"https:\/\/todotrial.com\/tienda\/wp-content\/uploads\/2025\/02\/772-1.png","datePublished":"2020-12-16T18:35:22+00:00","dateModified":"2025-03-29T18:22:30+00:00","breadcrumb":{"@id":"https:\/\/todotrial.com\/tienda\/pedales-de-aluminio-jaula-comas-trial\/#breadcrumb"},"inLanguage":"es","potentialAction":[{"@type":"ReadAction","target":["https:\/\/todotrial.com\/tienda\/pedales-de-aluminio-jaula-comas-trial\/"]}]},{"@type":"ImageObject","inLanguage":"es","@id":"https:\/\/todotrial.com\/tienda\/pedales-de-aluminio-jaula-comas-trial\/#primaryimage","url":"https:\/\/todotrial.com\/tienda\/wp-content\/uploads\/2025\/02\/772-1.png","contentUrl":"https:\/\/todotrial.com\/tienda\/wp-content\/uploads\/2025\/02\/772-1.png","width":800,"height":800},{"@type":"BreadcrumbList","@id":"https:\/\/todotrial.com\/tienda\/pedales-de-aluminio-jaula-comas-trial\/#breadcrumb","itemListElement":[{"@type":"ListItem","position":1,"name":"Portada","item":"https:\/\/todotrial.com\/tienda\/"},{"@type":"ListItem","position":2,"name":"Shop","item":"https:\/\/todotrial.com\/tienda\/shop\/"},{"@type":"ListItem","position":3,"name":"Pedales de aluminio Jaula &#8211; Comas Trial"}]},{"@type":"WebSite","@id":"https:\/\/todotrial.com\/tienda\/#website","url":"https:\/\/todotrial.com\/tienda\/","name":"Tienda de todotrial","description":"","potentialAction":[{"@type":"SearchAction","target":{"@type":"EntryPoint","urlTemplate":"https:\/\/todotrial.com\/tienda\/?s={search_term_string}"},"query-input":{"@type":"PropertyValueSpecification","valueRequired":true,"valueName":"search_term_string"}}],"inLanguage":"es"}]}},"_links":{"self":[{"href":"https:\/\/todotrial.com\/tienda\/wp-json\/wp\/v2\/product\/30274","targetHints":{"allow":["GET"]}}],"collection":[{"href":"https:\/\/todotrial.com\/tienda\/wp-json\/wp\/v2\/product"}],"about":[{"href":"https:\/\/todotrial.com\/tienda\/wp-json\/wp\/v2\/types\/product"}],"replies":[{"embeddable":true,"href":"https:\/\/todotrial.com\/tienda\/wp-json\/wp\/v2\/comments?post=30274"}],"version-history":[{"count":0,"href":"https:\/\/todotrial.com\/tienda\/wp-json\/wp\/v2\/product\/30274\/revisions"}],"wp:featuredmedia":[{"embeddable":true,"href":"https:\/\/todotrial.com\/tienda\/wp-json\/wp\/v2\/media\/39821"}],"wp:attachment":[{"href":"https:\/\/todotrial.com\/tienda\/wp-json\/wp\/v2\/media?parent=30274"}],"wp:term":[{"taxonomy":"product_brand","embeddable":true,"href":"https:\/\/todotrial.com\/tienda\/wp-json\/wp\/v2\/product_brand?post=30274"},{"taxonomy":"product_cat","embeddable":true,"href":"https:\/\/todotrial.com\/tienda\/wp-json\/wp\/v2\/product_cat?post=30274"},{"taxonomy":"product_tag","embeddable":true,"href":"https:\/\/todotrial.com\/tienda\/wp-json\/wp\/v2\/product_tag?post=30274"}],"curies":[{"name":"wp","href":"https:\/\/api.w.org\/{rel}","templated":true}]}}