{"id":30170,"date":"2020-12-16T19:31:21","date_gmt":"2020-12-16T18:31:21","guid":{"rendered":"https:\/\/todotrial.com\/tienda\/product\/import-placeholder-for-1038\/"},"modified":"2025-02-20T14:33:47","modified_gmt":"2025-02-20T13:33:47","slug":"medidor-presion-moto-1-05-bar-comas","status":"publish","type":"product","link":"https:\/\/todotrial.com\/tienda\/medidor-presion-moto-1-05-bar-comas\/","title":{"rendered":"Medidor Presi\u00f3n Moto 1.05 BAR COMAS"},"content":{"rendered":"<p><strong>Descripci\u00f3n<\/strong> <br \/>&#8211; Medidor presi\u00f3n de aire profesional para c\u00e1maras de moto con excelente precisi\u00f3n y acabados<br \/>&#8211; Numeraci\u00f3n color negro sobre fondo blanco para una mejor visibilidad en la lectura.<br \/>&#8211; Bot\u00f3n para escape de presi\u00f3n que facilita el ajuste perfecto y preciso.<br \/>&#8211; Recubierto de goma para proteger los posibles golpes y ca\u00eddas.<br \/>&#8211; Latiguillo flexible mediante muelle facilitando la lectura del medidor.<br \/>&#8211; MOTO: Lectura en BAR (0 a 1,05bar) \u00f3 PSI (0 a 15psi)<br \/><strong>Material<\/strong><br \/>-Acero y goma<br \/><strong>Medida<\/strong><br \/>-220mm longitud<br \/>-50mm di\u00e1metro<br \/><strong>Peso<\/strong><br \/>&#8211; 214g<br \/><strong>Acabado<\/strong><br \/>Negro\/plata con fondo blanco y logotipo COMAS<\/p>\n","protected":false},"excerpt":{"rendered":"<p><strong>Lectura en BAR (0 a 1,05bar) \u00f3 PSI (0 a 15psi)<\/strong><\/p>\n","protected":false},"featured_media":39805,"comment_status":"open","ping_status":"closed","template":"","meta":[],"product_brand":[],"product_cat":[11457,11455,11384,11374,11432],"product_tag":[],"class_list":{"0":"post-30170","1":"product","2":"type-product","3":"status-publish","4":"has-post-thumbnail","6":"product_cat-accesorios-taller-moto","7":"product_cat-herramientas-taller-moto","8":"product_cat-moto","9":"product_cat-raiz","10":"product_cat-taller-moto","12":"first","13":"instock","14":"taxable","15":"shipping-taxable","16":"product-type-variable"},"yoast_head":"<!-- This site is optimized with the Yoast SEO Premium plugin v21.2 (Yoast SEO v27.4) - https:\/\/yoast.com\/product\/yoast-seo-premium-wordpress\/ -->\n<title>Medidor Presi\u00f3n Moto 1.05 BAR COMAS - Tienda de todotrial<\/title>\n<meta name=\"robots\" content=\"index, follow, max-snippet:-1, max-image-preview:large, max-video-preview:-1\" \/>\n<link rel=\"canonical\" href=\"https:\/\/todotrial.com\/tienda\/medidor-presion-moto-1-05-bar-comas\/\" \/>\n<meta property=\"og:locale\" content=\"es_ES\" \/>\n<meta property=\"og:type\" content=\"article\" \/>\n<meta property=\"og:title\" content=\"Medidor Presi\u00f3n Moto 1.05 BAR COMAS\" \/>\n<meta property=\"og:description\" content=\"Lectura en BAR (0 a 1,05bar) \u00f3 PSI (0 a 15psi)\" \/>\n<meta property=\"og:url\" content=\"https:\/\/todotrial.com\/tienda\/medidor-presion-moto-1-05-bar-comas\/\" \/>\n<meta property=\"og:site_name\" content=\"Tienda de todotrial\" \/>\n<meta property=\"article:modified_time\" content=\"2025-02-20T13:33:47+00:00\" \/>\n<meta property=\"og:image\" content=\"https:\/\/todotrial.com\/tienda\/wp-content\/uploads\/2025\/02\/730-1.png\" \/>\n\t<meta property=\"og:image:width\" content=\"800\" \/>\n\t<meta property=\"og:image:height\" content=\"800\" \/>\n\t<meta property=\"og:image:type\" content=\"image\/png\" \/>\n<meta name=\"twitter:card\" content=\"summary_large_image\" \/>\n<script type=\"application\/ld+json\" class=\"yoast-schema-graph\">{\"@context\":\"https:\\\/\\\/schema.org\",\"@graph\":[{\"@type\":\"WebPage\",\"@id\":\"https:\\\/\\\/todotrial.com\\\/tienda\\\/medidor-presion-moto-1-05-bar-comas\\\/\",\"url\":\"https:\\\/\\\/todotrial.com\\\/tienda\\\/medidor-presion-moto-1-05-bar-comas\\\/\",\"name\":\"Medidor Presi\u00f3n Moto 1.05 BAR COMAS - Tienda de todotrial\",\"isPartOf\":{\"@id\":\"https:\\\/\\\/todotrial.com\\\/tienda\\\/#website\"},\"primaryImageOfPage\":{\"@id\":\"https:\\\/\\\/todotrial.com\\\/tienda\\\/medidor-presion-moto-1-05-bar-comas\\\/#primaryimage\"},\"image\":{\"@id\":\"https:\\\/\\\/todotrial.com\\\/tienda\\\/medidor-presion-moto-1-05-bar-comas\\\/#primaryimage\"},\"thumbnailUrl\":\"https:\\\/\\\/todotrial.com\\\/tienda\\\/wp-content\\\/uploads\\\/2025\\\/02\\\/730-1.png\",\"datePublished\":\"2020-12-16T18:31:21+00:00\",\"dateModified\":\"2025-02-20T13:33:47+00:00\",\"breadcrumb\":{\"@id\":\"https:\\\/\\\/todotrial.com\\\/tienda\\\/medidor-presion-moto-1-05-bar-comas\\\/#breadcrumb\"},\"inLanguage\":\"es\",\"potentialAction\":[{\"@type\":\"ReadAction\",\"target\":[\"https:\\\/\\\/todotrial.com\\\/tienda\\\/medidor-presion-moto-1-05-bar-comas\\\/\"]}]},{\"@type\":\"ImageObject\",\"inLanguage\":\"es\",\"@id\":\"https:\\\/\\\/todotrial.com\\\/tienda\\\/medidor-presion-moto-1-05-bar-comas\\\/#primaryimage\",\"url\":\"https:\\\/\\\/todotrial.com\\\/tienda\\\/wp-content\\\/uploads\\\/2025\\\/02\\\/730-1.png\",\"contentUrl\":\"https:\\\/\\\/todotrial.com\\\/tienda\\\/wp-content\\\/uploads\\\/2025\\\/02\\\/730-1.png\",\"width\":800,\"height\":800},{\"@type\":\"BreadcrumbList\",\"@id\":\"https:\\\/\\\/todotrial.com\\\/tienda\\\/medidor-presion-moto-1-05-bar-comas\\\/#breadcrumb\",\"itemListElement\":[{\"@type\":\"ListItem\",\"position\":1,\"name\":\"Portada\",\"item\":\"https:\\\/\\\/todotrial.com\\\/tienda\\\/\"},{\"@type\":\"ListItem\",\"position\":2,\"name\":\"Shop\",\"item\":\"https:\\\/\\\/todotrial.com\\\/tienda\\\/shop\\\/\"},{\"@type\":\"ListItem\",\"position\":3,\"name\":\"Medidor Presi\u00f3n Moto 1.05 BAR COMAS\"}]},{\"@type\":\"WebSite\",\"@id\":\"https:\\\/\\\/todotrial.com\\\/tienda\\\/#website\",\"url\":\"https:\\\/\\\/todotrial.com\\\/tienda\\\/\",\"name\":\"Tienda de todotrial\",\"description\":\"\",\"potentialAction\":[{\"@type\":\"SearchAction\",\"target\":{\"@type\":\"EntryPoint\",\"urlTemplate\":\"https:\\\/\\\/todotrial.com\\\/tienda\\\/?s={search_term_string}\"},\"query-input\":{\"@type\":\"PropertyValueSpecification\",\"valueRequired\":true,\"valueName\":\"search_term_string\"}}],\"inLanguage\":\"es\"}]}<\/script>\n<!-- \/ Yoast SEO Premium plugin. -->","yoast_head_json":{"title":"Medidor Presi\u00f3n Moto 1.05 BAR COMAS - Tienda de todotrial","robots":{"index":"index","follow":"follow","max-snippet":"max-snippet:-1","max-image-preview":"max-image-preview:large","max-video-preview":"max-video-preview:-1"},"canonical":"https:\/\/todotrial.com\/tienda\/medidor-presion-moto-1-05-bar-comas\/","og_locale":"es_ES","og_type":"article","og_title":"Medidor Presi\u00f3n Moto 1.05 BAR COMAS","og_description":"Lectura en BAR (0 a 1,05bar) \u00f3 PSI (0 a 15psi)","og_url":"https:\/\/todotrial.com\/tienda\/medidor-presion-moto-1-05-bar-comas\/","og_site_name":"Tienda de todotrial","article_modified_time":"2025-02-20T13:33:47+00:00","og_image":[{"width":800,"height":800,"url":"https:\/\/todotrial.com\/tienda\/wp-content\/uploads\/2025\/02\/730-1.png","type":"image\/png"}],"twitter_card":"summary_large_image","schema":{"@context":"https:\/\/schema.org","@graph":[{"@type":"WebPage","@id":"https:\/\/todotrial.com\/tienda\/medidor-presion-moto-1-05-bar-comas\/","url":"https:\/\/todotrial.com\/tienda\/medidor-presion-moto-1-05-bar-comas\/","name":"Medidor Presi\u00f3n Moto 1.05 BAR COMAS - Tienda de todotrial","isPartOf":{"@id":"https:\/\/todotrial.com\/tienda\/#website"},"primaryImageOfPage":{"@id":"https:\/\/todotrial.com\/tienda\/medidor-presion-moto-1-05-bar-comas\/#primaryimage"},"image":{"@id":"https:\/\/todotrial.com\/tienda\/medidor-presion-moto-1-05-bar-comas\/#primaryimage"},"thumbnailUrl":"https:\/\/todotrial.com\/tienda\/wp-content\/uploads\/2025\/02\/730-1.png","datePublished":"2020-12-16T18:31:21+00:00","dateModified":"2025-02-20T13:33:47+00:00","breadcrumb":{"@id":"https:\/\/todotrial.com\/tienda\/medidor-presion-moto-1-05-bar-comas\/#breadcrumb"},"inLanguage":"es","potentialAction":[{"@type":"ReadAction","target":["https:\/\/todotrial.com\/tienda\/medidor-presion-moto-1-05-bar-comas\/"]}]},{"@type":"ImageObject","inLanguage":"es","@id":"https:\/\/todotrial.com\/tienda\/medidor-presion-moto-1-05-bar-comas\/#primaryimage","url":"https:\/\/todotrial.com\/tienda\/wp-content\/uploads\/2025\/02\/730-1.png","contentUrl":"https:\/\/todotrial.com\/tienda\/wp-content\/uploads\/2025\/02\/730-1.png","width":800,"height":800},{"@type":"BreadcrumbList","@id":"https:\/\/todotrial.com\/tienda\/medidor-presion-moto-1-05-bar-comas\/#breadcrumb","itemListElement":[{"@type":"ListItem","position":1,"name":"Portada","item":"https:\/\/todotrial.com\/tienda\/"},{"@type":"ListItem","position":2,"name":"Shop","item":"https:\/\/todotrial.com\/tienda\/shop\/"},{"@type":"ListItem","position":3,"name":"Medidor Presi\u00f3n Moto 1.05 BAR COMAS"}]},{"@type":"WebSite","@id":"https:\/\/todotrial.com\/tienda\/#website","url":"https:\/\/todotrial.com\/tienda\/","name":"Tienda de todotrial","description":"","potentialAction":[{"@type":"SearchAction","target":{"@type":"EntryPoint","urlTemplate":"https:\/\/todotrial.com\/tienda\/?s={search_term_string}"},"query-input":{"@type":"PropertyValueSpecification","valueRequired":true,"valueName":"search_term_string"}}],"inLanguage":"es"}]}},"_links":{"self":[{"href":"https:\/\/todotrial.com\/tienda\/wp-json\/wp\/v2\/product\/30170","targetHints":{"allow":["GET"]}}],"collection":[{"href":"https:\/\/todotrial.com\/tienda\/wp-json\/wp\/v2\/product"}],"about":[{"href":"https:\/\/todotrial.com\/tienda\/wp-json\/wp\/v2\/types\/product"}],"replies":[{"embeddable":true,"href":"https:\/\/todotrial.com\/tienda\/wp-json\/wp\/v2\/comments?post=30170"}],"version-history":[{"count":0,"href":"https:\/\/todotrial.com\/tienda\/wp-json\/wp\/v2\/product\/30170\/revisions"}],"wp:featuredmedia":[{"embeddable":true,"href":"https:\/\/todotrial.com\/tienda\/wp-json\/wp\/v2\/media\/39805"}],"wp:attachment":[{"href":"https:\/\/todotrial.com\/tienda\/wp-json\/wp\/v2\/media?parent=30170"}],"wp:term":[{"taxonomy":"product_brand","embeddable":true,"href":"https:\/\/todotrial.com\/tienda\/wp-json\/wp\/v2\/product_brand?post=30170"},{"taxonomy":"product_cat","embeddable":true,"href":"https:\/\/todotrial.com\/tienda\/wp-json\/wp\/v2\/product_cat?post=30170"},{"taxonomy":"product_tag","embeddable":true,"href":"https:\/\/todotrial.com\/tienda\/wp-json\/wp\/v2\/product_tag?post=30170"}],"curies":[{"name":"wp","href":"https:\/\/api.w.org\/{rel}","templated":true}]}}