{"id":30066,"date":"2020-12-16T19:27:42","date_gmt":"2020-12-16T18:27:42","guid":{"rendered":"https:\/\/todotrial.com\/tienda\/product\/import-placeholder-for-938\/"},"modified":"2020-12-16T19:30:38","modified_gmt":"2020-12-16T18:30:38","slug":"iman-paro-motor-lanyard-comas","status":"publish","type":"product","link":"https:\/\/todotrial.com\/tienda\/iman-paro-motor-lanyard-comas\/","title":{"rendered":"Im\u00e1n Paro Motor + Lanyard COMAS"},"content":{"rendered":"<p><strong>Descripci\u00f3n<\/strong><br \/>&#8211; Parte superior magn\u00e9tica unida al cord\u00f3n flexible COMAS.<br \/>&#8211; En caso de ca\u00edda, el piloto tira del cord\u00f3n y este desconecta la tapa del bot\u00f3n de paro para que el motor deje de funcionar.<br \/>&#8211; V\u00e1lido para todas las motos de Trial del mercado, adem\u00e1s de cualquier otra especialidad de la moto.\u00a0<br \/>&#8211; F\u00e1cil instalaci\u00f3n.<br \/>&#8211; Obligatorio en eventos regulados por la FIM (campeonatos mundiales, europeos y nacionales).<br \/><strong>Material<\/strong><br \/>-Pol\u00edmero<br \/><strong>Medida<\/strong><br \/>-Cord\u00f3n el\u00e1stico: 250mm<br \/><strong>Acabado<\/strong><br \/>&#8211; Cord\u00f3n flexible Negro, Rojo, Azul, Amarillo \u00f3 Rosa con logotipos COMAS.<br \/><strong>Peso<\/strong><br \/>&#8211; 10g<\/p>\n","protected":false},"excerpt":{"rendered":"<p>Descripci\u00f3n&#8211; Parte superior magn\u00e9tica unida al cord\u00f3n flexible COMAS.&#8211; En caso de ca\u00edda, el piloto tira del cord\u00f3n y este desconecta la tapa del bot\u00f3n de paro para que el motor deje de funcionar.&#8211; V\u00e1lido para todas las motos de Trial del mercado, adem\u00e1s de cualquier otra especialidad de la moto.\u00a0&#8211; F\u00e1cil instalaci\u00f3n.&#8211; Obligatorio en [&hellip;]<\/p>\n","protected":false},"featured_media":30137,"comment_status":"open","ping_status":"closed","template":"","meta":[],"product_brand":[],"product_cat":[11462,11461,11384,11385,11374],"product_tag":[],"class_list":{"0":"post-30066","1":"product","2":"type-product","3":"status-publish","4":"has-post-thumbnail","6":"product_cat-dispositivos-de-paro","7":"product_cat-electrico","8":"product_cat-moto","9":"product_cat-piezas-moto","10":"product_cat-raiz","11":"pa_color-amarillo","12":"pa_color-azul","13":"pa_color-negro","14":"pa_color-rojo","15":"pa_color-rosa","17":"first","18":"instock","19":"taxable","20":"shipping-taxable","21":"purchasable","22":"product-type-variable","23":"has-default-attributes"},"yoast_head":"<!-- This site is optimized with the Yoast SEO Premium plugin v21.2 (Yoast SEO v27.3) - https:\/\/yoast.com\/product\/yoast-seo-premium-wordpress\/ -->\n<title>Im\u00e1n Paro Motor + Lanyard COMAS - Tienda de todotrial<\/title>\n<meta name=\"robots\" content=\"index, follow, max-snippet:-1, max-image-preview:large, max-video-preview:-1\" \/>\n<link rel=\"canonical\" href=\"https:\/\/todotrial.com\/tienda\/iman-paro-motor-lanyard-comas\/\" \/>\n<meta property=\"og:locale\" content=\"es_ES\" \/>\n<meta property=\"og:type\" content=\"article\" \/>\n<meta property=\"og:title\" content=\"Im\u00e1n Paro Motor + Lanyard COMAS\" \/>\n<meta property=\"og:description\" content=\"Descripci\u00f3n&#8211; Parte superior magn\u00e9tica unida al cord\u00f3n flexible COMAS.&#8211; En caso de ca\u00edda, el piloto tira del cord\u00f3n y este desconecta la tapa del bot\u00f3n de paro para que el motor deje de funcionar.&#8211; V\u00e1lido para todas las motos de Trial del mercado, adem\u00e1s de cualquier otra especialidad de la moto.\u00a0&#8211; F\u00e1cil instalaci\u00f3n.&#8211; Obligatorio en [&hellip;]\" \/>\n<meta property=\"og:url\" content=\"https:\/\/todotrial.com\/tienda\/iman-paro-motor-lanyard-comas\/\" \/>\n<meta property=\"og:site_name\" content=\"Tienda de todotrial\" \/>\n<meta property=\"article:modified_time\" content=\"2020-12-16T18:30:38+00:00\" \/>\n<meta property=\"og:image\" content=\"https:\/\/todotrial.com\/tienda\/wp-content\/uploads\/2020\/12\/663-Iman-Paro-Motor-Lanyard-COMAS-1.png\" \/>\n\t<meta property=\"og:image:width\" content=\"800\" \/>\n\t<meta property=\"og:image:height\" content=\"800\" \/>\n\t<meta property=\"og:image:type\" content=\"image\/png\" \/>\n<meta name=\"twitter:card\" content=\"summary_large_image\" \/>\n<script type=\"application\/ld+json\" class=\"yoast-schema-graph\">{\"@context\":\"https:\\\/\\\/schema.org\",\"@graph\":[{\"@type\":\"WebPage\",\"@id\":\"https:\\\/\\\/todotrial.com\\\/tienda\\\/iman-paro-motor-lanyard-comas\\\/\",\"url\":\"https:\\\/\\\/todotrial.com\\\/tienda\\\/iman-paro-motor-lanyard-comas\\\/\",\"name\":\"Im\u00e1n Paro Motor + Lanyard COMAS - Tienda de todotrial\",\"isPartOf\":{\"@id\":\"https:\\\/\\\/todotrial.com\\\/tienda\\\/#website\"},\"primaryImageOfPage\":{\"@id\":\"https:\\\/\\\/todotrial.com\\\/tienda\\\/iman-paro-motor-lanyard-comas\\\/#primaryimage\"},\"image\":{\"@id\":\"https:\\\/\\\/todotrial.com\\\/tienda\\\/iman-paro-motor-lanyard-comas\\\/#primaryimage\"},\"thumbnailUrl\":\"https:\\\/\\\/todotrial.com\\\/tienda\\\/wp-content\\\/uploads\\\/2020\\\/12\\\/663-Iman-Paro-Motor-Lanyard-COMAS-1.png\",\"datePublished\":\"2020-12-16T18:27:42+00:00\",\"dateModified\":\"2020-12-16T18:30:38+00:00\",\"breadcrumb\":{\"@id\":\"https:\\\/\\\/todotrial.com\\\/tienda\\\/iman-paro-motor-lanyard-comas\\\/#breadcrumb\"},\"inLanguage\":\"es\",\"potentialAction\":[{\"@type\":\"ReadAction\",\"target\":[\"https:\\\/\\\/todotrial.com\\\/tienda\\\/iman-paro-motor-lanyard-comas\\\/\"]}]},{\"@type\":\"ImageObject\",\"inLanguage\":\"es\",\"@id\":\"https:\\\/\\\/todotrial.com\\\/tienda\\\/iman-paro-motor-lanyard-comas\\\/#primaryimage\",\"url\":\"https:\\\/\\\/todotrial.com\\\/tienda\\\/wp-content\\\/uploads\\\/2020\\\/12\\\/663-Iman-Paro-Motor-Lanyard-COMAS-1.png\",\"contentUrl\":\"https:\\\/\\\/todotrial.com\\\/tienda\\\/wp-content\\\/uploads\\\/2020\\\/12\\\/663-Iman-Paro-Motor-Lanyard-COMAS-1.png\",\"width\":800,\"height\":800},{\"@type\":\"BreadcrumbList\",\"@id\":\"https:\\\/\\\/todotrial.com\\\/tienda\\\/iman-paro-motor-lanyard-comas\\\/#breadcrumb\",\"itemListElement\":[{\"@type\":\"ListItem\",\"position\":1,\"name\":\"Portada\",\"item\":\"https:\\\/\\\/todotrial.com\\\/tienda\\\/\"},{\"@type\":\"ListItem\",\"position\":2,\"name\":\"Shop\",\"item\":\"https:\\\/\\\/todotrial.com\\\/tienda\\\/shop\\\/\"},{\"@type\":\"ListItem\",\"position\":3,\"name\":\"Im\u00e1n Paro Motor + Lanyard COMAS\"}]},{\"@type\":\"WebSite\",\"@id\":\"https:\\\/\\\/todotrial.com\\\/tienda\\\/#website\",\"url\":\"https:\\\/\\\/todotrial.com\\\/tienda\\\/\",\"name\":\"Tienda de todotrial\",\"description\":\"\",\"potentialAction\":[{\"@type\":\"SearchAction\",\"target\":{\"@type\":\"EntryPoint\",\"urlTemplate\":\"https:\\\/\\\/todotrial.com\\\/tienda\\\/?s={search_term_string}\"},\"query-input\":{\"@type\":\"PropertyValueSpecification\",\"valueRequired\":true,\"valueName\":\"search_term_string\"}}],\"inLanguage\":\"es\"}]}<\/script>\n<!-- \/ Yoast SEO Premium plugin. -->","yoast_head_json":{"title":"Im\u00e1n Paro Motor + Lanyard COMAS - Tienda de todotrial","robots":{"index":"index","follow":"follow","max-snippet":"max-snippet:-1","max-image-preview":"max-image-preview:large","max-video-preview":"max-video-preview:-1"},"canonical":"https:\/\/todotrial.com\/tienda\/iman-paro-motor-lanyard-comas\/","og_locale":"es_ES","og_type":"article","og_title":"Im\u00e1n Paro Motor + Lanyard COMAS","og_description":"Descripci\u00f3n&#8211; Parte superior magn\u00e9tica unida al cord\u00f3n flexible COMAS.&#8211; En caso de ca\u00edda, el piloto tira del cord\u00f3n y este desconecta la tapa del bot\u00f3n de paro para que el motor deje de funcionar.&#8211; V\u00e1lido para todas las motos de Trial del mercado, adem\u00e1s de cualquier otra especialidad de la moto.\u00a0&#8211; F\u00e1cil instalaci\u00f3n.&#8211; Obligatorio en [&hellip;]","og_url":"https:\/\/todotrial.com\/tienda\/iman-paro-motor-lanyard-comas\/","og_site_name":"Tienda de todotrial","article_modified_time":"2020-12-16T18:30:38+00:00","og_image":[{"width":800,"height":800,"url":"https:\/\/todotrial.com\/tienda\/wp-content\/uploads\/2020\/12\/663-Iman-Paro-Motor-Lanyard-COMAS-1.png","type":"image\/png"}],"twitter_card":"summary_large_image","schema":{"@context":"https:\/\/schema.org","@graph":[{"@type":"WebPage","@id":"https:\/\/todotrial.com\/tienda\/iman-paro-motor-lanyard-comas\/","url":"https:\/\/todotrial.com\/tienda\/iman-paro-motor-lanyard-comas\/","name":"Im\u00e1n Paro Motor + Lanyard COMAS - Tienda de todotrial","isPartOf":{"@id":"https:\/\/todotrial.com\/tienda\/#website"},"primaryImageOfPage":{"@id":"https:\/\/todotrial.com\/tienda\/iman-paro-motor-lanyard-comas\/#primaryimage"},"image":{"@id":"https:\/\/todotrial.com\/tienda\/iman-paro-motor-lanyard-comas\/#primaryimage"},"thumbnailUrl":"https:\/\/todotrial.com\/tienda\/wp-content\/uploads\/2020\/12\/663-Iman-Paro-Motor-Lanyard-COMAS-1.png","datePublished":"2020-12-16T18:27:42+00:00","dateModified":"2020-12-16T18:30:38+00:00","breadcrumb":{"@id":"https:\/\/todotrial.com\/tienda\/iman-paro-motor-lanyard-comas\/#breadcrumb"},"inLanguage":"es","potentialAction":[{"@type":"ReadAction","target":["https:\/\/todotrial.com\/tienda\/iman-paro-motor-lanyard-comas\/"]}]},{"@type":"ImageObject","inLanguage":"es","@id":"https:\/\/todotrial.com\/tienda\/iman-paro-motor-lanyard-comas\/#primaryimage","url":"https:\/\/todotrial.com\/tienda\/wp-content\/uploads\/2020\/12\/663-Iman-Paro-Motor-Lanyard-COMAS-1.png","contentUrl":"https:\/\/todotrial.com\/tienda\/wp-content\/uploads\/2020\/12\/663-Iman-Paro-Motor-Lanyard-COMAS-1.png","width":800,"height":800},{"@type":"BreadcrumbList","@id":"https:\/\/todotrial.com\/tienda\/iman-paro-motor-lanyard-comas\/#breadcrumb","itemListElement":[{"@type":"ListItem","position":1,"name":"Portada","item":"https:\/\/todotrial.com\/tienda\/"},{"@type":"ListItem","position":2,"name":"Shop","item":"https:\/\/todotrial.com\/tienda\/shop\/"},{"@type":"ListItem","position":3,"name":"Im\u00e1n Paro Motor + Lanyard COMAS"}]},{"@type":"WebSite","@id":"https:\/\/todotrial.com\/tienda\/#website","url":"https:\/\/todotrial.com\/tienda\/","name":"Tienda de todotrial","description":"","potentialAction":[{"@type":"SearchAction","target":{"@type":"EntryPoint","urlTemplate":"https:\/\/todotrial.com\/tienda\/?s={search_term_string}"},"query-input":{"@type":"PropertyValueSpecification","valueRequired":true,"valueName":"search_term_string"}}],"inLanguage":"es"}]}},"_links":{"self":[{"href":"https:\/\/todotrial.com\/tienda\/wp-json\/wp\/v2\/product\/30066","targetHints":{"allow":["GET"]}}],"collection":[{"href":"https:\/\/todotrial.com\/tienda\/wp-json\/wp\/v2\/product"}],"about":[{"href":"https:\/\/todotrial.com\/tienda\/wp-json\/wp\/v2\/types\/product"}],"replies":[{"embeddable":true,"href":"https:\/\/todotrial.com\/tienda\/wp-json\/wp\/v2\/comments?post=30066"}],"version-history":[{"count":0,"href":"https:\/\/todotrial.com\/tienda\/wp-json\/wp\/v2\/product\/30066\/revisions"}],"wp:featuredmedia":[{"embeddable":true,"href":"https:\/\/todotrial.com\/tienda\/wp-json\/wp\/v2\/media\/30137"}],"wp:attachment":[{"href":"https:\/\/todotrial.com\/tienda\/wp-json\/wp\/v2\/media?parent=30066"}],"wp:term":[{"taxonomy":"product_brand","embeddable":true,"href":"https:\/\/todotrial.com\/tienda\/wp-json\/wp\/v2\/product_brand?post=30066"},{"taxonomy":"product_cat","embeddable":true,"href":"https:\/\/todotrial.com\/tienda\/wp-json\/wp\/v2\/product_cat?post=30066"},{"taxonomy":"product_tag","embeddable":true,"href":"https:\/\/todotrial.com\/tienda\/wp-json\/wp\/v2\/product_tag?post=30066"}],"curies":[{"name":"wp","href":"https:\/\/api.w.org\/{rel}","templated":true}]}}