{"id":30016,"date":"2020-12-16T19:25:49","date_gmt":"2020-12-16T18:25:49","guid":{"rendered":"https:\/\/todotrial.com\/tienda\/product\/import-placeholder-for-896\/"},"modified":"2025-02-18T08:51:15","modified_gmt":"2025-02-18T07:51:15","slug":"casco-genesis-lm-hebo","status":"publish","type":"product","link":"https:\/\/todotrial.com\/tienda\/casco-genesis-lm-hebo\/","title":{"rendered":"Casco GENESIS LM HEBO"},"content":{"rendered":"<p style=\"margin: 0px 0px 1em; padding: 0px; border: 0px; font-family: Arial, Helvetica, sans-serif; line-height: inherit; font-size: 13px; vertical-align: baseline; min-height: 1px; color: #777777;\">Caracter\u00edsticas t\u00e9cnicas:<\/p>\n<ul style=\"margin: 0px 0px 9px; padding: 0px 0px 0px 15px; border: 0px; font-family: Arial, Helvetica, sans-serif; line-height: inherit; font-size: 13px; vertical-align: baseline; color: #777777;\">\n<li style=\"margin: 0px; padding: 0px; border: 0px; font-family: inherit; font-style: inherit; line-height: inherit; vertical-align: baseline;\">Carcasa: construcci\u00f3n IN-MOLD<\/li>\n<li style=\"margin: 0px; padding: 0px; border: 0px; font-family: inherit; font-style: inherit; line-height: inherit; vertical-align: baseline;\">Carcasa intena: EPS (Poliestireno) para la absorci\u00f3n de impactos<\/li>\n<li style=\"margin: 0px; padding: 0px; border: 0px; font-family: inherit; font-style: inherit; line-height: inherit; vertical-align: baseline;\">Mentonera: desmontable<\/li>\n<li style=\"margin: 0px; padding: 0px; border: 0px; font-family: inherit; font-style: inherit; line-height: inherit; vertical-align: baseline;\">Ventilaciones: 23<\/li>\n<li style=\"margin: 0px; padding: 0px; border: 0px; font-family: inherit; font-style: inherit; line-height: inherit; vertical-align: baseline;\">Regulaci\u00f3n de talla:\u00a0Boa<strong style=\"margin: 0px; padding: 0px; border: 0px; font-family: inherit; font-style: inherit; line-height: inherit; vertical-align: baseline;\">\u00ae<\/strong>\u00a0Fit System<\/li>\n<li style=\"margin: 0px; padding: 0px; border: 0px; font-family: inherit; font-style: inherit; line-height: inherit; vertical-align: baseline;\">Visera: ajustable<\/li>\n<li style=\"margin: 0px; padding: 0px; border: 0px; font-family: inherit; font-style: inherit; line-height: inherit; vertical-align: baseline;\">Comfort: acolchado interior de secado r\u00e1pido, desmontable y lavable<\/li>\n<li style=\"margin: 0px; padding: 0px; border: 0px; font-family: inherit; font-style: inherit; line-height: inherit; vertical-align: baseline;\">Sistema de retenci\u00f3n: regulable<\/li>\n<li style=\"margin: 0px; padding: 0px; border: 0px; font-family: inherit; font-style: inherit; line-height: inherit; vertical-align: baseline;\">Sistema de cierre: hebilla ajustable<\/li>\n<li style=\"margin: 0px; padding: 0px; border: 0px; font-family: inherit; font-style: inherit; line-height: inherit; vertical-align: baseline;\">Certificaciones: ASTM 1952, CPSC y CE EN 1078<\/li>\n<li style=\"margin: 0px; padding: 0px; border: 0px; font-family: inherit; font-style: inherit; line-height: inherit; vertical-align: baseline;\">Tallas: S-M (52-56 cm) ,\u00a0\u00a0L-XL (55-59 cm)<\/li>\n<\/ul>\n","protected":false},"excerpt":{"rendered":"<p>Caracter\u00edsticas t\u00e9cnicas: Carcasa: construcci\u00f3n IN-MOLD Carcasa intena: EPS (Poliestireno) para la absorci\u00f3n de impactos Mentonera: desmontable Ventilaciones: 23 Regulaci\u00f3n de talla:\u00a0Boa\u00ae\u00a0Fit System Visera: ajustable Comfort: acolchado interior de secado r\u00e1pido, desmontable y lavable Sistema de retenci\u00f3n: regulable Sistema de cierre: hebilla ajustable Certificaciones: ASTM 1952, CPSC y CE EN 1078 Tallas: S-M (52-56 cm) ,\u00a0\u00a0L-XL [&hellip;]<\/p>\n","protected":false},"featured_media":39782,"comment_status":"open","ping_status":"closed","template":"","meta":[],"product_brand":[],"product_cat":[11406,11405,11374],"product_tag":[],"class_list":{"0":"post-30016","1":"product","2":"type-product","3":"status-publish","4":"has-post-thumbnail","6":"product_cat-cascos","7":"product_cat-mtb","8":"product_cat-raiz","9":"pa_color-lima","11":"first","12":"instock","13":"sale","14":"taxable","15":"shipping-taxable","16":"purchasable","17":"product-type-variable","18":"has-default-attributes"},"yoast_head":"<!-- This site is optimized with the Yoast SEO Premium plugin v21.2 (Yoast SEO v27.4) - https:\/\/yoast.com\/product\/yoast-seo-premium-wordpress\/ -->\n<title>Casco GENESIS LM HEBO - Tienda de todotrial<\/title>\n<meta name=\"robots\" content=\"index, follow, max-snippet:-1, max-image-preview:large, max-video-preview:-1\" \/>\n<link rel=\"canonical\" href=\"https:\/\/todotrial.com\/tienda\/casco-genesis-lm-hebo\/\" \/>\n<meta property=\"og:locale\" content=\"es_ES\" \/>\n<meta property=\"og:type\" content=\"article\" \/>\n<meta property=\"og:title\" content=\"Casco GENESIS LM HEBO\" \/>\n<meta property=\"og:description\" content=\"Caracter\u00edsticas t\u00e9cnicas: Carcasa: construcci\u00f3n IN-MOLD Carcasa intena: EPS (Poliestireno) para la absorci\u00f3n de impactos Mentonera: desmontable Ventilaciones: 23 Regulaci\u00f3n de talla:\u00a0Boa\u00ae\u00a0Fit System Visera: ajustable Comfort: acolchado interior de secado r\u00e1pido, desmontable y lavable Sistema de retenci\u00f3n: regulable Sistema de cierre: hebilla ajustable Certificaciones: ASTM 1952, CPSC y CE EN 1078 Tallas: S-M (52-56 cm) ,\u00a0\u00a0L-XL [&hellip;]\" \/>\n<meta property=\"og:url\" content=\"https:\/\/todotrial.com\/tienda\/casco-genesis-lm-hebo\/\" \/>\n<meta property=\"og:site_name\" content=\"Tienda de todotrial\" \/>\n<meta property=\"article:modified_time\" content=\"2025-02-18T07:51:15+00:00\" \/>\n<meta property=\"og:image\" content=\"https:\/\/todotrial.com\/tienda\/wp-content\/uploads\/2025\/02\/615-1.jpg\" \/>\n\t<meta property=\"og:image:width\" content=\"800\" \/>\n\t<meta property=\"og:image:height\" content=\"800\" \/>\n\t<meta property=\"og:image:type\" content=\"image\/jpeg\" \/>\n<meta name=\"twitter:card\" content=\"summary_large_image\" \/>\n<meta name=\"twitter:label1\" content=\"Tiempo de lectura\" \/>\n\t<meta name=\"twitter:data1\" content=\"1 minuto\" \/>\n<script type=\"application\/ld+json\" class=\"yoast-schema-graph\">{\"@context\":\"https:\\\/\\\/schema.org\",\"@graph\":[{\"@type\":\"WebPage\",\"@id\":\"https:\\\/\\\/todotrial.com\\\/tienda\\\/casco-genesis-lm-hebo\\\/\",\"url\":\"https:\\\/\\\/todotrial.com\\\/tienda\\\/casco-genesis-lm-hebo\\\/\",\"name\":\"Casco GENESIS LM HEBO - Tienda de todotrial\",\"isPartOf\":{\"@id\":\"https:\\\/\\\/todotrial.com\\\/tienda\\\/#website\"},\"primaryImageOfPage\":{\"@id\":\"https:\\\/\\\/todotrial.com\\\/tienda\\\/casco-genesis-lm-hebo\\\/#primaryimage\"},\"image\":{\"@id\":\"https:\\\/\\\/todotrial.com\\\/tienda\\\/casco-genesis-lm-hebo\\\/#primaryimage\"},\"thumbnailUrl\":\"https:\\\/\\\/todotrial.com\\\/tienda\\\/wp-content\\\/uploads\\\/2025\\\/02\\\/615-1.jpg\",\"datePublished\":\"2020-12-16T18:25:49+00:00\",\"dateModified\":\"2025-02-18T07:51:15+00:00\",\"breadcrumb\":{\"@id\":\"https:\\\/\\\/todotrial.com\\\/tienda\\\/casco-genesis-lm-hebo\\\/#breadcrumb\"},\"inLanguage\":\"es\",\"potentialAction\":[{\"@type\":\"ReadAction\",\"target\":[\"https:\\\/\\\/todotrial.com\\\/tienda\\\/casco-genesis-lm-hebo\\\/\"]}]},{\"@type\":\"ImageObject\",\"inLanguage\":\"es\",\"@id\":\"https:\\\/\\\/todotrial.com\\\/tienda\\\/casco-genesis-lm-hebo\\\/#primaryimage\",\"url\":\"https:\\\/\\\/todotrial.com\\\/tienda\\\/wp-content\\\/uploads\\\/2025\\\/02\\\/615-1.jpg\",\"contentUrl\":\"https:\\\/\\\/todotrial.com\\\/tienda\\\/wp-content\\\/uploads\\\/2025\\\/02\\\/615-1.jpg\",\"width\":800,\"height\":800},{\"@type\":\"BreadcrumbList\",\"@id\":\"https:\\\/\\\/todotrial.com\\\/tienda\\\/casco-genesis-lm-hebo\\\/#breadcrumb\",\"itemListElement\":[{\"@type\":\"ListItem\",\"position\":1,\"name\":\"Portada\",\"item\":\"https:\\\/\\\/todotrial.com\\\/tienda\\\/\"},{\"@type\":\"ListItem\",\"position\":2,\"name\":\"Shop\",\"item\":\"https:\\\/\\\/todotrial.com\\\/tienda\\\/shop\\\/\"},{\"@type\":\"ListItem\",\"position\":3,\"name\":\"Casco GENESIS LM HEBO\"}]},{\"@type\":\"WebSite\",\"@id\":\"https:\\\/\\\/todotrial.com\\\/tienda\\\/#website\",\"url\":\"https:\\\/\\\/todotrial.com\\\/tienda\\\/\",\"name\":\"Tienda de todotrial\",\"description\":\"\",\"potentialAction\":[{\"@type\":\"SearchAction\",\"target\":{\"@type\":\"EntryPoint\",\"urlTemplate\":\"https:\\\/\\\/todotrial.com\\\/tienda\\\/?s={search_term_string}\"},\"query-input\":{\"@type\":\"PropertyValueSpecification\",\"valueRequired\":true,\"valueName\":\"search_term_string\"}}],\"inLanguage\":\"es\"}]}<\/script>\n<!-- \/ Yoast SEO Premium plugin. -->","yoast_head_json":{"title":"Casco GENESIS LM HEBO - Tienda de todotrial","robots":{"index":"index","follow":"follow","max-snippet":"max-snippet:-1","max-image-preview":"max-image-preview:large","max-video-preview":"max-video-preview:-1"},"canonical":"https:\/\/todotrial.com\/tienda\/casco-genesis-lm-hebo\/","og_locale":"es_ES","og_type":"article","og_title":"Casco GENESIS LM HEBO","og_description":"Caracter\u00edsticas t\u00e9cnicas: Carcasa: construcci\u00f3n IN-MOLD Carcasa intena: EPS (Poliestireno) para la absorci\u00f3n de impactos Mentonera: desmontable Ventilaciones: 23 Regulaci\u00f3n de talla:\u00a0Boa\u00ae\u00a0Fit System Visera: ajustable Comfort: acolchado interior de secado r\u00e1pido, desmontable y lavable Sistema de retenci\u00f3n: regulable Sistema de cierre: hebilla ajustable Certificaciones: ASTM 1952, CPSC y CE EN 1078 Tallas: S-M (52-56 cm) ,\u00a0\u00a0L-XL [&hellip;]","og_url":"https:\/\/todotrial.com\/tienda\/casco-genesis-lm-hebo\/","og_site_name":"Tienda de todotrial","article_modified_time":"2025-02-18T07:51:15+00:00","og_image":[{"width":800,"height":800,"url":"https:\/\/todotrial.com\/tienda\/wp-content\/uploads\/2025\/02\/615-1.jpg","type":"image\/jpeg"}],"twitter_card":"summary_large_image","twitter_misc":{"Tiempo de lectura":"1 minuto"},"schema":{"@context":"https:\/\/schema.org","@graph":[{"@type":"WebPage","@id":"https:\/\/todotrial.com\/tienda\/casco-genesis-lm-hebo\/","url":"https:\/\/todotrial.com\/tienda\/casco-genesis-lm-hebo\/","name":"Casco GENESIS LM HEBO - Tienda de todotrial","isPartOf":{"@id":"https:\/\/todotrial.com\/tienda\/#website"},"primaryImageOfPage":{"@id":"https:\/\/todotrial.com\/tienda\/casco-genesis-lm-hebo\/#primaryimage"},"image":{"@id":"https:\/\/todotrial.com\/tienda\/casco-genesis-lm-hebo\/#primaryimage"},"thumbnailUrl":"https:\/\/todotrial.com\/tienda\/wp-content\/uploads\/2025\/02\/615-1.jpg","datePublished":"2020-12-16T18:25:49+00:00","dateModified":"2025-02-18T07:51:15+00:00","breadcrumb":{"@id":"https:\/\/todotrial.com\/tienda\/casco-genesis-lm-hebo\/#breadcrumb"},"inLanguage":"es","potentialAction":[{"@type":"ReadAction","target":["https:\/\/todotrial.com\/tienda\/casco-genesis-lm-hebo\/"]}]},{"@type":"ImageObject","inLanguage":"es","@id":"https:\/\/todotrial.com\/tienda\/casco-genesis-lm-hebo\/#primaryimage","url":"https:\/\/todotrial.com\/tienda\/wp-content\/uploads\/2025\/02\/615-1.jpg","contentUrl":"https:\/\/todotrial.com\/tienda\/wp-content\/uploads\/2025\/02\/615-1.jpg","width":800,"height":800},{"@type":"BreadcrumbList","@id":"https:\/\/todotrial.com\/tienda\/casco-genesis-lm-hebo\/#breadcrumb","itemListElement":[{"@type":"ListItem","position":1,"name":"Portada","item":"https:\/\/todotrial.com\/tienda\/"},{"@type":"ListItem","position":2,"name":"Shop","item":"https:\/\/todotrial.com\/tienda\/shop\/"},{"@type":"ListItem","position":3,"name":"Casco GENESIS LM HEBO"}]},{"@type":"WebSite","@id":"https:\/\/todotrial.com\/tienda\/#website","url":"https:\/\/todotrial.com\/tienda\/","name":"Tienda de todotrial","description":"","potentialAction":[{"@type":"SearchAction","target":{"@type":"EntryPoint","urlTemplate":"https:\/\/todotrial.com\/tienda\/?s={search_term_string}"},"query-input":{"@type":"PropertyValueSpecification","valueRequired":true,"valueName":"search_term_string"}}],"inLanguage":"es"}]}},"_links":{"self":[{"href":"https:\/\/todotrial.com\/tienda\/wp-json\/wp\/v2\/product\/30016","targetHints":{"allow":["GET"]}}],"collection":[{"href":"https:\/\/todotrial.com\/tienda\/wp-json\/wp\/v2\/product"}],"about":[{"href":"https:\/\/todotrial.com\/tienda\/wp-json\/wp\/v2\/types\/product"}],"replies":[{"embeddable":true,"href":"https:\/\/todotrial.com\/tienda\/wp-json\/wp\/v2\/comments?post=30016"}],"version-history":[{"count":0,"href":"https:\/\/todotrial.com\/tienda\/wp-json\/wp\/v2\/product\/30016\/revisions"}],"wp:featuredmedia":[{"embeddable":true,"href":"https:\/\/todotrial.com\/tienda\/wp-json\/wp\/v2\/media\/39782"}],"wp:attachment":[{"href":"https:\/\/todotrial.com\/tienda\/wp-json\/wp\/v2\/media?parent=30016"}],"wp:term":[{"taxonomy":"product_brand","embeddable":true,"href":"https:\/\/todotrial.com\/tienda\/wp-json\/wp\/v2\/product_brand?post=30016"},{"taxonomy":"product_cat","embeddable":true,"href":"https:\/\/todotrial.com\/tienda\/wp-json\/wp\/v2\/product_cat?post=30016"},{"taxonomy":"product_tag","embeddable":true,"href":"https:\/\/todotrial.com\/tienda\/wp-json\/wp\/v2\/product_tag?post=30016"}],"curies":[{"name":"wp","href":"https:\/\/api.w.org\/{rel}","templated":true}]}}