{"id":30003,"date":"2020-12-16T19:25:18","date_gmt":"2020-12-16T18:25:18","guid":{"rendered":"https:\/\/todotrial.com\/tienda\/product\/import-placeholder-for-868\/"},"modified":"2025-02-18T08:50:50","modified_gmt":"2025-02-18T07:50:50","slug":"bomba-aire-mini-comas","status":"publish","type":"product","link":"https:\/\/todotrial.com\/tienda\/bomba-aire-mini-comas\/","title":{"rendered":"Bomba Aire Mini COMAS"},"content":{"rendered":"<p><strong>Descripci\u00f3n<\/strong><br \/>&#8211; Inflador ultra-compacto fabricado en tecno-pol\u00edmero de alto m\u00f3dulo.<br \/>&#8211; Potencia de inflado de 120 psi<br \/>&#8211; Tapa protectora de cabezal de v\u00e1lvula<br \/>&#8211; Salida para v\u00e1lvulas Schrader.<br \/>&#8211; Incluye soporte para llevar en el porta botellas de la bicicleta.<br \/><strong>Medida<\/strong><br \/>&#8211; Longitud: 210mm<br \/>&#8211; Ancho: \u00d832mm<br \/><strong>Acabado<\/strong><br \/>&#8211; Color negro \u00f3 rojo con logotipo COMAS en color blanco.<br \/><strong>Peso<\/strong><br \/>&#8211; 142g<\/p>\n","protected":false},"excerpt":{"rendered":"<p>Descripci\u00f3n&#8211; Inflador ultra-compacto fabricado en tecno-pol\u00edmero de alto m\u00f3dulo.&#8211; Potencia de inflado de 120 psi&#8211; Tapa protectora de cabezal de v\u00e1lvula&#8211; Salida para v\u00e1lvulas Schrader.&#8211; Incluye soporte para llevar en el porta botellas de la bicicleta.Medida&#8211; Longitud: 210mm&#8211; Ancho: \u00d832mmAcabado&#8211; Color negro \u00f3 rojo con logotipo COMAS en color blanco.Peso&#8211; 142g<\/p>\n","protected":false},"featured_media":39777,"comment_status":"open","ping_status":"closed","template":"","meta":[],"product_brand":[],"product_cat":[11456,11457,11389,11455,11384,11374,11432],"product_tag":[],"class_list":{"0":"post-30003","1":"product","2":"type-product","3":"status-publish","4":"has-post-thumbnail","6":"product_cat-accesorios","7":"product_cat-accesorios-taller-moto","8":"product_cat-herramientas-taller","9":"product_cat-herramientas-taller-moto","10":"product_cat-moto","11":"product_cat-raiz","12":"product_cat-taller-moto","13":"pa_color-negro","14":"pa_color-rojo","16":"first","17":"instock","18":"taxable","19":"shipping-taxable","20":"purchasable","21":"product-type-variable","22":"has-default-attributes"},"yoast_head":"<!-- This site is optimized with the Yoast SEO Premium plugin v21.2 (Yoast SEO v27.4) - https:\/\/yoast.com\/product\/yoast-seo-premium-wordpress\/ -->\n<title>Bomba Aire Mini COMAS - Tienda de todotrial<\/title>\n<meta name=\"robots\" content=\"index, follow, max-snippet:-1, max-image-preview:large, max-video-preview:-1\" \/>\n<link rel=\"canonical\" href=\"https:\/\/todotrial.com\/tienda\/bomba-aire-mini-comas\/\" \/>\n<meta property=\"og:locale\" content=\"es_ES\" \/>\n<meta property=\"og:type\" content=\"article\" \/>\n<meta property=\"og:title\" content=\"Bomba Aire Mini COMAS\" \/>\n<meta property=\"og:description\" content=\"Descripci\u00f3n&#8211; Inflador ultra-compacto fabricado en tecno-pol\u00edmero de alto m\u00f3dulo.&#8211; Potencia de inflado de 120 psi&#8211; Tapa protectora de cabezal de v\u00e1lvula&#8211; Salida para v\u00e1lvulas Schrader.&#8211; Incluye soporte para llevar en el porta botellas de la bicicleta.Medida&#8211; Longitud: 210mm&#8211; Ancho: \u00d832mmAcabado&#8211; Color negro \u00f3 rojo con logotipo COMAS en color blanco.Peso&#8211; 142g\" \/>\n<meta property=\"og:url\" content=\"https:\/\/todotrial.com\/tienda\/bomba-aire-mini-comas\/\" \/>\n<meta property=\"og:site_name\" content=\"Tienda de todotrial\" \/>\n<meta property=\"article:modified_time\" content=\"2025-02-18T07:50:50+00:00\" \/>\n<meta property=\"og:image\" content=\"https:\/\/todotrial.com\/tienda\/wp-content\/uploads\/2025\/02\/600-1.png\" \/>\n\t<meta property=\"og:image:width\" content=\"800\" \/>\n\t<meta property=\"og:image:height\" content=\"800\" \/>\n\t<meta property=\"og:image:type\" content=\"image\/png\" \/>\n<meta name=\"twitter:card\" content=\"summary_large_image\" \/>\n<script type=\"application\/ld+json\" class=\"yoast-schema-graph\">{\"@context\":\"https:\\\/\\\/schema.org\",\"@graph\":[{\"@type\":\"WebPage\",\"@id\":\"https:\\\/\\\/todotrial.com\\\/tienda\\\/bomba-aire-mini-comas\\\/\",\"url\":\"https:\\\/\\\/todotrial.com\\\/tienda\\\/bomba-aire-mini-comas\\\/\",\"name\":\"Bomba Aire Mini COMAS - Tienda de todotrial\",\"isPartOf\":{\"@id\":\"https:\\\/\\\/todotrial.com\\\/tienda\\\/#website\"},\"primaryImageOfPage\":{\"@id\":\"https:\\\/\\\/todotrial.com\\\/tienda\\\/bomba-aire-mini-comas\\\/#primaryimage\"},\"image\":{\"@id\":\"https:\\\/\\\/todotrial.com\\\/tienda\\\/bomba-aire-mini-comas\\\/#primaryimage\"},\"thumbnailUrl\":\"https:\\\/\\\/todotrial.com\\\/tienda\\\/wp-content\\\/uploads\\\/2025\\\/02\\\/600-1.png\",\"datePublished\":\"2020-12-16T18:25:18+00:00\",\"dateModified\":\"2025-02-18T07:50:50+00:00\",\"breadcrumb\":{\"@id\":\"https:\\\/\\\/todotrial.com\\\/tienda\\\/bomba-aire-mini-comas\\\/#breadcrumb\"},\"inLanguage\":\"es\",\"potentialAction\":[{\"@type\":\"ReadAction\",\"target\":[\"https:\\\/\\\/todotrial.com\\\/tienda\\\/bomba-aire-mini-comas\\\/\"]}]},{\"@type\":\"ImageObject\",\"inLanguage\":\"es\",\"@id\":\"https:\\\/\\\/todotrial.com\\\/tienda\\\/bomba-aire-mini-comas\\\/#primaryimage\",\"url\":\"https:\\\/\\\/todotrial.com\\\/tienda\\\/wp-content\\\/uploads\\\/2025\\\/02\\\/600-1.png\",\"contentUrl\":\"https:\\\/\\\/todotrial.com\\\/tienda\\\/wp-content\\\/uploads\\\/2025\\\/02\\\/600-1.png\",\"width\":800,\"height\":800},{\"@type\":\"BreadcrumbList\",\"@id\":\"https:\\\/\\\/todotrial.com\\\/tienda\\\/bomba-aire-mini-comas\\\/#breadcrumb\",\"itemListElement\":[{\"@type\":\"ListItem\",\"position\":1,\"name\":\"Portada\",\"item\":\"https:\\\/\\\/todotrial.com\\\/tienda\\\/\"},{\"@type\":\"ListItem\",\"position\":2,\"name\":\"Shop\",\"item\":\"https:\\\/\\\/todotrial.com\\\/tienda\\\/shop\\\/\"},{\"@type\":\"ListItem\",\"position\":3,\"name\":\"Bomba Aire Mini COMAS\"}]},{\"@type\":\"WebSite\",\"@id\":\"https:\\\/\\\/todotrial.com\\\/tienda\\\/#website\",\"url\":\"https:\\\/\\\/todotrial.com\\\/tienda\\\/\",\"name\":\"Tienda de todotrial\",\"description\":\"\",\"potentialAction\":[{\"@type\":\"SearchAction\",\"target\":{\"@type\":\"EntryPoint\",\"urlTemplate\":\"https:\\\/\\\/todotrial.com\\\/tienda\\\/?s={search_term_string}\"},\"query-input\":{\"@type\":\"PropertyValueSpecification\",\"valueRequired\":true,\"valueName\":\"search_term_string\"}}],\"inLanguage\":\"es\"}]}<\/script>\n<!-- \/ Yoast SEO Premium plugin. -->","yoast_head_json":{"title":"Bomba Aire Mini COMAS - Tienda de todotrial","robots":{"index":"index","follow":"follow","max-snippet":"max-snippet:-1","max-image-preview":"max-image-preview:large","max-video-preview":"max-video-preview:-1"},"canonical":"https:\/\/todotrial.com\/tienda\/bomba-aire-mini-comas\/","og_locale":"es_ES","og_type":"article","og_title":"Bomba Aire Mini COMAS","og_description":"Descripci\u00f3n&#8211; Inflador ultra-compacto fabricado en tecno-pol\u00edmero de alto m\u00f3dulo.&#8211; Potencia de inflado de 120 psi&#8211; Tapa protectora de cabezal de v\u00e1lvula&#8211; Salida para v\u00e1lvulas Schrader.&#8211; Incluye soporte para llevar en el porta botellas de la bicicleta.Medida&#8211; Longitud: 210mm&#8211; Ancho: \u00d832mmAcabado&#8211; Color negro \u00f3 rojo con logotipo COMAS en color blanco.Peso&#8211; 142g","og_url":"https:\/\/todotrial.com\/tienda\/bomba-aire-mini-comas\/","og_site_name":"Tienda de todotrial","article_modified_time":"2025-02-18T07:50:50+00:00","og_image":[{"width":800,"height":800,"url":"https:\/\/todotrial.com\/tienda\/wp-content\/uploads\/2025\/02\/600-1.png","type":"image\/png"}],"twitter_card":"summary_large_image","schema":{"@context":"https:\/\/schema.org","@graph":[{"@type":"WebPage","@id":"https:\/\/todotrial.com\/tienda\/bomba-aire-mini-comas\/","url":"https:\/\/todotrial.com\/tienda\/bomba-aire-mini-comas\/","name":"Bomba Aire Mini COMAS - Tienda de todotrial","isPartOf":{"@id":"https:\/\/todotrial.com\/tienda\/#website"},"primaryImageOfPage":{"@id":"https:\/\/todotrial.com\/tienda\/bomba-aire-mini-comas\/#primaryimage"},"image":{"@id":"https:\/\/todotrial.com\/tienda\/bomba-aire-mini-comas\/#primaryimage"},"thumbnailUrl":"https:\/\/todotrial.com\/tienda\/wp-content\/uploads\/2025\/02\/600-1.png","datePublished":"2020-12-16T18:25:18+00:00","dateModified":"2025-02-18T07:50:50+00:00","breadcrumb":{"@id":"https:\/\/todotrial.com\/tienda\/bomba-aire-mini-comas\/#breadcrumb"},"inLanguage":"es","potentialAction":[{"@type":"ReadAction","target":["https:\/\/todotrial.com\/tienda\/bomba-aire-mini-comas\/"]}]},{"@type":"ImageObject","inLanguage":"es","@id":"https:\/\/todotrial.com\/tienda\/bomba-aire-mini-comas\/#primaryimage","url":"https:\/\/todotrial.com\/tienda\/wp-content\/uploads\/2025\/02\/600-1.png","contentUrl":"https:\/\/todotrial.com\/tienda\/wp-content\/uploads\/2025\/02\/600-1.png","width":800,"height":800},{"@type":"BreadcrumbList","@id":"https:\/\/todotrial.com\/tienda\/bomba-aire-mini-comas\/#breadcrumb","itemListElement":[{"@type":"ListItem","position":1,"name":"Portada","item":"https:\/\/todotrial.com\/tienda\/"},{"@type":"ListItem","position":2,"name":"Shop","item":"https:\/\/todotrial.com\/tienda\/shop\/"},{"@type":"ListItem","position":3,"name":"Bomba Aire Mini COMAS"}]},{"@type":"WebSite","@id":"https:\/\/todotrial.com\/tienda\/#website","url":"https:\/\/todotrial.com\/tienda\/","name":"Tienda de todotrial","description":"","potentialAction":[{"@type":"SearchAction","target":{"@type":"EntryPoint","urlTemplate":"https:\/\/todotrial.com\/tienda\/?s={search_term_string}"},"query-input":{"@type":"PropertyValueSpecification","valueRequired":true,"valueName":"search_term_string"}}],"inLanguage":"es"}]}},"_links":{"self":[{"href":"https:\/\/todotrial.com\/tienda\/wp-json\/wp\/v2\/product\/30003","targetHints":{"allow":["GET"]}}],"collection":[{"href":"https:\/\/todotrial.com\/tienda\/wp-json\/wp\/v2\/product"}],"about":[{"href":"https:\/\/todotrial.com\/tienda\/wp-json\/wp\/v2\/types\/product"}],"replies":[{"embeddable":true,"href":"https:\/\/todotrial.com\/tienda\/wp-json\/wp\/v2\/comments?post=30003"}],"version-history":[{"count":0,"href":"https:\/\/todotrial.com\/tienda\/wp-json\/wp\/v2\/product\/30003\/revisions"}],"wp:featuredmedia":[{"embeddable":true,"href":"https:\/\/todotrial.com\/tienda\/wp-json\/wp\/v2\/media\/39777"}],"wp:attachment":[{"href":"https:\/\/todotrial.com\/tienda\/wp-json\/wp\/v2\/media?parent=30003"}],"wp:term":[{"taxonomy":"product_brand","embeddable":true,"href":"https:\/\/todotrial.com\/tienda\/wp-json\/wp\/v2\/product_brand?post=30003"},{"taxonomy":"product_cat","embeddable":true,"href":"https:\/\/todotrial.com\/tienda\/wp-json\/wp\/v2\/product_cat?post=30003"},{"taxonomy":"product_tag","embeddable":true,"href":"https:\/\/todotrial.com\/tienda\/wp-json\/wp\/v2\/product_tag?post=30003"}],"curies":[{"name":"wp","href":"https:\/\/api.w.org\/{rel}","templated":true}]}}