{"id":29820,"date":"2020-12-16T19:18:22","date_gmt":"2020-12-16T18:18:22","guid":{"rendered":"https:\/\/todotrial.com\/tienda\/product\/import-placeholder-for-721\/"},"modified":"2025-02-18T08:49:10","modified_gmt":"2025-02-18T07:49:10","slug":"botas-technical-2-0-leather-hebo","status":"publish","type":"product","link":"https:\/\/todotrial.com\/tienda\/botas-technical-2-0-leather-hebo\/","title":{"rendered":"Botas TECHNICAL 2.0 Leather HEBO"},"content":{"rendered":"<p style=\"margin:0px 0px 1em;padding:0px;border:0px;font-family:Arial, Helvetica, sans-serif;line-height:18px;font-size:13px;vertical-align:baseline;color:#666666;\">La bota de piel de alta resistencia Crazy Horse Leather Technical 2.0, con refuerzo en puntera y zona especial para estriberas,est\u00e1 constru\u00edda con nueva suela asim\u00e9trica y doble densidad super ligera de 2200 gr\/par.<\/p>\n<p style=\"margin:0px 0px 1em;padding:0px;border:0px;font-family:Arial, Helvetica, sans-serif;line-height:18px;font-size:13px;vertical-align:baseline;color:#666666;\">Se presenta con membrana interior water resistant, protector y cierre de ajuste\u00a0en tibia, entradas de aire, cierre de aluminio y refuerzo en tal\u00f3n.\u00a0<\/p>\n<p style=\"margin:0px 0px 1em;padding:0px;border:0px;font-family:Arial, Helvetica, sans-serif;line-height:18px;font-size:13px;vertical-align:baseline;color:#666666;\">Su\u00a0zona de flexi\u00f3n acolchada y su protector interno TPU ofrece mayor resistencia.<\/p>\n","protected":false},"excerpt":{"rendered":"<p><strong>Material: Piel<\/strong><\/p>\n","protected":false},"featured_media":39759,"comment_status":"open","ping_status":"closed","template":"","meta":[],"product_brand":[],"product_cat":[11446,11393,11384,11374],"product_tag":[],"class_list":{"0":"post-29820","1":"product","2":"type-product","3":"status-publish","4":"has-post-thumbnail","6":"product_cat-botas-equipacion","7":"product_cat-equipacion-moto","8":"product_cat-moto","9":"product_cat-raiz","10":"pa_color-marron","12":"first","13":"onbackorder","14":"sale","15":"taxable","16":"shipping-taxable","17":"purchasable","18":"product-type-variable","19":"has-default-attributes"},"yoast_head":"<!-- This site is optimized with the Yoast SEO Premium plugin v21.2 (Yoast SEO v27.3) - https:\/\/yoast.com\/product\/yoast-seo-premium-wordpress\/ -->\n<title>Botas TECHNICAL 2.0 Leather HEBO - Tienda de todotrial<\/title>\n<meta name=\"robots\" content=\"index, follow, max-snippet:-1, max-image-preview:large, max-video-preview:-1\" \/>\n<link rel=\"canonical\" href=\"https:\/\/todotrial.com\/tienda\/botas-technical-2-0-leather-hebo\/\" \/>\n<meta property=\"og:locale\" content=\"es_ES\" \/>\n<meta property=\"og:type\" content=\"article\" \/>\n<meta property=\"og:title\" content=\"Botas TECHNICAL 2.0 Leather HEBO\" \/>\n<meta property=\"og:description\" content=\"Material: Piel\" \/>\n<meta property=\"og:url\" content=\"https:\/\/todotrial.com\/tienda\/botas-technical-2-0-leather-hebo\/\" \/>\n<meta property=\"og:site_name\" content=\"Tienda de todotrial\" \/>\n<meta property=\"article:modified_time\" content=\"2025-02-18T07:49:10+00:00\" \/>\n<meta property=\"og:image\" content=\"https:\/\/todotrial.com\/tienda\/wp-content\/uploads\/2025\/02\/517-1.png\" \/>\n\t<meta property=\"og:image:width\" content=\"800\" \/>\n\t<meta property=\"og:image:height\" content=\"800\" \/>\n\t<meta property=\"og:image:type\" content=\"image\/png\" \/>\n<meta name=\"twitter:card\" content=\"summary_large_image\" \/>\n<script type=\"application\/ld+json\" class=\"yoast-schema-graph\">{\"@context\":\"https:\\\/\\\/schema.org\",\"@graph\":[{\"@type\":\"WebPage\",\"@id\":\"https:\\\/\\\/todotrial.com\\\/tienda\\\/botas-technical-2-0-leather-hebo\\\/\",\"url\":\"https:\\\/\\\/todotrial.com\\\/tienda\\\/botas-technical-2-0-leather-hebo\\\/\",\"name\":\"Botas TECHNICAL 2.0 Leather HEBO - Tienda de todotrial\",\"isPartOf\":{\"@id\":\"https:\\\/\\\/todotrial.com\\\/tienda\\\/#website\"},\"primaryImageOfPage\":{\"@id\":\"https:\\\/\\\/todotrial.com\\\/tienda\\\/botas-technical-2-0-leather-hebo\\\/#primaryimage\"},\"image\":{\"@id\":\"https:\\\/\\\/todotrial.com\\\/tienda\\\/botas-technical-2-0-leather-hebo\\\/#primaryimage\"},\"thumbnailUrl\":\"https:\\\/\\\/todotrial.com\\\/tienda\\\/wp-content\\\/uploads\\\/2025\\\/02\\\/517-1.png\",\"datePublished\":\"2020-12-16T18:18:22+00:00\",\"dateModified\":\"2025-02-18T07:49:10+00:00\",\"breadcrumb\":{\"@id\":\"https:\\\/\\\/todotrial.com\\\/tienda\\\/botas-technical-2-0-leather-hebo\\\/#breadcrumb\"},\"inLanguage\":\"es\",\"potentialAction\":[{\"@type\":\"ReadAction\",\"target\":[\"https:\\\/\\\/todotrial.com\\\/tienda\\\/botas-technical-2-0-leather-hebo\\\/\"]}]},{\"@type\":\"ImageObject\",\"inLanguage\":\"es\",\"@id\":\"https:\\\/\\\/todotrial.com\\\/tienda\\\/botas-technical-2-0-leather-hebo\\\/#primaryimage\",\"url\":\"https:\\\/\\\/todotrial.com\\\/tienda\\\/wp-content\\\/uploads\\\/2025\\\/02\\\/517-1.png\",\"contentUrl\":\"https:\\\/\\\/todotrial.com\\\/tienda\\\/wp-content\\\/uploads\\\/2025\\\/02\\\/517-1.png\",\"width\":800,\"height\":800},{\"@type\":\"BreadcrumbList\",\"@id\":\"https:\\\/\\\/todotrial.com\\\/tienda\\\/botas-technical-2-0-leather-hebo\\\/#breadcrumb\",\"itemListElement\":[{\"@type\":\"ListItem\",\"position\":1,\"name\":\"Portada\",\"item\":\"https:\\\/\\\/todotrial.com\\\/tienda\\\/\"},{\"@type\":\"ListItem\",\"position\":2,\"name\":\"Shop\",\"item\":\"https:\\\/\\\/todotrial.com\\\/tienda\\\/shop\\\/\"},{\"@type\":\"ListItem\",\"position\":3,\"name\":\"Botas TECHNICAL 2.0 Leather HEBO\"}]},{\"@type\":\"WebSite\",\"@id\":\"https:\\\/\\\/todotrial.com\\\/tienda\\\/#website\",\"url\":\"https:\\\/\\\/todotrial.com\\\/tienda\\\/\",\"name\":\"Tienda de todotrial\",\"description\":\"\",\"potentialAction\":[{\"@type\":\"SearchAction\",\"target\":{\"@type\":\"EntryPoint\",\"urlTemplate\":\"https:\\\/\\\/todotrial.com\\\/tienda\\\/?s={search_term_string}\"},\"query-input\":{\"@type\":\"PropertyValueSpecification\",\"valueRequired\":true,\"valueName\":\"search_term_string\"}}],\"inLanguage\":\"es\"}]}<\/script>\n<!-- \/ Yoast SEO Premium plugin. -->","yoast_head_json":{"title":"Botas TECHNICAL 2.0 Leather HEBO - Tienda de todotrial","robots":{"index":"index","follow":"follow","max-snippet":"max-snippet:-1","max-image-preview":"max-image-preview:large","max-video-preview":"max-video-preview:-1"},"canonical":"https:\/\/todotrial.com\/tienda\/botas-technical-2-0-leather-hebo\/","og_locale":"es_ES","og_type":"article","og_title":"Botas TECHNICAL 2.0 Leather HEBO","og_description":"Material: Piel","og_url":"https:\/\/todotrial.com\/tienda\/botas-technical-2-0-leather-hebo\/","og_site_name":"Tienda de todotrial","article_modified_time":"2025-02-18T07:49:10+00:00","og_image":[{"width":800,"height":800,"url":"https:\/\/todotrial.com\/tienda\/wp-content\/uploads\/2025\/02\/517-1.png","type":"image\/png"}],"twitter_card":"summary_large_image","schema":{"@context":"https:\/\/schema.org","@graph":[{"@type":"WebPage","@id":"https:\/\/todotrial.com\/tienda\/botas-technical-2-0-leather-hebo\/","url":"https:\/\/todotrial.com\/tienda\/botas-technical-2-0-leather-hebo\/","name":"Botas TECHNICAL 2.0 Leather HEBO - Tienda de todotrial","isPartOf":{"@id":"https:\/\/todotrial.com\/tienda\/#website"},"primaryImageOfPage":{"@id":"https:\/\/todotrial.com\/tienda\/botas-technical-2-0-leather-hebo\/#primaryimage"},"image":{"@id":"https:\/\/todotrial.com\/tienda\/botas-technical-2-0-leather-hebo\/#primaryimage"},"thumbnailUrl":"https:\/\/todotrial.com\/tienda\/wp-content\/uploads\/2025\/02\/517-1.png","datePublished":"2020-12-16T18:18:22+00:00","dateModified":"2025-02-18T07:49:10+00:00","breadcrumb":{"@id":"https:\/\/todotrial.com\/tienda\/botas-technical-2-0-leather-hebo\/#breadcrumb"},"inLanguage":"es","potentialAction":[{"@type":"ReadAction","target":["https:\/\/todotrial.com\/tienda\/botas-technical-2-0-leather-hebo\/"]}]},{"@type":"ImageObject","inLanguage":"es","@id":"https:\/\/todotrial.com\/tienda\/botas-technical-2-0-leather-hebo\/#primaryimage","url":"https:\/\/todotrial.com\/tienda\/wp-content\/uploads\/2025\/02\/517-1.png","contentUrl":"https:\/\/todotrial.com\/tienda\/wp-content\/uploads\/2025\/02\/517-1.png","width":800,"height":800},{"@type":"BreadcrumbList","@id":"https:\/\/todotrial.com\/tienda\/botas-technical-2-0-leather-hebo\/#breadcrumb","itemListElement":[{"@type":"ListItem","position":1,"name":"Portada","item":"https:\/\/todotrial.com\/tienda\/"},{"@type":"ListItem","position":2,"name":"Shop","item":"https:\/\/todotrial.com\/tienda\/shop\/"},{"@type":"ListItem","position":3,"name":"Botas TECHNICAL 2.0 Leather HEBO"}]},{"@type":"WebSite","@id":"https:\/\/todotrial.com\/tienda\/#website","url":"https:\/\/todotrial.com\/tienda\/","name":"Tienda de todotrial","description":"","potentialAction":[{"@type":"SearchAction","target":{"@type":"EntryPoint","urlTemplate":"https:\/\/todotrial.com\/tienda\/?s={search_term_string}"},"query-input":{"@type":"PropertyValueSpecification","valueRequired":true,"valueName":"search_term_string"}}],"inLanguage":"es"}]}},"_links":{"self":[{"href":"https:\/\/todotrial.com\/tienda\/wp-json\/wp\/v2\/product\/29820","targetHints":{"allow":["GET"]}}],"collection":[{"href":"https:\/\/todotrial.com\/tienda\/wp-json\/wp\/v2\/product"}],"about":[{"href":"https:\/\/todotrial.com\/tienda\/wp-json\/wp\/v2\/types\/product"}],"replies":[{"embeddable":true,"href":"https:\/\/todotrial.com\/tienda\/wp-json\/wp\/v2\/comments?post=29820"}],"version-history":[{"count":0,"href":"https:\/\/todotrial.com\/tienda\/wp-json\/wp\/v2\/product\/29820\/revisions"}],"wp:featuredmedia":[{"embeddable":true,"href":"https:\/\/todotrial.com\/tienda\/wp-json\/wp\/v2\/media\/39759"}],"wp:attachment":[{"href":"https:\/\/todotrial.com\/tienda\/wp-json\/wp\/v2\/media?parent=29820"}],"wp:term":[{"taxonomy":"product_brand","embeddable":true,"href":"https:\/\/todotrial.com\/tienda\/wp-json\/wp\/v2\/product_brand?post=29820"},{"taxonomy":"product_cat","embeddable":true,"href":"https:\/\/todotrial.com\/tienda\/wp-json\/wp\/v2\/product_cat?post=29820"},{"taxonomy":"product_tag","embeddable":true,"href":"https:\/\/todotrial.com\/tienda\/wp-json\/wp\/v2\/product_tag?post=29820"}],"curies":[{"name":"wp","href":"https:\/\/api.w.org\/{rel}","templated":true}]}}