{"id":29682,"date":"2020-12-16T19:13:20","date_gmt":"2020-12-16T18:13:20","guid":{"rendered":"https:\/\/todotrial.com\/tienda\/product\/import-placeholder-for-564\/"},"modified":"2025-02-20T14:31:49","modified_gmt":"2025-02-20T13:31:49","slug":"bielas-isis-160mm-comas","status":"publish","type":"product","link":"https:\/\/todotrial.com\/tienda\/bielas-isis-160mm-comas\/","title":{"rendered":"Bielas ISIS 160mm COMAS"},"content":{"rendered":"<p><strong>Descripci\u00f3n<\/strong>\u00a0<br \/>&#8211; Bielas de aluminio forjado con sistema pedalier ISIS<br \/>&#8211; Dise\u00f1o simple que garantiza la m\u00e1xima rigidez y resistencia.<br \/>&#8211; Mecanizado posterior para reducir peso<br \/>&#8211; Rosca para pi\u00f1\u00f3n est\u00e1ndar de 1.37\u201dx 24tpi, compatible con la mayor\u00eda de pi\u00f1ones.<br \/>&#8211; 14mm de secci\u00f3n roscada para poder utilizar un protector de pi\u00f1\u00f3n tipo UCI<br \/>&#8211; Offset de 33mm para evitar posibles roces con el chasis o los bombines del freno.<br \/>&#8211; Disponibles en 160mm y 170mm<br \/><strong>Material<\/strong><br \/>&#8211; Aluminio 7075-T6<br \/><strong>Medida<\/strong><br \/>&#8211; Longitud: 160mm<br \/>&#8211; Offset: 33mm<br \/>&#8211; Rosca pi\u00f1\u00f3n: 1.37x24t<br \/>&#8211; Rosca pedal 9\/16\u201d<br \/><strong>Acabado<\/strong><br \/>&#8211; Negro anodizado con gr\u00e1ficos COMAS grabados a l\u00e1ser.<br \/><strong>Peso<\/strong><br \/>&#8211; 515g<br \/><strong>Nota importante<\/strong><br \/>La rosca m\u00ednima de contacto entre biela y pi\u00f1\u00f3n ha de ser de L7mm para evitar da\u00f1os de rosca.<\/p>\n","protected":false},"excerpt":{"rendered":"<p><strong>Material:\u00a0<\/strong>Aluminio 7075-T6<\/p>\n","protected":false},"featured_media":39716,"comment_status":"open","ping_status":"closed","template":"","meta":[],"product_brand":[],"product_cat":[11375,11429,11376,11374,11377],"product_tag":[],"class_list":{"0":"post-29682","1":"product","2":"type-product","3":"status-publish","4":"has-post-thumbnail","6":"product_cat-bici-trial","7":"product_cat-bielas","8":"product_cat-piezas","9":"product_cat-raiz","10":"product_cat-transmision","12":"first","13":"instock","14":"taxable","15":"shipping-taxable","16":"product-type-variable"},"yoast_head":"<!-- This site is optimized with the Yoast SEO Premium plugin v21.2 (Yoast SEO v27.3) - https:\/\/yoast.com\/product\/yoast-seo-premium-wordpress\/ -->\n<title>Bielas ISIS 160mm COMAS - Tienda de todotrial<\/title>\n<meta name=\"robots\" content=\"index, follow, max-snippet:-1, max-image-preview:large, max-video-preview:-1\" \/>\n<link rel=\"canonical\" href=\"https:\/\/todotrial.com\/tienda\/bielas-isis-160mm-comas\/\" \/>\n<meta property=\"og:locale\" content=\"es_ES\" \/>\n<meta property=\"og:type\" content=\"article\" \/>\n<meta property=\"og:title\" content=\"Bielas ISIS 160mm COMAS\" \/>\n<meta property=\"og:description\" content=\"Material:\u00a0Aluminio 7075-T6\" \/>\n<meta property=\"og:url\" content=\"https:\/\/todotrial.com\/tienda\/bielas-isis-160mm-comas\/\" \/>\n<meta property=\"og:site_name\" content=\"Tienda de todotrial\" \/>\n<meta property=\"article:modified_time\" content=\"2025-02-20T13:31:49+00:00\" \/>\n<meta property=\"og:image\" content=\"https:\/\/todotrial.com\/tienda\/wp-content\/uploads\/2025\/02\/378-1.png\" \/>\n\t<meta property=\"og:image:width\" content=\"800\" \/>\n\t<meta property=\"og:image:height\" content=\"800\" \/>\n\t<meta property=\"og:image:type\" content=\"image\/png\" \/>\n<meta name=\"twitter:card\" content=\"summary_large_image\" \/>\n<meta name=\"twitter:label1\" content=\"Tiempo de lectura\" \/>\n\t<meta name=\"twitter:data1\" content=\"1 minuto\" \/>\n<script type=\"application\/ld+json\" class=\"yoast-schema-graph\">{\"@context\":\"https:\\\/\\\/schema.org\",\"@graph\":[{\"@type\":\"WebPage\",\"@id\":\"https:\\\/\\\/todotrial.com\\\/tienda\\\/bielas-isis-160mm-comas\\\/\",\"url\":\"https:\\\/\\\/todotrial.com\\\/tienda\\\/bielas-isis-160mm-comas\\\/\",\"name\":\"Bielas ISIS 160mm COMAS - Tienda de todotrial\",\"isPartOf\":{\"@id\":\"https:\\\/\\\/todotrial.com\\\/tienda\\\/#website\"},\"primaryImageOfPage\":{\"@id\":\"https:\\\/\\\/todotrial.com\\\/tienda\\\/bielas-isis-160mm-comas\\\/#primaryimage\"},\"image\":{\"@id\":\"https:\\\/\\\/todotrial.com\\\/tienda\\\/bielas-isis-160mm-comas\\\/#primaryimage\"},\"thumbnailUrl\":\"https:\\\/\\\/todotrial.com\\\/tienda\\\/wp-content\\\/uploads\\\/2025\\\/02\\\/378-1.png\",\"datePublished\":\"2020-12-16T18:13:20+00:00\",\"dateModified\":\"2025-02-20T13:31:49+00:00\",\"breadcrumb\":{\"@id\":\"https:\\\/\\\/todotrial.com\\\/tienda\\\/bielas-isis-160mm-comas\\\/#breadcrumb\"},\"inLanguage\":\"es\",\"potentialAction\":[{\"@type\":\"ReadAction\",\"target\":[\"https:\\\/\\\/todotrial.com\\\/tienda\\\/bielas-isis-160mm-comas\\\/\"]}]},{\"@type\":\"ImageObject\",\"inLanguage\":\"es\",\"@id\":\"https:\\\/\\\/todotrial.com\\\/tienda\\\/bielas-isis-160mm-comas\\\/#primaryimage\",\"url\":\"https:\\\/\\\/todotrial.com\\\/tienda\\\/wp-content\\\/uploads\\\/2025\\\/02\\\/378-1.png\",\"contentUrl\":\"https:\\\/\\\/todotrial.com\\\/tienda\\\/wp-content\\\/uploads\\\/2025\\\/02\\\/378-1.png\",\"width\":800,\"height\":800},{\"@type\":\"BreadcrumbList\",\"@id\":\"https:\\\/\\\/todotrial.com\\\/tienda\\\/bielas-isis-160mm-comas\\\/#breadcrumb\",\"itemListElement\":[{\"@type\":\"ListItem\",\"position\":1,\"name\":\"Portada\",\"item\":\"https:\\\/\\\/todotrial.com\\\/tienda\\\/\"},{\"@type\":\"ListItem\",\"position\":2,\"name\":\"Shop\",\"item\":\"https:\\\/\\\/todotrial.com\\\/tienda\\\/shop\\\/\"},{\"@type\":\"ListItem\",\"position\":3,\"name\":\"Bielas ISIS 160mm COMAS\"}]},{\"@type\":\"WebSite\",\"@id\":\"https:\\\/\\\/todotrial.com\\\/tienda\\\/#website\",\"url\":\"https:\\\/\\\/todotrial.com\\\/tienda\\\/\",\"name\":\"Tienda de todotrial\",\"description\":\"\",\"potentialAction\":[{\"@type\":\"SearchAction\",\"target\":{\"@type\":\"EntryPoint\",\"urlTemplate\":\"https:\\\/\\\/todotrial.com\\\/tienda\\\/?s={search_term_string}\"},\"query-input\":{\"@type\":\"PropertyValueSpecification\",\"valueRequired\":true,\"valueName\":\"search_term_string\"}}],\"inLanguage\":\"es\"}]}<\/script>\n<!-- \/ Yoast SEO Premium plugin. -->","yoast_head_json":{"title":"Bielas ISIS 160mm COMAS - Tienda de todotrial","robots":{"index":"index","follow":"follow","max-snippet":"max-snippet:-1","max-image-preview":"max-image-preview:large","max-video-preview":"max-video-preview:-1"},"canonical":"https:\/\/todotrial.com\/tienda\/bielas-isis-160mm-comas\/","og_locale":"es_ES","og_type":"article","og_title":"Bielas ISIS 160mm COMAS","og_description":"Material:\u00a0Aluminio 7075-T6","og_url":"https:\/\/todotrial.com\/tienda\/bielas-isis-160mm-comas\/","og_site_name":"Tienda de todotrial","article_modified_time":"2025-02-20T13:31:49+00:00","og_image":[{"width":800,"height":800,"url":"https:\/\/todotrial.com\/tienda\/wp-content\/uploads\/2025\/02\/378-1.png","type":"image\/png"}],"twitter_card":"summary_large_image","twitter_misc":{"Tiempo de lectura":"1 minuto"},"schema":{"@context":"https:\/\/schema.org","@graph":[{"@type":"WebPage","@id":"https:\/\/todotrial.com\/tienda\/bielas-isis-160mm-comas\/","url":"https:\/\/todotrial.com\/tienda\/bielas-isis-160mm-comas\/","name":"Bielas ISIS 160mm COMAS - Tienda de todotrial","isPartOf":{"@id":"https:\/\/todotrial.com\/tienda\/#website"},"primaryImageOfPage":{"@id":"https:\/\/todotrial.com\/tienda\/bielas-isis-160mm-comas\/#primaryimage"},"image":{"@id":"https:\/\/todotrial.com\/tienda\/bielas-isis-160mm-comas\/#primaryimage"},"thumbnailUrl":"https:\/\/todotrial.com\/tienda\/wp-content\/uploads\/2025\/02\/378-1.png","datePublished":"2020-12-16T18:13:20+00:00","dateModified":"2025-02-20T13:31:49+00:00","breadcrumb":{"@id":"https:\/\/todotrial.com\/tienda\/bielas-isis-160mm-comas\/#breadcrumb"},"inLanguage":"es","potentialAction":[{"@type":"ReadAction","target":["https:\/\/todotrial.com\/tienda\/bielas-isis-160mm-comas\/"]}]},{"@type":"ImageObject","inLanguage":"es","@id":"https:\/\/todotrial.com\/tienda\/bielas-isis-160mm-comas\/#primaryimage","url":"https:\/\/todotrial.com\/tienda\/wp-content\/uploads\/2025\/02\/378-1.png","contentUrl":"https:\/\/todotrial.com\/tienda\/wp-content\/uploads\/2025\/02\/378-1.png","width":800,"height":800},{"@type":"BreadcrumbList","@id":"https:\/\/todotrial.com\/tienda\/bielas-isis-160mm-comas\/#breadcrumb","itemListElement":[{"@type":"ListItem","position":1,"name":"Portada","item":"https:\/\/todotrial.com\/tienda\/"},{"@type":"ListItem","position":2,"name":"Shop","item":"https:\/\/todotrial.com\/tienda\/shop\/"},{"@type":"ListItem","position":3,"name":"Bielas ISIS 160mm COMAS"}]},{"@type":"WebSite","@id":"https:\/\/todotrial.com\/tienda\/#website","url":"https:\/\/todotrial.com\/tienda\/","name":"Tienda de todotrial","description":"","potentialAction":[{"@type":"SearchAction","target":{"@type":"EntryPoint","urlTemplate":"https:\/\/todotrial.com\/tienda\/?s={search_term_string}"},"query-input":{"@type":"PropertyValueSpecification","valueRequired":true,"valueName":"search_term_string"}}],"inLanguage":"es"}]}},"_links":{"self":[{"href":"https:\/\/todotrial.com\/tienda\/wp-json\/wp\/v2\/product\/29682","targetHints":{"allow":["GET"]}}],"collection":[{"href":"https:\/\/todotrial.com\/tienda\/wp-json\/wp\/v2\/product"}],"about":[{"href":"https:\/\/todotrial.com\/tienda\/wp-json\/wp\/v2\/types\/product"}],"replies":[{"embeddable":true,"href":"https:\/\/todotrial.com\/tienda\/wp-json\/wp\/v2\/comments?post=29682"}],"version-history":[{"count":0,"href":"https:\/\/todotrial.com\/tienda\/wp-json\/wp\/v2\/product\/29682\/revisions"}],"wp:featuredmedia":[{"embeddable":true,"href":"https:\/\/todotrial.com\/tienda\/wp-json\/wp\/v2\/media\/39716"}],"wp:attachment":[{"href":"https:\/\/todotrial.com\/tienda\/wp-json\/wp\/v2\/media?parent=29682"}],"wp:term":[{"taxonomy":"product_brand","embeddable":true,"href":"https:\/\/todotrial.com\/tienda\/wp-json\/wp\/v2\/product_brand?post=29682"},{"taxonomy":"product_cat","embeddable":true,"href":"https:\/\/todotrial.com\/tienda\/wp-json\/wp\/v2\/product_cat?post=29682"},{"taxonomy":"product_tag","embeddable":true,"href":"https:\/\/todotrial.com\/tienda\/wp-json\/wp\/v2\/product_tag?post=29682"}],"curies":[{"name":"wp","href":"https:\/\/api.w.org\/{rel}","templated":true}]}}