{"id":29680,"date":"2020-12-16T19:13:19","date_gmt":"2020-12-16T18:13:19","guid":{"rendered":"https:\/\/todotrial.com\/tienda\/product\/import-placeholder-for-555\/"},"modified":"2025-02-20T14:31:46","modified_gmt":"2025-02-20T13:31:46","slug":"pinon-fijo-15t-comas","status":"publish","type":"product","link":"https:\/\/todotrial.com\/tienda\/pinon-fijo-15t-comas\/","title":{"rendered":"Pi\u00f1\u00f3n Fijo 15T COMAS"},"content":{"rendered":"<p><strong>Descripci\u00f3n<\/strong>\u00a0<br \/>&#8211; Pi\u00f1\u00f3n fijo mecanizado en CNC de Aluminio 7075 T6<br \/>&#8211; Rosca est\u00e1ndar 1,37&#8243; x 24t compatible con la mayor\u00eda de bujes traseros<br \/>&#8211; Amplia base de 12mm<br \/>&#8211; Dientes de 2mm en disposici\u00f3n central para un mejor funcionamiento de la transmisi\u00f3n.<br \/>&#8211; Compatible con las cadenas de 1\/8\u201d y 3\/32\u201d.<br \/><strong>Material<\/strong><br \/>&#8211; Aluminio 7075-T6<br \/><strong>Medida<\/strong><br \/>&#8211; 15 dientes<br \/>&#8211; Ancho total: 12mm\u00a0<br \/>&#8211; Ancho diente: 2mm<br \/>&#8211; Rosca 1.37\u201dx24T<br \/><strong>Acabados<\/strong><br \/>&#8211; Rojo anodizado\u00a0<br \/><strong>Peso<\/strong><br \/>&#8211; 25g<\/p>\n","protected":false},"excerpt":{"rendered":"<p><strong>Material:\u00a0<\/strong>Aluminio 7075-T6<br \/><strong>Medida:\u00a0<\/strong>15 dientes<\/p>\n","protected":false},"featured_media":39714,"comment_status":"open","ping_status":"closed","template":"","meta":[],"product_brand":[],"product_cat":[11375,11376,11427,11374,11377],"product_tag":[],"class_list":{"0":"post-29680","1":"product","2":"type-product","3":"status-publish","4":"has-post-thumbnail","6":"product_cat-bici-trial","7":"product_cat-piezas","8":"product_cat-pinones-fijos","9":"product_cat-raiz","10":"product_cat-transmision","12":"first","13":"instock","14":"taxable","15":"shipping-taxable","16":"product-type-variable"},"yoast_head":"<!-- This site is optimized with the Yoast SEO Premium plugin v21.2 (Yoast SEO v27.3) - https:\/\/yoast.com\/product\/yoast-seo-premium-wordpress\/ -->\n<title>Pi\u00f1\u00f3n Fijo 15T COMAS - Tienda de todotrial<\/title>\n<meta name=\"robots\" content=\"index, follow, max-snippet:-1, max-image-preview:large, max-video-preview:-1\" \/>\n<link rel=\"canonical\" href=\"https:\/\/todotrial.com\/tienda\/pinon-fijo-15t-comas\/\" \/>\n<meta property=\"og:locale\" content=\"es_ES\" \/>\n<meta property=\"og:type\" content=\"article\" \/>\n<meta property=\"og:title\" content=\"Pi\u00f1\u00f3n Fijo 15T COMAS\" \/>\n<meta property=\"og:description\" content=\"Material:\u00a0Aluminio 7075-T6Medida:\u00a015 dientes\" \/>\n<meta property=\"og:url\" content=\"https:\/\/todotrial.com\/tienda\/pinon-fijo-15t-comas\/\" \/>\n<meta property=\"og:site_name\" content=\"Tienda de todotrial\" \/>\n<meta property=\"article:modified_time\" content=\"2025-02-20T13:31:46+00:00\" \/>\n<meta property=\"og:image\" content=\"https:\/\/todotrial.com\/tienda\/wp-content\/uploads\/2025\/02\/372-1.png\" \/>\n\t<meta property=\"og:image:width\" content=\"800\" \/>\n\t<meta property=\"og:image:height\" content=\"800\" \/>\n\t<meta property=\"og:image:type\" content=\"image\/png\" \/>\n<meta name=\"twitter:card\" content=\"summary_large_image\" \/>\n<script type=\"application\/ld+json\" class=\"yoast-schema-graph\">{\"@context\":\"https:\\\/\\\/schema.org\",\"@graph\":[{\"@type\":\"WebPage\",\"@id\":\"https:\\\/\\\/todotrial.com\\\/tienda\\\/pinon-fijo-15t-comas\\\/\",\"url\":\"https:\\\/\\\/todotrial.com\\\/tienda\\\/pinon-fijo-15t-comas\\\/\",\"name\":\"Pi\u00f1\u00f3n Fijo 15T COMAS - Tienda de todotrial\",\"isPartOf\":{\"@id\":\"https:\\\/\\\/todotrial.com\\\/tienda\\\/#website\"},\"primaryImageOfPage\":{\"@id\":\"https:\\\/\\\/todotrial.com\\\/tienda\\\/pinon-fijo-15t-comas\\\/#primaryimage\"},\"image\":{\"@id\":\"https:\\\/\\\/todotrial.com\\\/tienda\\\/pinon-fijo-15t-comas\\\/#primaryimage\"},\"thumbnailUrl\":\"https:\\\/\\\/todotrial.com\\\/tienda\\\/wp-content\\\/uploads\\\/2025\\\/02\\\/372-1.png\",\"datePublished\":\"2020-12-16T18:13:19+00:00\",\"dateModified\":\"2025-02-20T13:31:46+00:00\",\"breadcrumb\":{\"@id\":\"https:\\\/\\\/todotrial.com\\\/tienda\\\/pinon-fijo-15t-comas\\\/#breadcrumb\"},\"inLanguage\":\"es\",\"potentialAction\":[{\"@type\":\"ReadAction\",\"target\":[\"https:\\\/\\\/todotrial.com\\\/tienda\\\/pinon-fijo-15t-comas\\\/\"]}]},{\"@type\":\"ImageObject\",\"inLanguage\":\"es\",\"@id\":\"https:\\\/\\\/todotrial.com\\\/tienda\\\/pinon-fijo-15t-comas\\\/#primaryimage\",\"url\":\"https:\\\/\\\/todotrial.com\\\/tienda\\\/wp-content\\\/uploads\\\/2025\\\/02\\\/372-1.png\",\"contentUrl\":\"https:\\\/\\\/todotrial.com\\\/tienda\\\/wp-content\\\/uploads\\\/2025\\\/02\\\/372-1.png\",\"width\":800,\"height\":800},{\"@type\":\"BreadcrumbList\",\"@id\":\"https:\\\/\\\/todotrial.com\\\/tienda\\\/pinon-fijo-15t-comas\\\/#breadcrumb\",\"itemListElement\":[{\"@type\":\"ListItem\",\"position\":1,\"name\":\"Portada\",\"item\":\"https:\\\/\\\/todotrial.com\\\/tienda\\\/\"},{\"@type\":\"ListItem\",\"position\":2,\"name\":\"Shop\",\"item\":\"https:\\\/\\\/todotrial.com\\\/tienda\\\/shop\\\/\"},{\"@type\":\"ListItem\",\"position\":3,\"name\":\"Pi\u00f1\u00f3n Fijo 15T COMAS\"}]},{\"@type\":\"WebSite\",\"@id\":\"https:\\\/\\\/todotrial.com\\\/tienda\\\/#website\",\"url\":\"https:\\\/\\\/todotrial.com\\\/tienda\\\/\",\"name\":\"Tienda de todotrial\",\"description\":\"\",\"potentialAction\":[{\"@type\":\"SearchAction\",\"target\":{\"@type\":\"EntryPoint\",\"urlTemplate\":\"https:\\\/\\\/todotrial.com\\\/tienda\\\/?s={search_term_string}\"},\"query-input\":{\"@type\":\"PropertyValueSpecification\",\"valueRequired\":true,\"valueName\":\"search_term_string\"}}],\"inLanguage\":\"es\"}]}<\/script>\n<!-- \/ Yoast SEO Premium plugin. -->","yoast_head_json":{"title":"Pi\u00f1\u00f3n Fijo 15T COMAS - Tienda de todotrial","robots":{"index":"index","follow":"follow","max-snippet":"max-snippet:-1","max-image-preview":"max-image-preview:large","max-video-preview":"max-video-preview:-1"},"canonical":"https:\/\/todotrial.com\/tienda\/pinon-fijo-15t-comas\/","og_locale":"es_ES","og_type":"article","og_title":"Pi\u00f1\u00f3n Fijo 15T COMAS","og_description":"Material:\u00a0Aluminio 7075-T6Medida:\u00a015 dientes","og_url":"https:\/\/todotrial.com\/tienda\/pinon-fijo-15t-comas\/","og_site_name":"Tienda de todotrial","article_modified_time":"2025-02-20T13:31:46+00:00","og_image":[{"width":800,"height":800,"url":"https:\/\/todotrial.com\/tienda\/wp-content\/uploads\/2025\/02\/372-1.png","type":"image\/png"}],"twitter_card":"summary_large_image","schema":{"@context":"https:\/\/schema.org","@graph":[{"@type":"WebPage","@id":"https:\/\/todotrial.com\/tienda\/pinon-fijo-15t-comas\/","url":"https:\/\/todotrial.com\/tienda\/pinon-fijo-15t-comas\/","name":"Pi\u00f1\u00f3n Fijo 15T COMAS - Tienda de todotrial","isPartOf":{"@id":"https:\/\/todotrial.com\/tienda\/#website"},"primaryImageOfPage":{"@id":"https:\/\/todotrial.com\/tienda\/pinon-fijo-15t-comas\/#primaryimage"},"image":{"@id":"https:\/\/todotrial.com\/tienda\/pinon-fijo-15t-comas\/#primaryimage"},"thumbnailUrl":"https:\/\/todotrial.com\/tienda\/wp-content\/uploads\/2025\/02\/372-1.png","datePublished":"2020-12-16T18:13:19+00:00","dateModified":"2025-02-20T13:31:46+00:00","breadcrumb":{"@id":"https:\/\/todotrial.com\/tienda\/pinon-fijo-15t-comas\/#breadcrumb"},"inLanguage":"es","potentialAction":[{"@type":"ReadAction","target":["https:\/\/todotrial.com\/tienda\/pinon-fijo-15t-comas\/"]}]},{"@type":"ImageObject","inLanguage":"es","@id":"https:\/\/todotrial.com\/tienda\/pinon-fijo-15t-comas\/#primaryimage","url":"https:\/\/todotrial.com\/tienda\/wp-content\/uploads\/2025\/02\/372-1.png","contentUrl":"https:\/\/todotrial.com\/tienda\/wp-content\/uploads\/2025\/02\/372-1.png","width":800,"height":800},{"@type":"BreadcrumbList","@id":"https:\/\/todotrial.com\/tienda\/pinon-fijo-15t-comas\/#breadcrumb","itemListElement":[{"@type":"ListItem","position":1,"name":"Portada","item":"https:\/\/todotrial.com\/tienda\/"},{"@type":"ListItem","position":2,"name":"Shop","item":"https:\/\/todotrial.com\/tienda\/shop\/"},{"@type":"ListItem","position":3,"name":"Pi\u00f1\u00f3n Fijo 15T COMAS"}]},{"@type":"WebSite","@id":"https:\/\/todotrial.com\/tienda\/#website","url":"https:\/\/todotrial.com\/tienda\/","name":"Tienda de todotrial","description":"","potentialAction":[{"@type":"SearchAction","target":{"@type":"EntryPoint","urlTemplate":"https:\/\/todotrial.com\/tienda\/?s={search_term_string}"},"query-input":{"@type":"PropertyValueSpecification","valueRequired":true,"valueName":"search_term_string"}}],"inLanguage":"es"}]}},"_links":{"self":[{"href":"https:\/\/todotrial.com\/tienda\/wp-json\/wp\/v2\/product\/29680","targetHints":{"allow":["GET"]}}],"collection":[{"href":"https:\/\/todotrial.com\/tienda\/wp-json\/wp\/v2\/product"}],"about":[{"href":"https:\/\/todotrial.com\/tienda\/wp-json\/wp\/v2\/types\/product"}],"replies":[{"embeddable":true,"href":"https:\/\/todotrial.com\/tienda\/wp-json\/wp\/v2\/comments?post=29680"}],"version-history":[{"count":0,"href":"https:\/\/todotrial.com\/tienda\/wp-json\/wp\/v2\/product\/29680\/revisions"}],"wp:featuredmedia":[{"embeddable":true,"href":"https:\/\/todotrial.com\/tienda\/wp-json\/wp\/v2\/media\/39714"}],"wp:attachment":[{"href":"https:\/\/todotrial.com\/tienda\/wp-json\/wp\/v2\/media?parent=29680"}],"wp:term":[{"taxonomy":"product_brand","embeddable":true,"href":"https:\/\/todotrial.com\/tienda\/wp-json\/wp\/v2\/product_brand?post=29680"},{"taxonomy":"product_cat","embeddable":true,"href":"https:\/\/todotrial.com\/tienda\/wp-json\/wp\/v2\/product_cat?post=29680"},{"taxonomy":"product_tag","embeddable":true,"href":"https:\/\/todotrial.com\/tienda\/wp-json\/wp\/v2\/product_tag?post=29680"}],"curies":[{"name":"wp","href":"https:\/\/api.w.org\/{rel}","templated":true}]}}