{"id":296,"date":"2013-04-10T12:02:21","date_gmt":"2013-04-10T12:02:21","guid":{"rendered":"https:\/\/todotrial.com\/tienda\/product\/amortiguadores-the-magicals-gas-2011-2013\/"},"modified":"2025-04-01T22:06:50","modified_gmt":"2025-04-01T21:06:50","slug":"amortiguadores-the-magicals-gas-2011-2013","status":"publish","type":"product","link":"https:\/\/todotrial.com\/tienda\/amortiguadores-the-magicals-gas-2011-2013\/","title":{"rendered":"Amortiguadores The Magicals GAS 2011-2013"},"content":{"rendered":"<p><span color=\"#000000\" face=\"Arial, Helvetica, sans-serif\" size=\"2\">&#8211; Juego de 2 amortiguadores.<br \/> &#8211; 2 muelles, estriado separado, m\u00e1s r\u00e1pidos y nerviosos.<br \/> &#8211; Gas, r\u00f3tulas en los extremos.<br \/> &#8211; Colores muelles a elegir<\/span><span color=\"#000000\" face=\"Arial, Helvetica, sans-serif\" size=\"2\">&#8211; <\/span><\/p>\n<p><span color=\"#000000\" face=\"Arial, Helvetica, sans-serif\" size=\"2\"><span color=\"#000000\" face=\"Arial, Helvetica, sans-serif\" size=\"2\">&#8211; 340mm: Precio 290 Euros<br \/> &#8211; 350mm: Precio 290 Euros <br \/> &#8211; 360mm: Precio 290 Euros<\/span><\/span><\/p>\n<p><span color=\"#000000\" face=\"Arial, Helvetica, sans-serif\" size=\"2\"><span color=\"#000000\" face=\"Verdana, Arial, Helvetica, sans-serif\" size=\"2\">Los amortiguadores especiales para trial de cl\u00e1sicas The Magicals, est\u00e1n desarrollados por un equipo profesional, en colaboraci\u00f3n con Mick Andrews, para obtener el mejor rendimiento en todo tipo de motos cl\u00e1sicas. <\/span><\/span><\/p>\n<p align=\"left\"><span color=\"#000000\" face=\"Verdana, Arial, Helvetica, sans-serif\" size=\"2\">Estos amortiguadores son ideales para competici\u00f3n en trial de cl\u00e1sicas, al contar con mayor recorrido \u00fatil, doble r\u00f3tula, triple muelle para m\u00e1xima progresividad, precarga ajustable manualmente y con varias opciones de dureza al contar con varias secciones de muelle disponibles.<\/span><\/p>\n<p align=\"left\"><span color=\"#000000\" face=\"Verdana, Arial, Helvetica, sans-serif\" size=\"2\">Adem\u00e1s tambi\u00e9n los muelles se pueden elegir en diferentes colores y grosores para adaptarlos a la decoraci\u00f3n de tu moto. Los amortiguadores The Magicals est\u00e1n disponibles para todos los modelos de cl\u00e1sicas, en longitudes de 360 a 390 mm. Modelos para Pre-65, Ossa, Bultaco, Montesa, Honda, Fantic, etc. <\/span><span color=\"#000000\" face=\"Verdana, Arial, Helvetica, sans-serif\" size=\"2\">Nuevos modelos disponibles.<\/span><\/p>\n<p><span style=\"color: #000000; font-family: Arial,Helvetica,sans-serif; font-size: x-small;\" color=\"#000000\" face=\"Arial, Helvetica, sans-serif\" size=\"2\">&nbsp;<\/span><\/p>\n","protected":false},"excerpt":{"rendered":"<p>Amortiguadores The Magicals GAS 2011-2013<\/p>\n","protected":false},"featured_media":293,"comment_status":"open","ping_status":"closed","template":"","meta":[],"product_brand":[],"product_cat":[15],"product_tag":[],"class_list":{"0":"post-296","1":"product","2":"type-product","3":"status-publish","4":"has-post-thumbnail","6":"product_cat-uncategorized","8":"first","9":"instock","10":"taxable","11":"shipping-taxable","12":"purchasable","13":"product-type-simple"},"yoast_head":"<!-- This site is optimized with the Yoast SEO Premium plugin v21.2 (Yoast SEO v27.3) - https:\/\/yoast.com\/product\/yoast-seo-premium-wordpress\/ -->\n<title>Amortiguadores The Magicals GAS 2011-2013 - Tienda de todotrial<\/title>\n<meta name=\"robots\" content=\"index, follow, max-snippet:-1, max-image-preview:large, max-video-preview:-1\" \/>\n<link rel=\"canonical\" href=\"https:\/\/todotrial.com\/tienda\/amortiguadores-the-magicals-gas-2011-2013\/\" \/>\n<meta property=\"og:locale\" content=\"es_ES\" \/>\n<meta property=\"og:type\" content=\"article\" \/>\n<meta property=\"og:title\" content=\"Amortiguadores The Magicals GAS 2011-2013\" \/>\n<meta property=\"og:description\" content=\"Amortiguadores The Magicals GAS 2011-2013\" \/>\n<meta property=\"og:url\" content=\"https:\/\/todotrial.com\/tienda\/amortiguadores-the-magicals-gas-2011-2013\/\" \/>\n<meta property=\"og:site_name\" content=\"Tienda de todotrial\" \/>\n<meta property=\"article:modified_time\" content=\"2025-04-01T21:06:50+00:00\" \/>\n<meta property=\"og:image\" content=\"https:\/\/todotrial.com\/tienda\/wp-content\/uploads\/2013\/04\/magicals2011.jpg\" \/>\n\t<meta property=\"og:image:width\" content=\"300\" \/>\n\t<meta property=\"og:image:height\" content=\"122\" \/>\n\t<meta property=\"og:image:type\" content=\"image\/jpeg\" \/>\n<meta name=\"twitter:card\" content=\"summary_large_image\" \/>\n<meta name=\"twitter:label1\" content=\"Tiempo de lectura\" \/>\n\t<meta name=\"twitter:data1\" content=\"1 minuto\" \/>\n<script type=\"application\/ld+json\" class=\"yoast-schema-graph\">{\"@context\":\"https:\\\/\\\/schema.org\",\"@graph\":[{\"@type\":\"WebPage\",\"@id\":\"https:\\\/\\\/todotrial.com\\\/tienda\\\/amortiguadores-the-magicals-gas-2011-2013\\\/\",\"url\":\"https:\\\/\\\/todotrial.com\\\/tienda\\\/amortiguadores-the-magicals-gas-2011-2013\\\/\",\"name\":\"Amortiguadores The Magicals GAS 2011-2013 - Tienda de todotrial\",\"isPartOf\":{\"@id\":\"https:\\\/\\\/todotrial.com\\\/tienda\\\/#website\"},\"primaryImageOfPage\":{\"@id\":\"https:\\\/\\\/todotrial.com\\\/tienda\\\/amortiguadores-the-magicals-gas-2011-2013\\\/#primaryimage\"},\"image\":{\"@id\":\"https:\\\/\\\/todotrial.com\\\/tienda\\\/amortiguadores-the-magicals-gas-2011-2013\\\/#primaryimage\"},\"thumbnailUrl\":\"https:\\\/\\\/todotrial.com\\\/tienda\\\/wp-content\\\/uploads\\\/2013\\\/04\\\/magicals2011.jpg\",\"datePublished\":\"2013-04-10T12:02:21+00:00\",\"dateModified\":\"2025-04-01T21:06:50+00:00\",\"breadcrumb\":{\"@id\":\"https:\\\/\\\/todotrial.com\\\/tienda\\\/amortiguadores-the-magicals-gas-2011-2013\\\/#breadcrumb\"},\"inLanguage\":\"es\",\"potentialAction\":[{\"@type\":\"ReadAction\",\"target\":[\"https:\\\/\\\/todotrial.com\\\/tienda\\\/amortiguadores-the-magicals-gas-2011-2013\\\/\"]}]},{\"@type\":\"ImageObject\",\"inLanguage\":\"es\",\"@id\":\"https:\\\/\\\/todotrial.com\\\/tienda\\\/amortiguadores-the-magicals-gas-2011-2013\\\/#primaryimage\",\"url\":\"https:\\\/\\\/todotrial.com\\\/tienda\\\/wp-content\\\/uploads\\\/2013\\\/04\\\/magicals2011.jpg\",\"contentUrl\":\"https:\\\/\\\/todotrial.com\\\/tienda\\\/wp-content\\\/uploads\\\/2013\\\/04\\\/magicals2011.jpg\",\"width\":300,\"height\":122},{\"@type\":\"BreadcrumbList\",\"@id\":\"https:\\\/\\\/todotrial.com\\\/tienda\\\/amortiguadores-the-magicals-gas-2011-2013\\\/#breadcrumb\",\"itemListElement\":[{\"@type\":\"ListItem\",\"position\":1,\"name\":\"Portada\",\"item\":\"https:\\\/\\\/todotrial.com\\\/tienda\\\/\"},{\"@type\":\"ListItem\",\"position\":2,\"name\":\"Shop\",\"item\":\"https:\\\/\\\/todotrial.com\\\/tienda\\\/shop\\\/\"},{\"@type\":\"ListItem\",\"position\":3,\"name\":\"Amortiguadores The Magicals GAS 2011-2013\"}]},{\"@type\":\"WebSite\",\"@id\":\"https:\\\/\\\/todotrial.com\\\/tienda\\\/#website\",\"url\":\"https:\\\/\\\/todotrial.com\\\/tienda\\\/\",\"name\":\"Tienda de todotrial\",\"description\":\"\",\"potentialAction\":[{\"@type\":\"SearchAction\",\"target\":{\"@type\":\"EntryPoint\",\"urlTemplate\":\"https:\\\/\\\/todotrial.com\\\/tienda\\\/?s={search_term_string}\"},\"query-input\":{\"@type\":\"PropertyValueSpecification\",\"valueRequired\":true,\"valueName\":\"search_term_string\"}}],\"inLanguage\":\"es\"}]}<\/script>\n<!-- \/ Yoast SEO Premium plugin. -->","yoast_head_json":{"title":"Amortiguadores The Magicals GAS 2011-2013 - Tienda de todotrial","robots":{"index":"index","follow":"follow","max-snippet":"max-snippet:-1","max-image-preview":"max-image-preview:large","max-video-preview":"max-video-preview:-1"},"canonical":"https:\/\/todotrial.com\/tienda\/amortiguadores-the-magicals-gas-2011-2013\/","og_locale":"es_ES","og_type":"article","og_title":"Amortiguadores The Magicals GAS 2011-2013","og_description":"Amortiguadores The Magicals GAS 2011-2013","og_url":"https:\/\/todotrial.com\/tienda\/amortiguadores-the-magicals-gas-2011-2013\/","og_site_name":"Tienda de todotrial","article_modified_time":"2025-04-01T21:06:50+00:00","og_image":[{"width":300,"height":122,"url":"https:\/\/todotrial.com\/tienda\/wp-content\/uploads\/2013\/04\/magicals2011.jpg","type":"image\/jpeg"}],"twitter_card":"summary_large_image","twitter_misc":{"Tiempo de lectura":"1 minuto"},"schema":{"@context":"https:\/\/schema.org","@graph":[{"@type":"WebPage","@id":"https:\/\/todotrial.com\/tienda\/amortiguadores-the-magicals-gas-2011-2013\/","url":"https:\/\/todotrial.com\/tienda\/amortiguadores-the-magicals-gas-2011-2013\/","name":"Amortiguadores The Magicals GAS 2011-2013 - Tienda de todotrial","isPartOf":{"@id":"https:\/\/todotrial.com\/tienda\/#website"},"primaryImageOfPage":{"@id":"https:\/\/todotrial.com\/tienda\/amortiguadores-the-magicals-gas-2011-2013\/#primaryimage"},"image":{"@id":"https:\/\/todotrial.com\/tienda\/amortiguadores-the-magicals-gas-2011-2013\/#primaryimage"},"thumbnailUrl":"https:\/\/todotrial.com\/tienda\/wp-content\/uploads\/2013\/04\/magicals2011.jpg","datePublished":"2013-04-10T12:02:21+00:00","dateModified":"2025-04-01T21:06:50+00:00","breadcrumb":{"@id":"https:\/\/todotrial.com\/tienda\/amortiguadores-the-magicals-gas-2011-2013\/#breadcrumb"},"inLanguage":"es","potentialAction":[{"@type":"ReadAction","target":["https:\/\/todotrial.com\/tienda\/amortiguadores-the-magicals-gas-2011-2013\/"]}]},{"@type":"ImageObject","inLanguage":"es","@id":"https:\/\/todotrial.com\/tienda\/amortiguadores-the-magicals-gas-2011-2013\/#primaryimage","url":"https:\/\/todotrial.com\/tienda\/wp-content\/uploads\/2013\/04\/magicals2011.jpg","contentUrl":"https:\/\/todotrial.com\/tienda\/wp-content\/uploads\/2013\/04\/magicals2011.jpg","width":300,"height":122},{"@type":"BreadcrumbList","@id":"https:\/\/todotrial.com\/tienda\/amortiguadores-the-magicals-gas-2011-2013\/#breadcrumb","itemListElement":[{"@type":"ListItem","position":1,"name":"Portada","item":"https:\/\/todotrial.com\/tienda\/"},{"@type":"ListItem","position":2,"name":"Shop","item":"https:\/\/todotrial.com\/tienda\/shop\/"},{"@type":"ListItem","position":3,"name":"Amortiguadores The Magicals GAS 2011-2013"}]},{"@type":"WebSite","@id":"https:\/\/todotrial.com\/tienda\/#website","url":"https:\/\/todotrial.com\/tienda\/","name":"Tienda de todotrial","description":"","potentialAction":[{"@type":"SearchAction","target":{"@type":"EntryPoint","urlTemplate":"https:\/\/todotrial.com\/tienda\/?s={search_term_string}"},"query-input":{"@type":"PropertyValueSpecification","valueRequired":true,"valueName":"search_term_string"}}],"inLanguage":"es"}]}},"_links":{"self":[{"href":"https:\/\/todotrial.com\/tienda\/wp-json\/wp\/v2\/product\/296","targetHints":{"allow":["GET"]}}],"collection":[{"href":"https:\/\/todotrial.com\/tienda\/wp-json\/wp\/v2\/product"}],"about":[{"href":"https:\/\/todotrial.com\/tienda\/wp-json\/wp\/v2\/types\/product"}],"replies":[{"embeddable":true,"href":"https:\/\/todotrial.com\/tienda\/wp-json\/wp\/v2\/comments?post=296"}],"version-history":[{"count":1,"href":"https:\/\/todotrial.com\/tienda\/wp-json\/wp\/v2\/product\/296\/revisions"}],"predecessor-version":[{"id":54884,"href":"https:\/\/todotrial.com\/tienda\/wp-json\/wp\/v2\/product\/296\/revisions\/54884"}],"wp:featuredmedia":[{"embeddable":true,"href":"https:\/\/todotrial.com\/tienda\/wp-json\/wp\/v2\/media\/293"}],"wp:attachment":[{"href":"https:\/\/todotrial.com\/tienda\/wp-json\/wp\/v2\/media?parent=296"}],"wp:term":[{"taxonomy":"product_brand","embeddable":true,"href":"https:\/\/todotrial.com\/tienda\/wp-json\/wp\/v2\/product_brand?post=296"},{"taxonomy":"product_cat","embeddable":true,"href":"https:\/\/todotrial.com\/tienda\/wp-json\/wp\/v2\/product_cat?post=296"},{"taxonomy":"product_tag","embeddable":true,"href":"https:\/\/todotrial.com\/tienda\/wp-json\/wp\/v2\/product_tag?post=296"}],"curies":[{"name":"wp","href":"https:\/\/api.w.org\/{rel}","templated":true}]}}