{"id":29331,"date":"2020-12-16T19:00:11","date_gmt":"2020-12-16T18:00:11","guid":{"rendered":"https:\/\/todotrial.com\/tienda\/product\/import-placeholder-for-284\/"},"modified":"2025-11-27T17:52:47","modified_gmt":"2025-11-27T16:52:47","slug":"pantalon-largo-bici-comas","status":"publish","type":"product","link":"https:\/\/todotrial.com\/tienda\/pantalon-largo-bici-comas\/","title":{"rendered":"Pantal\u00f3n Largo Bici COMAS"},"content":{"rendered":"<p><strong>Descripci\u00f3n<\/strong>\u00a0<br \/>&#8211; Pantal\u00f3n t\u00e9cnico largo COMAS para bicicleta con un nuevo y exclusivo dise\u00f1o.<br \/>&#8211; Fabricado en textil 100% poli\u00e9ster SPEEDO\u00a0<br \/>&#8211; Nuevo textil el\u00e1stico en la parte trasera de la pierna que mejora el movimiento y comodidad.<br \/>&#8211; Bolsillos laterales con cierre de cremallera y cintur\u00f3n el\u00e1stico para un ajuste perfecto de la cintura.<br \/>&#8211; Materiales y tejidos de alta calidad con costuras el\u00e1sticas planas.<br \/>&#8211; Rejillas para aumentar el flujo de aire y la ventilaci\u00f3n.<br \/>&#8211; Tejido el\u00e1stico, c\u00f3modo y totalmente transpirable.<br \/>&#8211; Gr\u00e1ficos y decoraci\u00f3n mediante impresi\u00f3n directa de alta calidad y resistencia.<br \/>&#8211; Tallas: S\/M\/L\/XL\/XL\/XXL<br \/><strong>Material<\/strong><br \/>&#8211; 100% SPEEDO poli\u00e9ster\u00a0<br \/><strong>Tallas<\/strong><br \/>&#8211; Compruebe la tabla de tallas y medidas.<br \/><strong>Acabado<\/strong><br \/>&#8211; Color negro con gr\u00e1ficos COMAS en gris.<br \/><strong>Informaci\u00f3n adicional<\/strong><br \/>Siga las instrucciones de lavado. No planchar. Lavar en fr\u00edo<\/p>\n","protected":false},"excerpt":{"rendered":"<p>Color: <strong>Negro<\/strong><\/p>\n<p><em><strong><a href=\"http:\/\/nowtrial.com\/\/wp-content\/uploads\/2019\/03\/camiseta-manga-larga-r18-comas-jpg.png\">Consulta tu talla<\/a><\/strong><\/em><\/p>\n","protected":false},"featured_media":39693,"comment_status":"open","ping_status":"closed","template":"","meta":[],"product_brand":[],"product_cat":[11375,11395,11411,11374],"product_tag":[],"class_list":{"0":"post-29331","1":"product","2":"type-product","3":"status-publish","4":"has-post-thumbnail","6":"product_cat-bici-trial","7":"product_cat-equipacion-bici-trial","8":"product_cat-pantalones","9":"product_cat-raiz","10":"pa_color-negro","12":"first","13":"instock","14":"taxable","15":"shipping-taxable","16":"purchasable","17":"product-type-variable","18":"has-default-attributes"},"yoast_head":"<!-- This site is optimized with the Yoast SEO Premium plugin v21.2 (Yoast SEO v27.3) - https:\/\/yoast.com\/product\/yoast-seo-premium-wordpress\/ -->\n<title>Pantal\u00f3n Largo Bici COMAS - Tienda de todotrial<\/title>\n<meta name=\"robots\" content=\"index, follow, max-snippet:-1, max-image-preview:large, max-video-preview:-1\" \/>\n<link rel=\"canonical\" href=\"https:\/\/todotrial.com\/tienda\/pantalon-largo-bici-comas\/\" \/>\n<meta property=\"og:locale\" content=\"es_ES\" \/>\n<meta property=\"og:type\" content=\"article\" \/>\n<meta property=\"og:title\" content=\"Pantal\u00f3n Largo Bici COMAS\" \/>\n<meta property=\"og:description\" content=\"Color: Negro Consulta tu talla\" \/>\n<meta property=\"og:url\" content=\"https:\/\/todotrial.com\/tienda\/pantalon-largo-bici-comas\/\" \/>\n<meta property=\"og:site_name\" content=\"Tienda de todotrial\" \/>\n<meta property=\"article:modified_time\" content=\"2025-11-27T16:52:47+00:00\" \/>\n<meta property=\"og:image\" content=\"https:\/\/todotrial.com\/tienda\/wp-content\/uploads\/2025\/02\/199-1.png\" \/>\n\t<meta property=\"og:image:width\" content=\"800\" \/>\n\t<meta property=\"og:image:height\" content=\"800\" \/>\n\t<meta property=\"og:image:type\" content=\"image\/png\" \/>\n<meta name=\"twitter:card\" content=\"summary_large_image\" \/>\n<meta name=\"twitter:label1\" content=\"Tiempo de lectura\" \/>\n\t<meta name=\"twitter:data1\" content=\"1 minuto\" \/>\n<script type=\"application\/ld+json\" class=\"yoast-schema-graph\">{\"@context\":\"https:\\\/\\\/schema.org\",\"@graph\":[{\"@type\":\"WebPage\",\"@id\":\"https:\\\/\\\/todotrial.com\\\/tienda\\\/pantalon-largo-bici-comas\\\/\",\"url\":\"https:\\\/\\\/todotrial.com\\\/tienda\\\/pantalon-largo-bici-comas\\\/\",\"name\":\"Pantal\u00f3n Largo Bici COMAS - Tienda de todotrial\",\"isPartOf\":{\"@id\":\"https:\\\/\\\/todotrial.com\\\/tienda\\\/#website\"},\"primaryImageOfPage\":{\"@id\":\"https:\\\/\\\/todotrial.com\\\/tienda\\\/pantalon-largo-bici-comas\\\/#primaryimage\"},\"image\":{\"@id\":\"https:\\\/\\\/todotrial.com\\\/tienda\\\/pantalon-largo-bici-comas\\\/#primaryimage\"},\"thumbnailUrl\":\"https:\\\/\\\/todotrial.com\\\/tienda\\\/wp-content\\\/uploads\\\/2025\\\/02\\\/199-1.png\",\"datePublished\":\"2020-12-16T18:00:11+00:00\",\"dateModified\":\"2025-11-27T16:52:47+00:00\",\"breadcrumb\":{\"@id\":\"https:\\\/\\\/todotrial.com\\\/tienda\\\/pantalon-largo-bici-comas\\\/#breadcrumb\"},\"inLanguage\":\"es\",\"potentialAction\":[{\"@type\":\"ReadAction\",\"target\":[\"https:\\\/\\\/todotrial.com\\\/tienda\\\/pantalon-largo-bici-comas\\\/\"]}]},{\"@type\":\"ImageObject\",\"inLanguage\":\"es\",\"@id\":\"https:\\\/\\\/todotrial.com\\\/tienda\\\/pantalon-largo-bici-comas\\\/#primaryimage\",\"url\":\"https:\\\/\\\/todotrial.com\\\/tienda\\\/wp-content\\\/uploads\\\/2025\\\/02\\\/199-1.png\",\"contentUrl\":\"https:\\\/\\\/todotrial.com\\\/tienda\\\/wp-content\\\/uploads\\\/2025\\\/02\\\/199-1.png\",\"width\":800,\"height\":800},{\"@type\":\"BreadcrumbList\",\"@id\":\"https:\\\/\\\/todotrial.com\\\/tienda\\\/pantalon-largo-bici-comas\\\/#breadcrumb\",\"itemListElement\":[{\"@type\":\"ListItem\",\"position\":1,\"name\":\"Portada\",\"item\":\"https:\\\/\\\/todotrial.com\\\/tienda\\\/\"},{\"@type\":\"ListItem\",\"position\":2,\"name\":\"Shop\",\"item\":\"https:\\\/\\\/todotrial.com\\\/tienda\\\/shop\\\/\"},{\"@type\":\"ListItem\",\"position\":3,\"name\":\"Pantal\u00f3n Largo Bici COMAS\"}]},{\"@type\":\"WebSite\",\"@id\":\"https:\\\/\\\/todotrial.com\\\/tienda\\\/#website\",\"url\":\"https:\\\/\\\/todotrial.com\\\/tienda\\\/\",\"name\":\"Tienda de todotrial\",\"description\":\"\",\"potentialAction\":[{\"@type\":\"SearchAction\",\"target\":{\"@type\":\"EntryPoint\",\"urlTemplate\":\"https:\\\/\\\/todotrial.com\\\/tienda\\\/?s={search_term_string}\"},\"query-input\":{\"@type\":\"PropertyValueSpecification\",\"valueRequired\":true,\"valueName\":\"search_term_string\"}}],\"inLanguage\":\"es\"}]}<\/script>\n<!-- \/ Yoast SEO Premium plugin. -->","yoast_head_json":{"title":"Pantal\u00f3n Largo Bici COMAS - Tienda de todotrial","robots":{"index":"index","follow":"follow","max-snippet":"max-snippet:-1","max-image-preview":"max-image-preview:large","max-video-preview":"max-video-preview:-1"},"canonical":"https:\/\/todotrial.com\/tienda\/pantalon-largo-bici-comas\/","og_locale":"es_ES","og_type":"article","og_title":"Pantal\u00f3n Largo Bici COMAS","og_description":"Color: Negro Consulta tu talla","og_url":"https:\/\/todotrial.com\/tienda\/pantalon-largo-bici-comas\/","og_site_name":"Tienda de todotrial","article_modified_time":"2025-11-27T16:52:47+00:00","og_image":[{"width":800,"height":800,"url":"https:\/\/todotrial.com\/tienda\/wp-content\/uploads\/2025\/02\/199-1.png","type":"image\/png"}],"twitter_card":"summary_large_image","twitter_misc":{"Tiempo de lectura":"1 minuto"},"schema":{"@context":"https:\/\/schema.org","@graph":[{"@type":"WebPage","@id":"https:\/\/todotrial.com\/tienda\/pantalon-largo-bici-comas\/","url":"https:\/\/todotrial.com\/tienda\/pantalon-largo-bici-comas\/","name":"Pantal\u00f3n Largo Bici COMAS - Tienda de todotrial","isPartOf":{"@id":"https:\/\/todotrial.com\/tienda\/#website"},"primaryImageOfPage":{"@id":"https:\/\/todotrial.com\/tienda\/pantalon-largo-bici-comas\/#primaryimage"},"image":{"@id":"https:\/\/todotrial.com\/tienda\/pantalon-largo-bici-comas\/#primaryimage"},"thumbnailUrl":"https:\/\/todotrial.com\/tienda\/wp-content\/uploads\/2025\/02\/199-1.png","datePublished":"2020-12-16T18:00:11+00:00","dateModified":"2025-11-27T16:52:47+00:00","breadcrumb":{"@id":"https:\/\/todotrial.com\/tienda\/pantalon-largo-bici-comas\/#breadcrumb"},"inLanguage":"es","potentialAction":[{"@type":"ReadAction","target":["https:\/\/todotrial.com\/tienda\/pantalon-largo-bici-comas\/"]}]},{"@type":"ImageObject","inLanguage":"es","@id":"https:\/\/todotrial.com\/tienda\/pantalon-largo-bici-comas\/#primaryimage","url":"https:\/\/todotrial.com\/tienda\/wp-content\/uploads\/2025\/02\/199-1.png","contentUrl":"https:\/\/todotrial.com\/tienda\/wp-content\/uploads\/2025\/02\/199-1.png","width":800,"height":800},{"@type":"BreadcrumbList","@id":"https:\/\/todotrial.com\/tienda\/pantalon-largo-bici-comas\/#breadcrumb","itemListElement":[{"@type":"ListItem","position":1,"name":"Portada","item":"https:\/\/todotrial.com\/tienda\/"},{"@type":"ListItem","position":2,"name":"Shop","item":"https:\/\/todotrial.com\/tienda\/shop\/"},{"@type":"ListItem","position":3,"name":"Pantal\u00f3n Largo Bici COMAS"}]},{"@type":"WebSite","@id":"https:\/\/todotrial.com\/tienda\/#website","url":"https:\/\/todotrial.com\/tienda\/","name":"Tienda de todotrial","description":"","potentialAction":[{"@type":"SearchAction","target":{"@type":"EntryPoint","urlTemplate":"https:\/\/todotrial.com\/tienda\/?s={search_term_string}"},"query-input":{"@type":"PropertyValueSpecification","valueRequired":true,"valueName":"search_term_string"}}],"inLanguage":"es"}]}},"_links":{"self":[{"href":"https:\/\/todotrial.com\/tienda\/wp-json\/wp\/v2\/product\/29331","targetHints":{"allow":["GET"]}}],"collection":[{"href":"https:\/\/todotrial.com\/tienda\/wp-json\/wp\/v2\/product"}],"about":[{"href":"https:\/\/todotrial.com\/tienda\/wp-json\/wp\/v2\/types\/product"}],"replies":[{"embeddable":true,"href":"https:\/\/todotrial.com\/tienda\/wp-json\/wp\/v2\/comments?post=29331"}],"version-history":[{"count":0,"href":"https:\/\/todotrial.com\/tienda\/wp-json\/wp\/v2\/product\/29331\/revisions"}],"wp:featuredmedia":[{"embeddable":true,"href":"https:\/\/todotrial.com\/tienda\/wp-json\/wp\/v2\/media\/39693"}],"wp:attachment":[{"href":"https:\/\/todotrial.com\/tienda\/wp-json\/wp\/v2\/media?parent=29331"}],"wp:term":[{"taxonomy":"product_brand","embeddable":true,"href":"https:\/\/todotrial.com\/tienda\/wp-json\/wp\/v2\/product_brand?post=29331"},{"taxonomy":"product_cat","embeddable":true,"href":"https:\/\/todotrial.com\/tienda\/wp-json\/wp\/v2\/product_cat?post=29331"},{"taxonomy":"product_tag","embeddable":true,"href":"https:\/\/todotrial.com\/tienda\/wp-json\/wp\/v2\/product_tag?post=29331"}],"curies":[{"name":"wp","href":"https:\/\/api.w.org\/{rel}","templated":true}]}}