{"id":29318,"date":"2020-12-16T18:59:43","date_gmt":"2020-12-16T17:59:43","guid":{"rendered":"https:\/\/todotrial.com\/tienda\/product\/import-placeholder-for-244\/"},"modified":"2025-02-20T14:31:09","modified_gmt":"2025-02-20T13:31:09","slug":"cuadro-comas-970r1-20","status":"publish","type":"product","link":"https:\/\/todotrial.com\/tienda\/cuadro-comas-970r1-20\/","title":{"rendered":"Cuadro COMAS 970R1 20&#8243;"},"content":{"rendered":"<p><strong>Descripci\u00f3n<\/strong>\u00a0<br \/>&#8211; Cuadro de trial de 20\u201dcon dise\u00f1o y geometr\u00eda exclusiva 100% COMAS y tubo de direcci\u00f3n c\u00f3nico aligerado de 1-1\/8\u201d a 1.5\u201d<br \/>&#8211; Fabricado en aluminio 6082-T6 de alta calidad y con tubos de espesor variable en toda su longitud.<br \/>&#8211; Tubo superior de secci\u00f3n triangular con lo que se aumenta el m\u00f3dulo resistente del conjunto.<br \/>&#8211; Tubo inferior con curva optimizada para evitar posibles colisiones y facilitar el paso en los obst\u00e1culos.<br \/>&#8211; Dise\u00f1o bi-tubo en la conexi\u00f3n del tri\u00e1ngulo superior con el pedalier.<br \/>&#8211; El tubo de pedalier aligerado se integra en una sola pieza mecanizada junto al refuerzo de uni\u00f3n con las vainas.<br \/>&#8211; Vainas oversized de secci\u00f3n rectangular que le otorgan una construcci\u00f3n robusta y fiable.<br \/>&#8211; Incorpora bridge de refuerzo transversal en los tirantes superiores .<br \/>&#8211; Punteras mecanizadas CNC en una sola pieza de alta precisi\u00f3n dise\u00f1adas para utilizar tensores tipo exc\u00e9ntrica.<br \/>&#8211; La puntera izquierda integra el soporte de freno de disco Post Mount y refuerzo longitudinal reposicionado en el chasis<br \/>\u00a0 \u00a0consiguiendo una resistencia y rigidez muy superior a otro tipo de soportes soldados.<br \/>&#8211; Ancho entre punteras de 116mm, compatible con la gran mayor\u00eda de bujes del mercado.<br \/>&#8211; No incorpora soportes para placa protectora.<br \/><strong>Material<\/strong><br \/>&#8211; Aluminio 6082-T6<br \/><strong>Geometr\u00eda<\/strong><br \/>&#8211; WD: 116mm<br \/>&#8211; BB: 68mm \/ 1.37x24t<br \/>&#8211; HT: 120mm \/ 1-1\/8\u201d a 1,5\u201d<br \/>&#8211; FC: 970mm<br \/>&#8211; RC: 350mm<br \/>&#8211; BH: +85mm<br \/>&#8211; HA: 72\u00ba<br \/>&#8211; OFF: 40mm<br \/><strong>Color<\/strong><br \/>&#8211; Negro anodizado con gr\u00e1ficos COMAS en color blanco, negro y rojo.<br \/><strong>Peso<\/strong><br \/>&#8211; 1,500kg<\/p>\n","protected":false},"excerpt":{"rendered":"<p><strong>Material: Aluminio 6082-T6<\/strong><\/p>\n","protected":false},"featured_media":39686,"comment_status":"open","ping_status":"closed","template":"","meta":[],"product_brand":[],"product_cat":[11375,11403,11376,11374],"product_tag":[],"class_list":{"0":"post-29318","1":"product","2":"type-product","3":"status-publish","4":"has-post-thumbnail","6":"product_cat-bici-trial","7":"product_cat-cuadros","8":"product_cat-piezas","9":"product_cat-raiz","11":"first","12":"instock","13":"taxable","14":"shipping-taxable","15":"product-type-variable"},"yoast_head":"<!-- This site is optimized with the Yoast SEO Premium plugin v21.2 (Yoast SEO v27.4) - https:\/\/yoast.com\/product\/yoast-seo-premium-wordpress\/ -->\n<title>Cuadro COMAS 970R1 20&quot; - Tienda de todotrial<\/title>\n<meta name=\"robots\" content=\"index, follow, max-snippet:-1, max-image-preview:large, max-video-preview:-1\" \/>\n<link rel=\"canonical\" href=\"https:\/\/todotrial.com\/tienda\/cuadro-comas-970r1-20\/\" \/>\n<meta property=\"og:locale\" content=\"es_ES\" \/>\n<meta property=\"og:type\" content=\"article\" \/>\n<meta property=\"og:title\" content=\"Cuadro COMAS 970R1 20&quot;\" \/>\n<meta property=\"og:description\" content=\"Material: Aluminio 6082-T6\" \/>\n<meta property=\"og:url\" content=\"https:\/\/todotrial.com\/tienda\/cuadro-comas-970r1-20\/\" \/>\n<meta property=\"og:site_name\" content=\"Tienda de todotrial\" \/>\n<meta property=\"article:modified_time\" content=\"2025-02-20T13:31:09+00:00\" \/>\n<meta property=\"og:image\" content=\"https:\/\/todotrial.com\/tienda\/wp-content\/uploads\/2025\/02\/165-1.png\" \/>\n\t<meta property=\"og:image:width\" content=\"800\" \/>\n\t<meta property=\"og:image:height\" content=\"800\" \/>\n\t<meta property=\"og:image:type\" content=\"image\/png\" \/>\n<meta name=\"twitter:card\" content=\"summary_large_image\" \/>\n<meta name=\"twitter:label1\" content=\"Tiempo de lectura\" \/>\n\t<meta name=\"twitter:data1\" content=\"1 minuto\" \/>\n<script type=\"application\/ld+json\" class=\"yoast-schema-graph\">{\"@context\":\"https:\\\/\\\/schema.org\",\"@graph\":[{\"@type\":\"WebPage\",\"@id\":\"https:\\\/\\\/todotrial.com\\\/tienda\\\/cuadro-comas-970r1-20\\\/\",\"url\":\"https:\\\/\\\/todotrial.com\\\/tienda\\\/cuadro-comas-970r1-20\\\/\",\"name\":\"Cuadro COMAS 970R1 20\\\" - Tienda de todotrial\",\"isPartOf\":{\"@id\":\"https:\\\/\\\/todotrial.com\\\/tienda\\\/#website\"},\"primaryImageOfPage\":{\"@id\":\"https:\\\/\\\/todotrial.com\\\/tienda\\\/cuadro-comas-970r1-20\\\/#primaryimage\"},\"image\":{\"@id\":\"https:\\\/\\\/todotrial.com\\\/tienda\\\/cuadro-comas-970r1-20\\\/#primaryimage\"},\"thumbnailUrl\":\"https:\\\/\\\/todotrial.com\\\/tienda\\\/wp-content\\\/uploads\\\/2025\\\/02\\\/165-1.png\",\"datePublished\":\"2020-12-16T17:59:43+00:00\",\"dateModified\":\"2025-02-20T13:31:09+00:00\",\"breadcrumb\":{\"@id\":\"https:\\\/\\\/todotrial.com\\\/tienda\\\/cuadro-comas-970r1-20\\\/#breadcrumb\"},\"inLanguage\":\"es\",\"potentialAction\":[{\"@type\":\"ReadAction\",\"target\":[\"https:\\\/\\\/todotrial.com\\\/tienda\\\/cuadro-comas-970r1-20\\\/\"]}]},{\"@type\":\"ImageObject\",\"inLanguage\":\"es\",\"@id\":\"https:\\\/\\\/todotrial.com\\\/tienda\\\/cuadro-comas-970r1-20\\\/#primaryimage\",\"url\":\"https:\\\/\\\/todotrial.com\\\/tienda\\\/wp-content\\\/uploads\\\/2025\\\/02\\\/165-1.png\",\"contentUrl\":\"https:\\\/\\\/todotrial.com\\\/tienda\\\/wp-content\\\/uploads\\\/2025\\\/02\\\/165-1.png\",\"width\":800,\"height\":800},{\"@type\":\"BreadcrumbList\",\"@id\":\"https:\\\/\\\/todotrial.com\\\/tienda\\\/cuadro-comas-970r1-20\\\/#breadcrumb\",\"itemListElement\":[{\"@type\":\"ListItem\",\"position\":1,\"name\":\"Portada\",\"item\":\"https:\\\/\\\/todotrial.com\\\/tienda\\\/\"},{\"@type\":\"ListItem\",\"position\":2,\"name\":\"Shop\",\"item\":\"https:\\\/\\\/todotrial.com\\\/tienda\\\/shop\\\/\"},{\"@type\":\"ListItem\",\"position\":3,\"name\":\"Cuadro COMAS 970R1 20&#8243;\"}]},{\"@type\":\"WebSite\",\"@id\":\"https:\\\/\\\/todotrial.com\\\/tienda\\\/#website\",\"url\":\"https:\\\/\\\/todotrial.com\\\/tienda\\\/\",\"name\":\"Tienda de todotrial\",\"description\":\"\",\"potentialAction\":[{\"@type\":\"SearchAction\",\"target\":{\"@type\":\"EntryPoint\",\"urlTemplate\":\"https:\\\/\\\/todotrial.com\\\/tienda\\\/?s={search_term_string}\"},\"query-input\":{\"@type\":\"PropertyValueSpecification\",\"valueRequired\":true,\"valueName\":\"search_term_string\"}}],\"inLanguage\":\"es\"}]}<\/script>\n<!-- \/ Yoast SEO Premium plugin. -->","yoast_head_json":{"title":"Cuadro COMAS 970R1 20\" - Tienda de todotrial","robots":{"index":"index","follow":"follow","max-snippet":"max-snippet:-1","max-image-preview":"max-image-preview:large","max-video-preview":"max-video-preview:-1"},"canonical":"https:\/\/todotrial.com\/tienda\/cuadro-comas-970r1-20\/","og_locale":"es_ES","og_type":"article","og_title":"Cuadro COMAS 970R1 20\"","og_description":"Material: Aluminio 6082-T6","og_url":"https:\/\/todotrial.com\/tienda\/cuadro-comas-970r1-20\/","og_site_name":"Tienda de todotrial","article_modified_time":"2025-02-20T13:31:09+00:00","og_image":[{"width":800,"height":800,"url":"https:\/\/todotrial.com\/tienda\/wp-content\/uploads\/2025\/02\/165-1.png","type":"image\/png"}],"twitter_card":"summary_large_image","twitter_misc":{"Tiempo de lectura":"1 minuto"},"schema":{"@context":"https:\/\/schema.org","@graph":[{"@type":"WebPage","@id":"https:\/\/todotrial.com\/tienda\/cuadro-comas-970r1-20\/","url":"https:\/\/todotrial.com\/tienda\/cuadro-comas-970r1-20\/","name":"Cuadro COMAS 970R1 20\" - Tienda de todotrial","isPartOf":{"@id":"https:\/\/todotrial.com\/tienda\/#website"},"primaryImageOfPage":{"@id":"https:\/\/todotrial.com\/tienda\/cuadro-comas-970r1-20\/#primaryimage"},"image":{"@id":"https:\/\/todotrial.com\/tienda\/cuadro-comas-970r1-20\/#primaryimage"},"thumbnailUrl":"https:\/\/todotrial.com\/tienda\/wp-content\/uploads\/2025\/02\/165-1.png","datePublished":"2020-12-16T17:59:43+00:00","dateModified":"2025-02-20T13:31:09+00:00","breadcrumb":{"@id":"https:\/\/todotrial.com\/tienda\/cuadro-comas-970r1-20\/#breadcrumb"},"inLanguage":"es","potentialAction":[{"@type":"ReadAction","target":["https:\/\/todotrial.com\/tienda\/cuadro-comas-970r1-20\/"]}]},{"@type":"ImageObject","inLanguage":"es","@id":"https:\/\/todotrial.com\/tienda\/cuadro-comas-970r1-20\/#primaryimage","url":"https:\/\/todotrial.com\/tienda\/wp-content\/uploads\/2025\/02\/165-1.png","contentUrl":"https:\/\/todotrial.com\/tienda\/wp-content\/uploads\/2025\/02\/165-1.png","width":800,"height":800},{"@type":"BreadcrumbList","@id":"https:\/\/todotrial.com\/tienda\/cuadro-comas-970r1-20\/#breadcrumb","itemListElement":[{"@type":"ListItem","position":1,"name":"Portada","item":"https:\/\/todotrial.com\/tienda\/"},{"@type":"ListItem","position":2,"name":"Shop","item":"https:\/\/todotrial.com\/tienda\/shop\/"},{"@type":"ListItem","position":3,"name":"Cuadro COMAS 970R1 20&#8243;"}]},{"@type":"WebSite","@id":"https:\/\/todotrial.com\/tienda\/#website","url":"https:\/\/todotrial.com\/tienda\/","name":"Tienda de todotrial","description":"","potentialAction":[{"@type":"SearchAction","target":{"@type":"EntryPoint","urlTemplate":"https:\/\/todotrial.com\/tienda\/?s={search_term_string}"},"query-input":{"@type":"PropertyValueSpecification","valueRequired":true,"valueName":"search_term_string"}}],"inLanguage":"es"}]}},"_links":{"self":[{"href":"https:\/\/todotrial.com\/tienda\/wp-json\/wp\/v2\/product\/29318","targetHints":{"allow":["GET"]}}],"collection":[{"href":"https:\/\/todotrial.com\/tienda\/wp-json\/wp\/v2\/product"}],"about":[{"href":"https:\/\/todotrial.com\/tienda\/wp-json\/wp\/v2\/types\/product"}],"replies":[{"embeddable":true,"href":"https:\/\/todotrial.com\/tienda\/wp-json\/wp\/v2\/comments?post=29318"}],"version-history":[{"count":0,"href":"https:\/\/todotrial.com\/tienda\/wp-json\/wp\/v2\/product\/29318\/revisions"}],"wp:featuredmedia":[{"embeddable":true,"href":"https:\/\/todotrial.com\/tienda\/wp-json\/wp\/v2\/media\/39686"}],"wp:attachment":[{"href":"https:\/\/todotrial.com\/tienda\/wp-json\/wp\/v2\/media?parent=29318"}],"wp:term":[{"taxonomy":"product_brand","embeddable":true,"href":"https:\/\/todotrial.com\/tienda\/wp-json\/wp\/v2\/product_brand?post=29318"},{"taxonomy":"product_cat","embeddable":true,"href":"https:\/\/todotrial.com\/tienda\/wp-json\/wp\/v2\/product_cat?post=29318"},{"taxonomy":"product_tag","embeddable":true,"href":"https:\/\/todotrial.com\/tienda\/wp-json\/wp\/v2\/product_tag?post=29318"}],"curies":[{"name":"wp","href":"https:\/\/api.w.org\/{rel}","templated":true}]}}