{"id":29214,"date":"2020-12-16T18:55:35","date_gmt":"2020-12-16T17:55:35","guid":{"rendered":"https:\/\/todotrial.com\/tienda\/product\/import-placeholder-for-166\/"},"modified":"2025-02-18T08:41:01","modified_gmt":"2025-02-18T07:41:01","slug":"kit-pro-rider-4-discos-embrague-kevlar-xiu-rdi","status":"publish","type":"product","link":"https:\/\/todotrial.com\/tienda\/kit-pro-rider-4-discos-embrague-kevlar-xiu-rdi\/","title":{"rendered":"Kit PRO RIDER 4 Discos Embrague Kevlar XIU-RDI"},"content":{"rendered":"<p><strong>Informaci\u00f3n t\u00e9cnica.\u00a0<\/strong><\/p>\n<p style=\"font-size:13px;\">Este kit especial, est\u00e1 dise\u00f1ado para ofrecer el control de par m\u00e1ximo de su motor. Utilizando discos de acero muy especiales, 1,00 mm, hechas con corte de alambre, combinado con nuestros compuestos de Kevlar.<\/p>\n<p style=\"font-size:13px;\">Se puede montar en el cubo original del embrague y en el resto de los componentes. Debido al uso de m\u00e1s discos, este kit puede transferir mucho m\u00e1s par y calor. Tambi\u00e9n hace que sea m\u00e1s f\u00e1cil enfriar los discos a trav\u00e9s de un mayor flujo de aceite.<\/p>\n<p style=\"font-size:13px;\"><b>Aplicaci\u00f3n:<\/b><\/p>\n<p style=\"font-size:13px;\">&#8211; GasGas TXT 125\/250\/280\/300.\u00a0<\/p>\n<ul>\n<li style=\"font-size:13px;\">Sustituye referencia OEM: MT280432055.<\/li>\n<\/ul>\n<p style=\"font-size:13px;\">&#8211; Sherco 250\/280\/300 &lt;2017<\/p>\n<ul>\n<li style=\"font-size:13px;\">Sustituye referencia OEM: M080 + M081 + 4046<\/li>\n<\/ul>\n<p style=\"font-size:13px;\">&#8211; TRS ONE 250\/280\/300.<\/p>\n<ul>\n<li style=\"font-size:13px;\">Sustituye referencia OEM: 05007MT100 + 05008MT100<\/li>\n<\/ul>\n<p style=\"font-size:13px;\">&#8211; JOTAGAS 250\/280\/300.<\/p>\n<ul>\n<li style=\"font-size:13px;\">Sustituye referencia OEM: T30MC02020.<\/li>\n<\/ul>\n","protected":false},"excerpt":{"rendered":"<p><strong>VERSION PRO RIDER 4 DISCOS.\u00a0Paquete completo<\/strong><\/p>\n","protected":false},"featured_media":39668,"comment_status":"open","ping_status":"closed","template":"","meta":[],"product_brand":[],"product_cat":[11398,11384,11397,11385,11374],"product_tag":[],"class_list":{"0":"post-29214","1":"product","2":"type-product","3":"status-publish","4":"has-post-thumbnail","6":"product_cat-embragues","7":"product_cat-moto","8":"product_cat-motor-piezas-moto","9":"product_cat-piezas-moto","10":"product_cat-raiz","12":"first","13":"instock","14":"sale","15":"taxable","16":"shipping-taxable","17":"purchasable","18":"product-type-variable","19":"has-default-attributes"},"yoast_head":"<!-- This site is optimized with the Yoast SEO Premium plugin v21.2 (Yoast SEO v27.3) - https:\/\/yoast.com\/product\/yoast-seo-premium-wordpress\/ -->\n<title>Kit PRO RIDER 4 Discos Embrague Kevlar XIU-RDI - Tienda de todotrial<\/title>\n<meta name=\"robots\" content=\"index, follow, max-snippet:-1, max-image-preview:large, max-video-preview:-1\" \/>\n<link rel=\"canonical\" href=\"https:\/\/todotrial.com\/tienda\/kit-pro-rider-4-discos-embrague-kevlar-xiu-rdi\/\" \/>\n<meta property=\"og:locale\" content=\"es_ES\" \/>\n<meta property=\"og:type\" content=\"article\" \/>\n<meta property=\"og:title\" content=\"Kit PRO RIDER 4 Discos Embrague Kevlar XIU-RDI\" \/>\n<meta property=\"og:description\" content=\"VERSION PRO RIDER 4 DISCOS.\u00a0Paquete completo\" \/>\n<meta property=\"og:url\" content=\"https:\/\/todotrial.com\/tienda\/kit-pro-rider-4-discos-embrague-kevlar-xiu-rdi\/\" \/>\n<meta property=\"og:site_name\" content=\"Tienda de todotrial\" \/>\n<meta property=\"article:modified_time\" content=\"2025-02-18T07:41:01+00:00\" \/>\n<meta property=\"og:image\" content=\"https:\/\/todotrial.com\/tienda\/wp-content\/uploads\/2025\/02\/97-1.jpg\" \/>\n\t<meta property=\"og:image:width\" content=\"800\" \/>\n\t<meta property=\"og:image:height\" content=\"799\" \/>\n\t<meta property=\"og:image:type\" content=\"image\/jpeg\" \/>\n<meta name=\"twitter:card\" content=\"summary_large_image\" \/>\n<meta name=\"twitter:label1\" content=\"Tiempo de lectura\" \/>\n\t<meta name=\"twitter:data1\" content=\"1 minuto\" \/>\n<script type=\"application\/ld+json\" class=\"yoast-schema-graph\">{\"@context\":\"https:\\\/\\\/schema.org\",\"@graph\":[{\"@type\":\"WebPage\",\"@id\":\"https:\\\/\\\/todotrial.com\\\/tienda\\\/kit-pro-rider-4-discos-embrague-kevlar-xiu-rdi\\\/\",\"url\":\"https:\\\/\\\/todotrial.com\\\/tienda\\\/kit-pro-rider-4-discos-embrague-kevlar-xiu-rdi\\\/\",\"name\":\"Kit PRO RIDER 4 Discos Embrague Kevlar XIU-RDI - Tienda de todotrial\",\"isPartOf\":{\"@id\":\"https:\\\/\\\/todotrial.com\\\/tienda\\\/#website\"},\"primaryImageOfPage\":{\"@id\":\"https:\\\/\\\/todotrial.com\\\/tienda\\\/kit-pro-rider-4-discos-embrague-kevlar-xiu-rdi\\\/#primaryimage\"},\"image\":{\"@id\":\"https:\\\/\\\/todotrial.com\\\/tienda\\\/kit-pro-rider-4-discos-embrague-kevlar-xiu-rdi\\\/#primaryimage\"},\"thumbnailUrl\":\"https:\\\/\\\/todotrial.com\\\/tienda\\\/wp-content\\\/uploads\\\/2025\\\/02\\\/97-1.jpg\",\"datePublished\":\"2020-12-16T17:55:35+00:00\",\"dateModified\":\"2025-02-18T07:41:01+00:00\",\"breadcrumb\":{\"@id\":\"https:\\\/\\\/todotrial.com\\\/tienda\\\/kit-pro-rider-4-discos-embrague-kevlar-xiu-rdi\\\/#breadcrumb\"},\"inLanguage\":\"es\",\"potentialAction\":[{\"@type\":\"ReadAction\",\"target\":[\"https:\\\/\\\/todotrial.com\\\/tienda\\\/kit-pro-rider-4-discos-embrague-kevlar-xiu-rdi\\\/\"]}]},{\"@type\":\"ImageObject\",\"inLanguage\":\"es\",\"@id\":\"https:\\\/\\\/todotrial.com\\\/tienda\\\/kit-pro-rider-4-discos-embrague-kevlar-xiu-rdi\\\/#primaryimage\",\"url\":\"https:\\\/\\\/todotrial.com\\\/tienda\\\/wp-content\\\/uploads\\\/2025\\\/02\\\/97-1.jpg\",\"contentUrl\":\"https:\\\/\\\/todotrial.com\\\/tienda\\\/wp-content\\\/uploads\\\/2025\\\/02\\\/97-1.jpg\",\"width\":800,\"height\":799},{\"@type\":\"BreadcrumbList\",\"@id\":\"https:\\\/\\\/todotrial.com\\\/tienda\\\/kit-pro-rider-4-discos-embrague-kevlar-xiu-rdi\\\/#breadcrumb\",\"itemListElement\":[{\"@type\":\"ListItem\",\"position\":1,\"name\":\"Portada\",\"item\":\"https:\\\/\\\/todotrial.com\\\/tienda\\\/\"},{\"@type\":\"ListItem\",\"position\":2,\"name\":\"Shop\",\"item\":\"https:\\\/\\\/todotrial.com\\\/tienda\\\/shop\\\/\"},{\"@type\":\"ListItem\",\"position\":3,\"name\":\"Kit PRO RIDER 4 Discos Embrague Kevlar XIU-RDI\"}]},{\"@type\":\"WebSite\",\"@id\":\"https:\\\/\\\/todotrial.com\\\/tienda\\\/#website\",\"url\":\"https:\\\/\\\/todotrial.com\\\/tienda\\\/\",\"name\":\"Tienda de todotrial\",\"description\":\"\",\"potentialAction\":[{\"@type\":\"SearchAction\",\"target\":{\"@type\":\"EntryPoint\",\"urlTemplate\":\"https:\\\/\\\/todotrial.com\\\/tienda\\\/?s={search_term_string}\"},\"query-input\":{\"@type\":\"PropertyValueSpecification\",\"valueRequired\":true,\"valueName\":\"search_term_string\"}}],\"inLanguage\":\"es\"}]}<\/script>\n<!-- \/ Yoast SEO Premium plugin. -->","yoast_head_json":{"title":"Kit PRO RIDER 4 Discos Embrague Kevlar XIU-RDI - Tienda de todotrial","robots":{"index":"index","follow":"follow","max-snippet":"max-snippet:-1","max-image-preview":"max-image-preview:large","max-video-preview":"max-video-preview:-1"},"canonical":"https:\/\/todotrial.com\/tienda\/kit-pro-rider-4-discos-embrague-kevlar-xiu-rdi\/","og_locale":"es_ES","og_type":"article","og_title":"Kit PRO RIDER 4 Discos Embrague Kevlar XIU-RDI","og_description":"VERSION PRO RIDER 4 DISCOS.\u00a0Paquete completo","og_url":"https:\/\/todotrial.com\/tienda\/kit-pro-rider-4-discos-embrague-kevlar-xiu-rdi\/","og_site_name":"Tienda de todotrial","article_modified_time":"2025-02-18T07:41:01+00:00","og_image":[{"width":800,"height":799,"url":"https:\/\/todotrial.com\/tienda\/wp-content\/uploads\/2025\/02\/97-1.jpg","type":"image\/jpeg"}],"twitter_card":"summary_large_image","twitter_misc":{"Tiempo de lectura":"1 minuto"},"schema":{"@context":"https:\/\/schema.org","@graph":[{"@type":"WebPage","@id":"https:\/\/todotrial.com\/tienda\/kit-pro-rider-4-discos-embrague-kevlar-xiu-rdi\/","url":"https:\/\/todotrial.com\/tienda\/kit-pro-rider-4-discos-embrague-kevlar-xiu-rdi\/","name":"Kit PRO RIDER 4 Discos Embrague Kevlar XIU-RDI - Tienda de todotrial","isPartOf":{"@id":"https:\/\/todotrial.com\/tienda\/#website"},"primaryImageOfPage":{"@id":"https:\/\/todotrial.com\/tienda\/kit-pro-rider-4-discos-embrague-kevlar-xiu-rdi\/#primaryimage"},"image":{"@id":"https:\/\/todotrial.com\/tienda\/kit-pro-rider-4-discos-embrague-kevlar-xiu-rdi\/#primaryimage"},"thumbnailUrl":"https:\/\/todotrial.com\/tienda\/wp-content\/uploads\/2025\/02\/97-1.jpg","datePublished":"2020-12-16T17:55:35+00:00","dateModified":"2025-02-18T07:41:01+00:00","breadcrumb":{"@id":"https:\/\/todotrial.com\/tienda\/kit-pro-rider-4-discos-embrague-kevlar-xiu-rdi\/#breadcrumb"},"inLanguage":"es","potentialAction":[{"@type":"ReadAction","target":["https:\/\/todotrial.com\/tienda\/kit-pro-rider-4-discos-embrague-kevlar-xiu-rdi\/"]}]},{"@type":"ImageObject","inLanguage":"es","@id":"https:\/\/todotrial.com\/tienda\/kit-pro-rider-4-discos-embrague-kevlar-xiu-rdi\/#primaryimage","url":"https:\/\/todotrial.com\/tienda\/wp-content\/uploads\/2025\/02\/97-1.jpg","contentUrl":"https:\/\/todotrial.com\/tienda\/wp-content\/uploads\/2025\/02\/97-1.jpg","width":800,"height":799},{"@type":"BreadcrumbList","@id":"https:\/\/todotrial.com\/tienda\/kit-pro-rider-4-discos-embrague-kevlar-xiu-rdi\/#breadcrumb","itemListElement":[{"@type":"ListItem","position":1,"name":"Portada","item":"https:\/\/todotrial.com\/tienda\/"},{"@type":"ListItem","position":2,"name":"Shop","item":"https:\/\/todotrial.com\/tienda\/shop\/"},{"@type":"ListItem","position":3,"name":"Kit PRO RIDER 4 Discos Embrague Kevlar XIU-RDI"}]},{"@type":"WebSite","@id":"https:\/\/todotrial.com\/tienda\/#website","url":"https:\/\/todotrial.com\/tienda\/","name":"Tienda de todotrial","description":"","potentialAction":[{"@type":"SearchAction","target":{"@type":"EntryPoint","urlTemplate":"https:\/\/todotrial.com\/tienda\/?s={search_term_string}"},"query-input":{"@type":"PropertyValueSpecification","valueRequired":true,"valueName":"search_term_string"}}],"inLanguage":"es"}]}},"_links":{"self":[{"href":"https:\/\/todotrial.com\/tienda\/wp-json\/wp\/v2\/product\/29214","targetHints":{"allow":["GET"]}}],"collection":[{"href":"https:\/\/todotrial.com\/tienda\/wp-json\/wp\/v2\/product"}],"about":[{"href":"https:\/\/todotrial.com\/tienda\/wp-json\/wp\/v2\/types\/product"}],"replies":[{"embeddable":true,"href":"https:\/\/todotrial.com\/tienda\/wp-json\/wp\/v2\/comments?post=29214"}],"version-history":[{"count":0,"href":"https:\/\/todotrial.com\/tienda\/wp-json\/wp\/v2\/product\/29214\/revisions"}],"wp:featuredmedia":[{"embeddable":true,"href":"https:\/\/todotrial.com\/tienda\/wp-json\/wp\/v2\/media\/39668"}],"wp:attachment":[{"href":"https:\/\/todotrial.com\/tienda\/wp-json\/wp\/v2\/media?parent=29214"}],"wp:term":[{"taxonomy":"product_brand","embeddable":true,"href":"https:\/\/todotrial.com\/tienda\/wp-json\/wp\/v2\/product_brand?post=29214"},{"taxonomy":"product_cat","embeddable":true,"href":"https:\/\/todotrial.com\/tienda\/wp-json\/wp\/v2\/product_cat?post=29214"},{"taxonomy":"product_tag","embeddable":true,"href":"https:\/\/todotrial.com\/tienda\/wp-json\/wp\/v2\/product_tag?post=29214"}],"curies":[{"name":"wp","href":"https:\/\/api.w.org\/{rel}","templated":true}]}}