{"id":289,"date":"2013-04-10T11:43:04","date_gmt":"2013-04-10T11:43:04","guid":{"rendered":"https:\/\/todotrial.com\/tienda\/product\/amortiguadores-the-magicals-ra-rebound-adjuster\/"},"modified":"2025-04-01T22:06:45","modified_gmt":"2025-04-01T21:06:45","slug":"amortiguadores-the-magicals-ra-rebound-adjuster","status":"publish","type":"product","link":"https:\/\/todotrial.com\/tienda\/amortiguadores-the-magicals-ra-rebound-adjuster\/","title":{"rendered":"Amortiguadores The Magicals RA Rebound Adjuster"},"content":{"rendered":"<p><span color=\"#000000\" face=\"Arial, Helvetica, sans-serif\" size=\"2\">&#8211; Juego de 2 amortiguadores.<br \/> &#8211; Ajuste regulable del hidr\u00e1ulico en extensi\u00f3n y compresi\u00f3n. Para facilitar el reglaje perfecto seg\u00fan la moto, el peso del piloto y el tacto que deseemos.<br \/> &#8211; 28 clicks de ajuste, para poner m\u00e1s blando y r\u00e1pido o m\u00e1s duro y lento.<br \/> &#8211; Alojamiento interior de la v\u00e1lvula para mayor protecci\u00f3n.<br \/> &#8211; 2 muelles, estriado separado. Nuevo muelle c\u00f3nico de triple efecto.<br \/> &#8211; Nueva cabeza de aluminio con anclajes intercambiables.<br \/> &#8211; Nueva r\u00f3tula de mayor \u00e1ngulo de rotaci\u00f3n.<br \/> &#8211; Nuevo dise\u00f1o de pist\u00f3n con aro exclusivo de tefl\u00f3n y micropart\u00edculas de bronce.<br \/> &#8211; Precarga del muelle regulable a rosca de f\u00e1cil ajuste manual.<br \/> <\/span><span color=\"#000000\" face=\"Arial, Helvetica, sans-serif\" size=\"2\">&#8211; Colores muelles a elegir <\/span><span color=\"#000000\" face=\"Arial, Helvetica, sans-serif\" size=\"2\"> RA-R 340mm: Precio 389 Euros<br \/> &#8211; RA-R 350mm: Precio 389 Euros <br \/> &#8211; RA-R Viva 350mm: Precio 389 Euros <br \/> &#8211; RA-R 360mm: Precio 389 Euros<\/span><\/p>\n<p><span color=\"#000000\" face=\"Verdana, Arial, Helvetica, sans-serif\" size=\"2\">Los amortiguadores especiales para trial de cl\u00e1sicas The Magicals, est\u00e1n desarrollados por un equipo profesional, en colaboraci\u00f3n con Mick Andrews, para obtener el mejor rendimiento en todo tipo de motos cl\u00e1sicas. <\/span><\/p>\n<p align=\"left\"><span color=\"#000000\" face=\"Verdana, Arial, Helvetica, sans-serif\" size=\"2\">Estos amortiguadores son ideales para competici\u00f3n en trial de cl\u00e1sicas, al contar con mayor recorrido \u00fatil, doble r\u00f3tula, triple muelle para m\u00e1xima progresividad, precarga ajustable manualmente y con varias opciones de dureza al contar con varias secciones de muelle disponibles. <\/span><\/p>\n<p align=\"left\"><span color=\"#000000\" face=\"Verdana, Arial, Helvetica, sans-serif\" size=\"2\">Adem\u00e1s tambi\u00e9n los muelles se pueden elegir en diferentes colores y grosores para adaptarlos a la decoraci\u00f3n de tu moto. Los amortiguadores The Magicals est\u00e1n disponibles para todos los modelos de cl\u00e1sicas, en longitudes de 360 a 390 mm. Modelos para Pre-65, Ossa, Bultaco, Montesa, Honda, Fantic, etc. <\/span><span color=\"#000000\" face=\"Verdana, Arial, Helvetica, sans-serif\" size=\"2\">Nuevos modelos disponibles.<\/span><\/p>\n","protected":false},"excerpt":{"rendered":"<p>Amortiguadores The Magicals RA Rebound Adjuster<\/p>\n","protected":false},"featured_media":16,"comment_status":"open","ping_status":"closed","template":"","meta":[],"product_brand":[],"product_cat":[15],"product_tag":[],"class_list":{"0":"post-289","1":"product","2":"type-product","3":"status-publish","4":"has-post-thumbnail","6":"product_cat-uncategorized","8":"first","9":"instock","10":"taxable","11":"shipping-taxable","12":"purchasable","13":"product-type-simple"},"yoast_head":"<!-- This site is optimized with the Yoast SEO Premium plugin v21.2 (Yoast SEO v27.3) - https:\/\/yoast.com\/product\/yoast-seo-premium-wordpress\/ -->\n<title>Amortiguadores The Magicals RA Rebound Adjuster - Tienda de todotrial<\/title>\n<meta name=\"robots\" content=\"index, follow, max-snippet:-1, max-image-preview:large, max-video-preview:-1\" \/>\n<link rel=\"canonical\" href=\"https:\/\/todotrial.com\/tienda\/amortiguadores-the-magicals-ra-rebound-adjuster\/\" \/>\n<meta property=\"og:locale\" content=\"es_ES\" \/>\n<meta property=\"og:type\" content=\"article\" \/>\n<meta property=\"og:title\" content=\"Amortiguadores The Magicals RA Rebound Adjuster\" \/>\n<meta property=\"og:description\" content=\"Amortiguadores The Magicals RA Rebound Adjuster\" \/>\n<meta property=\"og:url\" content=\"https:\/\/todotrial.com\/tienda\/amortiguadores-the-magicals-ra-rebound-adjuster\/\" \/>\n<meta property=\"og:site_name\" content=\"Tienda de todotrial\" \/>\n<meta property=\"article:modified_time\" content=\"2025-04-01T21:06:45+00:00\" \/>\n<meta property=\"og:image\" content=\"https:\/\/todotrial.com\/tienda\/wp-content\/uploads\/2020\/07\/magicals-ra-2011p.jpg\" \/>\n\t<meta property=\"og:image:width\" content=\"330\" \/>\n\t<meta property=\"og:image:height\" content=\"302\" \/>\n\t<meta property=\"og:image:type\" content=\"image\/jpeg\" \/>\n<meta name=\"twitter:card\" content=\"summary_large_image\" \/>\n<meta name=\"twitter:label1\" content=\"Tiempo de lectura\" \/>\n\t<meta name=\"twitter:data1\" content=\"1 minuto\" \/>\n<script type=\"application\/ld+json\" class=\"yoast-schema-graph\">{\"@context\":\"https:\\\/\\\/schema.org\",\"@graph\":[{\"@type\":\"WebPage\",\"@id\":\"https:\\\/\\\/todotrial.com\\\/tienda\\\/amortiguadores-the-magicals-ra-rebound-adjuster\\\/\",\"url\":\"https:\\\/\\\/todotrial.com\\\/tienda\\\/amortiguadores-the-magicals-ra-rebound-adjuster\\\/\",\"name\":\"Amortiguadores The Magicals RA Rebound Adjuster - Tienda de todotrial\",\"isPartOf\":{\"@id\":\"https:\\\/\\\/todotrial.com\\\/tienda\\\/#website\"},\"primaryImageOfPage\":{\"@id\":\"https:\\\/\\\/todotrial.com\\\/tienda\\\/amortiguadores-the-magicals-ra-rebound-adjuster\\\/#primaryimage\"},\"image\":{\"@id\":\"https:\\\/\\\/todotrial.com\\\/tienda\\\/amortiguadores-the-magicals-ra-rebound-adjuster\\\/#primaryimage\"},\"thumbnailUrl\":\"https:\\\/\\\/todotrial.com\\\/tienda\\\/wp-content\\\/uploads\\\/2020\\\/07\\\/magicals-ra-2011p.jpg\",\"datePublished\":\"2013-04-10T11:43:04+00:00\",\"dateModified\":\"2025-04-01T21:06:45+00:00\",\"breadcrumb\":{\"@id\":\"https:\\\/\\\/todotrial.com\\\/tienda\\\/amortiguadores-the-magicals-ra-rebound-adjuster\\\/#breadcrumb\"},\"inLanguage\":\"es\",\"potentialAction\":[{\"@type\":\"ReadAction\",\"target\":[\"https:\\\/\\\/todotrial.com\\\/tienda\\\/amortiguadores-the-magicals-ra-rebound-adjuster\\\/\"]}]},{\"@type\":\"ImageObject\",\"inLanguage\":\"es\",\"@id\":\"https:\\\/\\\/todotrial.com\\\/tienda\\\/amortiguadores-the-magicals-ra-rebound-adjuster\\\/#primaryimage\",\"url\":\"https:\\\/\\\/todotrial.com\\\/tienda\\\/wp-content\\\/uploads\\\/2020\\\/07\\\/magicals-ra-2011p.jpg\",\"contentUrl\":\"https:\\\/\\\/todotrial.com\\\/tienda\\\/wp-content\\\/uploads\\\/2020\\\/07\\\/magicals-ra-2011p.jpg\",\"width\":330,\"height\":302},{\"@type\":\"BreadcrumbList\",\"@id\":\"https:\\\/\\\/todotrial.com\\\/tienda\\\/amortiguadores-the-magicals-ra-rebound-adjuster\\\/#breadcrumb\",\"itemListElement\":[{\"@type\":\"ListItem\",\"position\":1,\"name\":\"Portada\",\"item\":\"https:\\\/\\\/todotrial.com\\\/tienda\\\/\"},{\"@type\":\"ListItem\",\"position\":2,\"name\":\"Shop\",\"item\":\"https:\\\/\\\/todotrial.com\\\/tienda\\\/shop\\\/\"},{\"@type\":\"ListItem\",\"position\":3,\"name\":\"Amortiguadores The Magicals RA Rebound Adjuster\"}]},{\"@type\":\"WebSite\",\"@id\":\"https:\\\/\\\/todotrial.com\\\/tienda\\\/#website\",\"url\":\"https:\\\/\\\/todotrial.com\\\/tienda\\\/\",\"name\":\"Tienda de todotrial\",\"description\":\"\",\"potentialAction\":[{\"@type\":\"SearchAction\",\"target\":{\"@type\":\"EntryPoint\",\"urlTemplate\":\"https:\\\/\\\/todotrial.com\\\/tienda\\\/?s={search_term_string}\"},\"query-input\":{\"@type\":\"PropertyValueSpecification\",\"valueRequired\":true,\"valueName\":\"search_term_string\"}}],\"inLanguage\":\"es\"}]}<\/script>\n<!-- \/ Yoast SEO Premium plugin. -->","yoast_head_json":{"title":"Amortiguadores The Magicals RA Rebound Adjuster - Tienda de todotrial","robots":{"index":"index","follow":"follow","max-snippet":"max-snippet:-1","max-image-preview":"max-image-preview:large","max-video-preview":"max-video-preview:-1"},"canonical":"https:\/\/todotrial.com\/tienda\/amortiguadores-the-magicals-ra-rebound-adjuster\/","og_locale":"es_ES","og_type":"article","og_title":"Amortiguadores The Magicals RA Rebound Adjuster","og_description":"Amortiguadores The Magicals RA Rebound Adjuster","og_url":"https:\/\/todotrial.com\/tienda\/amortiguadores-the-magicals-ra-rebound-adjuster\/","og_site_name":"Tienda de todotrial","article_modified_time":"2025-04-01T21:06:45+00:00","og_image":[{"width":330,"height":302,"url":"https:\/\/todotrial.com\/tienda\/wp-content\/uploads\/2020\/07\/magicals-ra-2011p.jpg","type":"image\/jpeg"}],"twitter_card":"summary_large_image","twitter_misc":{"Tiempo de lectura":"1 minuto"},"schema":{"@context":"https:\/\/schema.org","@graph":[{"@type":"WebPage","@id":"https:\/\/todotrial.com\/tienda\/amortiguadores-the-magicals-ra-rebound-adjuster\/","url":"https:\/\/todotrial.com\/tienda\/amortiguadores-the-magicals-ra-rebound-adjuster\/","name":"Amortiguadores The Magicals RA Rebound Adjuster - Tienda de todotrial","isPartOf":{"@id":"https:\/\/todotrial.com\/tienda\/#website"},"primaryImageOfPage":{"@id":"https:\/\/todotrial.com\/tienda\/amortiguadores-the-magicals-ra-rebound-adjuster\/#primaryimage"},"image":{"@id":"https:\/\/todotrial.com\/tienda\/amortiguadores-the-magicals-ra-rebound-adjuster\/#primaryimage"},"thumbnailUrl":"https:\/\/todotrial.com\/tienda\/wp-content\/uploads\/2020\/07\/magicals-ra-2011p.jpg","datePublished":"2013-04-10T11:43:04+00:00","dateModified":"2025-04-01T21:06:45+00:00","breadcrumb":{"@id":"https:\/\/todotrial.com\/tienda\/amortiguadores-the-magicals-ra-rebound-adjuster\/#breadcrumb"},"inLanguage":"es","potentialAction":[{"@type":"ReadAction","target":["https:\/\/todotrial.com\/tienda\/amortiguadores-the-magicals-ra-rebound-adjuster\/"]}]},{"@type":"ImageObject","inLanguage":"es","@id":"https:\/\/todotrial.com\/tienda\/amortiguadores-the-magicals-ra-rebound-adjuster\/#primaryimage","url":"https:\/\/todotrial.com\/tienda\/wp-content\/uploads\/2020\/07\/magicals-ra-2011p.jpg","contentUrl":"https:\/\/todotrial.com\/tienda\/wp-content\/uploads\/2020\/07\/magicals-ra-2011p.jpg","width":330,"height":302},{"@type":"BreadcrumbList","@id":"https:\/\/todotrial.com\/tienda\/amortiguadores-the-magicals-ra-rebound-adjuster\/#breadcrumb","itemListElement":[{"@type":"ListItem","position":1,"name":"Portada","item":"https:\/\/todotrial.com\/tienda\/"},{"@type":"ListItem","position":2,"name":"Shop","item":"https:\/\/todotrial.com\/tienda\/shop\/"},{"@type":"ListItem","position":3,"name":"Amortiguadores The Magicals RA Rebound Adjuster"}]},{"@type":"WebSite","@id":"https:\/\/todotrial.com\/tienda\/#website","url":"https:\/\/todotrial.com\/tienda\/","name":"Tienda de todotrial","description":"","potentialAction":[{"@type":"SearchAction","target":{"@type":"EntryPoint","urlTemplate":"https:\/\/todotrial.com\/tienda\/?s={search_term_string}"},"query-input":{"@type":"PropertyValueSpecification","valueRequired":true,"valueName":"search_term_string"}}],"inLanguage":"es"}]}},"_links":{"self":[{"href":"https:\/\/todotrial.com\/tienda\/wp-json\/wp\/v2\/product\/289","targetHints":{"allow":["GET"]}}],"collection":[{"href":"https:\/\/todotrial.com\/tienda\/wp-json\/wp\/v2\/product"}],"about":[{"href":"https:\/\/todotrial.com\/tienda\/wp-json\/wp\/v2\/types\/product"}],"replies":[{"embeddable":true,"href":"https:\/\/todotrial.com\/tienda\/wp-json\/wp\/v2\/comments?post=289"}],"version-history":[{"count":1,"href":"https:\/\/todotrial.com\/tienda\/wp-json\/wp\/v2\/product\/289\/revisions"}],"predecessor-version":[{"id":54882,"href":"https:\/\/todotrial.com\/tienda\/wp-json\/wp\/v2\/product\/289\/revisions\/54882"}],"wp:featuredmedia":[{"embeddable":true,"href":"https:\/\/todotrial.com\/tienda\/wp-json\/wp\/v2\/media\/16"}],"wp:attachment":[{"href":"https:\/\/todotrial.com\/tienda\/wp-json\/wp\/v2\/media?parent=289"}],"wp:term":[{"taxonomy":"product_brand","embeddable":true,"href":"https:\/\/todotrial.com\/tienda\/wp-json\/wp\/v2\/product_brand?post=289"},{"taxonomy":"product_cat","embeddable":true,"href":"https:\/\/todotrial.com\/tienda\/wp-json\/wp\/v2\/product_cat?post=289"},{"taxonomy":"product_tag","embeddable":true,"href":"https:\/\/todotrial.com\/tienda\/wp-json\/wp\/v2\/product_tag?post=289"}],"curies":[{"name":"wp","href":"https:\/\/api.w.org\/{rel}","templated":true}]}}