{"id":278,"date":"2020-07-02T14:44:11","date_gmt":"2020-07-02T14:44:11","guid":{"rendered":"https:\/\/todotrial.com\/tienda\/product\/placa-cubrecarter-de-aluminio-sherpa\/"},"modified":"2025-12-02T20:45:07","modified_gmt":"2025-12-02T19:45:07","slug":"placa-cubrecarter-de-aluminio-sherpa","status":"publish","type":"product","link":"https:\/\/todotrial.com\/tienda\/placa-cubrecarter-de-aluminio-sherpa\/","title":{"rendered":"Placa cubrecarter de aluminio Bultaco Sherpa"},"content":{"rendered":"<p>Placa cubrecarter en duraluminio para Bultaco Sherpa 199 A y B redise\u00f1ada con un duraluminio m\u00e1s fuerte y resistente<\/p>\n<p>&#8211; Adaptable a Bultaco Sherpa 199, 199A, 199B, Manuel Soler, Kit Campe\u00f3n, etc<br \/>\n&#8211; M\u00e1s envolvente para proteger los c\u00e1rters, m\u00e1s resistente.<span style=\"color: #000000; font-family: Arial,Helvetica,sans-serif; font-size: x-small;\"><br \/>\n<\/span><\/p>\n","protected":false},"excerpt":{"rendered":"<p>Placa cubrecarter en duraluminio para Bultaco Sherpa 199 A y B redise\u00f1ada con un material mas fuerte y resistente<\/p>\n","protected":false},"featured_media":276,"comment_status":"open","ping_status":"closed","template":"","meta":[],"product_brand":[],"product_cat":[11619],"product_tag":[11784],"class_list":{"0":"post-278","1":"product","2":"type-product","3":"status-publish","4":"has-post-thumbnail","6":"product_cat-protectores-clasicas-nowtrial","7":"product_tag-bultaco","9":"first","10":"instock","11":"taxable","12":"shipping-taxable","13":"purchasable","14":"product-type-simple"},"yoast_head":"<!-- This site is optimized with the Yoast SEO Premium plugin v21.2 (Yoast SEO v27.3) - https:\/\/yoast.com\/product\/yoast-seo-premium-wordpress\/ -->\n<title>Placa cubrecarter de aluminio Bultaco Sherpa - Tienda de todotrial<\/title>\n<meta name=\"robots\" content=\"index, follow, max-snippet:-1, max-image-preview:large, max-video-preview:-1\" \/>\n<link rel=\"canonical\" href=\"https:\/\/todotrial.com\/tienda\/placa-cubrecarter-de-aluminio-sherpa\/\" \/>\n<meta property=\"og:locale\" content=\"es_ES\" \/>\n<meta property=\"og:type\" content=\"article\" \/>\n<meta property=\"og:title\" content=\"Placa cubrecarter de aluminio Bultaco Sherpa\" \/>\n<meta property=\"og:description\" content=\"Placa cubrecarter en duraluminio para Bultaco Sherpa 199 A y B redise\u00f1ada con un material mas fuerte y resistente\" \/>\n<meta property=\"og:url\" content=\"https:\/\/todotrial.com\/tienda\/placa-cubrecarter-de-aluminio-sherpa\/\" \/>\n<meta property=\"og:site_name\" content=\"Tienda de todotrial\" \/>\n<meta property=\"article:modified_time\" content=\"2025-12-02T19:45:07+00:00\" \/>\n<meta property=\"og:image\" content=\"https:\/\/todotrial.com\/tienda\/wp-content\/uploads\/2020\/07\/placas-alu-laser_sherpa1.jpg\" \/>\n\t<meta property=\"og:image:width\" content=\"325\" \/>\n\t<meta property=\"og:image:height\" content=\"227\" \/>\n\t<meta property=\"og:image:type\" content=\"image\/jpeg\" \/>\n<meta name=\"twitter:card\" content=\"summary_large_image\" \/>\n<meta name=\"twitter:label1\" content=\"Tiempo de lectura\" \/>\n\t<meta name=\"twitter:data1\" content=\"1 minuto\" \/>\n<script type=\"application\/ld+json\" class=\"yoast-schema-graph\">{\"@context\":\"https:\\\/\\\/schema.org\",\"@graph\":[{\"@type\":\"WebPage\",\"@id\":\"https:\\\/\\\/todotrial.com\\\/tienda\\\/placa-cubrecarter-de-aluminio-sherpa\\\/\",\"url\":\"https:\\\/\\\/todotrial.com\\\/tienda\\\/placa-cubrecarter-de-aluminio-sherpa\\\/\",\"name\":\"Placa cubrecarter de aluminio Bultaco Sherpa - Tienda de todotrial\",\"isPartOf\":{\"@id\":\"https:\\\/\\\/todotrial.com\\\/tienda\\\/#website\"},\"primaryImageOfPage\":{\"@id\":\"https:\\\/\\\/todotrial.com\\\/tienda\\\/placa-cubrecarter-de-aluminio-sherpa\\\/#primaryimage\"},\"image\":{\"@id\":\"https:\\\/\\\/todotrial.com\\\/tienda\\\/placa-cubrecarter-de-aluminio-sherpa\\\/#primaryimage\"},\"thumbnailUrl\":\"https:\\\/\\\/todotrial.com\\\/tienda\\\/wp-content\\\/uploads\\\/2020\\\/07\\\/placas-alu-laser_sherpa1.jpg\",\"datePublished\":\"2020-07-02T14:44:11+00:00\",\"dateModified\":\"2025-12-02T19:45:07+00:00\",\"breadcrumb\":{\"@id\":\"https:\\\/\\\/todotrial.com\\\/tienda\\\/placa-cubrecarter-de-aluminio-sherpa\\\/#breadcrumb\"},\"inLanguage\":\"es\",\"potentialAction\":[{\"@type\":\"ReadAction\",\"target\":[\"https:\\\/\\\/todotrial.com\\\/tienda\\\/placa-cubrecarter-de-aluminio-sherpa\\\/\"]}]},{\"@type\":\"ImageObject\",\"inLanguage\":\"es\",\"@id\":\"https:\\\/\\\/todotrial.com\\\/tienda\\\/placa-cubrecarter-de-aluminio-sherpa\\\/#primaryimage\",\"url\":\"https:\\\/\\\/todotrial.com\\\/tienda\\\/wp-content\\\/uploads\\\/2020\\\/07\\\/placas-alu-laser_sherpa1.jpg\",\"contentUrl\":\"https:\\\/\\\/todotrial.com\\\/tienda\\\/wp-content\\\/uploads\\\/2020\\\/07\\\/placas-alu-laser_sherpa1.jpg\",\"width\":325,\"height\":227},{\"@type\":\"BreadcrumbList\",\"@id\":\"https:\\\/\\\/todotrial.com\\\/tienda\\\/placa-cubrecarter-de-aluminio-sherpa\\\/#breadcrumb\",\"itemListElement\":[{\"@type\":\"ListItem\",\"position\":1,\"name\":\"Portada\",\"item\":\"https:\\\/\\\/todotrial.com\\\/tienda\\\/\"},{\"@type\":\"ListItem\",\"position\":2,\"name\":\"Shop\",\"item\":\"https:\\\/\\\/todotrial.com\\\/tienda\\\/shop\\\/\"},{\"@type\":\"ListItem\",\"position\":3,\"name\":\"Placa cubrecarter de aluminio Bultaco Sherpa\"}]},{\"@type\":\"WebSite\",\"@id\":\"https:\\\/\\\/todotrial.com\\\/tienda\\\/#website\",\"url\":\"https:\\\/\\\/todotrial.com\\\/tienda\\\/\",\"name\":\"Tienda de todotrial\",\"description\":\"\",\"potentialAction\":[{\"@type\":\"SearchAction\",\"target\":{\"@type\":\"EntryPoint\",\"urlTemplate\":\"https:\\\/\\\/todotrial.com\\\/tienda\\\/?s={search_term_string}\"},\"query-input\":{\"@type\":\"PropertyValueSpecification\",\"valueRequired\":true,\"valueName\":\"search_term_string\"}}],\"inLanguage\":\"es\"}]}<\/script>\n<!-- \/ Yoast SEO Premium plugin. -->","yoast_head_json":{"title":"Placa cubrecarter de aluminio Bultaco Sherpa - Tienda de todotrial","robots":{"index":"index","follow":"follow","max-snippet":"max-snippet:-1","max-image-preview":"max-image-preview:large","max-video-preview":"max-video-preview:-1"},"canonical":"https:\/\/todotrial.com\/tienda\/placa-cubrecarter-de-aluminio-sherpa\/","og_locale":"es_ES","og_type":"article","og_title":"Placa cubrecarter de aluminio Bultaco Sherpa","og_description":"Placa cubrecarter en duraluminio para Bultaco Sherpa 199 A y B redise\u00f1ada con un material mas fuerte y resistente","og_url":"https:\/\/todotrial.com\/tienda\/placa-cubrecarter-de-aluminio-sherpa\/","og_site_name":"Tienda de todotrial","article_modified_time":"2025-12-02T19:45:07+00:00","og_image":[{"width":325,"height":227,"url":"https:\/\/todotrial.com\/tienda\/wp-content\/uploads\/2020\/07\/placas-alu-laser_sherpa1.jpg","type":"image\/jpeg"}],"twitter_card":"summary_large_image","twitter_misc":{"Tiempo de lectura":"1 minuto"},"schema":{"@context":"https:\/\/schema.org","@graph":[{"@type":"WebPage","@id":"https:\/\/todotrial.com\/tienda\/placa-cubrecarter-de-aluminio-sherpa\/","url":"https:\/\/todotrial.com\/tienda\/placa-cubrecarter-de-aluminio-sherpa\/","name":"Placa cubrecarter de aluminio Bultaco Sherpa - Tienda de todotrial","isPartOf":{"@id":"https:\/\/todotrial.com\/tienda\/#website"},"primaryImageOfPage":{"@id":"https:\/\/todotrial.com\/tienda\/placa-cubrecarter-de-aluminio-sherpa\/#primaryimage"},"image":{"@id":"https:\/\/todotrial.com\/tienda\/placa-cubrecarter-de-aluminio-sherpa\/#primaryimage"},"thumbnailUrl":"https:\/\/todotrial.com\/tienda\/wp-content\/uploads\/2020\/07\/placas-alu-laser_sherpa1.jpg","datePublished":"2020-07-02T14:44:11+00:00","dateModified":"2025-12-02T19:45:07+00:00","breadcrumb":{"@id":"https:\/\/todotrial.com\/tienda\/placa-cubrecarter-de-aluminio-sherpa\/#breadcrumb"},"inLanguage":"es","potentialAction":[{"@type":"ReadAction","target":["https:\/\/todotrial.com\/tienda\/placa-cubrecarter-de-aluminio-sherpa\/"]}]},{"@type":"ImageObject","inLanguage":"es","@id":"https:\/\/todotrial.com\/tienda\/placa-cubrecarter-de-aluminio-sherpa\/#primaryimage","url":"https:\/\/todotrial.com\/tienda\/wp-content\/uploads\/2020\/07\/placas-alu-laser_sherpa1.jpg","contentUrl":"https:\/\/todotrial.com\/tienda\/wp-content\/uploads\/2020\/07\/placas-alu-laser_sherpa1.jpg","width":325,"height":227},{"@type":"BreadcrumbList","@id":"https:\/\/todotrial.com\/tienda\/placa-cubrecarter-de-aluminio-sherpa\/#breadcrumb","itemListElement":[{"@type":"ListItem","position":1,"name":"Portada","item":"https:\/\/todotrial.com\/tienda\/"},{"@type":"ListItem","position":2,"name":"Shop","item":"https:\/\/todotrial.com\/tienda\/shop\/"},{"@type":"ListItem","position":3,"name":"Placa cubrecarter de aluminio Bultaco Sherpa"}]},{"@type":"WebSite","@id":"https:\/\/todotrial.com\/tienda\/#website","url":"https:\/\/todotrial.com\/tienda\/","name":"Tienda de todotrial","description":"","potentialAction":[{"@type":"SearchAction","target":{"@type":"EntryPoint","urlTemplate":"https:\/\/todotrial.com\/tienda\/?s={search_term_string}"},"query-input":{"@type":"PropertyValueSpecification","valueRequired":true,"valueName":"search_term_string"}}],"inLanguage":"es"}]}},"_links":{"self":[{"href":"https:\/\/todotrial.com\/tienda\/wp-json\/wp\/v2\/product\/278","targetHints":{"allow":["GET"]}}],"collection":[{"href":"https:\/\/todotrial.com\/tienda\/wp-json\/wp\/v2\/product"}],"about":[{"href":"https:\/\/todotrial.com\/tienda\/wp-json\/wp\/v2\/types\/product"}],"replies":[{"embeddable":true,"href":"https:\/\/todotrial.com\/tienda\/wp-json\/wp\/v2\/comments?post=278"}],"version-history":[{"count":2,"href":"https:\/\/todotrial.com\/tienda\/wp-json\/wp\/v2\/product\/278\/revisions"}],"predecessor-version":[{"id":56102,"href":"https:\/\/todotrial.com\/tienda\/wp-json\/wp\/v2\/product\/278\/revisions\/56102"}],"wp:featuredmedia":[{"embeddable":true,"href":"https:\/\/todotrial.com\/tienda\/wp-json\/wp\/v2\/media\/276"}],"wp:attachment":[{"href":"https:\/\/todotrial.com\/tienda\/wp-json\/wp\/v2\/media?parent=278"}],"wp:term":[{"taxonomy":"product_brand","embeddable":true,"href":"https:\/\/todotrial.com\/tienda\/wp-json\/wp\/v2\/product_brand?post=278"},{"taxonomy":"product_cat","embeddable":true,"href":"https:\/\/todotrial.com\/tienda\/wp-json\/wp\/v2\/product_cat?post=278"},{"taxonomy":"product_tag","embeddable":true,"href":"https:\/\/todotrial.com\/tienda\/wp-json\/wp\/v2\/product_tag?post=278"}],"curies":[{"name":"wp","href":"https:\/\/api.w.org\/{rel}","templated":true}]}}