{"id":2774,"date":"2015-03-01T11:13:12","date_gmt":"2015-03-01T11:13:12","guid":{"rendered":"https:\/\/todotrial.com\/tienda\/product\/camiseta-deportiva2015-03-01-11-13-12\/"},"modified":"2025-04-01T22:12:18","modified_gmt":"2025-04-01T21:12:18","slug":"camiseta-deportiva2015-03-01-11-13-12","status":"publish","type":"product","link":"https:\/\/todotrial.com\/tienda\/camiseta-deportiva2015-03-01-11-13-12\/","title":{"rendered":"Camiseta Vintage TT races navy"},"content":{"rendered":"<p>Camiseta Vintage TT races navy<\/p>\n<p>Art\u00edculos fabricados en UK. Dise\u00f1ados en conmemoraci\u00f3n de las celebres Carreras anuales Tourist Trophy (TT) en la ISLA de MAN.<br \/>Con una calidad y acabado excelentes.<br \/>Debido a la complejidad de los muchos dise\u00f1os y tallas este articulo no est\u00e1 habitualmente en stock .<br \/>Entregamos en un plazo de 8\/12 d\u00edas a partir del pedido<br \/>Las tallas son muy completas, por lo que deben elegirse con cuidado.<br \/>No se admiten devoluciones por talla..<\/p>\n<p>Tallas disponibles: -M&#8212;XXL-XXXL-4XL-5XL<\/p>\n","protected":false},"excerpt":{"rendered":"<p>Camiseta Vintage TT races navy<\/p>\n","protected":false},"featured_media":2773,"comment_status":"open","ping_status":"closed","template":"","meta":[],"product_brand":[],"product_cat":[15],"product_tag":[],"class_list":{"0":"post-2774","1":"product","2":"type-product","3":"status-publish","4":"has-post-thumbnail","6":"product_cat-uncategorized","8":"first","9":"outofstock","10":"taxable","11":"shipping-taxable","12":"purchasable","13":"product-type-simple"},"yoast_head":"<!-- This site is optimized with the Yoast SEO Premium plugin v21.2 (Yoast SEO v27.3) - https:\/\/yoast.com\/product\/yoast-seo-premium-wordpress\/ -->\n<title>Camiseta Vintage TT races navy - Tienda de todotrial<\/title>\n<meta name=\"robots\" content=\"index, follow, max-snippet:-1, max-image-preview:large, max-video-preview:-1\" \/>\n<link rel=\"canonical\" href=\"https:\/\/todotrial.com\/tienda\/camiseta-deportiva2015-03-01-11-13-12\/\" \/>\n<meta property=\"og:locale\" content=\"es_ES\" \/>\n<meta property=\"og:type\" content=\"article\" \/>\n<meta property=\"og:title\" content=\"Camiseta Vintage TT races navy\" \/>\n<meta property=\"og:description\" content=\"Camiseta Vintage TT races navy\" \/>\n<meta property=\"og:url\" content=\"https:\/\/todotrial.com\/tienda\/camiseta-deportiva2015-03-01-11-13-12\/\" \/>\n<meta property=\"og:site_name\" content=\"Tienda de todotrial\" \/>\n<meta property=\"article:modified_time\" content=\"2025-04-01T21:12:18+00:00\" \/>\n<meta property=\"og:image\" content=\"https:\/\/todotrial.com\/tienda\/wp-content\/uploads\/2015\/03\/navy_vintage.jpg\" \/>\n\t<meta property=\"og:image:width\" content=\"175\" \/>\n\t<meta property=\"og:image:height\" content=\"200\" \/>\n\t<meta property=\"og:image:type\" content=\"image\/jpeg\" \/>\n<meta name=\"twitter:card\" content=\"summary_large_image\" \/>\n<script type=\"application\/ld+json\" class=\"yoast-schema-graph\">{\"@context\":\"https:\\\/\\\/schema.org\",\"@graph\":[{\"@type\":\"WebPage\",\"@id\":\"https:\\\/\\\/todotrial.com\\\/tienda\\\/camiseta-deportiva2015-03-01-11-13-12\\\/\",\"url\":\"https:\\\/\\\/todotrial.com\\\/tienda\\\/camiseta-deportiva2015-03-01-11-13-12\\\/\",\"name\":\"Camiseta Vintage TT races navy - Tienda de todotrial\",\"isPartOf\":{\"@id\":\"https:\\\/\\\/todotrial.com\\\/tienda\\\/#website\"},\"primaryImageOfPage\":{\"@id\":\"https:\\\/\\\/todotrial.com\\\/tienda\\\/camiseta-deportiva2015-03-01-11-13-12\\\/#primaryimage\"},\"image\":{\"@id\":\"https:\\\/\\\/todotrial.com\\\/tienda\\\/camiseta-deportiva2015-03-01-11-13-12\\\/#primaryimage\"},\"thumbnailUrl\":\"https:\\\/\\\/todotrial.com\\\/tienda\\\/wp-content\\\/uploads\\\/2015\\\/03\\\/navy_vintage.jpg\",\"datePublished\":\"2015-03-01T11:13:12+00:00\",\"dateModified\":\"2025-04-01T21:12:18+00:00\",\"breadcrumb\":{\"@id\":\"https:\\\/\\\/todotrial.com\\\/tienda\\\/camiseta-deportiva2015-03-01-11-13-12\\\/#breadcrumb\"},\"inLanguage\":\"es\",\"potentialAction\":[{\"@type\":\"ReadAction\",\"target\":[\"https:\\\/\\\/todotrial.com\\\/tienda\\\/camiseta-deportiva2015-03-01-11-13-12\\\/\"]}]},{\"@type\":\"ImageObject\",\"inLanguage\":\"es\",\"@id\":\"https:\\\/\\\/todotrial.com\\\/tienda\\\/camiseta-deportiva2015-03-01-11-13-12\\\/#primaryimage\",\"url\":\"https:\\\/\\\/todotrial.com\\\/tienda\\\/wp-content\\\/uploads\\\/2015\\\/03\\\/navy_vintage.jpg\",\"contentUrl\":\"https:\\\/\\\/todotrial.com\\\/tienda\\\/wp-content\\\/uploads\\\/2015\\\/03\\\/navy_vintage.jpg\",\"width\":175,\"height\":200},{\"@type\":\"BreadcrumbList\",\"@id\":\"https:\\\/\\\/todotrial.com\\\/tienda\\\/camiseta-deportiva2015-03-01-11-13-12\\\/#breadcrumb\",\"itemListElement\":[{\"@type\":\"ListItem\",\"position\":1,\"name\":\"Portada\",\"item\":\"https:\\\/\\\/todotrial.com\\\/tienda\\\/\"},{\"@type\":\"ListItem\",\"position\":2,\"name\":\"Shop\",\"item\":\"https:\\\/\\\/todotrial.com\\\/tienda\\\/shop\\\/\"},{\"@type\":\"ListItem\",\"position\":3,\"name\":\"Camiseta Vintage TT races navy\"}]},{\"@type\":\"WebSite\",\"@id\":\"https:\\\/\\\/todotrial.com\\\/tienda\\\/#website\",\"url\":\"https:\\\/\\\/todotrial.com\\\/tienda\\\/\",\"name\":\"Tienda de todotrial\",\"description\":\"\",\"potentialAction\":[{\"@type\":\"SearchAction\",\"target\":{\"@type\":\"EntryPoint\",\"urlTemplate\":\"https:\\\/\\\/todotrial.com\\\/tienda\\\/?s={search_term_string}\"},\"query-input\":{\"@type\":\"PropertyValueSpecification\",\"valueRequired\":true,\"valueName\":\"search_term_string\"}}],\"inLanguage\":\"es\"}]}<\/script>\n<!-- \/ Yoast SEO Premium plugin. -->","yoast_head_json":{"title":"Camiseta Vintage TT races navy - Tienda de todotrial","robots":{"index":"index","follow":"follow","max-snippet":"max-snippet:-1","max-image-preview":"max-image-preview:large","max-video-preview":"max-video-preview:-1"},"canonical":"https:\/\/todotrial.com\/tienda\/camiseta-deportiva2015-03-01-11-13-12\/","og_locale":"es_ES","og_type":"article","og_title":"Camiseta Vintage TT races navy","og_description":"Camiseta Vintage TT races navy","og_url":"https:\/\/todotrial.com\/tienda\/camiseta-deportiva2015-03-01-11-13-12\/","og_site_name":"Tienda de todotrial","article_modified_time":"2025-04-01T21:12:18+00:00","og_image":[{"width":175,"height":200,"url":"https:\/\/todotrial.com\/tienda\/wp-content\/uploads\/2015\/03\/navy_vintage.jpg","type":"image\/jpeg"}],"twitter_card":"summary_large_image","schema":{"@context":"https:\/\/schema.org","@graph":[{"@type":"WebPage","@id":"https:\/\/todotrial.com\/tienda\/camiseta-deportiva2015-03-01-11-13-12\/","url":"https:\/\/todotrial.com\/tienda\/camiseta-deportiva2015-03-01-11-13-12\/","name":"Camiseta Vintage TT races navy - Tienda de todotrial","isPartOf":{"@id":"https:\/\/todotrial.com\/tienda\/#website"},"primaryImageOfPage":{"@id":"https:\/\/todotrial.com\/tienda\/camiseta-deportiva2015-03-01-11-13-12\/#primaryimage"},"image":{"@id":"https:\/\/todotrial.com\/tienda\/camiseta-deportiva2015-03-01-11-13-12\/#primaryimage"},"thumbnailUrl":"https:\/\/todotrial.com\/tienda\/wp-content\/uploads\/2015\/03\/navy_vintage.jpg","datePublished":"2015-03-01T11:13:12+00:00","dateModified":"2025-04-01T21:12:18+00:00","breadcrumb":{"@id":"https:\/\/todotrial.com\/tienda\/camiseta-deportiva2015-03-01-11-13-12\/#breadcrumb"},"inLanguage":"es","potentialAction":[{"@type":"ReadAction","target":["https:\/\/todotrial.com\/tienda\/camiseta-deportiva2015-03-01-11-13-12\/"]}]},{"@type":"ImageObject","inLanguage":"es","@id":"https:\/\/todotrial.com\/tienda\/camiseta-deportiva2015-03-01-11-13-12\/#primaryimage","url":"https:\/\/todotrial.com\/tienda\/wp-content\/uploads\/2015\/03\/navy_vintage.jpg","contentUrl":"https:\/\/todotrial.com\/tienda\/wp-content\/uploads\/2015\/03\/navy_vintage.jpg","width":175,"height":200},{"@type":"BreadcrumbList","@id":"https:\/\/todotrial.com\/tienda\/camiseta-deportiva2015-03-01-11-13-12\/#breadcrumb","itemListElement":[{"@type":"ListItem","position":1,"name":"Portada","item":"https:\/\/todotrial.com\/tienda\/"},{"@type":"ListItem","position":2,"name":"Shop","item":"https:\/\/todotrial.com\/tienda\/shop\/"},{"@type":"ListItem","position":3,"name":"Camiseta Vintage TT races navy"}]},{"@type":"WebSite","@id":"https:\/\/todotrial.com\/tienda\/#website","url":"https:\/\/todotrial.com\/tienda\/","name":"Tienda de todotrial","description":"","potentialAction":[{"@type":"SearchAction","target":{"@type":"EntryPoint","urlTemplate":"https:\/\/todotrial.com\/tienda\/?s={search_term_string}"},"query-input":{"@type":"PropertyValueSpecification","valueRequired":true,"valueName":"search_term_string"}}],"inLanguage":"es"}]}},"_links":{"self":[{"href":"https:\/\/todotrial.com\/tienda\/wp-json\/wp\/v2\/product\/2774","targetHints":{"allow":["GET"]}}],"collection":[{"href":"https:\/\/todotrial.com\/tienda\/wp-json\/wp\/v2\/product"}],"about":[{"href":"https:\/\/todotrial.com\/tienda\/wp-json\/wp\/v2\/types\/product"}],"replies":[{"embeddable":true,"href":"https:\/\/todotrial.com\/tienda\/wp-json\/wp\/v2\/comments?post=2774"}],"version-history":[{"count":1,"href":"https:\/\/todotrial.com\/tienda\/wp-json\/wp\/v2\/product\/2774\/revisions"}],"predecessor-version":[{"id":55032,"href":"https:\/\/todotrial.com\/tienda\/wp-json\/wp\/v2\/product\/2774\/revisions\/55032"}],"wp:featuredmedia":[{"embeddable":true,"href":"https:\/\/todotrial.com\/tienda\/wp-json\/wp\/v2\/media\/2773"}],"wp:attachment":[{"href":"https:\/\/todotrial.com\/tienda\/wp-json\/wp\/v2\/media?parent=2774"}],"wp:term":[{"taxonomy":"product_brand","embeddable":true,"href":"https:\/\/todotrial.com\/tienda\/wp-json\/wp\/v2\/product_brand?post=2774"},{"taxonomy":"product_cat","embeddable":true,"href":"https:\/\/todotrial.com\/tienda\/wp-json\/wp\/v2\/product_cat?post=2774"},{"taxonomy":"product_tag","embeddable":true,"href":"https:\/\/todotrial.com\/tienda\/wp-json\/wp\/v2\/product_tag?post=2774"}],"curies":[{"name":"wp","href":"https:\/\/api.w.org\/{rel}","templated":true}]}}