{"id":2766,"date":"2020-07-02T16:52:43","date_gmt":"2020-07-02T16:52:43","guid":{"rendered":"https:\/\/todotrial.com\/tienda\/product\/dvds-motociclismo2015-02-16-17-20-19\/"},"modified":"2025-02-20T17:28:50","modified_gmt":"2025-02-20T16:28:50","slug":"dvds-motociclismo2015-02-16-17-20-19","status":"publish","type":"product","link":"https:\/\/todotrial.com\/tienda\/dvds-motociclismo2015-02-16-17-20-19\/","title":{"rendered":"A History of Road Racing DVD"},"content":{"rendered":"<p>A History of Road Racing DVD<\/p>\n<p>Una historia de las carreras por carretera es el relato incre\u00edble y lleno de acci\u00f3n de los circuitos que han entretenido y emocionado a los aficionados al automovilismo por m\u00e1s de un siglo.<\/p>\n<p>Inicialmente bas\u00e1ndose en tomas de archivo y comentarios de historiadores y leyendas de las carreras tales como Geoff Duke, esta es una historia que comienza en el a\u00f1o 1900 y la primera carreras, entonces nos lleva entre las guerras y en la introducci\u00f3n de las pistas ahora-legendarios , como Assen y Spa.<\/p>\n<p>El DVD se mueve entonces en las primeras d\u00e9cadas de carreras del Campeonato del Mundo, cuando los circuitos especialmente dise\u00f1ados estaban en su infancia y recuerda a los pilotos pioneros y circuitos que eran los componentes b\u00e1sicos de lo que conocemos como las carreras de hoy.<\/p>\n<p>Viajamos a trav\u00e9s de los a\u00f1os 1960 y 1970 con la ayuda de iconos deportivos como John Surtees y Murray Walker, y vemos c\u00f3mo la seguridad se convirti\u00f3 en muchos circuitos de carretera en un tema importante y fueron abandonados en favor de las pistas de carreras modernas.<\/p>\n<p>A pesar de la moda cambiante, algunos circuitos de carretera, como el Circuito de la Monta\u00f1a TT de la Isla de Man y Dundrod en Irlanda del Norte siguieron atrayendo a las multitudes, a pesar de perder el estatus de campeonato mundial.<\/p>\n<p>Mientras los fans se negaron a dejar de disfrutar con estos circuitos emblem\u00e1ticos , algunas competiciones de carreras se reanudaron. Sin embargo, estos eran tiempos dif\u00edciles y, como explica el DVD, hubo una lucha desesperada por mantener vivas estas pistas.<\/p>\n<p>Sin embargo, sobreviven lo hicieron, y compartimos la acci\u00f3n como la historia contin\u00faa hasta nuestros d\u00edas y vemos c\u00f3mo estos circuitos sobreviven en estos tiempos conscientes de la salud y de la seguridad.<\/p>\n<p>Una historia de Road Racing celebra no s\u00f3lo las pistas, sino tambi\u00e9n a los pilotos y las carreras que los hicieron famosos.<\/p>\n","protected":false},"excerpt":{"rendered":"<p>A History of Road Racing DVD-88 minutos<\/p>\n","protected":false},"featured_media":94,"comment_status":"open","ping_status":"closed","template":"","meta":[],"product_brand":[],"product_cat":[15],"product_tag":[],"class_list":{"0":"post-2766","1":"product","2":"type-product","3":"status-publish","4":"has-post-thumbnail","6":"product_cat-uncategorized","8":"first","9":"instock","10":"taxable","11":"shipping-taxable","12":"purchasable","13":"product-type-simple"},"yoast_head":"<!-- This site is optimized with the Yoast SEO Premium plugin v21.2 (Yoast SEO v27.3) - https:\/\/yoast.com\/product\/yoast-seo-premium-wordpress\/ -->\n<title>A History of Road Racing DVD - Tienda de todotrial<\/title>\n<meta name=\"robots\" content=\"index, follow, max-snippet:-1, max-image-preview:large, max-video-preview:-1\" \/>\n<link rel=\"canonical\" href=\"https:\/\/todotrial.com\/tienda\/dvds-motociclismo2015-02-16-17-20-19\/\" \/>\n<meta property=\"og:locale\" content=\"es_ES\" \/>\n<meta property=\"og:type\" content=\"article\" \/>\n<meta property=\"og:title\" content=\"A History of Road Racing DVD\" \/>\n<meta property=\"og:description\" content=\"A History of Road Racing DVD-88 minutos\" \/>\n<meta property=\"og:url\" content=\"https:\/\/todotrial.com\/tienda\/dvds-motociclismo2015-02-16-17-20-19\/\" \/>\n<meta property=\"og:site_name\" content=\"Tienda de todotrial\" \/>\n<meta property=\"article:modified_time\" content=\"2025-02-20T16:28:50+00:00\" \/>\n<meta property=\"og:image\" content=\"https:\/\/todotrial.com\/tienda\/wp-content\/uploads\/2020\/07\/1358.jpg\" \/>\n\t<meta property=\"og:image:width\" content=\"96\" \/>\n\t<meta property=\"og:image:height\" content=\"135\" \/>\n\t<meta property=\"og:image:type\" content=\"image\/jpeg\" \/>\n<meta name=\"twitter:card\" content=\"summary_large_image\" \/>\n<meta name=\"twitter:label1\" content=\"Tiempo de lectura\" \/>\n\t<meta name=\"twitter:data1\" content=\"2 minutos\" \/>\n<script type=\"application\/ld+json\" class=\"yoast-schema-graph\">{\"@context\":\"https:\\\/\\\/schema.org\",\"@graph\":[{\"@type\":\"WebPage\",\"@id\":\"https:\\\/\\\/todotrial.com\\\/tienda\\\/dvds-motociclismo2015-02-16-17-20-19\\\/\",\"url\":\"https:\\\/\\\/todotrial.com\\\/tienda\\\/dvds-motociclismo2015-02-16-17-20-19\\\/\",\"name\":\"A History of Road Racing DVD - Tienda de todotrial\",\"isPartOf\":{\"@id\":\"https:\\\/\\\/todotrial.com\\\/tienda\\\/#website\"},\"primaryImageOfPage\":{\"@id\":\"https:\\\/\\\/todotrial.com\\\/tienda\\\/dvds-motociclismo2015-02-16-17-20-19\\\/#primaryimage\"},\"image\":{\"@id\":\"https:\\\/\\\/todotrial.com\\\/tienda\\\/dvds-motociclismo2015-02-16-17-20-19\\\/#primaryimage\"},\"thumbnailUrl\":\"https:\\\/\\\/todotrial.com\\\/tienda\\\/wp-content\\\/uploads\\\/2020\\\/07\\\/1358.jpg\",\"datePublished\":\"2020-07-02T16:52:43+00:00\",\"dateModified\":\"2025-02-20T16:28:50+00:00\",\"breadcrumb\":{\"@id\":\"https:\\\/\\\/todotrial.com\\\/tienda\\\/dvds-motociclismo2015-02-16-17-20-19\\\/#breadcrumb\"},\"inLanguage\":\"es\",\"potentialAction\":[{\"@type\":\"ReadAction\",\"target\":[\"https:\\\/\\\/todotrial.com\\\/tienda\\\/dvds-motociclismo2015-02-16-17-20-19\\\/\"]}]},{\"@type\":\"ImageObject\",\"inLanguage\":\"es\",\"@id\":\"https:\\\/\\\/todotrial.com\\\/tienda\\\/dvds-motociclismo2015-02-16-17-20-19\\\/#primaryimage\",\"url\":\"https:\\\/\\\/todotrial.com\\\/tienda\\\/wp-content\\\/uploads\\\/2020\\\/07\\\/1358.jpg\",\"contentUrl\":\"https:\\\/\\\/todotrial.com\\\/tienda\\\/wp-content\\\/uploads\\\/2020\\\/07\\\/1358.jpg\",\"width\":96,\"height\":135},{\"@type\":\"BreadcrumbList\",\"@id\":\"https:\\\/\\\/todotrial.com\\\/tienda\\\/dvds-motociclismo2015-02-16-17-20-19\\\/#breadcrumb\",\"itemListElement\":[{\"@type\":\"ListItem\",\"position\":1,\"name\":\"Portada\",\"item\":\"https:\\\/\\\/todotrial.com\\\/tienda\\\/\"},{\"@type\":\"ListItem\",\"position\":2,\"name\":\"Shop\",\"item\":\"https:\\\/\\\/todotrial.com\\\/tienda\\\/shop\\\/\"},{\"@type\":\"ListItem\",\"position\":3,\"name\":\"A History of Road Racing DVD\"}]},{\"@type\":\"WebSite\",\"@id\":\"https:\\\/\\\/todotrial.com\\\/tienda\\\/#website\",\"url\":\"https:\\\/\\\/todotrial.com\\\/tienda\\\/\",\"name\":\"Tienda de todotrial\",\"description\":\"\",\"potentialAction\":[{\"@type\":\"SearchAction\",\"target\":{\"@type\":\"EntryPoint\",\"urlTemplate\":\"https:\\\/\\\/todotrial.com\\\/tienda\\\/?s={search_term_string}\"},\"query-input\":{\"@type\":\"PropertyValueSpecification\",\"valueRequired\":true,\"valueName\":\"search_term_string\"}}],\"inLanguage\":\"es\"}]}<\/script>\n<!-- \/ Yoast SEO Premium plugin. -->","yoast_head_json":{"title":"A History of Road Racing DVD - Tienda de todotrial","robots":{"index":"index","follow":"follow","max-snippet":"max-snippet:-1","max-image-preview":"max-image-preview:large","max-video-preview":"max-video-preview:-1"},"canonical":"https:\/\/todotrial.com\/tienda\/dvds-motociclismo2015-02-16-17-20-19\/","og_locale":"es_ES","og_type":"article","og_title":"A History of Road Racing DVD","og_description":"A History of Road Racing DVD-88 minutos","og_url":"https:\/\/todotrial.com\/tienda\/dvds-motociclismo2015-02-16-17-20-19\/","og_site_name":"Tienda de todotrial","article_modified_time":"2025-02-20T16:28:50+00:00","og_image":[{"width":96,"height":135,"url":"https:\/\/todotrial.com\/tienda\/wp-content\/uploads\/2020\/07\/1358.jpg","type":"image\/jpeg"}],"twitter_card":"summary_large_image","twitter_misc":{"Tiempo de lectura":"2 minutos"},"schema":{"@context":"https:\/\/schema.org","@graph":[{"@type":"WebPage","@id":"https:\/\/todotrial.com\/tienda\/dvds-motociclismo2015-02-16-17-20-19\/","url":"https:\/\/todotrial.com\/tienda\/dvds-motociclismo2015-02-16-17-20-19\/","name":"A History of Road Racing DVD - Tienda de todotrial","isPartOf":{"@id":"https:\/\/todotrial.com\/tienda\/#website"},"primaryImageOfPage":{"@id":"https:\/\/todotrial.com\/tienda\/dvds-motociclismo2015-02-16-17-20-19\/#primaryimage"},"image":{"@id":"https:\/\/todotrial.com\/tienda\/dvds-motociclismo2015-02-16-17-20-19\/#primaryimage"},"thumbnailUrl":"https:\/\/todotrial.com\/tienda\/wp-content\/uploads\/2020\/07\/1358.jpg","datePublished":"2020-07-02T16:52:43+00:00","dateModified":"2025-02-20T16:28:50+00:00","breadcrumb":{"@id":"https:\/\/todotrial.com\/tienda\/dvds-motociclismo2015-02-16-17-20-19\/#breadcrumb"},"inLanguage":"es","potentialAction":[{"@type":"ReadAction","target":["https:\/\/todotrial.com\/tienda\/dvds-motociclismo2015-02-16-17-20-19\/"]}]},{"@type":"ImageObject","inLanguage":"es","@id":"https:\/\/todotrial.com\/tienda\/dvds-motociclismo2015-02-16-17-20-19\/#primaryimage","url":"https:\/\/todotrial.com\/tienda\/wp-content\/uploads\/2020\/07\/1358.jpg","contentUrl":"https:\/\/todotrial.com\/tienda\/wp-content\/uploads\/2020\/07\/1358.jpg","width":96,"height":135},{"@type":"BreadcrumbList","@id":"https:\/\/todotrial.com\/tienda\/dvds-motociclismo2015-02-16-17-20-19\/#breadcrumb","itemListElement":[{"@type":"ListItem","position":1,"name":"Portada","item":"https:\/\/todotrial.com\/tienda\/"},{"@type":"ListItem","position":2,"name":"Shop","item":"https:\/\/todotrial.com\/tienda\/shop\/"},{"@type":"ListItem","position":3,"name":"A History of Road Racing DVD"}]},{"@type":"WebSite","@id":"https:\/\/todotrial.com\/tienda\/#website","url":"https:\/\/todotrial.com\/tienda\/","name":"Tienda de todotrial","description":"","potentialAction":[{"@type":"SearchAction","target":{"@type":"EntryPoint","urlTemplate":"https:\/\/todotrial.com\/tienda\/?s={search_term_string}"},"query-input":{"@type":"PropertyValueSpecification","valueRequired":true,"valueName":"search_term_string"}}],"inLanguage":"es"}]}},"_links":{"self":[{"href":"https:\/\/todotrial.com\/tienda\/wp-json\/wp\/v2\/product\/2766","targetHints":{"allow":["GET"]}}],"collection":[{"href":"https:\/\/todotrial.com\/tienda\/wp-json\/wp\/v2\/product"}],"about":[{"href":"https:\/\/todotrial.com\/tienda\/wp-json\/wp\/v2\/types\/product"}],"replies":[{"embeddable":true,"href":"https:\/\/todotrial.com\/tienda\/wp-json\/wp\/v2\/comments?post=2766"}],"version-history":[{"count":0,"href":"https:\/\/todotrial.com\/tienda\/wp-json\/wp\/v2\/product\/2766\/revisions"}],"wp:featuredmedia":[{"embeddable":true,"href":"https:\/\/todotrial.com\/tienda\/wp-json\/wp\/v2\/media\/94"}],"wp:attachment":[{"href":"https:\/\/todotrial.com\/tienda\/wp-json\/wp\/v2\/media?parent=2766"}],"wp:term":[{"taxonomy":"product_brand","embeddable":true,"href":"https:\/\/todotrial.com\/tienda\/wp-json\/wp\/v2\/product_brand?post=2766"},{"taxonomy":"product_cat","embeddable":true,"href":"https:\/\/todotrial.com\/tienda\/wp-json\/wp\/v2\/product_cat?post=2766"},{"taxonomy":"product_tag","embeddable":true,"href":"https:\/\/todotrial.com\/tienda\/wp-json\/wp\/v2\/product_tag?post=2766"}],"curies":[{"name":"wp","href":"https:\/\/api.w.org\/{rel}","templated":true}]}}