{"id":2759,"date":"2020-07-02T16:52:21","date_gmt":"2020-07-02T16:52:21","guid":{"rendered":"https:\/\/todotrial.com\/tienda\/product\/dvds-tt2015-02-13-18-33-06\/"},"modified":"2025-02-20T17:28:52","modified_gmt":"2025-02-20T16:28:52","slug":"dvds-tt2015-02-13-18-33-06","status":"publish","type":"product","link":"https:\/\/todotrial.com\/tienda\/dvds-tt2015-02-13-18-33-06\/","title":{"rendered":"TT 2009 Review Blu-ray"},"content":{"rendered":"<p>TT 2009 Review Blu-ray<\/p>\n<p>La Revista Oficial de la Isla de Man TT 2009 cuenta con casi cuatro horas de acci\u00f3n de las carreras, entrevistas fascinantes y un mont\u00f3n de caracter\u00edsticas de la prima.<\/p>\n<p>Por primera vez en la carrera mas impresionante de las grandes carreras de ruta del mundo ahora se puede disfrutar en alta definici\u00f3n sin igual, gracias a la tecnolog\u00eda Blu-ray Disc.<\/p>\n<p>Esta es la primera vez que el TT ha estado disponible en Blu-ray, ofreciendo a los fans una experiencia visual excepcional. Usted se maravillar\u00e1 de la calidad de imagen n\u00edtida, la definici\u00f3n tan refinado se puede ver los ojos de los pilotos tras sus viseras y la experiencia de cada flexi\u00f3n de las m\u00e1quinas como las secuencias a c\u00e1mara lenta extremas llevar\u00e1 m\u00e1s cerca que nunca de la TT.<\/p>\n<p>El 2009 Isla de Man TT Revisi\u00f3n Oficial ofrece una cobertura completa de un evento r\u00e9cord, con el suspense de todas las carreras, caracter\u00edsticas especiales y comentario informado de Steve Parrish y James Whitham.<\/p>\n<p>Producido por primera vez por North One Television, hay m\u00e1s c\u00e1maras de a bordo con los mejores pilotos que nunca y las secuencias de lento movimiento, grabadas con la c\u00e1mara Hi-movimiento son una innovaci\u00f3n fascinante. La habilidad que se necesita para controlar superbikes 240bhp a m\u00e1s de 190 mph nunca ha sido capturado de manera tan espectacular.<\/p>\n<p>La experiencia de cada momento vital, incluyendo a John McGuinness anotando su 15a victoria TT y estableciendo un nuevo r\u00e9cord de vuelta pura y simple &#8211; una velocidad media de 131,578 mph alrededor del circuito de 37.73 millas. Ah\u00ed est\u00e1 la inolvidable PokerStars TT superior triunfo por Steve Plater, las batallas temibles entre Ian Hutchinson y Guy Martin, la angustia de Bruce Anstey y Cameron Donald, el emotivo regreso del nombre Dunlop a paso del ganador y mucho m\u00e1s.<\/p>\n<p>Adem\u00e1s, la victoria TT 14a de la leyenda del Sidecar, Dave Molyneux y el TTXGP inaugural &#8211; una carrera de motos de emisiones limpias, que una vez m\u00e1s ponen el TT a la vanguardia de la tecnolog\u00eda de la motocicleta.<\/p>\n<p>La acci\u00f3n dram\u00e1tica, im\u00e1genes incre\u00edbles a bordo, entrevistas y detr\u00e1s de las escenas hacen de este el registro esencial de un a\u00f1o hist\u00f3rico para la Isla de Man TT.<\/p>\n<p>TENGA EN CUENTA &#8211; Usted necesita un reproductor Blu-ray o dispositivo capaz de reproducir un disco Blu-ray, tales como Sony PlayStation 3, para correr este producto. Usted tambi\u00e9n necesitar\u00e1 un televisor de alta definici\u00f3n con el fin de disfrutar de todos los beneficios del metraje.de calidad Blu-ray de Man TT.<\/p>\n<p>Idioma: Ingl\u00e9s ( Aunque lo verdaderamente importante son las im\u00e1genes y el ruido ambiente de las maquinas)<\/p>\n","protected":false},"excerpt":{"rendered":"<p>TT 2009 Review Blu-ray<\/p>\n","protected":false},"featured_media":2758,"comment_status":"open","ping_status":"closed","template":"","meta":[],"product_brand":[],"product_cat":[15],"product_tag":[],"class_list":{"0":"post-2759","1":"product","2":"type-product","3":"status-publish","4":"has-post-thumbnail","6":"product_cat-uncategorized","8":"first","9":"outofstock","10":"taxable","11":"shipping-taxable","12":"purchasable","13":"product-type-simple"},"yoast_head":"<!-- This site is optimized with the Yoast SEO Premium plugin v21.2 (Yoast SEO v27.3) - https:\/\/yoast.com\/product\/yoast-seo-premium-wordpress\/ -->\n<title>TT 2009 Review Blu-ray - Tienda de todotrial<\/title>\n<meta name=\"robots\" content=\"index, follow, max-snippet:-1, max-image-preview:large, max-video-preview:-1\" \/>\n<link rel=\"canonical\" href=\"https:\/\/todotrial.com\/tienda\/dvds-tt2015-02-13-18-33-06\/\" \/>\n<meta property=\"og:locale\" content=\"es_ES\" \/>\n<meta property=\"og:type\" content=\"article\" \/>\n<meta property=\"og:title\" content=\"TT 2009 Review Blu-ray\" \/>\n<meta property=\"og:description\" content=\"TT 2009 Review Blu-ray\" \/>\n<meta property=\"og:url\" content=\"https:\/\/todotrial.com\/tienda\/dvds-tt2015-02-13-18-33-06\/\" \/>\n<meta property=\"og:site_name\" content=\"Tienda de todotrial\" \/>\n<meta property=\"article:modified_time\" content=\"2025-02-20T16:28:52+00:00\" \/>\n<meta property=\"og:image\" content=\"https:\/\/todotrial.com\/tienda\/wp-content\/uploads\/2020\/07\/1658.jpg\" \/>\n\t<meta property=\"og:image:width\" content=\"360\" \/>\n\t<meta property=\"og:image:height\" content=\"453\" \/>\n\t<meta property=\"og:image:type\" content=\"image\/jpeg\" \/>\n<meta name=\"twitter:card\" content=\"summary_large_image\" \/>\n<meta name=\"twitter:label1\" content=\"Tiempo de lectura\" \/>\n\t<meta name=\"twitter:data1\" content=\"2 minutos\" \/>\n<script type=\"application\/ld+json\" class=\"yoast-schema-graph\">{\"@context\":\"https:\\\/\\\/schema.org\",\"@graph\":[{\"@type\":\"WebPage\",\"@id\":\"https:\\\/\\\/todotrial.com\\\/tienda\\\/dvds-tt2015-02-13-18-33-06\\\/\",\"url\":\"https:\\\/\\\/todotrial.com\\\/tienda\\\/dvds-tt2015-02-13-18-33-06\\\/\",\"name\":\"TT 2009 Review Blu-ray - Tienda de todotrial\",\"isPartOf\":{\"@id\":\"https:\\\/\\\/todotrial.com\\\/tienda\\\/#website\"},\"primaryImageOfPage\":{\"@id\":\"https:\\\/\\\/todotrial.com\\\/tienda\\\/dvds-tt2015-02-13-18-33-06\\\/#primaryimage\"},\"image\":{\"@id\":\"https:\\\/\\\/todotrial.com\\\/tienda\\\/dvds-tt2015-02-13-18-33-06\\\/#primaryimage\"},\"thumbnailUrl\":\"https:\\\/\\\/todotrial.com\\\/tienda\\\/wp-content\\\/uploads\\\/2020\\\/07\\\/1658.jpg\",\"datePublished\":\"2020-07-02T16:52:21+00:00\",\"dateModified\":\"2025-02-20T16:28:52+00:00\",\"breadcrumb\":{\"@id\":\"https:\\\/\\\/todotrial.com\\\/tienda\\\/dvds-tt2015-02-13-18-33-06\\\/#breadcrumb\"},\"inLanguage\":\"es\",\"potentialAction\":[{\"@type\":\"ReadAction\",\"target\":[\"https:\\\/\\\/todotrial.com\\\/tienda\\\/dvds-tt2015-02-13-18-33-06\\\/\"]}]},{\"@type\":\"ImageObject\",\"inLanguage\":\"es\",\"@id\":\"https:\\\/\\\/todotrial.com\\\/tienda\\\/dvds-tt2015-02-13-18-33-06\\\/#primaryimage\",\"url\":\"https:\\\/\\\/todotrial.com\\\/tienda\\\/wp-content\\\/uploads\\\/2020\\\/07\\\/1658.jpg\",\"contentUrl\":\"https:\\\/\\\/todotrial.com\\\/tienda\\\/wp-content\\\/uploads\\\/2020\\\/07\\\/1658.jpg\",\"width\":360,\"height\":453},{\"@type\":\"BreadcrumbList\",\"@id\":\"https:\\\/\\\/todotrial.com\\\/tienda\\\/dvds-tt2015-02-13-18-33-06\\\/#breadcrumb\",\"itemListElement\":[{\"@type\":\"ListItem\",\"position\":1,\"name\":\"Portada\",\"item\":\"https:\\\/\\\/todotrial.com\\\/tienda\\\/\"},{\"@type\":\"ListItem\",\"position\":2,\"name\":\"Shop\",\"item\":\"https:\\\/\\\/todotrial.com\\\/tienda\\\/shop\\\/\"},{\"@type\":\"ListItem\",\"position\":3,\"name\":\"TT 2009 Review Blu-ray\"}]},{\"@type\":\"WebSite\",\"@id\":\"https:\\\/\\\/todotrial.com\\\/tienda\\\/#website\",\"url\":\"https:\\\/\\\/todotrial.com\\\/tienda\\\/\",\"name\":\"Tienda de todotrial\",\"description\":\"\",\"potentialAction\":[{\"@type\":\"SearchAction\",\"target\":{\"@type\":\"EntryPoint\",\"urlTemplate\":\"https:\\\/\\\/todotrial.com\\\/tienda\\\/?s={search_term_string}\"},\"query-input\":{\"@type\":\"PropertyValueSpecification\",\"valueRequired\":true,\"valueName\":\"search_term_string\"}}],\"inLanguage\":\"es\"}]}<\/script>\n<!-- \/ Yoast SEO Premium plugin. -->","yoast_head_json":{"title":"TT 2009 Review Blu-ray - Tienda de todotrial","robots":{"index":"index","follow":"follow","max-snippet":"max-snippet:-1","max-image-preview":"max-image-preview:large","max-video-preview":"max-video-preview:-1"},"canonical":"https:\/\/todotrial.com\/tienda\/dvds-tt2015-02-13-18-33-06\/","og_locale":"es_ES","og_type":"article","og_title":"TT 2009 Review Blu-ray","og_description":"TT 2009 Review Blu-ray","og_url":"https:\/\/todotrial.com\/tienda\/dvds-tt2015-02-13-18-33-06\/","og_site_name":"Tienda de todotrial","article_modified_time":"2025-02-20T16:28:52+00:00","og_image":[{"width":360,"height":453,"url":"https:\/\/todotrial.com\/tienda\/wp-content\/uploads\/2020\/07\/1658.jpg","type":"image\/jpeg"}],"twitter_card":"summary_large_image","twitter_misc":{"Tiempo de lectura":"2 minutos"},"schema":{"@context":"https:\/\/schema.org","@graph":[{"@type":"WebPage","@id":"https:\/\/todotrial.com\/tienda\/dvds-tt2015-02-13-18-33-06\/","url":"https:\/\/todotrial.com\/tienda\/dvds-tt2015-02-13-18-33-06\/","name":"TT 2009 Review Blu-ray - Tienda de todotrial","isPartOf":{"@id":"https:\/\/todotrial.com\/tienda\/#website"},"primaryImageOfPage":{"@id":"https:\/\/todotrial.com\/tienda\/dvds-tt2015-02-13-18-33-06\/#primaryimage"},"image":{"@id":"https:\/\/todotrial.com\/tienda\/dvds-tt2015-02-13-18-33-06\/#primaryimage"},"thumbnailUrl":"https:\/\/todotrial.com\/tienda\/wp-content\/uploads\/2020\/07\/1658.jpg","datePublished":"2020-07-02T16:52:21+00:00","dateModified":"2025-02-20T16:28:52+00:00","breadcrumb":{"@id":"https:\/\/todotrial.com\/tienda\/dvds-tt2015-02-13-18-33-06\/#breadcrumb"},"inLanguage":"es","potentialAction":[{"@type":"ReadAction","target":["https:\/\/todotrial.com\/tienda\/dvds-tt2015-02-13-18-33-06\/"]}]},{"@type":"ImageObject","inLanguage":"es","@id":"https:\/\/todotrial.com\/tienda\/dvds-tt2015-02-13-18-33-06\/#primaryimage","url":"https:\/\/todotrial.com\/tienda\/wp-content\/uploads\/2020\/07\/1658.jpg","contentUrl":"https:\/\/todotrial.com\/tienda\/wp-content\/uploads\/2020\/07\/1658.jpg","width":360,"height":453},{"@type":"BreadcrumbList","@id":"https:\/\/todotrial.com\/tienda\/dvds-tt2015-02-13-18-33-06\/#breadcrumb","itemListElement":[{"@type":"ListItem","position":1,"name":"Portada","item":"https:\/\/todotrial.com\/tienda\/"},{"@type":"ListItem","position":2,"name":"Shop","item":"https:\/\/todotrial.com\/tienda\/shop\/"},{"@type":"ListItem","position":3,"name":"TT 2009 Review Blu-ray"}]},{"@type":"WebSite","@id":"https:\/\/todotrial.com\/tienda\/#website","url":"https:\/\/todotrial.com\/tienda\/","name":"Tienda de todotrial","description":"","potentialAction":[{"@type":"SearchAction","target":{"@type":"EntryPoint","urlTemplate":"https:\/\/todotrial.com\/tienda\/?s={search_term_string}"},"query-input":{"@type":"PropertyValueSpecification","valueRequired":true,"valueName":"search_term_string"}}],"inLanguage":"es"}]}},"_links":{"self":[{"href":"https:\/\/todotrial.com\/tienda\/wp-json\/wp\/v2\/product\/2759","targetHints":{"allow":["GET"]}}],"collection":[{"href":"https:\/\/todotrial.com\/tienda\/wp-json\/wp\/v2\/product"}],"about":[{"href":"https:\/\/todotrial.com\/tienda\/wp-json\/wp\/v2\/types\/product"}],"replies":[{"embeddable":true,"href":"https:\/\/todotrial.com\/tienda\/wp-json\/wp\/v2\/comments?post=2759"}],"version-history":[{"count":0,"href":"https:\/\/todotrial.com\/tienda\/wp-json\/wp\/v2\/product\/2759\/revisions"}],"wp:featuredmedia":[{"embeddable":true,"href":"https:\/\/todotrial.com\/tienda\/wp-json\/wp\/v2\/media\/2758"}],"wp:attachment":[{"href":"https:\/\/todotrial.com\/tienda\/wp-json\/wp\/v2\/media?parent=2759"}],"wp:term":[{"taxonomy":"product_brand","embeddable":true,"href":"https:\/\/todotrial.com\/tienda\/wp-json\/wp\/v2\/product_brand?post=2759"},{"taxonomy":"product_cat","embeddable":true,"href":"https:\/\/todotrial.com\/tienda\/wp-json\/wp\/v2\/product_cat?post=2759"},{"taxonomy":"product_tag","embeddable":true,"href":"https:\/\/todotrial.com\/tienda\/wp-json\/wp\/v2\/product_tag?post=2759"}],"curies":[{"name":"wp","href":"https:\/\/api.w.org\/{rel}","templated":true}]}}