{"id":2757,"date":"2020-07-02T16:52:12","date_gmt":"2020-07-02T16:52:12","guid":{"rendered":"https:\/\/todotrial.com\/tienda\/product\/dvds-tt2015-02-13-18-13-16\/"},"modified":"2025-02-20T17:28:53","modified_gmt":"2025-02-20T16:28:53","slug":"dvds-tt2015-02-13-18-13-16","status":"publish","type":"product","link":"https:\/\/todotrial.com\/tienda\/dvds-tt2015-02-13-18-13-16\/","title":{"rendered":"TT 1985-89 (5 DVD) Boxset"},"content":{"rendered":"<p>TT 1985-89 (5 DVD) Boxset<\/p>\n<p>Hermosa Colecci\u00f3n de5-DVD boxset contiene las revisiones completas de todos y cada uno de los incre\u00edble a\u00f1os 1985 a 1989, muchos por primera vez en DVD!<\/p>\n<p>Mostrando horas de cobertura oficial el uso de c\u00e1maras metraje acera-cam, on board, im\u00e1genes a\u00e9reas y c\u00e1maras colocadas en puntos estrat\u00e9gicos alrededor del circuito &#8211; m\u00e1s las locuras de entretenimiento incluyendo the Street Party, the infamous Purple Helmets and Bushy&#8217;s on the Prom!.<\/p>\n<p>Cada uno de estos programas es una instant\u00e1nea de la historia que muestra c\u00f3mo las carreras han evolucionado a lo largo de los a\u00f1os. Sea testigo de nuevo algunos de los nombres m\u00e1s famosos como Joey Dunlop, Steve Hislop, y Carl Fogarty conquistando el Circuito de Monta\u00f1a.<\/p>\n<p>Con un clima impredecible, montajes imponentes y finales de morderse las u\u00f1as, cada a\u00f1o se cubre en profundidad e incluye toda la acci\u00f3n de las carreras, los dramas de parada en boxes y entrevistas con los pilotos.<\/p>\n<p>Un fan del TT que se precie no querr\u00e1 estar sin esto<\/p>\n<p>Idioma: Ingl\u00e9s ( Aunque lo verdaderamente importante son las im\u00e1genes y el ruido ambiente de las maquinas)<\/p>\n<p>&nbsp;<\/p>\n","protected":false},"excerpt":{"rendered":"<p>TT 1985-89 (5 DVD) Boxset<\/p>\n","protected":false},"featured_media":2756,"comment_status":"open","ping_status":"closed","template":"","meta":[],"product_brand":[],"product_cat":[15],"product_tag":[],"class_list":{"0":"post-2757","1":"product","2":"type-product","3":"status-publish","4":"has-post-thumbnail","6":"product_cat-uncategorized","8":"first","9":"outofstock","10":"taxable","11":"shipping-taxable","12":"purchasable","13":"product-type-simple"},"yoast_head":"<!-- This site is optimized with the Yoast SEO Premium plugin v21.2 (Yoast SEO v27.3) - https:\/\/yoast.com\/product\/yoast-seo-premium-wordpress\/ -->\n<title>TT 1985-89 (5 DVD) Boxset - Tienda de todotrial<\/title>\n<meta name=\"robots\" content=\"index, follow, max-snippet:-1, max-image-preview:large, max-video-preview:-1\" \/>\n<link rel=\"canonical\" href=\"https:\/\/todotrial.com\/tienda\/dvds-tt2015-02-13-18-13-16\/\" \/>\n<meta property=\"og:locale\" content=\"es_ES\" \/>\n<meta property=\"og:type\" content=\"article\" \/>\n<meta property=\"og:title\" content=\"TT 1985-89 (5 DVD) Boxset\" \/>\n<meta property=\"og:description\" content=\"TT 1985-89 (5 DVD) Boxset\" \/>\n<meta property=\"og:url\" content=\"https:\/\/todotrial.com\/tienda\/dvds-tt2015-02-13-18-13-16\/\" \/>\n<meta property=\"og:site_name\" content=\"Tienda de todotrial\" \/>\n<meta property=\"article:modified_time\" content=\"2025-02-20T16:28:53+00:00\" \/>\n<meta property=\"og:image\" content=\"https:\/\/todotrial.com\/tienda\/wp-content\/uploads\/2020\/07\/tt-1985-89-5-dvd-boxset.jpg\" \/>\n\t<meta property=\"og:image:width\" content=\"360\" \/>\n\t<meta property=\"og:image:height\" content=\"549\" \/>\n\t<meta property=\"og:image:type\" content=\"image\/jpeg\" \/>\n<meta name=\"twitter:card\" content=\"summary_large_image\" \/>\n<meta name=\"twitter:label1\" content=\"Tiempo de lectura\" \/>\n\t<meta name=\"twitter:data1\" content=\"1 minuto\" \/>\n<script type=\"application\/ld+json\" class=\"yoast-schema-graph\">{\"@context\":\"https:\\\/\\\/schema.org\",\"@graph\":[{\"@type\":\"WebPage\",\"@id\":\"https:\\\/\\\/todotrial.com\\\/tienda\\\/dvds-tt2015-02-13-18-13-16\\\/\",\"url\":\"https:\\\/\\\/todotrial.com\\\/tienda\\\/dvds-tt2015-02-13-18-13-16\\\/\",\"name\":\"TT 1985-89 (5 DVD) Boxset - Tienda de todotrial\",\"isPartOf\":{\"@id\":\"https:\\\/\\\/todotrial.com\\\/tienda\\\/#website\"},\"primaryImageOfPage\":{\"@id\":\"https:\\\/\\\/todotrial.com\\\/tienda\\\/dvds-tt2015-02-13-18-13-16\\\/#primaryimage\"},\"image\":{\"@id\":\"https:\\\/\\\/todotrial.com\\\/tienda\\\/dvds-tt2015-02-13-18-13-16\\\/#primaryimage\"},\"thumbnailUrl\":\"https:\\\/\\\/todotrial.com\\\/tienda\\\/wp-content\\\/uploads\\\/2020\\\/07\\\/tt-1985-89-5-dvd-boxset.jpg\",\"datePublished\":\"2020-07-02T16:52:12+00:00\",\"dateModified\":\"2025-02-20T16:28:53+00:00\",\"breadcrumb\":{\"@id\":\"https:\\\/\\\/todotrial.com\\\/tienda\\\/dvds-tt2015-02-13-18-13-16\\\/#breadcrumb\"},\"inLanguage\":\"es\",\"potentialAction\":[{\"@type\":\"ReadAction\",\"target\":[\"https:\\\/\\\/todotrial.com\\\/tienda\\\/dvds-tt2015-02-13-18-13-16\\\/\"]}]},{\"@type\":\"ImageObject\",\"inLanguage\":\"es\",\"@id\":\"https:\\\/\\\/todotrial.com\\\/tienda\\\/dvds-tt2015-02-13-18-13-16\\\/#primaryimage\",\"url\":\"https:\\\/\\\/todotrial.com\\\/tienda\\\/wp-content\\\/uploads\\\/2020\\\/07\\\/tt-1985-89-5-dvd-boxset.jpg\",\"contentUrl\":\"https:\\\/\\\/todotrial.com\\\/tienda\\\/wp-content\\\/uploads\\\/2020\\\/07\\\/tt-1985-89-5-dvd-boxset.jpg\",\"width\":360,\"height\":549},{\"@type\":\"BreadcrumbList\",\"@id\":\"https:\\\/\\\/todotrial.com\\\/tienda\\\/dvds-tt2015-02-13-18-13-16\\\/#breadcrumb\",\"itemListElement\":[{\"@type\":\"ListItem\",\"position\":1,\"name\":\"Portada\",\"item\":\"https:\\\/\\\/todotrial.com\\\/tienda\\\/\"},{\"@type\":\"ListItem\",\"position\":2,\"name\":\"Shop\",\"item\":\"https:\\\/\\\/todotrial.com\\\/tienda\\\/shop\\\/\"},{\"@type\":\"ListItem\",\"position\":3,\"name\":\"TT 1985-89 (5 DVD) Boxset\"}]},{\"@type\":\"WebSite\",\"@id\":\"https:\\\/\\\/todotrial.com\\\/tienda\\\/#website\",\"url\":\"https:\\\/\\\/todotrial.com\\\/tienda\\\/\",\"name\":\"Tienda de todotrial\",\"description\":\"\",\"potentialAction\":[{\"@type\":\"SearchAction\",\"target\":{\"@type\":\"EntryPoint\",\"urlTemplate\":\"https:\\\/\\\/todotrial.com\\\/tienda\\\/?s={search_term_string}\"},\"query-input\":{\"@type\":\"PropertyValueSpecification\",\"valueRequired\":true,\"valueName\":\"search_term_string\"}}],\"inLanguage\":\"es\"}]}<\/script>\n<!-- \/ Yoast SEO Premium plugin. -->","yoast_head_json":{"title":"TT 1985-89 (5 DVD) Boxset - Tienda de todotrial","robots":{"index":"index","follow":"follow","max-snippet":"max-snippet:-1","max-image-preview":"max-image-preview:large","max-video-preview":"max-video-preview:-1"},"canonical":"https:\/\/todotrial.com\/tienda\/dvds-tt2015-02-13-18-13-16\/","og_locale":"es_ES","og_type":"article","og_title":"TT 1985-89 (5 DVD) Boxset","og_description":"TT 1985-89 (5 DVD) Boxset","og_url":"https:\/\/todotrial.com\/tienda\/dvds-tt2015-02-13-18-13-16\/","og_site_name":"Tienda de todotrial","article_modified_time":"2025-02-20T16:28:53+00:00","og_image":[{"width":360,"height":549,"url":"https:\/\/todotrial.com\/tienda\/wp-content\/uploads\/2020\/07\/tt-1985-89-5-dvd-boxset.jpg","type":"image\/jpeg"}],"twitter_card":"summary_large_image","twitter_misc":{"Tiempo de lectura":"1 minuto"},"schema":{"@context":"https:\/\/schema.org","@graph":[{"@type":"WebPage","@id":"https:\/\/todotrial.com\/tienda\/dvds-tt2015-02-13-18-13-16\/","url":"https:\/\/todotrial.com\/tienda\/dvds-tt2015-02-13-18-13-16\/","name":"TT 1985-89 (5 DVD) Boxset - Tienda de todotrial","isPartOf":{"@id":"https:\/\/todotrial.com\/tienda\/#website"},"primaryImageOfPage":{"@id":"https:\/\/todotrial.com\/tienda\/dvds-tt2015-02-13-18-13-16\/#primaryimage"},"image":{"@id":"https:\/\/todotrial.com\/tienda\/dvds-tt2015-02-13-18-13-16\/#primaryimage"},"thumbnailUrl":"https:\/\/todotrial.com\/tienda\/wp-content\/uploads\/2020\/07\/tt-1985-89-5-dvd-boxset.jpg","datePublished":"2020-07-02T16:52:12+00:00","dateModified":"2025-02-20T16:28:53+00:00","breadcrumb":{"@id":"https:\/\/todotrial.com\/tienda\/dvds-tt2015-02-13-18-13-16\/#breadcrumb"},"inLanguage":"es","potentialAction":[{"@type":"ReadAction","target":["https:\/\/todotrial.com\/tienda\/dvds-tt2015-02-13-18-13-16\/"]}]},{"@type":"ImageObject","inLanguage":"es","@id":"https:\/\/todotrial.com\/tienda\/dvds-tt2015-02-13-18-13-16\/#primaryimage","url":"https:\/\/todotrial.com\/tienda\/wp-content\/uploads\/2020\/07\/tt-1985-89-5-dvd-boxset.jpg","contentUrl":"https:\/\/todotrial.com\/tienda\/wp-content\/uploads\/2020\/07\/tt-1985-89-5-dvd-boxset.jpg","width":360,"height":549},{"@type":"BreadcrumbList","@id":"https:\/\/todotrial.com\/tienda\/dvds-tt2015-02-13-18-13-16\/#breadcrumb","itemListElement":[{"@type":"ListItem","position":1,"name":"Portada","item":"https:\/\/todotrial.com\/tienda\/"},{"@type":"ListItem","position":2,"name":"Shop","item":"https:\/\/todotrial.com\/tienda\/shop\/"},{"@type":"ListItem","position":3,"name":"TT 1985-89 (5 DVD) Boxset"}]},{"@type":"WebSite","@id":"https:\/\/todotrial.com\/tienda\/#website","url":"https:\/\/todotrial.com\/tienda\/","name":"Tienda de todotrial","description":"","potentialAction":[{"@type":"SearchAction","target":{"@type":"EntryPoint","urlTemplate":"https:\/\/todotrial.com\/tienda\/?s={search_term_string}"},"query-input":{"@type":"PropertyValueSpecification","valueRequired":true,"valueName":"search_term_string"}}],"inLanguage":"es"}]}},"_links":{"self":[{"href":"https:\/\/todotrial.com\/tienda\/wp-json\/wp\/v2\/product\/2757","targetHints":{"allow":["GET"]}}],"collection":[{"href":"https:\/\/todotrial.com\/tienda\/wp-json\/wp\/v2\/product"}],"about":[{"href":"https:\/\/todotrial.com\/tienda\/wp-json\/wp\/v2\/types\/product"}],"replies":[{"embeddable":true,"href":"https:\/\/todotrial.com\/tienda\/wp-json\/wp\/v2\/comments?post=2757"}],"version-history":[{"count":0,"href":"https:\/\/todotrial.com\/tienda\/wp-json\/wp\/v2\/product\/2757\/revisions"}],"wp:featuredmedia":[{"embeddable":true,"href":"https:\/\/todotrial.com\/tienda\/wp-json\/wp\/v2\/media\/2756"}],"wp:attachment":[{"href":"https:\/\/todotrial.com\/tienda\/wp-json\/wp\/v2\/media?parent=2757"}],"wp:term":[{"taxonomy":"product_brand","embeddable":true,"href":"https:\/\/todotrial.com\/tienda\/wp-json\/wp\/v2\/product_brand?post=2757"},{"taxonomy":"product_cat","embeddable":true,"href":"https:\/\/todotrial.com\/tienda\/wp-json\/wp\/v2\/product_cat?post=2757"},{"taxonomy":"product_tag","embeddable":true,"href":"https:\/\/todotrial.com\/tienda\/wp-json\/wp\/v2\/product_tag?post=2757"}],"curies":[{"name":"wp","href":"https:\/\/api.w.org\/{rel}","templated":true}]}}